{"id":26284,"date":"2025-11-28T17:46:50","date_gmt":"2025-11-28T09:46:50","guid":{"rendered":"https:\/\/suncasesupply.com\/?post_type=product&#038;p=26284"},"modified":"2026-03-17T02:04:29","modified_gmt":"2026-03-16T18:04:29","slug":"plastic-graded-card-slab-collector-case-pp-cards-box","status":"publish","type":"product","link":"https:\/\/suncasesupply.com\/de\/product\/plastic-graded-card-slab-collector-case-pp-cards-box\/","title":{"rendered":"Sammelbox f\u00fcr Kunststoff-Karten (PP-Karten)"},"content":{"rendered":"<h4><span style=\"color: #000000;\">Sammelbox f\u00fcr Kunststoff-Karten (PP-Karten)<\/span><\/h4>\n<h4><span style=\"color: #003366;\">Merkmale:<\/span><\/h4>\n<ul>\n<li><strong><b>Au\u00dfergew\u00f6hnliche Langlebigkeit: <\/b><\/strong>Das PP-Sammelkartenetui ist \u00e4u\u00dferst robust und sto\u00dffest und somit selbst bei versehentlichem Fallenlassen bruchsicher. Es ist au\u00dferdem formstabil und beh\u00e4lt seine Form bei Raumtemperatur \u00fcber l\u00e4ngere Zeitr\u00e4ume bei, wodurch die Karten vor Besch\u00e4digungen durch Verformungen des Etuis gesch\u00fctzt werden. Geeignet als Schutzh\u00fclle f\u00fcr Baseball- oder Pok\u00e9mon-Karten.<\/li>\n<li><strong><b>Leicht und einfach zu bedienen<\/b><\/strong><strong><b>: <\/b><\/strong>Die geringe Dichte des PP-Kunststoffs macht das Kartenetui sehr leicht. Es ist \u00e4u\u00dferst praktisch f\u00fcr den t\u00e4glichen Gebrauch, zum Mitnehmen und Transportieren und tr\u00e4gt kaum zum Gewicht bei \u2013 ideal also zur Aufbewahrung und zum Transport von Sammelkarten.<\/li>\n<li><strong><b>Gut gestaltet und benutzerfreundlich: <\/b><\/strong>Die meisten PP-Kartenetuis verf\u00fcgen \u00fcber Kartenf\u00e4cher oder rutschfeste Oberfl\u00e4chen an Ober- und Unterseite, was ein sicheres und stabiles Stapeln mehrerer Lagen erm\u00f6glicht, Platz spart und ein ordentliches und ansprechendes Erscheinungsbild gew\u00e4hrleistet. Dadurch werden die Anforderungen verschiedener Kartenetuis erf\u00fcllt.<\/li>\n<\/ul>\n<h4><span style=\"color: #003366;\">Produktdetails:<\/span><\/h4>\n<div style=\"display: flex; gap: 20px;\">\n<p><!-- \u7b2c\u4e00\u680f --><\/p>\n<div style=\"flex: 1; text-align: center;\">\n<p><img decoding=\"async\" style=\"max-width: 100%; height: auto; margin-bottom: 10px;\" src=\"https:\/\/suncasesupply.com\/wp-content\/uploads\/2025\/11\/1-Cutom-EVA-Slots.jpg\" alt=\"1-Cutom EVA Slots\" \/><\/p>\n<p><b><\/b><strong><b>Custom EVA Slots<\/b><\/strong><\/p>\n<p style=\"margin: 0;\">Die EVA-Schalen sind individuell auf 9 mm Breite angepasst und bieten Platz f\u00fcr Ihre Sammelkarten, bewerteten Karten und Pok\u00e9mon-Karten (PSA\/SGC\/BGS\/CGC). Sie haben die Wahl zwischen Modellen mit 3, 4 oder 5 Reihen. Wir legen jeder Schale mehrere Schaumstoffbl\u00f6cke bei, um die Karten optimal zu organisieren und in dieser Schutzh\u00fclle f\u00fcr bewertete Karten sicher zu verstauen.<\/p>\n<p>&nbsp;<\/p>\n<\/div>\n<p><!-- \u7b2c\u4e8c\u680f --><\/p>\n<div style=\"flex: 1; text-align: center;\">\n<p><img decoding=\"async\" style=\"max-width: 100%; height: auto; margin-bottom: 10px;\" src=\"https:\/\/suncasesupply.com\/wp-content\/uploads\/2025\/11\/2-Handle-with-Rubber-1.jpg\" alt=\"2-Griff mit Gummibeschichtung\" \/><\/p>\n<p><b><\/b><b><\/b><strong><b>Griff mit Gummi<\/b><\/strong><\/p>\n<p style=\"margin: 0;\">Der Griff des PP-Kartenetuis ist mit weichem Gummi \u00fcberzogen und bietet dadurch hervorragenden Komfort und Rutschfestigkeit sowie optimale Polsterung und Sto\u00dfd\u00e4mpfung. Dies erh\u00f6ht die Praktikabilit\u00e4t und erm\u00f6glicht Kunden ein komfortableres, sichereres und weniger anstrengendes Tragen des Etuis f\u00fcr bewertete Sammelkarten.<\/p>\n<\/div>\n<p><!-- \u7b2c\u4e09\u680f --><\/p>\n<div style=\"flex: 1; text-align: center;\">\n<p><img decoding=\"async\" style=\"max-width: 100%; height: auto; margin-bottom: 10px;\" src=\"https:\/\/suncasesupply.com\/wp-content\/uploads\/2025\/11\/3-Hard-PP-Material.jpg\" alt=\"3-Hartes PP-Material\" \/><\/p>\n<p><b><\/b><b><\/b><b><\/b><strong><b>Hartes PP-Material<\/b><\/strong><\/p>\n<p>PP ist ein sehr stabiles Polymermaterial mit guter Best\u00e4ndigkeit gegen\u00fcber den meisten S\u00e4uren, Salzen und anderen Chemikalien sowie Alkoholen und \u00d6len. Es ist robust und langlebig, best\u00e4ndig gegen hohe und niedrige Temperaturen und bietet gute Dichtungseigenschaften f\u00fcr den langfristigen Einsatz in Kartenverpackungen.<\/p>\n<\/div>\n<p><!-- \u7b2c\u56db\u680f --><\/p>\n<div style=\"flex: 1; text-align: center;\">\n<p><img decoding=\"async\" style=\"max-width: 100%; height: auto; margin-bottom: 10px;\" src=\"https:\/\/suncasesupply.com\/wp-content\/uploads\/2025\/11\/4-Egg-Foam.jpg\" alt=\"4-Eier-Schaum\" \/><\/p>\n<p><b><\/b><b><\/b><strong><b>Eierschaum<\/b><\/strong><\/p>\n<p style=\"margin: 0;\">Der Deckel des PP-Etuis ist mit Noppenschaumstoff ausgekleidet. Dieser erf\u00fcllt zwei Zwecke: Zum einen bietet er Sto\u00dfd\u00e4mpfung und Schutz f\u00fcr die Karten im Inneren; zum anderen fixiert er die Karten unter dem Bodendeckel und verhindert so, dass sie im Sammelkartenetui verrutschen.<\/p>\n<\/div>\n<\/div>\n<h4><span style=\"color: #003366;\">Herstellungsverfahren:<\/span><\/h4>\n<p><img decoding=\"async\" style=\"max-width: 100%; height: auto; margin-bottom: 10px;\" src=\"https:\/\/suncasesupply.com\/wp-content\/uploads\/2025\/07\/Manufacturing-Process.png\" alt=\"Herstellungsprozess von Suncase\" \/><\/p>\n<div style=\"background-color: #29599a; padding: 40px 20px; text-align: center; color: #ffffff; border-radius: 10px; margin: 40px auto; max-width: 960px;\">\n<h2 style=\"font-size: 22px; margin-bottom: 20px; font-weight: bold;\"><span style=\"color: #ffffff;\">Sun Case Graded Card Slab Cases erh\u00e4ltlich ab einer Mindestbestellmenge von 300 St\u00fcck<\/span><\/h2>\n<p><a style=\"display: inline-block; padding: 12px 28px; background-color: #ffffff; color: #29599a; text-decoration: none; border-radius: 6px; font-weight: bold;\" href=\"https:\/\/suncasesupply.com\/de\/contact-us\/\" target=\"_blank\" rel=\"noopener\">Fordern Sie noch heute ein Angebot an<br \/>\n<\/a><\/p>\n<\/div>\n<div style=\"display: flex; gap: 20px;\">\n<div style=\"flex: 1; text-align: center;\">\n<p style=\"font-weight: bold; margin: 5px 0;\">\n<\/div>\n<\/div>\n<h4><span style=\"color: #003366;\">Hilfreiche Informationen f\u00fcr Gro\u00dfabnehmer:<\/span><\/h4>\n<ul>\n<li class=\"page-title\" title=\"Was macht Sportkarten so wertvoll?\">\n<p class=\"page-title\" title=\"So sch\u00fctzen Sie Ihre Sammelkartensammlung\"><a href=\"https:\/\/suncasesupply.com\/de\/blog\/how-protect-trading-cards-collection\/\">So sch\u00fctzen Sie Ihre Sammelkartensammlung &gt;&gt;<\/a><\/p>\n<\/li>\n<li title=\"Was macht Sportkarten so wertvoll?\">\n<p class=\"page-title\" title=\"Was macht Sportkarten so wertvoll?\"><a href=\"https:\/\/suncasesupply.com\/de\/blog\/custom-aluminum-case\/commercial-value-of-sports-cards\/\">Warum sind Sportkarten so wertvoll? &gt;&gt;<\/a><\/p>\n<\/li>\n<li title=\"Was macht Sportkarten so wertvoll?\">\n<p class=\"product_title entry-title\"><a href=\"https:\/\/suncasesupply.com\/de\/product\/aluminum-card-display-case-psa-graded-cards-sport-trading-card-storage-case\/\">Aluminium-Kartenvitrine PSA-bewertete Karten Aufbewahrungsbox f\u00fcr Sport- und Sammelkarten<\/a><\/p>\n<\/li>\n<\/ul>","protected":false},"excerpt":{"rendered":"<p>Modell: SC-B9006<\/p>\n<p>Abmessungen: Au\u00dfenma\u00dfe L384 x B366 x H183 mm, Innenma\u00dfe L350 x B300 x H165 mm.<\/p>\n<p>Geeignet f\u00fcr: Sammelkarten \/ bewertete Karten \/ Pok\u00e9mon-Karten von PSA\/SGC\/BGS\/CGC\u2026<\/p>\n<p>Farbe: Schwarz<\/p>\n<p>Materialien: PP-Kunststoffgeh\u00e4use, mit Eierschaum und kundenspezifischem EVA-Schaum.<\/p>\n<p>Logo: Epoxid-Logo\/PVC-Logo\/Siebdruck-Logo<\/p>\n<p>Mindestbestellmenge: 300 St\u00fcck<\/p>\n<p>Muster: Bereitstellung eines Musters zur Qualit\u00e4tspr\u00fcfung.<\/p>","protected":false},"featured_media":26278,"template":"","meta":{"_gspb_post_css":""},"product_cat":[16],"product_tag":[],"featured_image_urls":{"full":["https:\/\/suncasesupply.com\/wp-content\/uploads\/2025\/11\/PP-Cards-Storage-Box-4.jpg",800,800,false],"thumbnail":["https:\/\/suncasesupply.com\/wp-content\/uploads\/2025\/11\/PP-Cards-Storage-Box-4-150x150.jpg",150,150,true],"medium":["https:\/\/suncasesupply.com\/wp-content\/uploads\/2025\/11\/PP-Cards-Storage-Box-4-300x300.jpg",300,300,true],"medium_large":["https:\/\/suncasesupply.com\/wp-content\/uploads\/2025\/11\/PP-Cards-Storage-Box-4-768x768.jpg",768,768,true],"large":["https:\/\/suncasesupply.com\/wp-content\/uploads\/2025\/11\/PP-Cards-Storage-Box-4.jpg",800,800,false],"1536x1536":["https:\/\/suncasesupply.com\/wp-content\/uploads\/2025\/11\/PP-Cards-Storage-Box-4.jpg",800,800,false],"2048x2048":["https:\/\/suncasesupply.com\/wp-content\/uploads\/2025\/11\/PP-Cards-Storage-Box-4.jpg",800,800,false],"trp-custom-language-flag":["https:\/\/suncasesupply.com\/wp-content\/uploads\/2025\/11\/PP-Cards-Storage-Box-4-12x12.jpg",12,12,true],"woocommerce_thumbnail":["https:\/\/suncasesupply.com\/wp-content\/uploads\/2025\/11\/PP-Cards-Storage-Box-4-300x300.jpg",300,300,true],"woocommerce_single":["https:\/\/suncasesupply.com\/wp-content\/uploads\/2025\/11\/PP-Cards-Storage-Box-4-600x600.jpg",600,600,true],"woocommerce_gallery_thumbnail":["https:\/\/suncasesupply.com\/wp-content\/uploads\/2025\/11\/PP-Cards-Storage-Box-4-100x100.jpg",100,100,true]},"post_excerpt_stackable":"<p>Model :SC-B9006<\/p>\n<p>Size: Outside size L384 x W366 x H183mm, Internal size L350 x W300 x H165mm.<\/p>\n<p>Suitable: For Trading Cards \/ Graded Card \/ Pok\u00e9mon Cards of PSA\/SGC\/BGS\/CGC&#8230;<\/p>\n<p>Colors: Black Color<\/p>\n<p>Materials: PP Plastic Case, with Egg foam\u00a0&amp; Cutom EVA Foam.<\/p>\n<p>Logo: Epoxy logo\/PVC logo\/Silk printing logo<\/p>\n<p>MOQ: 300pcs<\/p>\n<p>Sample: Providing sample for quality checking.<\/p>\n","category_list":"","author_info":{"name":"","url":""},"comments_num":"0 comments","_links":{"self":[{"href":"https:\/\/suncasesupply.com\/de\/wp-json\/wp\/v2\/product\/26284"}],"collection":[{"href":"https:\/\/suncasesupply.com\/de\/wp-json\/wp\/v2\/product"}],"about":[{"href":"https:\/\/suncasesupply.com\/de\/wp-json\/wp\/v2\/types\/product"}],"wp:featuredmedia":[{"embeddable":true,"href":"https:\/\/suncasesupply.com\/de\/wp-json\/wp\/v2\/media\/26278"}],"wp:attachment":[{"href":"https:\/\/suncasesupply.com\/de\/wp-json\/wp\/v2\/media?parent=26284"}],"wp:term":[{"taxonomy":"product_cat","embeddable":true,"href":"https:\/\/suncasesupply.com\/de\/wp-json\/wp\/v2\/product_cat?post=26284"},{"taxonomy":"product_tag","embeddable":true,"href":"https:\/\/suncasesupply.com\/de\/wp-json\/wp\/v2\/product_tag?post=26284"}],"curies":[{"name":"wp","href":"https:\/\/api.w.org\/{rel}","templated":true}]}}