{"id":26248,"date":"2025-11-26T15:58:43","date_gmt":"2025-11-26T07:58:43","guid":{"rendered":"https:\/\/suncasesupply.com\/?post_type=product&#038;p=26248"},"modified":"2026-03-17T01:44:54","modified_gmt":"2026-03-16T17:44:54","slug":"pp-waterproof-graded-slab-card-storage-case-ip7-pp-trading-card-storage-case","status":"publish","type":"product","link":"https:\/\/suncasesupply.com\/de\/product\/pp-waterproof-graded-slab-card-storage-case-ip7-pp-trading-card-storage-case\/","title":{"rendered":"Wasserdichte Aufbewahrungsbox aus Kunststoff, IP7, PP-Sammelkartenbox"},"content":{"rendered":"<h4><span style=\"color: #000000;\">Wasserdichte Aufbewahrungsbox aus Kunststoff, IP7, PP-Sammelkartenbox<\/span><\/h4>\n<p>Diese Hochleistungs- <strong data-start=\"1089\" data-end=\"1116\"><em data-start=\"1091\" data-end=\"1114\">Schutzh\u00fclle f\u00fcr Sportkarten<\/em><\/strong> Es vereint Langlebigkeit, Wasserdichtigkeit und ein flexibles Innendesign und eignet sich daher f\u00fcr Lagerung, Transport und Pr\u00e4sentation.<\/p>\n<h4><span style=\"color: #003366;\">Merkmale:<\/span><\/h4>\n<ul>\n<li><strong><b>Langlebig und robust: <\/b><\/strong>Die aus hochwertigem IP7-zertifiziertem PP-Material gefertigte Aufbewahrungsbox f\u00fcr Sammelkarten ist \u00e4u\u00dferst stabil und sto\u00dffest. Sie widersteht effektiv \u00e4u\u00dferem Druck und St\u00f6\u00dfen und sch\u00fctzt so die darin enthaltenen Sammelkarten vor Besch\u00e4digungen. Dadurch eignet sie sich ideal zur langfristigen Aufbewahrung und zum Transport von Sammelkarten.<\/li>\n<li><strong><b>Versiegelt und staubdicht: <\/b><\/strong>Ausgestattet mit Dichtungsstreifen oder dicht schlie\u00dfenden Schnappverschl\u00fcssen, isolieren sie Staub, Feuchtigkeit und Verunreinigungen aus der Luft vollst\u00e4ndig und halten die darin befindlichen, bewerteten Karten sauber. Geeignet als sch\u00fctzende Aufbewahrungsbox f\u00fcr Karten-Slabs.<\/li>\n<li><strong><b>Druckbegrenzungsventil: <\/b><\/strong>Das PP-Geh\u00e4use ist mit diesem Ventil ausgestattet, um den Luftdruck innerhalb und au\u00dferhalb des Geh\u00e4uses bei H\u00f6hen\u00e4nderungen auszugleichen und so ein einfaches \u00d6ffnen und Schlie\u00dfen zu erm\u00f6glichen. Es eignet sich besonders f\u00fcr die Aufbewahrung von hochwertigen PSA-Karten und PSA-Karten-Slabs.<\/li>\n<li><strong><b>Polsterung und Sto\u00dfd\u00e4mpfung: <\/b><\/strong>Das Innere des PP-Geh\u00e4uses ist mit EVA- oder Schwammpolsterung versehen, um auch beim Transport oder versehentlichem Fallenlassen maximale Polsterung zu gew\u00e4hrleisten und gleichzeitig als sicheres, gekapseltes Kartenetui zu fungieren.<\/li>\n<\/ul>\n<h4><span style=\"color: #003366;\">Produktdetails:<\/span><\/h4>\n<div style=\"display: flex; gap: 20px;\">\n<p><!-- \u7b2c\u4e00\u680f --><\/p>\n<div style=\"flex: 1; text-align: center;\">\n<p><img decoding=\"async\" style=\"max-width: 100%; height: auto; margin-bottom: 10px;\" src=\"https:\/\/suncasesupply.com\/wp-content\/uploads\/2025\/11\/1-EVA-Dividers.jpg\" alt=\"1-EVA-Trennw\u00e4nde\" \/><\/p>\n<p><b><\/b><strong><b>EVA-Teiler<\/b><\/strong><\/p>\n<p style=\"margin: 0;\">Im unteren Teil des Deckels befinden sich Trennw\u00e4nde aus EVA-Scheiben, die verstellbar und herausnehmbar sind. Sie k\u00f6nnen individuell an Ihre bewerteten Karten \/ Sammelkarten \/ Pok\u00e9mon-Karten (PSA\/SGC\/BGS\/CGC\u2026) angepasst werden und sind somit f\u00fcr verschiedene Anforderungen an Kartenh\u00fcllen geeignet.<\/p>\n<p>&nbsp;<\/p>\n<\/div>\n<p><!-- \u7b2c\u4e8c\u680f --><\/p>\n<div style=\"flex: 1; text-align: center;\">\n<p><img decoding=\"async\" style=\"max-width: 100%; height: auto; margin-bottom: 10px;\" src=\"https:\/\/suncasesupply.com\/wp-content\/uploads\/2025\/11\/2-Handle-with-Rubber.jpg\" alt=\"2-Griff mit Gummibeschichtung\" \/><\/p>\n<p><b><\/b><b><\/b><strong><b>Griff mit Gummi<\/b><\/strong><\/p>\n<p style=\"margin: 0;\">Der Griff besteht ebenfalls aus sehr robustem PP-Material, ist ergonomisch geformt und mit einer weichen Gummierung versehen. Dadurch l\u00e4sst sich das Kartenetui leicht transportieren und zu Kartenausstellungen, Messen oder zu Freunden nach Hause mitnehmen, um dort Karten auszustellen und zu tauschen.<\/p>\n<\/div>\n<p><!-- \u7b2c\u4e09\u680f --><\/p>\n<div style=\"flex: 1; text-align: center;\">\n<p><img decoding=\"async\" style=\"max-width: 100%; height: auto; margin-bottom: 10px;\" src=\"https:\/\/suncasesupply.com\/wp-content\/uploads\/2025\/11\/3-Metal-Reinforcement-on-Locks-Holes.jpg\" alt=\"3-Metallverst\u00e4rkung an den Schlossl\u00f6chern\" \/><\/p>\n<p><b><\/b><b><\/b><strong><b>Metallverst\u00e4rkung an den Schlossl\u00f6chern<\/b><\/strong><\/p>\n<p>F\u00fcr die Schlossl\u00f6cher dieses PP-Kartenetuis k\u00f6nnen wir eine Metallverst\u00e4rkung anbringen, um die Stabilit\u00e4t und Sicherheit des Etuis zu erh\u00f6hen. Dies ist selbstverst\u00e4ndlich eine Option und richtet sich nach den individuellen Bed\u00fcrfnissen.<\/p>\n<\/div>\n<p><!-- \u7b2c\u56db\u680f --><\/p>\n<div style=\"flex: 1; text-align: center;\">\n<p><img decoding=\"async\" style=\"max-width: 100%; height: auto; margin-bottom: 10px;\" src=\"https:\/\/suncasesupply.com\/wp-content\/uploads\/2025\/11\/4-Locks.jpg\" alt=\"4-Schl\u00f6sser\" \/><\/p>\n<p><b><\/b><strong><b>Schl\u00f6sser<\/b><\/strong><\/p>\n<p style=\"margin: 0;\">Diese Schutzh\u00fclle vereint Sicherheit und Flexibilit\u00e4t. Sie verf\u00fcgt prim\u00e4r \u00fcber eine \u00d6se f\u00fcr ein Vorh\u00e4ngeschloss, erg\u00e4nzt durch ein integriertes Schloss. Sowohl der obere als auch der untere Deckel der Schutzh\u00fclle sind mit einem stabilen Metallring versehen, der als \u201eVerschluss\u00f6se\u201c dient und die Anbringung eines zus\u00e4tzlichen Vorh\u00e4ngeschlosses erm\u00f6glicht. So ist die Sicherheit der darin aufbewahrten Karten gew\u00e4hrleistet.<\/p>\n<\/div>\n<\/div>\n<h4><span style=\"color: #003366;\">Herstellungsverfahren:<\/span><\/h4>\n<p><img decoding=\"async\" style=\"max-width: 100%; height: auto; margin-bottom: 10px;\" src=\"https:\/\/suncasesupply.com\/wp-content\/uploads\/2025\/07\/Manufacturing-Process.png\" alt=\"Herstellungsprozess von Suncase\" \/><\/p>\n<div style=\"background-color: #29599a; padding: 40px 20px; text-align: center; color: #ffffff; border-radius: 10px; margin: 40px auto; max-width: 960px;\">\n<h2 style=\"font-size: 22px; margin-bottom: 20px; font-weight: bold;\"><span style=\"color: #ffffff;\">Bestellen Sie Kartenetuis von Sun Case mit einer Mindestbestellmenge von 300 St\u00fcck.<\/span><\/h2>\n<p><a style=\"display: inline-block; padding: 12px 28px; background-color: #ffffff; color: #29599a; text-decoration: none; border-radius: 6px; font-weight: bold;\" href=\"https:\/\/suncasesupply.com\/de\/contact-us\/\" target=\"_blank\" rel=\"noopener\">Jetzt Preis anfragen<br \/>\n<\/a><\/p>\n<\/div>\n<h4><span style=\"color: #003366;\">Hilfreiche Informationen f\u00fcr Gro\u00dfabnehmer:<\/span><\/h4>\n<ul>\n<li class=\"page-title\" title=\"Was macht Sportkarten so wertvoll?\">\n<p class=\"page-title\" title=\"So sch\u00fctzen Sie Ihre Sammelkartensammlung\"><a href=\"https:\/\/suncasesupply.com\/de\/blog\/how-protect-trading-cards-collection\/\">So sch\u00fctzen Sie Ihre Sammelkartensammlung &gt;&gt;<\/a><\/p>\n<\/li>\n<li title=\"Was macht Sportkarten so wertvoll?\">\n<p class=\"page-title\" title=\"Was macht Sportkarten so wertvoll?\"><a href=\"https:\/\/suncasesupply.com\/de\/blog\/custom-aluminum-case\/commercial-value-of-sports-cards\/\">Warum sind Sportkarten so wertvoll? &gt;&gt;<\/a><\/p>\n<\/li>\n<li title=\"Was macht Sportkarten so wertvoll?\">\n<p class=\"product_title entry-title\"><a href=\"https:\/\/suncasesupply.com\/de\/product\/aluminum-card-display-case-psa-graded-cards-sport-trading-card-storage-case\/\">Aluminium-Kartenvitrine PSA-bewertete Karten Aufbewahrungsbox f\u00fcr Sport- und Sammelkarten<\/a><\/p>\n<\/li>\n<\/ul>","protected":false},"excerpt":{"rendered":"<p>Modell: SC-B9005<\/p>\n<p>Abmessungen: Au\u00dfenma\u00dfe L410 x B370 x H198 mm, Innenma\u00dfe L385 x B313 x H180 mm.<\/p>\n<p>Geeignet f\u00fcr: Sammelkarten \/ bewertete Karten \/ Pok\u00e9mon-Karten von PSA\/SGC\/BGS\/CGC\u2026<\/p>\n<p>Farbe: Schwarz<\/p>\n<p>Materialien: PP-Kunststoffgeh\u00e4use mit Eierschaum auf dem Deckel.<\/p>\n<p>Logo: Epoxid-Logo\/PVC-Logo\/Siebdruck-Logo<\/p>\n<p>Mindestbestellmenge: 300 St\u00fcck<\/p>\n<p>Muster: Bereitstellung eines Musters zur Qualit\u00e4tspr\u00fcfung.<\/p>","protected":false},"featured_media":26253,"template":"","meta":{"_gspb_post_css":""},"product_cat":[16],"product_tag":[],"featured_image_urls":{"full":["https:\/\/suncasesupply.com\/wp-content\/uploads\/2025\/11\/1.jpg",800,800,false],"thumbnail":["https:\/\/suncasesupply.com\/wp-content\/uploads\/2025\/11\/1-150x150.jpg",150,150,true],"medium":["https:\/\/suncasesupply.com\/wp-content\/uploads\/2025\/11\/1-300x300.jpg",300,300,true],"medium_large":["https:\/\/suncasesupply.com\/wp-content\/uploads\/2025\/11\/1-768x768.jpg",768,768,true],"large":["https:\/\/suncasesupply.com\/wp-content\/uploads\/2025\/11\/1.jpg",800,800,false],"1536x1536":["https:\/\/suncasesupply.com\/wp-content\/uploads\/2025\/11\/1.jpg",800,800,false],"2048x2048":["https:\/\/suncasesupply.com\/wp-content\/uploads\/2025\/11\/1.jpg",800,800,false],"trp-custom-language-flag":["https:\/\/suncasesupply.com\/wp-content\/uploads\/2025\/11\/1-12x12.jpg",12,12,true],"woocommerce_thumbnail":["https:\/\/suncasesupply.com\/wp-content\/uploads\/2025\/11\/1-300x300.jpg",300,300,true],"woocommerce_single":["https:\/\/suncasesupply.com\/wp-content\/uploads\/2025\/11\/1-600x600.jpg",600,600,true],"woocommerce_gallery_thumbnail":["https:\/\/suncasesupply.com\/wp-content\/uploads\/2025\/11\/1-100x100.jpg",100,100,true]},"post_excerpt_stackable":"<p>Model :SC-B9005<\/p>\n<p>Size: Outside size L410 x W370 x H198mm, Internal size L385 x W313 x H180mm.<\/p>\n<p>Suitable: For Trading Cards \/ Graded Card \/ Pok\u00e9mon Cards of PSA\/SGC\/BGS\/CGC&#8230;<\/p>\n<p>Colors: Black Color<\/p>\n<p>Materials: PP Plastic Case, with Egg foam on the upper lid.<\/p>\n<p>Logo: Epoxy logo\/PVC logo\/Silk printing logo<\/p>\n<p>MOQ: 300pcs<\/p>\n<p>Sample: Providing sample for quality checking.<\/p>\n","category_list":"","author_info":{"name":"","url":""},"comments_num":"0 comments","_links":{"self":[{"href":"https:\/\/suncasesupply.com\/de\/wp-json\/wp\/v2\/product\/26248"}],"collection":[{"href":"https:\/\/suncasesupply.com\/de\/wp-json\/wp\/v2\/product"}],"about":[{"href":"https:\/\/suncasesupply.com\/de\/wp-json\/wp\/v2\/types\/product"}],"wp:featuredmedia":[{"embeddable":true,"href":"https:\/\/suncasesupply.com\/de\/wp-json\/wp\/v2\/media\/26253"}],"wp:attachment":[{"href":"https:\/\/suncasesupply.com\/de\/wp-json\/wp\/v2\/media?parent=26248"}],"wp:term":[{"taxonomy":"product_cat","embeddable":true,"href":"https:\/\/suncasesupply.com\/de\/wp-json\/wp\/v2\/product_cat?post=26248"},{"taxonomy":"product_tag","embeddable":true,"href":"https:\/\/suncasesupply.com\/de\/wp-json\/wp\/v2\/product_tag?post=26248"}],"curies":[{"name":"wp","href":"https:\/\/api.w.org\/{rel}","templated":true}]}}