{"id":26197,"date":"2025-10-28T18:01:16","date_gmt":"2025-10-28T10:01:16","guid":{"rendered":"https:\/\/suncasesupply.com\/?post_type=product&#038;p=26197"},"modified":"2025-10-28T18:08:58","modified_gmt":"2025-10-28T10:08:58","slug":"two-bottle-wine-aluminum-carrying-case-wine-packaging-box","status":"publish","type":"product","link":"https:\/\/suncasesupply.com\/de\/product\/two-bottle-wine-aluminum-carrying-case-wine-packaging-box\/","title":{"rendered":"Aluminium-Tragekoffer f\u00fcr zwei Flaschen Wein, Weinverpackungsbox"},"content":{"rendered":"<p>&nbsp;<\/p>\n<table width=\"774\">\n<tbody>\n<tr>\n<td width=\"177\">Artikel<\/td>\n<td width=\"597\">Wein-Aluminiumkoffer<\/td>\n<\/tr>\n<tr>\n<td>Abmessungen<\/td>\n<td>Anpassen<\/td>\n<\/tr>\n<tr>\n<td>Farben<\/td>\n<td>Wie die Bilder zeigen oder anpassen<\/td>\n<\/tr>\n<tr>\n<td>Materialien<\/td>\n<td>Aluminium, ABS-Platte, MDF-Platte, EVA\/Schaum\/Stoff\/PU-Futter, Hardware<\/td>\n<\/tr>\n<tr>\n<td>Logo<\/td>\n<td>Metallplattenlogo, gedrucktes Logo, gepr\u00e4gtes Logo, Laserlogo<\/td>\n<\/tr>\n<tr>\n<td>Beispielzeit<\/td>\n<td>7 Tage<\/td>\n<\/tr>\n<tr>\n<td>Verschiffungshafen<\/td>\n<td>Guangzhou, Shenzhen<\/td>\n<\/tr>\n<tr>\n<td>Handelsbedingungen<\/td>\n<td>EXW, FOB, CIF, DDU, DDP<\/td>\n<\/tr>\n<tr>\n<td>Zahlungsarten<\/td>\n<td>T\/T, Barzahlung, PayPal, Kreditkarte<\/td>\n<\/tr>\n<\/tbody>\n<\/table>\n<p><span style=\"color: #003366;\">Merkmale:<\/span><\/p>\n<p><strong>STILVOLLES UND LANGLEBIGES<\/strong> \u2013 Wein-Tragekoffer aus Aluminium. Er verf\u00fcgt \u00fcber einen Rahmen aus Aluminiumlegierung mit Metallecken und Seitenteilen aus schlagfestem ABS-Kunststoff, um diesen Koffer sto\u00dffest zu machen.<\/p>\n<p><strong>MERKMALE<\/strong> \u2013 Herausnehmbare Schaumstoffeinlagen erm\u00f6glichen den sicheren Sitz von zwei Wein- oder anderen Flaschen, die im Schaumstoff am Boden und Deckel des Koffers eingeschlossen sind und ein Verrutschen der Flaschen w\u00e4hrend des Transports verhindern. Mit Schloss und Schl\u00fcssel zur Sicherung des Koffers w\u00e4hrend der Lagerung oder des Transports.<\/p>\n<p><strong>IDEAL F\u00dcR REISEN<\/strong> \u2013 Dieser Koffer ist leicht zu tragen und wiegt ohne Flaschen weniger als 1,75 kg, mit Flaschen 4,75 kg (bei 1,45 kg pro Flasche). Er ist der perfekte Koffer f\u00fcr den Transport im Auto, auf dem Boot oder zu besonderen Anl\u00e4ssen, wenn Sie Wein oder Spirituosen mitnehmen m\u00f6chten.<\/p>\n<p><strong>PERFEKTES GESCHENK<\/strong> \u2013 Mit Wein oder Spirituosen gef\u00fcllt, ergibt es eine stilvolle Pr\u00e4sentation und ein tolles Geschenk f\u00fcr alle, die die sch\u00f6nen Dinge des Lebens zu sch\u00e4tzen wissen.<\/p>\n<p><strong>ABMESSUNGEN<\/strong> \u2013 Koffergr\u00f6\u00dfe: 10,25\u2033\/26,00 cm H\u00f6he, 6,00\u2033\/15,00 cm Breite und 15,75\u2033\/40,00 cm L\u00e4nge. Einsatzma\u00dfe: F\u00fcr bis zu zwei Standardflaschen \u00e0 750 ml. H\u00f6he: 12,00\u2033\/30,00 cm. Breite: 3,00\u2033\/7,75 cm.<\/p>","protected":false},"excerpt":{"rendered":"<p>Modell: SC-B9004<\/p>\n<p>Gr\u00f6\u00dfe: Anpassen<\/p>\n<p>Mindestbestellmenge: 200 St\u00fcck<\/p>\n<p>Lieferzeit: 25-30 Tage<\/p>\n<p>Probe: Verf\u00fcgbar<\/p>","protected":false},"featured_media":26194,"template":"","meta":{"_gspb_post_css":""},"product_cat":[80],"product_tag":[],"featured_image_urls":{"full":["https:\/\/suncasesupply.com\/wp-content\/uploads\/2025\/10\/1-2.jpg",800,800,false],"thumbnail":["https:\/\/suncasesupply.com\/wp-content\/uploads\/2025\/10\/1-2-150x150.jpg",150,150,true],"medium":["https:\/\/suncasesupply.com\/wp-content\/uploads\/2025\/10\/1-2-300x300.jpg",300,300,true],"medium_large":["https:\/\/suncasesupply.com\/wp-content\/uploads\/2025\/10\/1-2-768x768.jpg",768,768,true],"large":["https:\/\/suncasesupply.com\/wp-content\/uploads\/2025\/10\/1-2.jpg",800,800,false],"1536x1536":["https:\/\/suncasesupply.com\/wp-content\/uploads\/2025\/10\/1-2.jpg",800,800,false],"2048x2048":["https:\/\/suncasesupply.com\/wp-content\/uploads\/2025\/10\/1-2.jpg",800,800,false],"trp-custom-language-flag":["https:\/\/suncasesupply.com\/wp-content\/uploads\/2025\/10\/1-2-12x12.jpg",12,12,true],"woocommerce_thumbnail":["https:\/\/suncasesupply.com\/wp-content\/uploads\/2025\/10\/1-2-300x300.jpg",300,300,true],"woocommerce_single":["https:\/\/suncasesupply.com\/wp-content\/uploads\/2025\/10\/1-2-600x600.jpg",600,600,true],"woocommerce_gallery_thumbnail":["https:\/\/suncasesupply.com\/wp-content\/uploads\/2025\/10\/1-2-100x100.jpg",100,100,true]},"post_excerpt_stackable":"<p>Model : SC-B9004<\/p>\n<p>Size:\u00a0 Customize<\/p>\n<p>MOQ: 200pcs<\/p>\n<p>Delivery Time : 25-30 Days<\/p>\n<p>Sample : Available<\/p>\n","category_list":"","author_info":{"name":"","url":""},"comments_num":"0 comments","_links":{"self":[{"href":"https:\/\/suncasesupply.com\/de\/wp-json\/wp\/v2\/product\/26197"}],"collection":[{"href":"https:\/\/suncasesupply.com\/de\/wp-json\/wp\/v2\/product"}],"about":[{"href":"https:\/\/suncasesupply.com\/de\/wp-json\/wp\/v2\/types\/product"}],"wp:featuredmedia":[{"embeddable":true,"href":"https:\/\/suncasesupply.com\/de\/wp-json\/wp\/v2\/media\/26194"}],"wp:attachment":[{"href":"https:\/\/suncasesupply.com\/de\/wp-json\/wp\/v2\/media?parent=26197"}],"wp:term":[{"taxonomy":"product_cat","embeddable":true,"href":"https:\/\/suncasesupply.com\/de\/wp-json\/wp\/v2\/product_cat?post=26197"},{"taxonomy":"product_tag","embeddable":true,"href":"https:\/\/suncasesupply.com\/de\/wp-json\/wp\/v2\/product_tag?post=26197"}],"curies":[{"name":"wp","href":"https:\/\/api.w.org\/{rel}","templated":true}]}}