{"id":26009,"date":"2025-09-17T17:11:03","date_gmt":"2025-09-17T09:11:03","guid":{"rendered":"https:\/\/suncasesupply.com\/?post_type=product&#038;p=26009"},"modified":"2025-09-17T17:18:53","modified_gmt":"2025-09-17T09:18:53","slug":"tripod-flight-case-hard-aluminum-case-for-tripod","status":"publish","type":"product","link":"https:\/\/suncasesupply.com\/de\/product\/tripod-flight-case-hard-aluminum-case-for-tripod\/","title":{"rendered":"Stativ-Flightcase Hartschalenkoffer aus Aluminium f\u00fcr Stative"},"content":{"rendered":"<p>&nbsp;<\/p>\n<table width=\"774\">\n<tbody>\n<tr>\n<td width=\"177\">Artikel<\/td>\n<td width=\"597\">Stativ-Flightcase<\/td>\n<\/tr>\n<tr>\n<td>Abmessungen<\/td>\n<td>Anpassen<\/td>\n<\/tr>\n<tr>\n<td>Farben<\/td>\n<td>Wie die Bilder zeigen oder anpassen<\/td>\n<\/tr>\n<tr>\n<td>Materialien<\/td>\n<td>Aluminium, Sperrholz, EVA\/Schaum\/Stoff\/PU-Futter, Hardware<\/td>\n<\/tr>\n<tr>\n<td>Logo<\/td>\n<td>Metallplattenlogo, gedrucktes Logo, gepr\u00e4gtes Logo, Laserlogo<\/td>\n<\/tr>\n<tr>\n<td>Beispielzeit<\/td>\n<td>7 Tage<\/td>\n<\/tr>\n<tr>\n<td>Verschiffungshafen<\/td>\n<td>Guangzhou, Shenzhen<\/td>\n<\/tr>\n<tr>\n<td>Handelsbedingungen<\/td>\n<td>EXW, FOB, CIF, DDU, DDP<\/td>\n<\/tr>\n<tr>\n<td>Zahlungsarten<\/td>\n<td>T\/T, Barzahlung, PayPal, Kreditkarte<\/td>\n<\/tr>\n<\/tbody>\n<\/table>\n<p><span style=\"color: #003366;\">Merkmale:<\/span><\/p>\n<ul>\n<li>Profi-Ausf\u00fchrung aus 9mm Sperrholz.<\/li>\n<li>Beidseitig beschichtet.<\/li>\n<li>Gro\u00dfe Hochleistungsbeschl\u00e4ge.<\/li>\n<li>Gen\u00fcgend Stauraum f\u00fcr Kabel und Zubeh\u00f6r.<\/li>\n<\/ul>","protected":false},"excerpt":{"rendered":"<p>Modell: SC-B9003<\/p>\n<p>Au\u00dfenma\u00dfe: 1200 x 580 x 502 (L x B x H)<\/p>\n<p>Mindestbestellmenge: 100 St\u00fcck<\/p>\n<p>Lieferzeit: 20-25 Tage<\/p>\n<p>Probe: Verf\u00fcgbar<\/p>","protected":false},"featured_media":26008,"template":"","meta":{"_gspb_post_css":""},"product_cat":[39],"product_tag":[],"featured_image_urls":{"full":["https:\/\/suncasesupply.com\/wp-content\/uploads\/2025\/09\/tripod-flight-case-\u4e3b\u56fe.jpg",800,800,false],"thumbnail":["https:\/\/suncasesupply.com\/wp-content\/uploads\/2025\/09\/tripod-flight-case-\u4e3b\u56fe-150x150.jpg",150,150,true],"medium":["https:\/\/suncasesupply.com\/wp-content\/uploads\/2025\/09\/tripod-flight-case-\u4e3b\u56fe-300x300.jpg",300,300,true],"medium_large":["https:\/\/suncasesupply.com\/wp-content\/uploads\/2025\/09\/tripod-flight-case-\u4e3b\u56fe-768x768.jpg",768,768,true],"large":["https:\/\/suncasesupply.com\/wp-content\/uploads\/2025\/09\/tripod-flight-case-\u4e3b\u56fe.jpg",800,800,false],"1536x1536":["https:\/\/suncasesupply.com\/wp-content\/uploads\/2025\/09\/tripod-flight-case-\u4e3b\u56fe.jpg",800,800,false],"2048x2048":["https:\/\/suncasesupply.com\/wp-content\/uploads\/2025\/09\/tripod-flight-case-\u4e3b\u56fe.jpg",800,800,false],"trp-custom-language-flag":["https:\/\/suncasesupply.com\/wp-content\/uploads\/2025\/09\/tripod-flight-case-\u4e3b\u56fe-12x12.jpg",12,12,true],"woocommerce_thumbnail":["https:\/\/suncasesupply.com\/wp-content\/uploads\/2025\/09\/tripod-flight-case-\u4e3b\u56fe-300x300.jpg",300,300,true],"woocommerce_single":["https:\/\/suncasesupply.com\/wp-content\/uploads\/2025\/09\/tripod-flight-case-\u4e3b\u56fe-600x600.jpg",600,600,true],"woocommerce_gallery_thumbnail":["https:\/\/suncasesupply.com\/wp-content\/uploads\/2025\/09\/tripod-flight-case-\u4e3b\u56fe-100x100.jpg",100,100,true]},"post_excerpt_stackable":"<p>Model : SC-B9003<\/p>\n<p>External Dimensions: 1200 x 580 x 502(LxWxH)<\/p>\n<p>MOQ: 100pcs<\/p>\n<p>Delivery Time : 20-25 Days<\/p>\n<p>Sample : Available<\/p>\n","category_list":"","author_info":{"name":"","url":""},"comments_num":"0 comments","_links":{"self":[{"href":"https:\/\/suncasesupply.com\/de\/wp-json\/wp\/v2\/product\/26009"}],"collection":[{"href":"https:\/\/suncasesupply.com\/de\/wp-json\/wp\/v2\/product"}],"about":[{"href":"https:\/\/suncasesupply.com\/de\/wp-json\/wp\/v2\/types\/product"}],"wp:featuredmedia":[{"embeddable":true,"href":"https:\/\/suncasesupply.com\/de\/wp-json\/wp\/v2\/media\/26008"}],"wp:attachment":[{"href":"https:\/\/suncasesupply.com\/de\/wp-json\/wp\/v2\/media?parent=26009"}],"wp:term":[{"taxonomy":"product_cat","embeddable":true,"href":"https:\/\/suncasesupply.com\/de\/wp-json\/wp\/v2\/product_cat?post=26009"},{"taxonomy":"product_tag","embeddable":true,"href":"https:\/\/suncasesupply.com\/de\/wp-json\/wp\/v2\/product_tag?post=26009"}],"curies":[{"name":"wp","href":"https:\/\/api.w.org\/{rel}","templated":true}]}}