{"id":26005,"date":"2025-09-17T16:56:37","date_gmt":"2025-09-17T08:56:37","guid":{"rendered":"https:\/\/suncasesupply.com\/?post_type=product&#038;p=26005"},"modified":"2025-09-17T17:03:54","modified_gmt":"2025-09-17T09:03:54","slug":"projector-flight-case-flight-case-for-live-performance-gear","status":"publish","type":"product","link":"https:\/\/suncasesupply.com\/de\/product\/projector-flight-case-flight-case-for-live-performance-gear\/","title":{"rendered":"Projektor-Flightcase Flightcase f\u00fcr Live-Performance-Ausr\u00fcstung"},"content":{"rendered":"<p>&nbsp;<\/p>\n<table width=\"774\">\n<tbody>\n<tr>\n<td width=\"177\">Artikel<\/td>\n<td width=\"597\">Projektor-Flightcase<\/td>\n<\/tr>\n<tr>\n<td>Abmessungen<\/td>\n<td>Anpassen<\/td>\n<\/tr>\n<tr>\n<td>Farben<\/td>\n<td>Wie die Bilder zeigen oder anpassen<\/td>\n<\/tr>\n<tr>\n<td>Materialien<\/td>\n<td>Aluminium, Sperrholz, EVA\/Schaum\/Stoff\/PU-Futter, Hardware<\/td>\n<\/tr>\n<tr>\n<td>Logo<\/td>\n<td>Metallplattenlogo, gedrucktes Logo, gepr\u00e4gtes Logo, Laserlogo<\/td>\n<\/tr>\n<tr>\n<td>Beispielzeit<\/td>\n<td>7 Tage<\/td>\n<\/tr>\n<tr>\n<td>Verschiffungshafen<\/td>\n<td>Guangzhou, Shenzhen<\/td>\n<\/tr>\n<tr>\n<td>Handelsbedingungen<\/td>\n<td>EXW, FOB, CIF, DDU, DDP<\/td>\n<\/tr>\n<tr>\n<td>Zahlungsarten<\/td>\n<td>T\/T, Barzahlung, PayPal, Kreditkarte<\/td>\n<\/tr>\n<\/tbody>\n<\/table>\n<p><span style=\"color: #003366;\">Merkmale:<\/span><\/p>\n<ul>\n<li>Speziell f\u00fcr den Epson EB-805F-Projektor entwickeltes Flightcase.<\/li>\n<li>Zus\u00e4tzliches Ablagefach 120mm breit zur Aufbewahrung von Kabeln etc.<\/li>\n<li>4x Butterfly-Verschluss mit \u00d6sen zur Befestigung eines Vorh\u00e4ngeschlosses.<\/li>\n<li>6x versenkte Schalengriffe.<\/li>\n<li>Vollst\u00e4ndig mit Schaumstoff ausgekleidet, sch\u00fctzt Ihre Ausr\u00fcstung w\u00e4hrend des Transports.<\/li>\n<li>Ungef\u00e4hre Innenma\u00dfe 496 mm (L) x 461 mm (B) x 230 mm (H)<\/li>\n<li>Ungef\u00e4hre Au\u00dfenma\u00dfe: 592 mm (L) x 541 mm (B) x 304 mm (H)<\/li>\n<\/ul>","protected":false},"excerpt":{"rendered":"<p>Modell: SC-B9002<\/p>\n<p>Au\u00dfenma\u00dfe: 592 mm (L) x 541 mm (B) x 304 mm (H)<\/p>\n<p>Mindestbestellmenge: 50 St\u00fcck<\/p>\n<p>Lieferzeit: 20-25 Tage<\/p>\n<p>Probe: Verf\u00fcgbar<\/p>","protected":false},"featured_media":26007,"template":"","meta":{"_gspb_post_css":""},"product_cat":[39],"product_tag":[],"featured_image_urls":{"full":["https:\/\/suncasesupply.com\/wp-content\/uploads\/2025\/09\/projector-flight-case\u4e3b\u56fe.jpg",800,800,false],"thumbnail":["https:\/\/suncasesupply.com\/wp-content\/uploads\/2025\/09\/projector-flight-case\u4e3b\u56fe-150x150.jpg",150,150,true],"medium":["https:\/\/suncasesupply.com\/wp-content\/uploads\/2025\/09\/projector-flight-case\u4e3b\u56fe-300x300.jpg",300,300,true],"medium_large":["https:\/\/suncasesupply.com\/wp-content\/uploads\/2025\/09\/projector-flight-case\u4e3b\u56fe-768x768.jpg",768,768,true],"large":["https:\/\/suncasesupply.com\/wp-content\/uploads\/2025\/09\/projector-flight-case\u4e3b\u56fe.jpg",800,800,false],"1536x1536":["https:\/\/suncasesupply.com\/wp-content\/uploads\/2025\/09\/projector-flight-case\u4e3b\u56fe.jpg",800,800,false],"2048x2048":["https:\/\/suncasesupply.com\/wp-content\/uploads\/2025\/09\/projector-flight-case\u4e3b\u56fe.jpg",800,800,false],"trp-custom-language-flag":["https:\/\/suncasesupply.com\/wp-content\/uploads\/2025\/09\/projector-flight-case\u4e3b\u56fe-12x12.jpg",12,12,true],"woocommerce_thumbnail":["https:\/\/suncasesupply.com\/wp-content\/uploads\/2025\/09\/projector-flight-case\u4e3b\u56fe-300x300.jpg",300,300,true],"woocommerce_single":["https:\/\/suncasesupply.com\/wp-content\/uploads\/2025\/09\/projector-flight-case\u4e3b\u56fe-600x600.jpg",600,600,true],"woocommerce_gallery_thumbnail":["https:\/\/suncasesupply.com\/wp-content\/uploads\/2025\/09\/projector-flight-case\u4e3b\u56fe-100x100.jpg",100,100,true]},"post_excerpt_stackable":"<p>Model : SC-B9002<\/p>\n<p>External Dimensions: 592mm(L) x 541mm(W) x 304mm(H)<\/p>\n<p>MOQ: 50pcs<\/p>\n<p>Delivery Time : 20-25 Days<\/p>\n<p>Sample : Available<\/p>\n","category_list":"","author_info":{"name":"","url":""},"comments_num":"0 comments","_links":{"self":[{"href":"https:\/\/suncasesupply.com\/de\/wp-json\/wp\/v2\/product\/26005"}],"collection":[{"href":"https:\/\/suncasesupply.com\/de\/wp-json\/wp\/v2\/product"}],"about":[{"href":"https:\/\/suncasesupply.com\/de\/wp-json\/wp\/v2\/types\/product"}],"wp:featuredmedia":[{"embeddable":true,"href":"https:\/\/suncasesupply.com\/de\/wp-json\/wp\/v2\/media\/26007"}],"wp:attachment":[{"href":"https:\/\/suncasesupply.com\/de\/wp-json\/wp\/v2\/media?parent=26005"}],"wp:term":[{"taxonomy":"product_cat","embeddable":true,"href":"https:\/\/suncasesupply.com\/de\/wp-json\/wp\/v2\/product_cat?post=26005"},{"taxonomy":"product_tag","embeddable":true,"href":"https:\/\/suncasesupply.com\/de\/wp-json\/wp\/v2\/product_tag?post=26005"}],"curies":[{"name":"wp","href":"https:\/\/api.w.org\/{rel}","templated":true}]}}