{"id":25996,"date":"2025-09-16T18:05:59","date_gmt":"2025-09-16T10:05:59","guid":{"rendered":"https:\/\/suncasesupply.com\/?post_type=product&#038;p=25996"},"modified":"2025-09-17T15:18:00","modified_gmt":"2025-09-17T07:18:00","slug":"camera-flight-case-aluminum-flight-case-for-camera","status":"publish","type":"product","link":"https:\/\/suncasesupply.com\/de\/product\/camera-flight-case-aluminum-flight-case-for-camera\/","title":{"rendered":"Kamera-Flightcase Aluminium-Flightcase f\u00fcr Kamera"},"content":{"rendered":"<p>&nbsp;<\/p>\n<table width=\"774\">\n<tbody>\n<tr>\n<td width=\"177\">Artikel<\/td>\n<td width=\"597\">Kamera-Flightcase<\/td>\n<\/tr>\n<tr>\n<td>Abmessungen<\/td>\n<td>Anpassen<\/td>\n<\/tr>\n<tr>\n<td>Farben<\/td>\n<td>Wie die Bilder zeigen oder anpassen<\/td>\n<\/tr>\n<tr>\n<td>Materialien<\/td>\n<td>Aluminium, Sperrholz, EVA\/Schaum\/Stoff\/PU-Futter, Hardware<\/td>\n<\/tr>\n<tr>\n<td>Logo<\/td>\n<td>Metallplattenlogo, gedrucktes Logo, gepr\u00e4gtes Logo, Laserlogo<\/td>\n<\/tr>\n<tr>\n<td>Beispielzeit<\/td>\n<td>7 Tage<\/td>\n<\/tr>\n<tr>\n<td>Verschiffungshafen<\/td>\n<td>Guangzhou, Shenzhen<\/td>\n<\/tr>\n<tr>\n<td>Handelsbedingungen<\/td>\n<td>EXW, FOB, CIF, DDU, DDP<\/td>\n<\/tr>\n<tr>\n<td>Zahlungsarten<\/td>\n<td>T\/T, Barzahlung, PayPal, Kreditkarte<\/td>\n<\/tr>\n<\/tbody>\n<\/table>\n<p><span style=\"color: #003366;\">Merkmale:<\/span><\/p>\n<ul>\n<li>2x starke Butterfly-Verschl\u00fcsse mit \u00d6se f\u00fcr Vorh\u00e4ngeschloss halten den Deckel an Ort und Stelle.<\/li>\n<li>Deckelhalterungsscharniere auf der R\u00fcckseite halten den Deckel in einem Winkel von knapp \u00fcber 90 Grad<\/li>\n<li>1x Techno-Griff auf der Vorderseite<\/li>\n<li>Vollst\u00e4ndig mit Schaumstoff ausgekleidet<\/li>\n<li>Kugelecken<\/li>\n<li>Durchgehend mit Schaumstoff ausgekleidet und mit einem ma\u00dfgeschneiderten gefr\u00e4sten Einsatz<\/li>\n<\/ul>","protected":false},"excerpt":{"rendered":"<p>Modell: SC-B9001<\/p>\n<p>Gr\u00f6\u00dfe: Kundenspezifisch<\/p>\n<p>Mindestbestellmenge: 50 St\u00fcck<\/p>\n<p>Lieferzeit: 20-25 Tage<\/p>\n<p>Probe: Verf\u00fcgbar<\/p>","protected":false},"featured_media":26001,"template":"","meta":{"_gspb_post_css":""},"product_cat":[39],"product_tag":[],"featured_image_urls":{"full":["https:\/\/suncasesupply.com\/wp-content\/uploads\/2025\/09\/3\u4e3b\u56fe.jpg",800,800,false],"thumbnail":["https:\/\/suncasesupply.com\/wp-content\/uploads\/2025\/09\/3\u4e3b\u56fe-150x150.jpg",150,150,true],"medium":["https:\/\/suncasesupply.com\/wp-content\/uploads\/2025\/09\/3\u4e3b\u56fe-300x300.jpg",300,300,true],"medium_large":["https:\/\/suncasesupply.com\/wp-content\/uploads\/2025\/09\/3\u4e3b\u56fe-768x768.jpg",768,768,true],"large":["https:\/\/suncasesupply.com\/wp-content\/uploads\/2025\/09\/3\u4e3b\u56fe.jpg",800,800,false],"1536x1536":["https:\/\/suncasesupply.com\/wp-content\/uploads\/2025\/09\/3\u4e3b\u56fe.jpg",800,800,false],"2048x2048":["https:\/\/suncasesupply.com\/wp-content\/uploads\/2025\/09\/3\u4e3b\u56fe.jpg",800,800,false],"trp-custom-language-flag":["https:\/\/suncasesupply.com\/wp-content\/uploads\/2025\/09\/3\u4e3b\u56fe-12x12.jpg",12,12,true],"woocommerce_thumbnail":["https:\/\/suncasesupply.com\/wp-content\/uploads\/2025\/09\/3\u4e3b\u56fe-300x300.jpg",300,300,true],"woocommerce_single":["https:\/\/suncasesupply.com\/wp-content\/uploads\/2025\/09\/3\u4e3b\u56fe-600x600.jpg",600,600,true],"woocommerce_gallery_thumbnail":["https:\/\/suncasesupply.com\/wp-content\/uploads\/2025\/09\/3\u4e3b\u56fe-100x100.jpg",100,100,true]},"post_excerpt_stackable":"<p>Model : SC-B9001<\/p>\n<p>Size: Customized<\/p>\n<p>MOQ: 50pcs<\/p>\n<p>Delivery Time : 20-25 Days<\/p>\n<p>Sample : Available<\/p>\n","category_list":"","author_info":{"name":"","url":""},"comments_num":"0 comments","_links":{"self":[{"href":"https:\/\/suncasesupply.com\/de\/wp-json\/wp\/v2\/product\/25996"}],"collection":[{"href":"https:\/\/suncasesupply.com\/de\/wp-json\/wp\/v2\/product"}],"about":[{"href":"https:\/\/suncasesupply.com\/de\/wp-json\/wp\/v2\/types\/product"}],"wp:featuredmedia":[{"embeddable":true,"href":"https:\/\/suncasesupply.com\/de\/wp-json\/wp\/v2\/media\/26001"}],"wp:attachment":[{"href":"https:\/\/suncasesupply.com\/de\/wp-json\/wp\/v2\/media?parent=25996"}],"wp:term":[{"taxonomy":"product_cat","embeddable":true,"href":"https:\/\/suncasesupply.com\/de\/wp-json\/wp\/v2\/product_cat?post=25996"},{"taxonomy":"product_tag","embeddable":true,"href":"https:\/\/suncasesupply.com\/de\/wp-json\/wp\/v2\/product_tag?post=25996"}],"curies":[{"name":"wp","href":"https:\/\/api.w.org\/{rel}","templated":true}]}}