{"id":25782,"date":"2025-07-29T11:28:15","date_gmt":"2025-07-29T03:28:15","guid":{"rendered":"https:\/\/suncasesupply.com\/?post_type=product&#038;p=25782"},"modified":"2025-09-17T15:18:59","modified_gmt":"2025-09-17T07:18:59","slug":"20u-rack-flight-case-20u-standard-rack-case","status":"publish","type":"product","link":"https:\/\/suncasesupply.com\/de\/product\/20u-rack-flight-case-20u-standard-rack-case\/","title":{"rendered":"20U Rack-Flightcase 20U Standard-Rackcase"},"content":{"rendered":"<p>&nbsp;<\/p>\n<table width=\"774\">\n<tbody>\n<tr>\n<td width=\"177\">Artikel<\/td>\n<td width=\"597\">20U Rack-Flightcase<\/td>\n<\/tr>\n<tr>\n<td>Abmessungen<\/td>\n<td>Anpassen<\/td>\n<\/tr>\n<tr>\n<td>Farben<\/td>\n<td>Wie die Bilder zeigen oder anpassen<\/td>\n<\/tr>\n<tr>\n<td>Materialien<\/td>\n<td>Aluminium, Sperrholz, EVA\/Schaum\/Stoff\/PU-Futter, Hardware<\/td>\n<\/tr>\n<tr>\n<td>Logo<\/td>\n<td>Metallplattenlogo, gedrucktes Logo, gepr\u00e4gtes Logo, Laserlogo<\/td>\n<\/tr>\n<tr>\n<td>Beispielzeit<\/td>\n<td>7 Tage<\/td>\n<\/tr>\n<tr>\n<td>Verschiffungshafen<\/td>\n<td>Guangzhou, Shenzhen<\/td>\n<\/tr>\n<tr>\n<td>Handelsbedingungen<\/td>\n<td>EXW, FOB, CIF, DDU, DDP<\/td>\n<\/tr>\n<tr>\n<td>Zahlungsarten<\/td>\n<td>T\/T, Barzahlung, PayPal, Kreditkarte<\/td>\n<\/tr>\n<\/tbody>\n<\/table>\n<p><span style=\"color: #003366;\">Merkmale:<\/span><\/p>\n<ul>\n<li>Das 20U-Rack-Geh\u00e4use besteht aus einem Aluminiumrahmen, Sperrholzplatten, EVA-Futter und anderem Zubeh\u00f6r.<\/li>\n<li>20 Rack-Montagepl\u00e4tze vorne und hinten.<\/li>\n<li>Seitliche Tragegriffe<\/li>\n<li>Mit 4 x 4 Zoll Highquality-Felgen.<\/li>\n<li>Jedes interne Rack ist mit dickem, hochdichtem EVA-Schaumstoff umgeben und verf\u00fcgt \u00fcber Rackschienen vorne und hinten, robuste versenkte verchromte Stahlbeschl\u00e4ge und federbelastete Griffe, alles in einer 3\/8-Zoll-Laminatschale.<\/li>\n<\/ul>","protected":false},"excerpt":{"rendered":"<p>Modell: UC-0002<\/p>\n<p>Gr\u00f6\u00dfe: Kundenspezifisch<\/p>\n<p>Mindestbestellmenge: 10 St\u00fcck<\/p>\n<p>Lieferzeit: 20-25 Tage<\/p>\n<p>Probe: Verf\u00fcgbar<\/p>","protected":false},"featured_media":25776,"template":"","meta":{"_gspb_post_css":""},"product_cat":[91],"product_tag":[],"featured_image_urls":{"full":["https:\/\/suncasesupply.com\/wp-content\/uploads\/2025\/07\/20U-Rack-Case-\u4e3b\u56fe.jpg",800,800,false],"thumbnail":["https:\/\/suncasesupply.com\/wp-content\/uploads\/2025\/07\/20U-Rack-Case-\u4e3b\u56fe-150x150.jpg",150,150,true],"medium":["https:\/\/suncasesupply.com\/wp-content\/uploads\/2025\/07\/20U-Rack-Case-\u4e3b\u56fe-300x300.jpg",300,300,true],"medium_large":["https:\/\/suncasesupply.com\/wp-content\/uploads\/2025\/07\/20U-Rack-Case-\u4e3b\u56fe-768x768.jpg",768,768,true],"large":["https:\/\/suncasesupply.com\/wp-content\/uploads\/2025\/07\/20U-Rack-Case-\u4e3b\u56fe.jpg",800,800,false],"1536x1536":["https:\/\/suncasesupply.com\/wp-content\/uploads\/2025\/07\/20U-Rack-Case-\u4e3b\u56fe.jpg",800,800,false],"2048x2048":["https:\/\/suncasesupply.com\/wp-content\/uploads\/2025\/07\/20U-Rack-Case-\u4e3b\u56fe.jpg",800,800,false],"trp-custom-language-flag":["https:\/\/suncasesupply.com\/wp-content\/uploads\/2025\/07\/20U-Rack-Case-\u4e3b\u56fe-12x12.jpg",12,12,true],"woocommerce_thumbnail":["https:\/\/suncasesupply.com\/wp-content\/uploads\/2025\/07\/20U-Rack-Case-\u4e3b\u56fe-300x300.jpg",300,300,true],"woocommerce_single":["https:\/\/suncasesupply.com\/wp-content\/uploads\/2025\/07\/20U-Rack-Case-\u4e3b\u56fe-600x600.jpg",600,600,true],"woocommerce_gallery_thumbnail":["https:\/\/suncasesupply.com\/wp-content\/uploads\/2025\/07\/20U-Rack-Case-\u4e3b\u56fe-100x100.jpg",100,100,true]},"post_excerpt_stackable":"<p>Model : UC-0002<\/p>\n<p>Size: Customized<\/p>\n<p>MOQ: 10pcs<\/p>\n<p>Delivery Time : 20-25 Days<\/p>\n<p>Sample : Available<\/p>\n","category_list":"","author_info":{"name":"","url":""},"comments_num":"0 comments","_links":{"self":[{"href":"https:\/\/suncasesupply.com\/de\/wp-json\/wp\/v2\/product\/25782"}],"collection":[{"href":"https:\/\/suncasesupply.com\/de\/wp-json\/wp\/v2\/product"}],"about":[{"href":"https:\/\/suncasesupply.com\/de\/wp-json\/wp\/v2\/types\/product"}],"wp:featuredmedia":[{"embeddable":true,"href":"https:\/\/suncasesupply.com\/de\/wp-json\/wp\/v2\/media\/25776"}],"wp:attachment":[{"href":"https:\/\/suncasesupply.com\/de\/wp-json\/wp\/v2\/media?parent=25782"}],"wp:term":[{"taxonomy":"product_cat","embeddable":true,"href":"https:\/\/suncasesupply.com\/de\/wp-json\/wp\/v2\/product_cat?post=25782"},{"taxonomy":"product_tag","embeddable":true,"href":"https:\/\/suncasesupply.com\/de\/wp-json\/wp\/v2\/product_tag?post=25782"}],"curies":[{"name":"wp","href":"https:\/\/api.w.org\/{rel}","templated":true}]}}