{"id":25696,"date":"2025-07-11T16:37:21","date_gmt":"2025-07-11T08:37:21","guid":{"rendered":"https:\/\/suncasesupply.com\/?post_type=product&#038;p=25696"},"modified":"2025-08-26T16:10:32","modified_gmt":"2025-08-26T08:10:32","slug":"double-makeup-vanity-case-pu-makeup-vanity-bag-with-rmovable-dividers","status":"publish","type":"product","link":"https:\/\/suncasesupply.com\/de\/product\/double-makeup-vanity-case-pu-makeup-vanity-bag-with-rmovable-dividers\/","title":{"rendered":"Doppelter Kosmetikkoffer aus PU mit herausnehmbaren Trennw\u00e4nden"},"content":{"rendered":"<h4><span style=\"color: #003366;\">Merkmale:<\/span><\/h4>\n<p>Doppelter Kosmetikkoffer aus PU-Kunstleder mit herausnehmbaren Trennw\u00e4nden<\/p>\n<ul>\n<li data-start=\"164\" data-end=\"361\">\n<p data-start=\"166\" data-end=\"361\"><strong data-start=\"166\" data-end=\"182\">Perfekte Gr\u00f6\u00dfe: <\/strong>Hoch genug f\u00fcr aufrecht stehende Flaschen, breit genug f\u00fcr Paletten und ger\u00e4umig f\u00fcr alle wichtigen Utensilien. Der ausklappbare Spiegel sorgt f\u00fcr zus\u00e4tzlichen Komfort \u2013 ideal als Reiseetui f\u00fcr Make-up und Kosmetik.<\/p>\n<\/li>\n<li data-start=\"363\" data-end=\"563\">\n<p data-start=\"365\" data-end=\"563\"><strong data-start=\"365\" data-end=\"385\">Flexibler Speicher: <\/strong>Zweistufiges Design mit per Rei\u00dfverschluss abnehmbaren Schichten und herausnehmbaren PU-Trennw\u00e4nden zur individuellen F\u00e4cheraufteilung. Eine gro\u00dfartige Wahl f\u00fcr alle, die einen Kosmetikkoffer mit verstellbaren Trennw\u00e4nden ben\u00f6tigen.<\/p>\n<\/li>\n<li data-start=\"565\" data-end=\"728\">\n<p data-start=\"567\" data-end=\"728\"><strong data-start=\"567\" data-end=\"587\">Mehrzweckdesign: <\/strong>Dient als Make-up-Koffer mit Trennw\u00e4nden, Make-up-Trennkoffer oder tragbarer Kosmetikkoffer \u2013 perfekt f\u00fcr zu Hause oder auf Reisen.<\/p>\n<\/li>\n<\/ul>\n<h4><span style=\"color: #003366;\">Produktdetails:<\/span><\/h4>\n<p><!-- \u7b2c\u4e00\u680f --><\/p>\n<div style=\"display: flex; gap: 20px;\">\n<div style=\"flex: 1; text-align: center;\">\n<p><img decoding=\"async\" style=\"max-width: 100%; height: auto; margin-bottom: 10px;\" src=\"https:\/\/suncasesupply.com\/wp-content\/uploads\/2025\/07\/metal-zippers.jpg\" alt=\"Metallrei\u00dfverschl\u00fcsse\" \/><\/p>\n<p style=\"font-weight: bold; margin: 5px 0;\"><b><\/b><strong><b>Metallrei\u00dfverschl\u00fcsse<\/b><\/strong><\/p>\n<p style=\"margin: 0;\">Dieses zweist\u00f6ckige Reise-Kosmetiketui mit Trennw\u00e4nden verf\u00fcgt \u00fcber einen einzigartigen Rei\u00dfverschluss, der im geschlossenen Zustand eine dichte Barriere bildet und so das Auslaufen oder Eindringen von Kosmetika (wie Puder- oder Fl\u00fcssigprodukten) verhindert. Der silberne Metallglanz wird mit hellgr\u00fcnem Litschi-Leder kombiniert und unterstreicht den modischen und praktischen Charakter dieser Kosmetiktasche.<\/p>\n<\/div>\n<p><!-- \u7b2c\u4e8c\u680f --><\/p>\n<div style=\"flex: 1; text-align: center;\">\n<p><img decoding=\"async\" style=\"max-width: 100%; height: auto; margin-bottom: 10px;\" src=\"https:\/\/suncasesupply.com\/wp-content\/uploads\/2025\/07\/brushes-holders.jpg\" alt=\"B\u00fcrstenhalter\" \/><\/p>\n<p style=\"font-weight: bold; margin: 5px 0;\"><b><\/b><b><\/b><strong><b>Griffmulde<\/b><\/strong><\/p>\n<p data-start=\"1318\" data-end=\"1662\">Der Deckel ist mit einem Gummiband versehen, um mehrere Pinsel darin aufzubewahren. Das weiche Samtfutter sorgt daf\u00fcr, dass Ihre Produkte sicher und geordnet bleiben, egal ob zu Hause oder unterwegs. Es ist ein ideales Make-up-Etui, um Pinsel sauber und gesch\u00fctzt aufzubewahren.<\/p>\n<\/div>\n<p><!-- \u7b2c\u4e09\u680f --><\/p>\n<div style=\"flex: 1; text-align: center;\">\n<p><img decoding=\"async\" style=\"max-width: 100%; height: auto; margin-bottom: 10px;\" src=\"https:\/\/suncasesupply.com\/wp-content\/uploads\/2025\/07\/handel.jpg\" alt=\"handhaben\" \/><\/p>\n<p style=\"font-weight: bold; margin: 5px 0;\"><strong><b>Starker Griff<\/b><\/strong><\/p>\n<p data-start=\"1689\" data-end=\"2022\">Ausgestattet mit einem stilvollen PU-Griff, ist der Griff mit zwei Metalln\u00e4geln versehen, was die Festigkeit und Tragf\u00e4higkeit des Griffs erh\u00f6ht und so die Haltbarkeit dieser Tasche gew\u00e4hrleistet und sie leicht zu tragen macht. Es erg\u00e4nzt das Gesamtdesign dieses tragbaren Kosmetikkoffers.<\/p>\n<\/div>\n<p><!-- \u7b2c\u56db\u680f --><\/p>\n<div style=\"flex: 1; text-align: center;\">\n<p><img decoding=\"async\" style=\"max-width: 100%; height: auto; margin-bottom: 10px;\" src=\"https:\/\/suncasesupply.com\/wp-content\/uploads\/2025\/07\/PU-storage-dividers.jpg\" alt=\"PU-Lagerteiler\" \/><\/p>\n<p style=\"font-weight: bold; margin: 5px 0;\"><strong><b>Innenteiler<\/b><\/strong><\/p>\n<p style=\"margin: 0;\">Die PU-Trennw\u00e4nde im Inneren sorgen f\u00fcr Sicherheit und Ordnung und bieten eine stilvolle und praktische L\u00f6sung f\u00fcr die Organisation Ihrer Make-up- und Beauty-Accessoires. Die Trennw\u00e4nde sind herausnehmbar. Wenn Sie sie nicht ben\u00f6tigen, k\u00f6nnen Sie sie einfach herausnehmen und den gro\u00dfen Innenraum nutzen. Diese flexible Aufteilung macht sie zu einem vielseitigen Make-up-Koffer mit Trennw\u00e4nden f\u00fcr den t\u00e4glichen oder professionellen Gebrauch.<\/p>\n<\/div>\n<\/div>\n<div style=\"background-color: #29599a; padding: 40px 20px; text-align: center; color: #ffffff; border-radius: 10px; margin: 40px auto; max-width: 960px;\">\n<h2 style=\"font-size: 22px; margin-bottom: 20px; font-weight: bold;\"><span style=\"color: #ffffff;\">Starten Sie noch heute Ihre Sonderbestellung \u2013 Mindestbestellmenge ab 1000, Fabrikpreis garantiert!<\/span><\/h2>\n<p><a style=\"display: inline-block; padding: 12px 28px; background-color: #ffffff; color: #29599a; text-decoration: none; border-radius: 6px; font-weight: bold;\" href=\"https:\/\/suncasesupply.com\/de\/contact-us\/\" target=\"_blank\" rel=\"noopener\">Ein Angebot einholen<br \/>\n<\/a><\/p>\n<\/div>\n<h4><span style=\"color: #003366;\">Herstellungsverfahren:<\/span><\/h4>\n<p><img decoding=\"async\" style=\"max-width: 100%; height: auto; margin-bottom: 10px;\" src=\"https:\/\/suncasesupply.com\/wp-content\/uploads\/2025\/07\/manufacture-process.png\" alt=\"Herstellungsprozess von Suncase\" \/><\/p>\n<h4><span style=\"color: #003366;\">Hilfreiche Informationen f\u00fcr Gro\u00dfabnehmer:<\/span><\/h4>\n<ul>\n<li><a href=\"https:\/\/suncasesupply.com\/de\/blog\/makeup-case\/hard-vs-soft-makeup-bags\/\">Harte oder weiche Kosmetiktaschen: Welche ist besser f\u00fcr Reisen und zur Aufbewahrung?<\/a><\/li>\n<li><a href=\"https:\/\/suncasesupply.com\/de\/blog\/makeup-case\/why-choose-a-trolley-makeup-case-over-a-soft-makeup-bag\/\">Warum einen Kosmetikkoffer mit Trolley einer weichen Kosmetiktasche vorziehen?<\/a><\/li>\n<li><a href=\"https:\/\/suncasesupply.com\/de\/blog\/makeup-case\/top-5-suppliers-of-australia\/\">Top 5 Kosmetiktaschen-Gro\u00dfh\u00e4ndler Australiens<\/a><\/li>\n<\/ul>\n<p><a href=\"https:\/\/suncasesupply.com\/de\/product-category\/luggage-suitcase\/\">Fordern Sie jetzt ein Angebot an!! &gt;&gt;<\/a><\/p>","protected":false},"excerpt":{"rendered":"<p>Modell: MB-0051<\/p>\n<p>Gr\u00f6\u00dfe: 24*18*17cm<\/p>\n<p>Farben: hellgr\u00fcn, andere Farben akzeptabel<\/p>\n<p>Materialien: PU + Samt + Metallrei\u00dfverschl\u00fcsse<\/p>\n<p>Logo: Pr\u00e4gelogo, Siebdrucklogo<\/p>\n<p>Mindestbestellmenge: 1000 St\u00fcck<\/p>\n<p>Beispiel: Muster bereitstellen.<\/p>","protected":false},"featured_media":25699,"template":"","meta":{"_gspb_post_css":""},"product_cat":[34,95],"product_tag":[],"featured_image_urls":{"full":["https:\/\/suncasesupply.com\/wp-content\/uploads\/2025\/07\/double-vanity-case.jpg",800,800,false],"thumbnail":["https:\/\/suncasesupply.com\/wp-content\/uploads\/2025\/07\/double-vanity-case-150x150.jpg",150,150,true],"medium":["https:\/\/suncasesupply.com\/wp-content\/uploads\/2025\/07\/double-vanity-case-300x300.jpg",300,300,true],"medium_large":["https:\/\/suncasesupply.com\/wp-content\/uploads\/2025\/07\/double-vanity-case-768x768.jpg",768,768,true],"large":["https:\/\/suncasesupply.com\/wp-content\/uploads\/2025\/07\/double-vanity-case.jpg",800,800,false],"1536x1536":["https:\/\/suncasesupply.com\/wp-content\/uploads\/2025\/07\/double-vanity-case.jpg",800,800,false],"2048x2048":["https:\/\/suncasesupply.com\/wp-content\/uploads\/2025\/07\/double-vanity-case.jpg",800,800,false],"trp-custom-language-flag":["https:\/\/suncasesupply.com\/wp-content\/uploads\/2025\/07\/double-vanity-case-12x12.jpg",12,12,true],"woocommerce_thumbnail":["https:\/\/suncasesupply.com\/wp-content\/uploads\/2025\/07\/double-vanity-case-300x300.jpg",300,300,true],"woocommerce_single":["https:\/\/suncasesupply.com\/wp-content\/uploads\/2025\/07\/double-vanity-case-600x600.jpg",600,600,true],"woocommerce_gallery_thumbnail":["https:\/\/suncasesupply.com\/wp-content\/uploads\/2025\/07\/double-vanity-case-100x100.jpg",100,100,true]},"post_excerpt_stackable":"<p>Model:MB-0051<\/p>\n<p>Size: 24*18*17cm<\/p>\n<p>Colors: light green, other colors acceptable<\/p>\n<p>Materials: PU+Velvet+Metal zippers<\/p>\n<p>Logo: Deboss Logo, Silk Printing Logo<\/p>\n<p>MOQ: 1000pcs<\/p>\n<p>Sample: Provide sample.<\/p>\n","category_list":"","author_info":{"name":"","url":""},"comments_num":"0 comments","_links":{"self":[{"href":"https:\/\/suncasesupply.com\/de\/wp-json\/wp\/v2\/product\/25696"}],"collection":[{"href":"https:\/\/suncasesupply.com\/de\/wp-json\/wp\/v2\/product"}],"about":[{"href":"https:\/\/suncasesupply.com\/de\/wp-json\/wp\/v2\/types\/product"}],"wp:featuredmedia":[{"embeddable":true,"href":"https:\/\/suncasesupply.com\/de\/wp-json\/wp\/v2\/media\/25699"}],"wp:attachment":[{"href":"https:\/\/suncasesupply.com\/de\/wp-json\/wp\/v2\/media?parent=25696"}],"wp:term":[{"taxonomy":"product_cat","embeddable":true,"href":"https:\/\/suncasesupply.com\/de\/wp-json\/wp\/v2\/product_cat?post=25696"},{"taxonomy":"product_tag","embeddable":true,"href":"https:\/\/suncasesupply.com\/de\/wp-json\/wp\/v2\/product_tag?post=25696"}],"curies":[{"name":"wp","href":"https:\/\/api.w.org\/{rel}","templated":true}]}}