{"id":25603,"date":"2025-07-08T14:53:11","date_gmt":"2025-07-08T06:53:11","guid":{"rendered":"https:\/\/suncasesupply.com\/?post_type=product&#038;p=25603"},"modified":"2025-07-15T10:38:48","modified_gmt":"2025-07-15T02:38:48","slug":"carry-on-suitcase-travel-case-with-wheels-luggage-suitcase-aluminum-frame-model","status":"publish","type":"product","link":"https:\/\/suncasesupply.com\/de\/product\/carry-on-suitcase-travel-case-with-wheels-luggage-suitcase-aluminum-frame-model\/","title":{"rendered":"Handgep\u00e4ckkoffer Reisekoffer mit R\u00e4dern Gep\u00e4ckkoffer Aluminiumrahmenmodell"},"content":{"rendered":"<h4><span style=\"color: #003366;\">Merkmale:<\/span><\/h4>\n<ul>\n<li><strong><b>Du<\/b><\/strong><strong><b>R<\/b><\/strong><strong><b>f\u00e4hig und zuverl\u00e4ssig: <\/b><\/strong>Extra dicke Hartschale mit kratzfester Oberfl\u00e4che sch\u00fctzt vor St\u00f6\u00dfen und grober Behandlung.<\/li>\n<li><strong><b>Erweiterbar: <\/b><\/strong>Erh\u00f6hen Sie den Packraum auf bis zu 10%-20% f\u00fcr zus\u00e4tzliche Flexibilit\u00e4t und Organisation.<\/li>\n<li><strong><b>Organisierter Innenraum: <\/b><\/strong>Sorgen Sie mit einer Inneneinteilung, Netztaschen und Rei\u00dfverschlusstaschen f\u00fcr Ordnung bei wichtigen Dingen.<\/li>\n<li><strong><b>M\u00fcheloses Reisen: <\/b><\/strong>Dank der vier multidirektionalen R\u00e4der, der ausziehbaren Trolleystange und dem kurzen Hebegriff k\u00f6nnen Sie m\u00fchelos navigieren.<\/li>\n<\/ul>\n<h4><span style=\"color: #003366;\">Produktdetails:<\/span><\/h4>\n<p><!-- \u7b2c\u4e00\u680f --><\/p>\n<div style=\"display: flex; gap: 20px;\">\n<div style=\"flex: 1; text-align: center;\">\n<p><img decoding=\"async\" style=\"max-width: 100%; height: auto; margin-bottom: 10px;\" src=\"https:\/\/suncasesupply.com\/wp-content\/uploads\/2025\/07\/1-Silent-universal-wheel.jpg\" alt=\"1-Ger\u00e4uschloses Universalrad\" \/><\/p>\n<p style=\"font-weight: bold; margin: 5px 0;\"><b><\/b><strong><b>Ger\u00e4uscharme Universalr\u00e4der<\/b><\/strong><\/p>\n<p style=\"margin: 0;\">Die Hauptfunktion der leisen Gep\u00e4ckrollen (auch Ger\u00e4uschreduzierungsrollen oder leise Universalrollen genannt) besteht darin, die beim Ziehen des Koffers entstehenden Ger\u00e4usche und Vibrationen zu reduzieren und so das Benutzererlebnis zu verbessern. Gleichzeitig zeichnen sie sich durch Laufruhe, Arbeitsersparnis und Verschlei\u00dffestigkeit aus.<\/p>\n<\/div>\n<p><!-- \u7b2c\u4e8c\u680f --><\/p>\n<div style=\"flex: 1; text-align: center;\">\n<p><img decoding=\"async\" style=\"max-width: 100%; height: auto; margin-bottom: 10px;\" src=\"https:\/\/suncasesupply.com\/wp-content\/uploads\/2025\/07\/2-TSA-Lock.jpg\" alt=\"2 TSA-Schl\u00f6sser\" \/><\/p>\n<p style=\"font-weight: bold; margin: 5px 0;\"><b><\/b><strong><b>TSA-Schl\u00f6sser<\/b><\/strong><\/p>\n<p data-start=\"1318\" data-end=\"1662\">Das TSA-Zollschloss (Travel Sentry Approved Lock) ist ein von der US-amerikanischen Transportation Security Administration (TSA) zertifiziertes Gep\u00e4ckschloss. TSA-Zollschl\u00f6sser sind mit speziellen Schl\u00fcssell\u00f6chern ausgestattet, die nur vom TSA-Sicherheitspersonal mit Spezialschl\u00fcsseln ge\u00f6ffnet werden k\u00f6nnen. Dadurch entf\u00e4llt die gewaltsame Zerst\u00f6rung des Schlosses oder Koffers zur Inspektion.<\/p>\n<\/div>\n<p><!-- \u7b2c\u4e09\u680f --><\/p>\n<div style=\"flex: 1; text-align: center;\">\n<p><img decoding=\"async\" style=\"max-width: 100%; height: auto; margin-bottom: 10px;\" src=\"https:\/\/suncasesupply.com\/wp-content\/uploads\/2025\/07\/3-PC-Material-of-Suitcase.jpg\" alt=\"3-PC-Material\" \/><\/p>\n<p style=\"font-weight: bold; margin: 5px 0;\"><strong><b>PC-Material<\/b><\/strong><\/p>\n<p data-start=\"1689\" data-end=\"2022\">PC-Material ist \u00e4u\u00dferst robust und h\u00e4lt starken St\u00f6\u00dfen und St\u00fcrzen stand, ohne zu brechen (sto\u00dffester als ABS-Material). Dieses Material hat eine geringe Dichte und ist leichter als ABS- oder Metallgep\u00e4ck, wodurch es sich als Handgep\u00e4ck eignet.<\/p>\n<\/div>\n<p><!-- \u7b2c\u56db\u680f --><\/p>\n<div style=\"flex: 1; text-align: center;\">\n<p><img decoding=\"async\" style=\"max-width: 100%; height: auto; margin-bottom: 10px;\" src=\"https:\/\/suncasesupply.com\/wp-content\/uploads\/2025\/07\/4-Handle.jpg\" alt=\"4-Griff\" \/><\/p>\n<p style=\"font-weight: bold; margin: 5px 0;\"><strong><b>Handhaben<\/b><\/strong><\/p>\n<p style=\"margin: 0;\">Der Griff des Koffers besteht aus einer Aluminiumlegierung und ist h\u00f6henverstellbar (in der Regel 2-3-stufig), um sich an Benutzer unterschiedlicher K\u00f6rpergr\u00f6\u00dfe anzupassen. Das Design des Koffergriffs ber\u00fccksichtigt Haltbarkeit, Komfort und Tragbarkeit.<\/p>\n<\/div>\n<\/div>\n<div style=\"background-color: #29599a; padding: 40px 20px; text-align: center; color: #ffffff; border-radius: 10px; margin: 40px auto; max-width: 960px;\">\n<h2 style=\"font-size: 22px; margin-bottom: 20px; font-weight: bold;\"><span style=\"color: #ffffff;\">Starten Sie noch heute Ihre Sonderbestellung \u2013 Mindestbestellmenge ab 500, Fabrikpreis garantiert!<\/span><\/h2>\n<p><a style=\"display: inline-block; padding: 12px 28px; background-color: #ffffff; color: #29599a; text-decoration: none; border-radius: 6px; font-weight: bold;\" href=\"https:\/\/suncasesupply.com\/de\/contact-us\/\" target=\"_blank\" rel=\"noopener\">Ein Angebot einholen<br \/>\n<\/a><\/p>\n<\/div>\n<h4><span style=\"color: #003366;\">Herstellungsverfahren:<\/span><\/h4>\n<p><img decoding=\"async\" style=\"max-width: 100%; height: auto; margin-bottom: 10px;\" src=\"https:\/\/suncasesupply.com\/wp-content\/uploads\/2025\/07\/Manufacturing-Process.png\" alt=\"Herstellungsprozess von Suncase\" \/><\/p>\n<h4><span style=\"color: #003366;\">Hilfreiche Informationen f\u00fcr Gro\u00dfabnehmer:<\/span><\/h4>\n<ul>\n<li class=\"page-title\" title=\"Was macht Sportkarten so wertvoll?\">\n<p class=\"page-title\" title=\"Leitfaden zum Material von Hartschalenkoffern\"><a href=\"https:\/\/suncasesupply.com\/de\/blog\/hardside-suitcase-luggage-material-guide\/\">Leitfaden zum Material von Hartschalenkoffern &gt;&gt;<\/a><\/p>\n<\/li>\n<\/ul>\n<p>Ob Sie eine <strong data-start=\"2725\" data-end=\"2752\">Koffer<\/strong>, A <strong data-start=\"2756\" data-end=\"2788\">Gep\u00e4ckkoffer<\/strong>oder ein <strong data-start=\"2795\" data-end=\"2818\">Reiseetui<\/strong>, Sun Case bietet Ihnen hochwertige, anpassbare Optionen.<\/p>\n<p><a href=\"https:\/\/suncasesupply.com\/de\/product-category\/luggage-suitcase\/\">Fordern Sie jetzt ein Angebot an!! &gt;&gt;<\/a><\/p>","protected":false},"excerpt":{"rendered":"<p>Modell: LS-0010<\/p>\n<p>Gr\u00f6\u00dfe: 18&#039;&#039;, 20&#039;&#039;, 24&#039;&#039;, 28&#039;&#039;<\/p>\n<p>Farben: Kundenspezifische Farben<\/p>\n<p>Materialien: PC \/ PC+ABS \/ ABS<\/p>\n<p>Logo: Pr\u00e4gelogo, Metallplattenlogo, Siebdrucklogo<\/p>\n<p>Mindestbestellmenge: 500 St\u00fcck<\/p>\n<p>Formgeb\u00fchr: Die Geb\u00fchr richtet sich nach dem von Ihnen hergestellten Material.<\/p>\n<p>Beispiel: Muster bereitstellen.<\/p>","protected":false},"featured_media":25729,"template":"","meta":{"_gspb_post_css":""},"product_cat":[101],"product_tag":[],"featured_image_urls":{"full":["https:\/\/suncasesupply.com\/wp-content\/uploads\/2025\/07\/Suitcase.jpg",800,800,false],"thumbnail":["https:\/\/suncasesupply.com\/wp-content\/uploads\/2025\/07\/Suitcase-150x150.jpg",150,150,true],"medium":["https:\/\/suncasesupply.com\/wp-content\/uploads\/2025\/07\/Suitcase-300x300.jpg",300,300,true],"medium_large":["https:\/\/suncasesupply.com\/wp-content\/uploads\/2025\/07\/Suitcase-768x768.jpg",768,768,true],"large":["https:\/\/suncasesupply.com\/wp-content\/uploads\/2025\/07\/Suitcase.jpg",800,800,false],"1536x1536":["https:\/\/suncasesupply.com\/wp-content\/uploads\/2025\/07\/Suitcase.jpg",800,800,false],"2048x2048":["https:\/\/suncasesupply.com\/wp-content\/uploads\/2025\/07\/Suitcase.jpg",800,800,false],"trp-custom-language-flag":["https:\/\/suncasesupply.com\/wp-content\/uploads\/2025\/07\/Suitcase-12x12.jpg",12,12,true],"woocommerce_thumbnail":["https:\/\/suncasesupply.com\/wp-content\/uploads\/2025\/07\/Suitcase-300x300.jpg",300,300,true],"woocommerce_single":["https:\/\/suncasesupply.com\/wp-content\/uploads\/2025\/07\/Suitcase-600x600.jpg",600,600,true],"woocommerce_gallery_thumbnail":["https:\/\/suncasesupply.com\/wp-content\/uploads\/2025\/07\/Suitcase-100x100.jpg",100,100,true]},"post_excerpt_stackable":"<p>Model:LS-0010<\/p>\n<p>Size: 18\u2019\u2019, 20\u2019\u2019, 24\u2019\u2019, 28\u2019\u2019<\/p>\n<p>Colors:\u00a0Customized Colors<\/p>\n<p>Materials: PC \/ PC+ABS \/ ABS<\/p>\n<p>Logo:\u00a0Embossing Logo, Metal Plate Logo, Silk Printing Logo<\/p>\n<p>MOQ: 500pcs<\/p>\n<p>Mold Fee: Charge according to what material you make.<\/p>\n<p>Sample: Provide sample.<\/p>\n","category_list":"","author_info":{"name":"","url":""},"comments_num":"0 comments","_links":{"self":[{"href":"https:\/\/suncasesupply.com\/de\/wp-json\/wp\/v2\/product\/25603"}],"collection":[{"href":"https:\/\/suncasesupply.com\/de\/wp-json\/wp\/v2\/product"}],"about":[{"href":"https:\/\/suncasesupply.com\/de\/wp-json\/wp\/v2\/types\/product"}],"wp:featuredmedia":[{"embeddable":true,"href":"https:\/\/suncasesupply.com\/de\/wp-json\/wp\/v2\/media\/25729"}],"wp:attachment":[{"href":"https:\/\/suncasesupply.com\/de\/wp-json\/wp\/v2\/media?parent=25603"}],"wp:term":[{"taxonomy":"product_cat","embeddable":true,"href":"https:\/\/suncasesupply.com\/de\/wp-json\/wp\/v2\/product_cat?post=25603"},{"taxonomy":"product_tag","embeddable":true,"href":"https:\/\/suncasesupply.com\/de\/wp-json\/wp\/v2\/product_tag?post=25603"}],"curies":[{"name":"wp","href":"https:\/\/api.w.org\/{rel}","templated":true}]}}