{"id":25366,"date":"2025-05-27T09:52:32","date_gmt":"2025-05-27T01:52:32","guid":{"rendered":"https:\/\/suncasesupply.com\/?post_type=product&#038;p=25366"},"modified":"2025-07-14T14:32:35","modified_gmt":"2025-07-14T06:32:35","slug":"aluminum-medical-box-carrying-first-aid-medicine-storage-case-with-tray","status":"publish","type":"product","link":"https:\/\/suncasesupply.com\/de\/product\/aluminum-medical-box-carrying-first-aid-medicine-storage-case-with-tray\/","title":{"rendered":"Medizinische Box aus Aluminium mit Aufbewahrungskoffer f\u00fcr Erste-Hilfe-Medikamente mit Tablett"},"content":{"rendered":"<h4><span style=\"color: #003366;\">Merkmale:<\/span><\/h4>\n<ul>\n<li><strong><b>Leicht und langlebig<\/b><\/strong>: Hergestellt aus hochfester Aluminiumlegierung, Aluminiumrahmen, Melaminplatte, MDF-Platte, Hardware, ist es leicht, hat aber eine hohe Tragf\u00e4higkeit.<\/li>\n<li><strong><b>Starke Struktur<\/b><\/strong>: Die medizinische Box aus Aluminium hat verst\u00e4rkte Ecken, ist sturz- und druckfest und eignet sich f\u00fcr h\u00e4ufige Handhabung und raue Umgebungen.<\/li>\n<li><strong><b>Starke Schutzleistung<\/b><\/strong>: Sto\u00dffester Puffer und normalerweise mit EVA-Schwamm ausgekleidet, kann die Gegenst\u00e4nde in der Box gut sch\u00fctzen.<\/li>\n<li><strong><b>Professionelle Anpassung<\/b><\/strong>: Speziell zur Aufbewahrung grundlegender Erste-Hilfe-Artikel, medizinischer Notfallinstrumente, Medikamente usw. Wird h\u00e4ufig im Freien, bei der Notfallrettung, beim Milit\u00e4r, in der pr\u00e4klinischen Notaufnahme und in anderen Szenarien verwendet.<\/li>\n<\/ul>\n<h4><span style=\"color: #003366;\">Produktdetails:<\/span><\/h4>\n<div style=\"display: flex; gap: 20px;\">\n<p><!-- \u7b2c\u4e00\u680f --><\/p>\n<div style=\"flex: 1; text-align: center;\">\n<p><img decoding=\"async\" style=\"max-width: 100%; height: auto; margin-bottom: 10px;\" src=\"https:\/\/suncasesupply.com\/wp-content\/uploads\/2025\/05\/1-Printing.jpg\" alt=\"1-Drucken\" \/><\/p>\n<p><strong><b>Drucken<\/b><\/strong><\/p>\n<p style=\"margin: 0;\">Dieser Erste-Hilfe-Kasten aus Aluminium ist mit dem Erste-Hilfe-Logo und den Buchstaben \u201eFirst Aid Box\u201c bedruckt, was seine Funktion deutlich verdeutlicht. Wenn Sie jedoch Ihr eigenes Logo\/Muster drucken m\u00f6chten, k\u00f6nnen wir dies gerne f\u00fcr Sie anpassen.<\/p>\n<p>&nbsp;<\/p>\n<\/div>\n<p><!-- \u7b2c\u4e8c\u680f --><\/p>\n<div style=\"flex: 1; text-align: center;\">\n<p><img decoding=\"async\" style=\"max-width: 100%; height: auto; margin-bottom: 10px;\" src=\"https:\/\/suncasesupply.com\/wp-content\/uploads\/2025\/05\/2-Tool-Locks.jpg\" alt=\"2-Werkzeug-Schl\u00f6sser\" \/><\/p>\n<p><b><\/b><strong><b>Werkzeugschl\u00f6sser<\/b><\/strong><\/p>\n<p style=\"margin: 0;\">Die Box besteht aus zweiteiligen Werkzeugschl\u00f6ssern und dient haupts\u00e4chlich der Sicherheit und dem Komfort. Verhindert, dass die Gegenst\u00e4nde in der Box nach Belieben weggenommen oder verloren gehen. Gleichzeitig verhindert sie, dass die Box durch Vibrationen oder St\u00f6\u00dfe versehentlich ge\u00f6ffnet wird und die Gegenst\u00e4nde verstreut oder besch\u00e4digt werden.<\/p>\n<\/div>\n<p><!-- \u7b2c\u4e09\u680f --><\/p>\n<div style=\"flex: 1; text-align: center;\">\n<p><img decoding=\"async\" style=\"max-width: 100%; height: auto; margin-bottom: 10px;\" src=\"https:\/\/suncasesupply.com\/wp-content\/uploads\/2025\/05\/3-Tray-Plate.jpg\" alt=\"3-Tablett-Teller\" \/><\/p>\n<p><b><\/b><strong><b>Tablettplatte<\/b><\/strong><\/p>\n<p>Im Inneren der Medikamentenbox befindet sich ein Fach, das haupts\u00e4chlich zum Sortieren und Ordnen von Gegenst\u00e4nden dient. Die mehrschichtige Lagerung hilft dabei, Medikamente, Instrumente wie Scheren, Pinzetten, Verb\u00e4nde usw. zu klassifizieren, um Vermischungen zu vermeiden und die Entnahmeeffizienz zu verbessern.<\/p>\n<\/div>\n<p><!-- \u7b2c\u56db\u680f --><\/p>\n<div style=\"flex: 1; text-align: center;\">\n<p><img decoding=\"async\" style=\"max-width: 100%; height: auto; margin-bottom: 10px;\" src=\"https:\/\/suncasesupply.com\/wp-content\/uploads\/2025\/05\/4-Storage-Pocket.jpg\" alt=\"4-Aufbewahrungstasche\" \/><\/p>\n<p><b><\/b><strong><b>Aufbewahrungstasche<\/b><\/strong><\/p>\n<p style=\"margin: 0;\">Das Aufbewahrungsfach der Medizinbox dient zur Sortierung und Aufbewahrung der medizinischen Artikel und sorgt f\u00fcr Ordnung und Sauberkeit. Es befindet sich normalerweise auf der Innenseite des Deckels der Box und ist sehr praktisch.<\/p>\n<\/div>\n<\/div>\n<h4><span style=\"color: #003366;\">Herstellungsverfahren:<\/span><\/h4>\n<p><img decoding=\"async\" style=\"max-width: 100%; height: auto; margin-bottom: 10px;\" src=\"https:\/\/suncasesupply.com\/wp-content\/uploads\/2025\/07\/Manufacturing-Process.png\" alt=\"Herstellungsprozess von Suncase\" \/><\/p>\n<h4><span style=\"color: #003366;\">Hilfreiche Informationen f\u00fcr Gro\u00dfabnehmer:<\/span><\/h4>\n<ul>\n<li class=\"page-title\" title=\"Was macht Sportkarten so wertvoll?\">\n<p class=\"page-title\" title=\"Welche Gr\u00f6\u00dfe hat die Schallplattenh\u00fclle?\"><a href=\"https:\/\/suncasesupply.com\/de\/blog\/custom-aluminum-case\/types-of-materials-used-in-tool-cases\/\">Werkzeugkoffer aus Aluminium und anderen Materialien entdecken&gt;&gt;<\/a><\/p>\n<\/li>\n<li title=\"Was macht Sportkarten so wertvoll?\"><a href=\"https:\/\/suncasesupply.com\/de\/blog\/reason-to-have-aluminum-tool-case\/\">Warum brauchen Sie einen Werkzeugkoffer aus Aluminium?&gt;&gt;<\/a><\/li>\n<\/ul>","protected":false},"excerpt":{"rendered":"<p>Modell: MC-0001<\/p>\n<p>Gr\u00f6\u00dfe: 36 x 20 x 22 cm<\/p>\n<p>Farben: Silberfarbe<\/p>\n<p>Materialien: Aluminiumrahmen, Melaminplatte, MDF-Platte, Hardware.<\/p>\n<p>Logo: Siebdruck-Logo<\/p>\n<p>Mindestbestellmenge: 100 St\u00fcck<\/p>\n<p>Probe: Verf\u00fcgbar, Probezeit ca. 7 Tage.<\/p>\n<p>Lieferzeit: ca. 25 Tage<\/p>","protected":false},"featured_media":25367,"template":"","meta":{"_gspb_post_css":""},"product_cat":[81],"product_tag":[],"featured_image_urls":{"full":["https:\/\/suncasesupply.com\/wp-content\/uploads\/2025\/05\/sun-case-\u4e3b\u56fe.jpg",800,800,false],"thumbnail":["https:\/\/suncasesupply.com\/wp-content\/uploads\/2025\/05\/sun-case-\u4e3b\u56fe-150x150.jpg",150,150,true],"medium":["https:\/\/suncasesupply.com\/wp-content\/uploads\/2025\/05\/sun-case-\u4e3b\u56fe-300x300.jpg",300,300,true],"medium_large":["https:\/\/suncasesupply.com\/wp-content\/uploads\/2025\/05\/sun-case-\u4e3b\u56fe-768x768.jpg",768,768,true],"large":["https:\/\/suncasesupply.com\/wp-content\/uploads\/2025\/05\/sun-case-\u4e3b\u56fe.jpg",800,800,false],"1536x1536":["https:\/\/suncasesupply.com\/wp-content\/uploads\/2025\/05\/sun-case-\u4e3b\u56fe.jpg",800,800,false],"2048x2048":["https:\/\/suncasesupply.com\/wp-content\/uploads\/2025\/05\/sun-case-\u4e3b\u56fe.jpg",800,800,false],"trp-custom-language-flag":["https:\/\/suncasesupply.com\/wp-content\/uploads\/2025\/05\/sun-case-\u4e3b\u56fe-12x12.jpg",12,12,true],"woocommerce_thumbnail":["https:\/\/suncasesupply.com\/wp-content\/uploads\/2025\/05\/sun-case-\u4e3b\u56fe-300x300.jpg",300,300,true],"woocommerce_single":["https:\/\/suncasesupply.com\/wp-content\/uploads\/2025\/05\/sun-case-\u4e3b\u56fe-600x600.jpg",600,600,true],"woocommerce_gallery_thumbnail":["https:\/\/suncasesupply.com\/wp-content\/uploads\/2025\/05\/sun-case-\u4e3b\u56fe-100x100.jpg",100,100,true]},"post_excerpt_stackable":"<p>Model:MC-0001<\/p>\n<p>Size: 36 x 20 x 22 cm<\/p>\n<p>Colors:\u00a0Silver color<\/p>\n<p>Materials: Aluminum\u00a0frame,\u00a0Melamine Panel,\u00a0MDF Board, Hardware.<\/p>\n<p>Logo:\u00a0Silk Printing logo<\/p>\n<p>MOQ: 100pcs<\/p>\n<p>Sample: Available, sample time about 7 days.<\/p>\n<p>Deliver Time: About 25 days<\/p>\n","category_list":"","author_info":{"name":"","url":""},"comments_num":"0 comments","_links":{"self":[{"href":"https:\/\/suncasesupply.com\/de\/wp-json\/wp\/v2\/product\/25366"}],"collection":[{"href":"https:\/\/suncasesupply.com\/de\/wp-json\/wp\/v2\/product"}],"about":[{"href":"https:\/\/suncasesupply.com\/de\/wp-json\/wp\/v2\/types\/product"}],"wp:featuredmedia":[{"embeddable":true,"href":"https:\/\/suncasesupply.com\/de\/wp-json\/wp\/v2\/media\/25367"}],"wp:attachment":[{"href":"https:\/\/suncasesupply.com\/de\/wp-json\/wp\/v2\/media?parent=25366"}],"wp:term":[{"taxonomy":"product_cat","embeddable":true,"href":"https:\/\/suncasesupply.com\/de\/wp-json\/wp\/v2\/product_cat?post=25366"},{"taxonomy":"product_tag","embeddable":true,"href":"https:\/\/suncasesupply.com\/de\/wp-json\/wp\/v2\/product_tag?post=25366"}],"curies":[{"name":"wp","href":"https:\/\/api.w.org\/{rel}","templated":true}]}}