{"id":24212,"date":"2024-11-20T17:52:13","date_gmt":"2024-11-20T09:52:13","guid":{"rendered":"https:\/\/suncasesupply.com\/?post_type=product&#038;p=24212"},"modified":"2025-08-21T14:02:52","modified_gmt":"2025-08-21T06:02:52","slug":"aluminum-attache-case-full-black-aluminum-lockable-briefcase-with-pickpluck-foam","status":"publish","type":"product","link":"https:\/\/suncasesupply.com\/de\/product\/aluminum-attache-case-full-black-aluminum-lockable-briefcase-with-pickpluck-foam\/","title":{"rendered":"Aluminium Aktenkoffer Vollst\u00e4ndig schwarzer Aluminium-Aktenkoffer mit abschlie\u00dfbarem Griff und Pick&amp;Pluck-Schaum"},"content":{"rendered":"<h4><span style=\"color: #003366;\">Merkmale:<\/span><\/h4>\n<ul>\n<li><strong><b>Sicherheit<\/b><\/strong>: Der abschlie\u00dfbare Aktenkoffer aus Aluminium mit Zahlenschl\u00f6ssern, die mit Ihren eigenen Passw\u00f6rtern eingestellt werden k\u00f6nnen, ist viel sicherer in der Anwendung als Koffer mit herk\u00f6mmlichen Werkzeugschl\u00f6ssern.<\/li>\n<li><strong><b>E<\/b><\/strong><strong><b>Au\u00dfergew\u00f6hnliche Haltbarkeit:<\/b><\/strong>: Die Zusammensetzung des Aluminium-Aktenkoffers macht ihn sehr robust und widerstandsf\u00e4hig. Die wasserdichte und kratzfeste ABS-Au\u00dfenplatte wird mit der dicken MDF-Platte und dem Innenfutterstoff verklebt und verleiht dem Koffer eine au\u00dfergew\u00f6hnliche Haltbarkeit. Die maximale Tragf\u00e4higkeit betr\u00e4gt in der Regel 15 kg.<\/li>\n<li><strong><strong><b><strong><b>Leicht zu tragen<\/b><\/strong>:<\/b><\/strong><\/strong>Der druck- und vibrationsreduzierende Griff mit chronischem R\u00fcckprall macht diese Aluminium-Aktentasche leicht zu tragen. Wenn Sie sie mit einem Schultergurt ben\u00f6tigen, ist das auch eine gute Option, insbesondere f\u00fcr Benutzer, die eine leichte Laptop-Aktentasche aus Aluminium suchen.<strong><strong><b><br \/>\n<\/b><\/strong><\/strong><\/li>\n<\/ul>\n<div style=\"background-color: #29599a; padding: 40px 20px; text-align: center; color: #ffffff; border-radius: 10px; margin: 40px auto; max-width: 960px;\">\n<h2 style=\"font-size: 22px; margin-bottom: 20px; font-weight: bold;\">Mindestbestellmenge 100! Sun Case Aluminium-Aktenkoffer, ideal f\u00fcr globale Distributoren.<\/h2>\n<p><a style=\"display: inline-block; padding: 12px 28px; background-color: #ffffff; color: #29599a; text-decoration: none; border-radius: 6px; font-weight: bold;\" href=\"https:\/\/suncasesupply.com\/de\/contact-us\/\" target=\"_blank\" rel=\"noopener\">Fordern Sie noch heute ein Angebot an<br \/>\n<\/a><\/p>\n<\/div>\n<h4><span style=\"color: #003366;\">Produktdetails:<\/span><\/h4>\n<div style=\"display: flex; gap: 20px;\">\n<p><!-- \u7b2c\u4e00\u680f --><\/p>\n<div style=\"flex: 1; text-align: center;\">\n<p><img decoding=\"async\" style=\"max-width: 100%; height: auto; margin-bottom: 10px;\" src=\"https:\/\/suncasesupply.com\/wp-content\/uploads\/2025\/03\/1-ABS-Panel.jpg\" alt=\"1-ABS-Platte\" \/><\/p>\n<p style=\"font-weight: bold; margin: 5px 0;\"><strong><b>ABS-Platte<\/b><\/strong><\/p>\n<p style=\"margin: 0;\">Das Panel dieser Aluminium-Aktentasche besteht aus ABS-Panel mit schwarzem Streifenmuster. Es ist leicht wasserdicht und kratzfest und sch\u00fctzt die Produkte in der Aktentasche effektiv. Wenn Sie andere Farben oder Muster anpassen m\u00f6chten, k\u00f6nnen wir das f\u00fcr Sie tun.<\/p>\n<\/div>\n<p><!-- \u7b2c\u4e8c\u680f --><\/p>\n<div style=\"flex: 1; text-align: center;\">\n<p><img decoding=\"async\" style=\"max-width: 100%; height: auto; margin-bottom: 10px;\" src=\"https:\/\/suncasesupply.com\/wp-content\/uploads\/2025\/03\/2-Handle.jpg\" alt=\"2-Griff\" \/><\/p>\n<p style=\"font-weight: bold; margin: 5px 0;\"><strong><b>Handhaben<\/b><\/strong><\/p>\n<p style=\"margin: 0;\">Ein starker Griff ist ein wichtiger Faktor f\u00fcr das Ladegewicht der Aktentasche. Er ist sehr langlebig und flexibel, kann um 180 Grad gedreht werden und federt von selbst zur\u00fcck. Sehr leicht zu tragen, wenn man ausgeht. Normalerweise ist der Griff schwarz, aber er kann auch in der gew\u00fcnschten Farbe angepasst werden.<\/p>\n<\/div>\n<p><!-- \u7b2c\u4e09\u680f --><\/p>\n<div style=\"flex: 1; text-align: center;\">\n<p><img decoding=\"async\" style=\"max-width: 100%; height: auto; margin-bottom: 10px;\" src=\"https:\/\/suncasesupply.com\/wp-content\/uploads\/2025\/03\/3-Lid-Stay.jpg\" alt=\"3-Deckel-Halterung\" \/><\/p>\n<p style=\"font-weight: bold; margin: 5px 0;\"><strong><b>Deckelhalterung<\/b><\/strong><\/p>\n<p style=\"margin: 0;\">Der Deckelhalter wird auch Deckelst\u00fctzscharnier genannt. Er verbindet den oberen und unteren Deckel des Koffers. Seine Hauptfunktion besteht darin, den oberen Deckel beim \u00d6ffnen festzuhalten. So wird sichergestellt, dass Ihre H\u00e4nde nicht vom oberen Deckel getroffen werden, der beim Gebrauch pl\u00f6tzlich abf\u00e4llt. Ein Koffer kann mit einem oder zwei Deckelhaltern hergestellt werden, je nach Ihnen.<\/p>\n<\/div>\n<p><!-- \u7b2c\u56db\u680f --><\/p>\n<div style=\"flex: 1; text-align: center;\">\n<p><img decoding=\"async\" style=\"max-width: 100%; height: auto; margin-bottom: 10px;\" src=\"https:\/\/suncasesupply.com\/wp-content\/uploads\/2025\/03\/4-Combination-Locks.jpg\" alt=\"4-Kombinationsschl\u00f6sser\" \/><\/p>\n<p style=\"font-weight: bold; margin: 5px 0;\"><strong><b>Kombinationsschl\u00f6sser<\/b><\/strong><\/p>\n<p style=\"margin: 0;\">Die Kombinationsschl\u00f6sser verleihen dem Aktenkoffer zweifellos eine zus\u00e4tzliche Schutzschicht. Bevor Sie den Aktenkoffer verwenden, k\u00f6nnen Sie Ihre eigene Kombination f\u00fcr den Koffer festlegen. Mit den Kombinationsschl\u00f6ssern k\u00f6nnen Sie Ihre wichtigen Akten, Ihren Laptop und andere Gegenst\u00e4nde sicher aufbewahren.<\/p>\n<\/div>\n<\/div>\n<div style=\"background-color: #29599a; padding: 40px 20px; text-align: center; color: #ffffff; border-radius: 10px; margin: 40px auto; max-width: 960px;\">\n<h2 style=\"font-size: 22px; margin-bottom: 20px; font-weight: bold;\">Sun Case Aluminium-Aktenkoffer \u2013 individuelle Gr\u00f6\u00dfe, starke Belastbarkeit, schnelle Lieferzeit.<\/h2>\n<p><a style=\"display: inline-block; padding: 12px 28px; background-color: #ffffff; color: #29599a; text-decoration: none; border-radius: 6px; font-weight: bold;\" href=\"https:\/\/suncasesupply.com\/de\/contact-us\/\" target=\"_blank\" rel=\"noopener\">Fordern Sie noch heute ein Angebot an<br \/>\n<\/a><\/p>\n<\/div>\n<h4><span style=\"color: #003366;\">Herstellungsverfahren:<\/span><\/h4>\n<p><img decoding=\"async\" style=\"max-width: 100%; height: auto; margin-bottom: 10px;\" src=\"https:\/\/suncasesupply.com\/wp-content\/uploads\/2025\/07\/Manufacturing-Process.png\" alt=\"Herstellungsprozess von Suncase\" \/><\/p>\n<div style=\"display: flex; gap: 20px;\">\n<p><!-- \u7b2c\u4e00\u680f \u6d41\u7a0b1--><\/p>\n<div style=\"flex: 1; text-align: center;\"><\/div>\n<\/div>\n<div style=\"display: flex; gap: 20px;\">\n<div style=\"flex: 1; text-align: center;\">\n<p style=\"font-weight: bold; margin: 5px 0;\">\n<\/div>\n<\/div>\n<h4><span style=\"color: #003366;\">Hilfreiche Informationen f\u00fcr Gro\u00dfabnehmer:<\/span><\/h4>\n<ul>\n<li class=\"page-title\" title=\"Was macht Sportkarten so wertvoll?\">\n<p class=\"page-title\" title=\"Warum Sie zum Schutz eine Laptoptasche aus Aluminium in Betracht ziehen sollten\"><a href=\"https:\/\/suncasesupply.com\/de\/blog\/custom-aluminum-case\/benefits-of-aluminum-laptop-case\/\">Warum Sie zum Schutz eine Laptoptasche aus Aluminium in Betracht ziehen sollten &gt;&gt;<\/a><\/p>\n<\/li>\n<li title=\"Was macht Sportkarten so wertvoll?\">\n<p class=\"page-title\" title=\"Warum sind Aktenkoffer aus Aluminium so teuer?\"><a href=\"https:\/\/suncasesupply.com\/de\/blog\/custom-aluminum-case\/why-aluminum-briefcase-expensive\/\">Warum sind Aktenkoffer aus Aluminium so teuer? &gt;&gt;<\/a><\/p>\n<\/li>\n<li title=\"Was macht Sportkarten so wertvoll?\">\n<p class=\"page-title\" title=\"8 Gr\u00fcnde, warum Aluminium-Aktentaschen die beste Wahl f\u00fcr Gesch\u00e4ftsreisen sind\"><a href=\"https:\/\/suncasesupply.com\/de\/blog\/custom-aluminum-case\/8-reasons-why-aluminum-briefcases-is-your-best-choice-for-business-travel\/\">8 Gr\u00fcnde, warum Aluminium-Aktentaschen die beste Wahl f\u00fcr Gesch\u00e4ftsreisen sind &gt;&gt;<\/a><\/p>\n<\/li>\n<\/ul>","protected":false},"excerpt":{"rendered":"<p>Modell: SC-BA002<\/p>\n<p>Gr\u00f6\u00dfe: 450 * 330 * 120 mm oder Gr\u00f6\u00dfe anpassen<\/p>\n<p>Farben: Schwarz oder andere Farben<\/p>\n<p>Materialien: Aluminiumrahmen, MDF-Platte, ABS-Platte, Zubeh\u00f6r.<\/p>\n<p>Logo: Logo auf Metallplatte, Logo auf Siebdruck<\/p>\n<p><span style=\"color: #000000;\">Mindestbestellmenge: 100 St\u00fcck<\/span><\/p>","protected":false},"featured_media":25368,"template":"","meta":{"_gspb_post_css":""},"product_cat":[82],"product_tag":[],"featured_image_urls":{"full":["https:\/\/suncasesupply.com\/wp-content\/uploads\/2025\/05\/briefcase.jpg",800,800,false],"thumbnail":["https:\/\/suncasesupply.com\/wp-content\/uploads\/2025\/05\/briefcase-150x150.jpg",150,150,true],"medium":["https:\/\/suncasesupply.com\/wp-content\/uploads\/2025\/05\/briefcase-300x300.jpg",300,300,true],"medium_large":["https:\/\/suncasesupply.com\/wp-content\/uploads\/2025\/05\/briefcase-768x768.jpg",768,768,true],"large":["https:\/\/suncasesupply.com\/wp-content\/uploads\/2025\/05\/briefcase.jpg",800,800,false],"1536x1536":["https:\/\/suncasesupply.com\/wp-content\/uploads\/2025\/05\/briefcase.jpg",800,800,false],"2048x2048":["https:\/\/suncasesupply.com\/wp-content\/uploads\/2025\/05\/briefcase.jpg",800,800,false],"trp-custom-language-flag":["https:\/\/suncasesupply.com\/wp-content\/uploads\/2025\/05\/briefcase-12x12.jpg",12,12,true],"woocommerce_thumbnail":["https:\/\/suncasesupply.com\/wp-content\/uploads\/2025\/05\/briefcase-300x300.jpg",300,300,true],"woocommerce_single":["https:\/\/suncasesupply.com\/wp-content\/uploads\/2025\/05\/briefcase-600x600.jpg",600,600,true],"woocommerce_gallery_thumbnail":["https:\/\/suncasesupply.com\/wp-content\/uploads\/2025\/05\/briefcase-100x100.jpg",100,100,true]},"post_excerpt_stackable":"<p>Model :SC-BA002<\/p>\n<p>Size: 450*330*120mm or Customize\u00a0Size<\/p>\n<p>Colors: Black color or other colors<\/p>\n<p>Materials: Aluminum\u00a0frame, MDF Board, ABS\u00a0Panel, Accessories.<\/p>\n<p>Logo: Metal plate logo, Silk screen printing logo<\/p>\n<p><span style=\"color: #000000;\">MOQ: 100pcs<\/span><\/p>\n","category_list":"","author_info":{"name":"","url":""},"comments_num":"0 comments","_links":{"self":[{"href":"https:\/\/suncasesupply.com\/de\/wp-json\/wp\/v2\/product\/24212"}],"collection":[{"href":"https:\/\/suncasesupply.com\/de\/wp-json\/wp\/v2\/product"}],"about":[{"href":"https:\/\/suncasesupply.com\/de\/wp-json\/wp\/v2\/types\/product"}],"wp:featuredmedia":[{"embeddable":true,"href":"https:\/\/suncasesupply.com\/de\/wp-json\/wp\/v2\/media\/25368"}],"wp:attachment":[{"href":"https:\/\/suncasesupply.com\/de\/wp-json\/wp\/v2\/media?parent=24212"}],"wp:term":[{"taxonomy":"product_cat","embeddable":true,"href":"https:\/\/suncasesupply.com\/de\/wp-json\/wp\/v2\/product_cat?post=24212"},{"taxonomy":"product_tag","embeddable":true,"href":"https:\/\/suncasesupply.com\/de\/wp-json\/wp\/v2\/product_tag?post=24212"}],"curies":[{"name":"wp","href":"https:\/\/api.w.org\/{rel}","templated":true}]}}