{"id":24141,"date":"2024-11-18T17:48:24","date_gmt":"2024-11-18T09:48:24","guid":{"rendered":"https:\/\/suncasesupply.com\/?post_type=product&#038;p=24141"},"modified":"2025-09-04T15:18:21","modified_gmt":"2025-09-04T07:18:21","slug":"makeup-train-case-6-tier-trays-with-compartments-jewelry-storage-organizer-box","status":"publish","type":"product","link":"https:\/\/suncasesupply.com\/de\/product\/makeup-train-case-6-tier-trays-with-compartments-jewelry-storage-organizer-box\/","title":{"rendered":"Make-up-Koffer mit 6 Ablagen und F\u00e4chern, Aufbewahrungsbox f\u00fcr Schmuck"},"content":{"rendered":"<h4><span style=\"color: #003366;\">Merkmale:<\/span><\/h4>\n<ul>\n<li><strong>Einfach zu tragen<\/strong>: Der Make-up-Koffer aus Aluminium ist robust und dennoch leicht, sodass er einfach zu tragen und zu transportieren ist. Der ergonomisch geformte Tragegriff ist sehr bequem, wenn Sie diesen Make-up-Koffer unterwegs tragen.<\/li>\n<li><strong>Gro\u00dfe Kapazit\u00e4t<\/strong>: Es kann alle Make-up-Utensilien und -Produkte (Grundlage, Lidschatten, Pinsel, falsche Wimpern, Make-up-Lampen usw.) kategorisieren und ordentlich aufbewahren, sodass Maskenbildner bequem von T\u00fcr zu T\u00fcr arbeiten, Make-up auftragen oder bei Film-, Fernseh- und B\u00fchnenauftritten mitwirken k\u00f6nnen. Es ist ein mobiles Studio f\u00fcr Profis und auch praktisch als Kosmetikkoffer.<\/li>\n<\/ul>\n<h4><span style=\"color: #003366;\">Produktdetails:<\/span><\/h4>\n<div style=\"display: flex; gap: 20px;\">\n<div style=\"flex: 1; text-align: center;\">\n<p><img decoding=\"async\" style=\"max-width: 100%; height: auto; margin-bottom: 10px;\" src=\"https:\/\/suncasesupply.com\/wp-content\/uploads\/2025\/08\/Sturdy-structure.jpg\" alt=\"Robuste Struktur\" \/><\/p>\n<p style=\"font-weight: bold; margin: 5px 0;\">Solide Struktur<\/p>\n<p style=\"margin: 0;\">Der Hauptk\u00f6rper besteht aus einer hochwertigen Aluminiumlegierung mit verst\u00e4rkten Eckensch\u00fctzern und einem soliden Eckummantelungsdesign. Die solide Struktur verleiht ihm eine sehr hohe Tragf\u00e4higkeit und kann \u00e4u\u00dferen St\u00f6\u00dfen und Extrusionen effektiv widerstehen, um die Wertgegenst\u00e4nde im Inneren zu sch\u00fctzen, egal ob er als Kosmetikkoffer mit 6 F\u00e4chern verwendet wird.<\/p>\n<\/div>\n<p><!-- \u7b2c\u4e8c\u680f --><\/p>\n<div style=\"flex: 1; text-align: center;\">\n<p><img decoding=\"async\" style=\"max-width: 100%; height: auto; margin-bottom: 10px;\" src=\"https:\/\/suncasesupply.com\/wp-content\/uploads\/2025\/08\/Sturdy-lock-1.jpg\" alt=\"Stabiles Schloss\" \/><\/p>\n<p style=\"font-weight: bold; margin: 5px 0;\"><strong><b>Starkes Schloss<\/b><\/strong><\/p>\n<p style=\"margin: 0;\">Das standardm\u00e4\u00dfige, schl\u00fcsselbet\u00e4tigte Schnallenschloss sorgt im verschlossenen Zustand f\u00fcr eine dichte Abdichtung und verhindert so Diebstahl, Staub und Feuchtigkeit. Das Schloss ist in die Box eingelassen, wodurch ein Aufhebeln erschwert wird und die Sicherheit des Inhalts gew\u00e4hrleistet ist.<\/p>\n<\/div>\n<p><!-- \u7b2c\u4e09\u680f --><\/p>\n<div style=\"flex: 1; text-align: center;\">\n<p><img decoding=\"async\" style=\"max-width: 100%; height: auto; margin-bottom: 10px;\" src=\"https:\/\/suncasesupply.com\/wp-content\/uploads\/2025\/08\/Durable-trays.jpg\" alt=\"Langlebige Tabletts\" \/><\/p>\n<p style=\"font-weight: bold; margin: 5px 0;\">Robuste Tabletts im Inneren<\/p>\n<p style=\"margin: 0;\">Der Innenraum verf\u00fcgt \u00fcber sechs gepolsterte F\u00e4cher mit herausnehmbaren Trennw\u00e4nden, die eine individuelle Unterteilung je nach Form und Gr\u00f6\u00dfe von Make-up-Pinseln, Pudern, Flaschen und Tiegeln erm\u00f6glichen und so f\u00fcr eine ordentliche Aufbewahrung jedes Artikels sorgen. Der Koffer bietet au\u00dferdem eine hervorragende Polsterung und Sicherung und verhindert so Ersch\u00fctterungen, St\u00f6\u00dfe und Besch\u00e4digungen w\u00e4hrend des Transports.<\/p>\n<\/div>\n<p><!-- \u7b2c\u56db\u680f --><\/p>\n<div style=\"flex: 1; text-align: center;\">\n<p><img decoding=\"async\" src=\"https:\/\/suncasesupply.com\/wp-content\/uploads\/2025\/08\/Diamond-surface.jpg\" \/><\/p>\n<p><strong>Diamantoberfl\u00e4che<\/strong><\/p>\n<p style=\"margin: 0;\">Das rautenf\u00f6rmige Stoffdesign sorgt nicht nur f\u00fcr eine klare, stromlinienf\u00f6rmige Optik, sondern sch\u00fctzt den Schrank auch effektiv vor Kratzern w\u00e4hrend der Nutzung. Die Oberfl\u00e4che ist typischerweise oxidiert und in verschiedenen Farben (wie Schwarz, Silber, Pink und Blau) erh\u00e4ltlich. Dadurch ist sie verschlei\u00dffest und lichtbest\u00e4ndig \u2013 ideal f\u00fcr Kosmetika oder sogar als Aufbewahrungsbox f\u00fcr Schmuckringe.<\/p>\n<\/div>\n<\/div>\n<div style=\"background-color: #29599a; padding: 40px 20px; text-align: center; color: #ffffff; border-radius: 10px; margin: 40px auto; max-width: 960px;\">\n<h2 style=\"font-size: 22px; margin-bottom: 20px; font-weight: bold;\">Holen Sie sich den Sun Case Makeup-Trainingskoffer im Gro\u00dfhandel, Mindestbestellmenge nur 100 St\u00fcck.<\/h2>\n<p><a style=\"display: inline-block; padding: 12px 28px; background-color: #ffffff; color: #29599a; text-decoration: none; border-radius: 6px; font-weight: bold;\" href=\"https:\/\/suncasesupply.com\/de\/contact-us\/\" target=\"_blank\" rel=\"noopener\">Fordern Sie noch heute ein Angebot an<br \/>\n<\/a><\/p>\n<\/div>\n<h4><span style=\"color: #003366;\">Herstellungsprozess des Make-up-Etuis:<\/span><\/h4>\n<p><img decoding=\"async\" style=\"max-width: 100%; height: auto; margin-bottom: 10px;\" src=\"https:\/\/suncasesupply.com\/wp-content\/uploads\/2025\/07\/Manufacturing-Process.png\" alt=\"Herstellungsprozess von Suncase\" \/><\/p>\n<div style=\"display: flex; gap: 20px;\"><\/div>\n<div style=\"display: flex; gap: 20px;\">\n<div style=\"flex: 1; text-align: center;\">\n<p style=\"font-weight: bold; margin: 5px 0;\">\n<\/div>\n<\/div>\n<h4><span style=\"color: #003366;\">Hilfreiche Informationen f\u00fcr Gro\u00dfabnehmer:<\/span><\/h4>\n<ul>\n<li class=\"page-title\" title=\"Was macht Sportkarten so wertvoll?\"><a href=\"https:\/\/suncasesupply.com\/de\/blog\/makeup-case\/how-to-build-the-ultimate-makeup-artist-case-for-your-set-bag-needs\/\">Den perfekten Koffer f\u00fcr Maskenbildner zusammenstellen: Der ultimative Leitfaden f\u00fcr Set-Taschen<\/a><\/li>\n<li title=\"Was macht Sportkarten so wertvoll?\"><a href=\"https:\/\/suncasesupply.com\/de\/blog\/makeup-case\/guide-of-hairdressing-trolley-case\/\">Ratgeber zum Kauf eines Friseur-Trolleys<\/a><\/li>\n<li title=\"Was macht Sportkarten so wertvoll?\"><a href=\"https:\/\/suncasesupply.com\/de\/blog\/makeup-case\/how-to-choose-2\/\">So w\u00e4hlen Sie den richtigen professionellen Make-up-Koffer aus<\/a><\/li>\n<\/ul>","protected":false},"excerpt":{"rendered":"<p>Modell: SC-BA0007<\/p>\n<p>Gr\u00f6\u00dfe: 36*24*28cm<\/p>\n<p>Mindestbestellmenge: 100 St\u00fcck<\/p>\n<p>Lieferzeit: 15-25 Tage<\/p>\n<p>Probe: Verf\u00fcgbar<\/p>","protected":false},"featured_media":25381,"template":"","meta":{"_gspb_post_css":""},"product_cat":[34,96],"product_tag":[],"featured_image_urls":{"full":["https:\/\/suncasesupply.com\/wp-content\/uploads\/2025\/05\/black-makeup-case.jpg",800,800,false],"thumbnail":["https:\/\/suncasesupply.com\/wp-content\/uploads\/2025\/05\/black-makeup-case-150x150.jpg",150,150,true],"medium":["https:\/\/suncasesupply.com\/wp-content\/uploads\/2025\/05\/black-makeup-case-300x300.jpg",300,300,true],"medium_large":["https:\/\/suncasesupply.com\/wp-content\/uploads\/2025\/05\/black-makeup-case-768x768.jpg",768,768,true],"large":["https:\/\/suncasesupply.com\/wp-content\/uploads\/2025\/05\/black-makeup-case.jpg",800,800,false],"1536x1536":["https:\/\/suncasesupply.com\/wp-content\/uploads\/2025\/05\/black-makeup-case.jpg",800,800,false],"2048x2048":["https:\/\/suncasesupply.com\/wp-content\/uploads\/2025\/05\/black-makeup-case.jpg",800,800,false],"trp-custom-language-flag":["https:\/\/suncasesupply.com\/wp-content\/uploads\/2025\/05\/black-makeup-case-12x12.jpg",12,12,true],"woocommerce_thumbnail":["https:\/\/suncasesupply.com\/wp-content\/uploads\/2025\/05\/black-makeup-case-300x300.jpg",300,300,true],"woocommerce_single":["https:\/\/suncasesupply.com\/wp-content\/uploads\/2025\/05\/black-makeup-case-600x600.jpg",600,600,true],"woocommerce_gallery_thumbnail":["https:\/\/suncasesupply.com\/wp-content\/uploads\/2025\/05\/black-makeup-case-100x100.jpg",100,100,true]},"post_excerpt_stackable":"<p>Model : SC-BA0007<\/p>\n<p>Size: 36*24*28cm<\/p>\n<p>MOQ:100pcs<\/p>\n<p>Delivery Time : 15-25 Days<\/p>\n<p>Sample : Available<\/p>\n","category_list":"","author_info":{"name":"","url":""},"comments_num":"0 comments","_links":{"self":[{"href":"https:\/\/suncasesupply.com\/de\/wp-json\/wp\/v2\/product\/24141"}],"collection":[{"href":"https:\/\/suncasesupply.com\/de\/wp-json\/wp\/v2\/product"}],"about":[{"href":"https:\/\/suncasesupply.com\/de\/wp-json\/wp\/v2\/types\/product"}],"wp:featuredmedia":[{"embeddable":true,"href":"https:\/\/suncasesupply.com\/de\/wp-json\/wp\/v2\/media\/25381"}],"wp:attachment":[{"href":"https:\/\/suncasesupply.com\/de\/wp-json\/wp\/v2\/media?parent=24141"}],"wp:term":[{"taxonomy":"product_cat","embeddable":true,"href":"https:\/\/suncasesupply.com\/de\/wp-json\/wp\/v2\/product_cat?post=24141"},{"taxonomy":"product_tag","embeddable":true,"href":"https:\/\/suncasesupply.com\/de\/wp-json\/wp\/v2\/product_tag?post=24141"}],"curies":[{"name":"wp","href":"https:\/\/api.w.org\/{rel}","templated":true}]}}