{"id":24134,"date":"2024-11-18T17:38:18","date_gmt":"2024-11-18T09:38:18","guid":{"rendered":"https:\/\/suncasesupply.com\/?post_type=product&#038;p=24134"},"modified":"2025-09-04T15:13:54","modified_gmt":"2025-09-04T07:13:54","slug":"black-aluminum-box-with-pre-cutting-foam-insert-high-density-pick-pluck-toolbox","status":"publish","type":"product","link":"https:\/\/suncasesupply.com\/de\/product\/black-aluminum-box-with-pre-cutting-foam-insert-high-density-pick-pluck-toolbox\/","title":{"rendered":"Schwarze Aluminiumbox mit vorgeschnittenem Schaumstoffeinsatz, hochdichter Pick-Pluck-Werkzeugkasten"},"content":{"rendered":"<h4><span style=\"color: #003366;\">Merkmale:<\/span><\/h4>\n<ul>\n<li><strong><b>Abmessungen benutzerdefiniert Akzeptabel<\/b><\/strong>: Die Standardma\u00dfe dieses Aluminium-Werkzeugkoffers betragen 400 x 320 x 120 mm, aber auch Sondergr\u00f6\u00dfen sind m\u00f6glich. L\u00e4nge, Breite und H\u00f6he k\u00f6nnen ganz nach Ihren W\u00fcnschen gefertigt werden.<\/li>\n<li><strong><b>Ma\u00dfgeschneiderter DIY-Schaum<\/b><\/strong><strong><b>:<\/b><\/strong><strong><b>\u00a0<\/b><\/strong>Der Schaumstoff wurde im Voraus zugeschnitten. Sie k\u00f6nnen die passende Gr\u00f6\u00dfe entsprechend der Gr\u00f6\u00dfe des Gegenstands in diesem Aluminium-Werkzeugkoffer mit Schaumstoff selbst zusammenstellen.<\/li>\n<li><strong><b>Hochwertige Konstruktion aus Aluminiumlegierung: <\/b><\/strong>Die Konstruktion des Aluminium-Friseurwerkzeugkoffers ist robust und langlebig und sch\u00fctzt Ihre Produkte vor pl\u00f6tzlichen St\u00fcrzen und St\u00f6\u00dfen<\/li>\n<li><strong><b>Sch\u00f6n <\/b><\/strong><strong><b>A<\/b><\/strong><strong><b>Aussehen<\/b><\/strong><strong><b>: <\/b><\/strong>Die Farbabstimmung ist fortschrittlich und sehr strukturiert. Es handelt sich um einen sehr hochwertigen und gut aussehenden Werkzeugkoffer aus Aluminium f\u00fcr Friseure.<\/li>\n<\/ul>\n<h4><span style=\"color: #003366;\">Produktdetails:<\/span><\/h4>\n<div style=\"display: flex; gap: 20px;\">\n<p><!-- \u7b2c\u4e00\u680f --><\/p>\n<div style=\"flex: 1; text-align: center;\">\n<p><img decoding=\"async\" style=\"max-width: 100%; height: auto; margin-bottom: 10px;\" src=\"https:\/\/suncasesupply.com\/wp-content\/uploads\/2025\/03\/1-K-Type-Corner-Wrap-.jpg\" alt=\"K-Typ-Eckenumwicklung\" \/><\/p>\n<p><strong><b>K-Typ Ecke<\/b><\/strong><\/p>\n<p style=\"margin: 0;\">Die Eckenummantelung eines Aluminiumkoffers aus China ist ein Zubeh\u00f6rteil, das die Ecken des Koffers vor Verformungen durch St\u00f6\u00dfe sch\u00fctzt. Die K-Ecke bietet eine bessere Kollisionsfestigkeit und Schutz als herk\u00f6mmliche Eckenummantelungen.<\/p>\n<p>Dar\u00fcber hinaus ist es sch\u00f6ner und hat eine bessere Textur.<\/p>\n<p>&nbsp;<\/p>\n<\/div>\n<p><!-- \u7b2c\u4e8c\u680f --><\/p>\n<div style=\"flex: 1; text-align: center;\">\n<p><img decoding=\"async\" style=\"max-width: 100%; height: auto; margin-bottom: 10px;\" src=\"https:\/\/suncasesupply.com\/wp-content\/uploads\/2025\/03\/2-PickPluck-Foam.jpg\" alt=\"Pick&amp;Pluck-Schaum\" \/><\/p>\n<p><strong><b>Pick&amp;Pluck-Schaum<\/b><\/strong><\/p>\n<p style=\"margin: 0;\">Pick&amp;Pluck-Schaumstoff wird auf den Bodendeckel des Aluminium-Werkzeugkoffers aufgebracht. H\u00f6he und Dichte k\u00f6nnen je nach Kundenwunsch individuell angepasst werden. Es handelt sich um einen DIY-Schaumstoff, der je nach Bedarf in verschiedene Formen und Gr\u00f6\u00dfen zugeschnitten werden kann. Dar\u00fcber hinaus kann er die Gegenst\u00e4nde im Karton polstern, isolieren, sch\u00fctzen und fixieren, um Besch\u00e4digungen w\u00e4hrend Transport oder Lagerung zu vermeiden.<\/p>\n<\/div>\n<p><!-- \u7b2c\u4e09\u680f --><\/p>\n<div style=\"flex: 1; text-align: center;\">\n<p><img decoding=\"async\" style=\"max-width: 100%; height: auto; margin-bottom: 10px;\" src=\"https:\/\/suncasesupply.com\/wp-content\/uploads\/2025\/03\/3-Hing.jpg\" alt=\"Scharnierunterst\u00fctzung\" \/><\/p>\n<p><strong><b>Scharnierunterst\u00fctzung<\/b><\/strong><\/p>\n<p>Das Scharnier befindet sich zwischen dem oberen und unteren Deckel des Aluminiumkoffers. Mit dem Scharnier kann der \u00d6ffnungswinkel des Koffers eingestellt und fixiert werden. Bei ge\u00f6ffnetem Koffer wird dadurch sichergestellt, dass die obere Abdeckung nicht herunterf\u00e4llt und die Produkte in der Schachtel oder die H\u00e4nde des Benutzers trifft.<\/p>\n<\/div>\n<p><!-- \u7b2c\u56db\u680f --><\/p>\n<div style=\"flex: 1; text-align: center;\">\n<p><img decoding=\"async\" style=\"max-width: 100%; height: auto; margin-bottom: 10px;\" src=\"https:\/\/suncasesupply.com\/wp-content\/uploads\/2025\/03\/4-Handle.jpg\" alt=\"Handhaben\" \/><\/p>\n<p><strong><b>Handhaben<\/b><\/strong><\/p>\n<p style=\"margin: 0;\">Der Griff ist ein unverzichtbares Zubeh\u00f6r f\u00fcr Aluminiumkoffer und erleichtert das Tragen. Normalerweise ist der Griff von Aluminiumkoffern langlebig und robust. Die Ausf\u00fchrungen sind optional und passen zu den verschiedenen Koffern.<\/p>\n<\/div>\n<\/div>\n<div style=\"background-color: #29599a; padding: 40px 20px; text-align: center; color: #ffffff; border-radius: 10px; margin: 40px auto; max-width: 960px;\">\n<h2 style=\"font-size: 22px; margin-bottom: 20px; font-weight: bold;\">Bestellen Sie noch heute den Aluminium-Werkzeugkoffer von Sun Case mit Schaumstoff, Mindestbestellmenge nur 100 St\u00fcck!<\/h2>\n<p><a style=\"display: inline-block; padding: 12px 28px; background-color: #ffffff; color: #29599a; text-decoration: none; border-radius: 6px; font-weight: bold;\" href=\"https:\/\/suncasesupply.com\/de\/contact-us\/\" target=\"_blank\" rel=\"noopener\">Fordern Sie noch heute ein Angebot an<br \/>\n<\/a><\/p>\n<\/div>\n<h4><span style=\"color: #003366;\">Herstellungsverfahren:<\/span><\/h4>\n<p><img decoding=\"async\" style=\"max-width: 100%; height: auto; margin-bottom: 10px;\" src=\"https:\/\/suncasesupply.com\/wp-content\/uploads\/2025\/07\/Manufacturing-Process.png\" alt=\"Herstellungsprozess von Suncase\" \/><\/p>\n<div style=\"display: flex; gap: 20px;\">\n<p><!-- \u7b2c\u4e00\u680f \u6d41\u7a0b1--><\/p>\n<div style=\"flex: 1; text-align: center;\"><\/div>\n<\/div>\n<div style=\"display: flex; gap: 20px;\">\n<div style=\"flex: 1; text-align: center;\">\n<p style=\"font-weight: bold; margin: 5px 0;\">\n<\/div>\n<\/div>\n<h4><span style=\"color: #003366;\">Hilfreiche Informationen f\u00fcr Gro\u00dfabnehmer:<\/span><\/h4>\n<ul>\n<li class=\"page-title\" title=\"Was macht Sportkarten so wertvoll?\">\n<p class=\"page-title\" title=\"6 Gr\u00fcnde, warum Sie mit einer Aluminium-Aufbewahrungsbox Ordnung schaffen sollten\"><a href=\"https:\/\/suncasesupply.com\/de\/blog\/custom-aluminum-case\/6-reasons-to-use-aluminum-storage-box-today\/\">6 Gr\u00fcnde, warum Sie mit einer Aluminium-Aufbewahrungsbox Ordnung schaffen sollten &gt;&gt;<\/a><\/p>\n<\/li>\n<li title=\"Was macht Sportkarten so wertvoll?\">\n<p class=\"page-title\" title=\"Alles, was Sie \u00fcber Aluminiumkoffer wissen m\u00fcssen\"><a href=\"https:\/\/suncasesupply.com\/de\/blog\/all-you-need-to-know-about-aluminum-cases\/\">Alles, was Sie \u00fcber Aluminiumkoffer wissen m\u00fcssen &gt;&gt;<\/a><\/p>\n<\/li>\n<\/ul>","protected":false},"excerpt":{"rendered":"<p>Modell: SC-BA0006<\/p>\n<p>Gr\u00f6\u00dfe: 400 x 320 x 120 mm oder individuelle Gr\u00f6\u00dfe<\/p>\n<p>Farben: Silber, Schwarz oder andere individuelle Farben.<\/p>\n<p>Materialien: K-Typ Ecke<strong><b>\u00a0<\/b><\/strong>Aluminiumrahmen, MDF-Platte, ABS-Platte, Pick&amp;Pluck-Schaum, Hardware.<\/p>\n<p>Logo: Logo auf Metallplatte, Logo im Siebdruckverfahren, individuelles Markenlogo zul\u00e4ssig.<\/p>\n<p>Mindestbestellmenge: 100 St\u00fcck<\/p>\n<p>Probe: Verf\u00fcgbar, Probezeit ca. 7 Tage.<\/p>","protected":false},"featured_media":25370,"template":"","meta":{"_gspb_post_css":""},"product_cat":[42,80],"product_tag":[],"featured_image_urls":{"full":["https:\/\/suncasesupply.com\/wp-content\/uploads\/2025\/05\/black-aluminum-box.jpg",800,800,false],"thumbnail":["https:\/\/suncasesupply.com\/wp-content\/uploads\/2025\/05\/black-aluminum-box-150x150.jpg",150,150,true],"medium":["https:\/\/suncasesupply.com\/wp-content\/uploads\/2025\/05\/black-aluminum-box-300x300.jpg",300,300,true],"medium_large":["https:\/\/suncasesupply.com\/wp-content\/uploads\/2025\/05\/black-aluminum-box-768x768.jpg",768,768,true],"large":["https:\/\/suncasesupply.com\/wp-content\/uploads\/2025\/05\/black-aluminum-box.jpg",800,800,false],"1536x1536":["https:\/\/suncasesupply.com\/wp-content\/uploads\/2025\/05\/black-aluminum-box.jpg",800,800,false],"2048x2048":["https:\/\/suncasesupply.com\/wp-content\/uploads\/2025\/05\/black-aluminum-box.jpg",800,800,false],"trp-custom-language-flag":["https:\/\/suncasesupply.com\/wp-content\/uploads\/2025\/05\/black-aluminum-box-12x12.jpg",12,12,true],"woocommerce_thumbnail":["https:\/\/suncasesupply.com\/wp-content\/uploads\/2025\/05\/black-aluminum-box-300x300.jpg",300,300,true],"woocommerce_single":["https:\/\/suncasesupply.com\/wp-content\/uploads\/2025\/05\/black-aluminum-box-600x600.jpg",600,600,true],"woocommerce_gallery_thumbnail":["https:\/\/suncasesupply.com\/wp-content\/uploads\/2025\/05\/black-aluminum-box-100x100.jpg",100,100,true]},"post_excerpt_stackable":"<p>Model :SC-BA0006<\/p>\n<p>Size: 400x320x120mm or customize size<\/p>\n<p>Colors: Silver color, Black color or other customized colors.<\/p>\n<p>Materials: K-Type Corner<strong><b>\u00a0<\/b><\/strong>Aluminum\u00a0frame, MDF Board, ABS\u00a0Panel,\u00a0Pick&amp;Pluck Foam, Hardware.<\/p>\n<p>Logo: Metal plate logo, Silk screen printing logo, custom brand logo acceptable.<\/p>\n<p>MOQ: 100pcs<\/p>\n<p>Sample: Available, sample time about 7 days.<\/p>\n","category_list":"","author_info":{"name":"","url":""},"comments_num":"0 comments","_links":{"self":[{"href":"https:\/\/suncasesupply.com\/de\/wp-json\/wp\/v2\/product\/24134"}],"collection":[{"href":"https:\/\/suncasesupply.com\/de\/wp-json\/wp\/v2\/product"}],"about":[{"href":"https:\/\/suncasesupply.com\/de\/wp-json\/wp\/v2\/types\/product"}],"wp:featuredmedia":[{"embeddable":true,"href":"https:\/\/suncasesupply.com\/de\/wp-json\/wp\/v2\/media\/25370"}],"wp:attachment":[{"href":"https:\/\/suncasesupply.com\/de\/wp-json\/wp\/v2\/media?parent=24134"}],"wp:term":[{"taxonomy":"product_cat","embeddable":true,"href":"https:\/\/suncasesupply.com\/de\/wp-json\/wp\/v2\/product_cat?post=24134"},{"taxonomy":"product_tag","embeddable":true,"href":"https:\/\/suncasesupply.com\/de\/wp-json\/wp\/v2\/product_tag?post=24134"}],"curies":[{"name":"wp","href":"https:\/\/api.w.org\/{rel}","templated":true}]}}