{"id":24120,"date":"2024-11-18T17:23:39","date_gmt":"2024-11-18T09:23:39","guid":{"rendered":"https:\/\/suncasesupply.com\/?post_type=product&#038;p=24120"},"modified":"2025-09-04T15:17:40","modified_gmt":"2025-09-04T07:17:40","slug":"rose-gold-water-cube-pattern-grooming-case-aluminum-pets-goods-storage-cases","status":"publish","type":"product","link":"https:\/\/suncasesupply.com\/de\/product\/rose-gold-water-cube-pattern-grooming-case-aluminum-pets-goods-storage-cases\/","title":{"rendered":"Pflegekoffer aus Aluminium mit Wasserw\u00fcrfel-Muster in Ros\u00e9gold, Aufbewahrungskoffer f\u00fcr Haustiere"},"content":{"rendered":"<h4>Pflegekoffer aus Aluminium mit Wasserw\u00fcrfel-Muster in Ros\u00e9gold, Aufbewahrungskoffer f\u00fcr Haustiere<\/h4>\n<h4><span style=\"color: #003366;\">Merkmale:<\/span><\/h4>\n<ul>\n<li><strong>Extrem langlebig<\/strong>: Das Aluminiumlegierungsmaterial ist rostbest\u00e4ndig, korrosionsbest\u00e4ndig und schlagfest. Es ist nicht wie Holzkisten, die rei\u00dfen, und auch nicht wie Kunststoffkisten, die alterungsanf\u00e4llig und rissig sind. Diese Hartschalen-Pferdepflegebox h\u00e4lt den Belastungen in rauen Umgebungen wie Pferdefarmen und LKW-Transporten stand und hat eine sehr lange Lebensdauer.<\/li>\n<li><strong><b>Gestaltetes Erscheinungsbild<\/b><\/strong><strong><b>:<\/b><\/strong> Die Sattelbox aus Aluminium besticht durch ihr schlichtes und elegantes Erscheinungsbild, das modern und professionell wirkt und die Ernsthaftigkeit und Professionalit\u00e4t des Reiters im Pferdesport widerspiegelt. Gleichzeitig eignet sie sich dank ihres stilvollen Aussehens auch ideal als Tragetasche f\u00fcr die Hundepflege.<\/li>\n<li><strong>Gro\u00dfe Kapazit\u00e4t<\/strong>: Es bietet den Hauptstauraum f\u00fcr die Unterbringung verschiedener Pferdeausr\u00fcstung wie S\u00e4ttel, Zaumzeug, Schwei\u00dfunterlagen, Pferdedecken usw. Der Innenraum ist mit verschiedenen Trennw\u00e4nden und Befestigungsvorrichtungen optimiert, um sicherzustellen, dass teure Pferdeausr\u00fcstung w\u00e4hrend des Transports nicht zusammenst\u00f6\u00dft, gequetscht wird oder sich abnutzt.<\/li>\n<\/ul>\n<h4><span style=\"color: #003366;\">Produktdetails:<\/span><\/h4>\n<div style=\"display: flex; gap: 20px;\">\n<p><!-- \u7b2c\u4e00\u680f --><\/p>\n<div style=\"flex: 1; text-align: center;\">\n<p><img decoding=\"async\" style=\"max-width: 100%; height: auto; margin-bottom: 10px;\" src=\"https:\/\/suncasesupply.com\/wp-content\/uploads\/2025\/08\/Sturdy-lock.jpg\" alt=\"Robustes Schloss\" \/><\/p>\n<p><strong><b>Starkes Schloss<\/b><\/strong><\/p>\n<p style=\"margin: 0;\">Die Putzkoffer sind in der Regel mit einem Mehrpunkt-Verriegelungssystem (also zwei oder mehr Riegeln) und einem Schlie\u00dfzylinder ausgestattet. Dies sorgt nicht nur daf\u00fcr, dass der Deckel beim Transport nicht versehentlich aufspringt, sondern bietet auch eine Diebstahlsicherung, die das wertvolle Pferdegeschirr im Inneren gut sch\u00fctzen kann.<\/p>\n<\/div>\n<p><!-- \u7b2c\u4e8c\u680f --><\/p>\n<div style=\"flex: 1; text-align: center;\">\n<p><img decoding=\"async\" style=\"max-width: 100%; height: auto; margin-bottom: 10px;\" src=\"https:\/\/suncasesupply.com\/wp-content\/uploads\/2025\/08\/Strong-Corner.jpg\" alt=\"Starke Ecke\" \/><\/p>\n<p><strong><b>Stabile Ecke<\/b><\/strong><\/p>\n<p style=\"margin: 0;\">Die Metallecken d\u00e4mpfen \u00e4u\u00dfere Einfl\u00fcsse, indem sie die Ecken abdecken und so verhindern, dass die Box durch St\u00f6\u00dfe Dellen oder Risse bekommt. Beim Stapeln, Handhaben oder Transportieren k\u00f6nnen die Metallecken einen Teil des Drucks absorbieren und eine Verformung der Box verhindern.<\/p>\n<\/div>\n<p><!-- \u7b2c\u4e09\u680f --><\/p>\n<div style=\"flex: 1; text-align: center;\">\n<p><img decoding=\"async\" style=\"max-width: 100%; height: auto; margin-bottom: 10px;\" src=\"https:\/\/suncasesupply.com\/wp-content\/uploads\/2025\/08\/Inside-tray.jpg\" alt=\"Innenschale\" \/><\/p>\n<p><strong>Internes Layout<\/strong><\/p>\n<p>Die durchdachte Innenaufteilung erm\u00f6glicht die \u00fcbersichtliche Aufbewahrung verschiedener Kosmetikutensilien und Wettkampfartikel. Die gesamte Ausr\u00fcstung ist \u00fcbersichtlich angeordnet und kann bei Wettk\u00e4mpfen oder beim Training schnell und sicher abgerufen werden. Eine praktische Wahl f\u00fcr einen Reisekoffer zur Hundepflege.<\/p>\n<\/div>\n<div style=\"flex: 1; text-align: center;\">\n<p><img decoding=\"async\" style=\"max-width: 100%; height: auto; margin-bottom: 10px;\" src=\"https:\/\/suncasesupply.com\/wp-content\/uploads\/2025\/08\/Hard-aluminum-frame.jpg\" alt=\"Langlebige Struktur\" \/><\/p>\n<p><strong><b>Handhaben<\/b><\/strong><\/p>\n<p style=\"margin: 0;\">Gut ausgestattet mit einem Rahmen aus Aluminiumlegierung. Er stellt sicher, dass sich die Box beim Bef\u00fcllen mit schweren Gegenst\u00e4nden nicht verformt und beim Transport und Stapeln nicht zusammenf\u00e4llt, wodurch das teure und anspruchsvolle Geschirr im Inneren wirksam gesch\u00fctzt wird.<\/p>\n<\/div>\n<\/div>\n<div style=\"background-color: #29599a; padding: 40px 20px; text-align: center; color: #ffffff; border-radius: 10px; margin: 40px auto; max-width: 960px;\">\n<h2 style=\"font-size: 22px; margin-bottom: 20px; font-weight: bold;\">Sun Case Werkzeugkoffer f\u00fcr die Tierpflege, Gro\u00dfhandelslieferung, Mindestbestellmenge 100 St\u00fcck.<\/h2>\n<p><a style=\"display: inline-block; padding: 12px 28px; background-color: #ffffff; color: #29599a; text-decoration: none; border-radius: 6px; font-weight: bold;\" href=\"https:\/\/suncasesupply.com\/de\/contact-us\/\" target=\"_blank\" rel=\"noopener\">Fordern Sie noch heute ein Angebot an<br \/>\n<\/a><\/p>\n<\/div>\n<h4><span style=\"color: #003366;\">Herstellungsverfahren:<\/span><\/h4>\n<p><img decoding=\"async\" style=\"max-width: 100%; height: auto; margin-bottom: 10px;\" src=\"https:\/\/suncasesupply.com\/wp-content\/uploads\/2025\/07\/Manufacturing-Process.png\" alt=\"Herstellungsprozess von Suncase\" \/><\/p>\n<div style=\"display: flex; gap: 20px;\">\n<p><!-- \u7b2c\u4e00\u680f \u6d41\u7a0b1--><\/p>\n<div style=\"flex: 1; text-align: center;\"><\/div>\n<\/div>\n<div style=\"display: flex; gap: 20px;\">\n<div style=\"flex: 1; text-align: center;\">\n<p style=\"font-weight: bold; margin: 5px 0;\">\n<\/div>\n<\/div>\n<h4><span style=\"color: #003366;\">Hilfreiche Informationen f\u00fcr Gro\u00dfabnehmer:<\/span><\/h4>\n<ul>\n<li class=\"page-title\" title=\"Was macht Sportkarten so wertvoll?\">\n<p class=\"page-title\" title=\"6 Gr\u00fcnde, warum Sie mit einer Aluminium-Aufbewahrungsbox Ordnung schaffen sollten\"><a href=\"https:\/\/suncasesupply.com\/de\/blog\/aluminum-horse-grooming-box\/top-3-picks-of-aluminum-groom-box-for-horses\/\">Top 3 Auswahl an Aluminium-Pflegeboxen f\u00fcr Pferde im Jahr 2024<\/a><\/p>\n<\/li>\n<li class=\"page-title\" title=\"Was macht Sportkarten so wertvoll?\">\n<p class=\"page-title\" title=\"6 Gr\u00fcnde, warum Sie mit einer Aluminium-Aufbewahrungsbox Ordnung schaffen sollten\"><a href=\"https:\/\/suncasesupply.com\/de\/blog\/aluminum-horse-grooming-box\/how-to-choose-your-horse-grooming-box\/\">So w\u00e4hlen Sie Ihre Aluminium-Pferdepflegebox aus<\/a><\/p>\n<\/li>\n<\/ul>","protected":false},"excerpt":{"rendered":"<p>Modell: SC-BA0004<\/p>\n<p>Gr\u00f6\u00dfe: 38x 28x 30 cm<\/p>\n<p>Farben: Ros\u00e9gold oder andere Farben<\/p>\n<p>Materialien: Aluminiumrahmen, MDF-Platte, ABS-Platte, Zubeh\u00f6r.<\/p>\n<p>Logo: Logo auf Metallplatte, Logo auf Siebdruck<\/p>\n<p><span style=\"color: #000000;\">Mindestbestellmenge: 100 St\u00fcck<\/span><\/p>","protected":false},"featured_media":25374,"template":"","meta":{"_gspb_post_css":""},"product_cat":[86],"product_tag":[],"featured_image_urls":{"full":["https:\/\/suncasesupply.com\/wp-content\/uploads\/2025\/05\/rose-gold-grooming-box.jpg",800,800,false],"thumbnail":["https:\/\/suncasesupply.com\/wp-content\/uploads\/2025\/05\/rose-gold-grooming-box-150x150.jpg",150,150,true],"medium":["https:\/\/suncasesupply.com\/wp-content\/uploads\/2025\/05\/rose-gold-grooming-box-300x300.jpg",300,300,true],"medium_large":["https:\/\/suncasesupply.com\/wp-content\/uploads\/2025\/05\/rose-gold-grooming-box-768x768.jpg",768,768,true],"large":["https:\/\/suncasesupply.com\/wp-content\/uploads\/2025\/05\/rose-gold-grooming-box.jpg",800,800,false],"1536x1536":["https:\/\/suncasesupply.com\/wp-content\/uploads\/2025\/05\/rose-gold-grooming-box.jpg",800,800,false],"2048x2048":["https:\/\/suncasesupply.com\/wp-content\/uploads\/2025\/05\/rose-gold-grooming-box.jpg",800,800,false],"trp-custom-language-flag":["https:\/\/suncasesupply.com\/wp-content\/uploads\/2025\/05\/rose-gold-grooming-box-12x12.jpg",12,12,true],"woocommerce_thumbnail":["https:\/\/suncasesupply.com\/wp-content\/uploads\/2025\/05\/rose-gold-grooming-box-300x300.jpg",300,300,true],"woocommerce_single":["https:\/\/suncasesupply.com\/wp-content\/uploads\/2025\/05\/rose-gold-grooming-box-600x600.jpg",600,600,true],"woocommerce_gallery_thumbnail":["https:\/\/suncasesupply.com\/wp-content\/uploads\/2025\/05\/rose-gold-grooming-box-100x100.jpg",100,100,true]},"post_excerpt_stackable":"<p>Model : SC-BA0004<\/p>\n<p>Size: 38x 28x 30 cm<\/p>\n<p>Colors: Rose gold or other colors<\/p>\n<p>Materials: Aluminum\u00a0frame, MDF Board, ABS\u00a0Panel, Accessories.<\/p>\n<p>Logo: Metal plate logo, Silk screen printing logo<\/p>\n<p><span style=\"color: #000000;\">MOQ: 100pcs<\/span><\/p>\n","category_list":"","author_info":{"name":"","url":""},"comments_num":"0 comments","_links":{"self":[{"href":"https:\/\/suncasesupply.com\/de\/wp-json\/wp\/v2\/product\/24120"}],"collection":[{"href":"https:\/\/suncasesupply.com\/de\/wp-json\/wp\/v2\/product"}],"about":[{"href":"https:\/\/suncasesupply.com\/de\/wp-json\/wp\/v2\/types\/product"}],"wp:featuredmedia":[{"embeddable":true,"href":"https:\/\/suncasesupply.com\/de\/wp-json\/wp\/v2\/media\/25374"}],"wp:attachment":[{"href":"https:\/\/suncasesupply.com\/de\/wp-json\/wp\/v2\/media?parent=24120"}],"wp:term":[{"taxonomy":"product_cat","embeddable":true,"href":"https:\/\/suncasesupply.com\/de\/wp-json\/wp\/v2\/product_cat?post=24120"},{"taxonomy":"product_tag","embeddable":true,"href":"https:\/\/suncasesupply.com\/de\/wp-json\/wp\/v2\/product_tag?post=24120"}],"curies":[{"name":"wp","href":"https:\/\/api.w.org\/{rel}","templated":true}]}}