{"id":24096,"date":"2024-11-18T17:03:12","date_gmt":"2024-11-18T09:03:12","guid":{"rendered":"https:\/\/suncasesupply.com\/?post_type=product&#038;p=24096"},"modified":"2025-08-21T14:03:37","modified_gmt":"2025-08-21T06:03:37","slug":"aluminum-cable-flight-case-heavy-trunk-case-with-wheels","status":"publish","type":"product","link":"https:\/\/suncasesupply.com\/de\/product\/aluminum-cable-flight-case-heavy-trunk-case-with-wheels\/","title":{"rendered":"Aluminium-Kabel-Flightcase, schwerer Koffer mit R\u00e4dern"},"content":{"rendered":"<h4><span style=\"color: #003366;\">Merkmale:<\/span><\/h4>\n<ul>\n<li><strong>Perfekter Schutz<\/strong>: Dieses Aluminium-Kabel-Flightcase bietet ausreichend Platz f\u00fcr eine Vielzahl von Audioger\u00e4ten. Es verf\u00fcgt \u00fcber eine 8 mm dicke Schaumstoffpolsterung. Ob Mischpulte, Verst\u00e4rker, Prozessoren oder andere Audioger\u00e4te \u2013 die Schaumstoffpolsterung sorgt f\u00fcr sicheren Halt und verhindert m\u00f6gliche Transportsch\u00e4den. Es ist ein ideales Kabel-Flightcase f\u00fcr Tourneen und den Studioeinsatz.<\/li>\n<li><strong>Langlebige Konstruktion<\/strong>: Dieser robuste Koffer aus 9 mm starkem Sperrholz verf\u00fcgt \u00fcber eine harte Au\u00dfenschale und eine sto\u00dffeste Innenpolsterung, um Ihre Ger\u00e4te und Ausr\u00fcstung optimal zu sch\u00fctzen. Diese Konstruktion ist bei gro\u00dfen Flightcases auf R\u00e4dern f\u00fcr den Langzeiteinsatz \u00fcblich.<\/li>\n<li><b>Lager- und Transportl\u00f6sung <\/b>: Dieses professionelle Flightcase mit R\u00e4dern verf\u00fcgt \u00fcber eine 9 mm starke Au\u00dfenh\u00fclle aus laminiertem Sperrholz mit sto\u00dffester Polsterung. Es ist die perfekte L\u00f6sung f\u00fcr Audioprofis und Musiker, die eine sichere und zuverl\u00e4ssige Aufbewahrung ihrer Ausr\u00fcstung suchen.<\/li>\n<\/ul>\n<div style=\"background-color: #29599a; padding: 40px 20px; text-align: center; color: #ffffff; border-radius: 10px; margin: 40px auto; max-width: 960px;\">\n<h2 style=\"font-size: 22px; margin-bottom: 20px; font-weight: bold;\">Bestellen Sie jetzt das Sun Case Aluminium Cable Trunk Flightcase, Mindestbestellmenge nur 5!<\/h2>\n<p><a style=\"display: inline-block; padding: 12px 28px; background-color: #ffffff; color: #29599a; text-decoration: none; border-radius: 6px; font-weight: bold;\" href=\"https:\/\/suncasesupply.com\/de\/contact-us\/\" target=\"_blank\" rel=\"noopener\">Fordern Sie noch heute ein Angebot an<br \/>\n<\/a><\/p>\n<\/div>\n<h4><span style=\"color: #003366;\">Produktdetails:<\/span><\/h4>\n<div style=\"display: flex; gap: 20px;\">\n<div style=\"flex: 1; text-align: center;\">\n<p><img decoding=\"async\" style=\"max-width: 100%; height: auto; margin-bottom: 10px;\" src=\"https:\/\/suncasesupply.com\/wp-content\/uploads\/2025\/03\/lock-1.png\" alt=\"Butterfly-Verschluss\" \/><\/p>\n<p style=\"font-weight: bold; margin: 5px 0;\">Robuster Griff<\/p>\n<p style=\"margin: 0;\">Das Aluminium-Flightcase mit R\u00e4dern verf\u00fcgt \u00fcber einen zuverl\u00e4ssigen Butterfly-Verschluss, der ein sicheres Schlie\u00dfen und einfaches \u00d6ffnen gew\u00e4hrleistet, wenn Sie schnell auf Ihr Ger\u00e4t zugreifen m\u00fcssen.<\/p>\n<\/div>\n<p><!-- \u7b2c\u4e8c\u680f --><\/p>\n<div style=\"flex: 1; text-align: center;\">\n<p><img decoding=\"async\" style=\"max-width: 100%; height: auto; margin-bottom: 10px;\" src=\"https:\/\/suncasesupply.com\/wp-content\/uploads\/2025\/03\/handle-2.png\" alt=\"Stabiler Griff\" \/><\/p>\n<p style=\"font-weight: bold; margin: 5px 0;\">Robuster Griff<\/p>\n<p style=\"margin: 0;\">Der Koffer verf\u00fcgt \u00fcber stabile Griffe an den Seiten zum einfachen Anheben und Tragen. Die Griffe sind ergonomisch geformt und erm\u00f6glichen einen bequemen Griff und einen reibungslosen Transport Ihrer Ausr\u00fcstung.<\/p>\n<\/div>\n<p><!-- \u7b2c\u4e09\u680f --><\/p>\n<div style=\"flex: 1; text-align: center;\">\n<p><img decoding=\"async\" style=\"max-width: 100%; height: auto; margin-bottom: 10px;\" src=\"https:\/\/suncasesupply.com\/wp-content\/uploads\/2025\/03\/EVA-lining.png\" alt=\"EVA-Futter\" \/><\/p>\n<p style=\"font-weight: bold; margin: 5px 0;\">EVA-Futtereinsatz<\/p>\n<p style=\"margin: 0;\">Dieses Flightcase bietet ausreichend Platz f\u00fcr eine Vielzahl von Audioger\u00e4ten. Es verf\u00fcgt \u00fcber eine 8 mm dicke Schaumstoffpolsterung. Ob Mischpulte, Verst\u00e4rker, Prozessoren oder andere Audioger\u00e4te \u2013 die Schaumstoffpolsterung sorgt f\u00fcr sicheren Transport und verhindert m\u00f6gliche Sch\u00e4den w\u00e4hrend des Transports.<\/p>\n<\/div>\n<div style=\"flex: 1; text-align: center;\">\n<p><img decoding=\"async\" style=\"max-width: 100%; height: auto; margin-bottom: 10px;\" src=\"https:\/\/suncasesupply.com\/wp-content\/uploads\/2025\/03\/corner.png\" alt=\"Starke Ecke\" \/><\/p>\n<p style=\"font-weight: bold; margin: 5px 0;\"><strong>Langlebige Konstruktion<\/strong><\/p>\n<p style=\"margin: 0;\">Dieser Koffer wurde aus hochwertigen Materialien gefertigt und verf\u00fcgt \u00fcber einen soliden Aluminiumrahmen und verst\u00e4rkte Ecken. Die robuste Konstruktion ist ein Markenzeichen professioneller Ausr\u00fcstung aus einer erfahrenen Flightcase-Fabrik und bietet die n\u00f6tige Haltbarkeit f\u00fcr anspruchsvolle Umgebungen.<\/p>\n<\/div>\n<\/div>\n<div style=\"background-color: #29599a; padding: 40px 20px; text-align: center; color: #ffffff; border-radius: 10px; margin: 40px auto; max-width: 960px;\">\n<h2 style=\"font-size: 22px; margin-bottom: 20px; font-weight: bold;\">Holen Sie sich Tour-Schutz von einem vertrauensw\u00fcrdigen Flightcase-Lieferanten \u2013 bestellen Sie Ihr Case noch heute!<\/h2>\n<p><a style=\"display: inline-block; padding: 12px 28px; background-color: #ffffff; color: #29599a; text-decoration: none; border-radius: 6px; font-weight: bold;\" href=\"https:\/\/suncasesupply.com\/de\/contact-us\/\" target=\"_blank\" rel=\"noopener\">Fordern Sie noch heute ein Angebot an<br \/>\n<\/a><\/p>\n<\/div>\n<h4><span style=\"color: #003366;\">Herstellungsprozess des Flightcases:<\/span><\/h4>\n<p><img decoding=\"async\" style=\"max-width: 100%; height: auto; margin-bottom: 10px;\" src=\"https:\/\/suncasesupply.com\/wp-content\/uploads\/2025\/07\/Flight-Cases-Manufacturing-Process.png\" alt=\"Herstellungsprozess von Suncase\" \/><\/p>\n<h4><span style=\"color: #003366;\">Hilfreiche Informationen f\u00fcr Gro\u00dfabnehmer:<\/span><\/h4>\n<ul>\n<li><a href=\"https:\/\/suncasesupply.com\/de\/blog\/what-is-an-ata-case\/\">Was ist ein ATA-Fall? Alles, was Sie wissen m\u00fcssen<\/a><\/li>\n<li><a href=\"https:\/\/suncasesupply.com\/de\/blog\/flight-case\/how-to-choose\/\">So w\u00e4hlen Sie die besten Flightcases aus<\/a><\/li>\n<li><a href=\"https:\/\/suncasesupply.com\/de\/blog\/flight-case\/how-to-clean\/\">Wie reinigt man ein Flightcase?<\/a><\/li>\n<li><a href=\"https:\/\/suncasesupply.com\/de\/blog\/flight-case\/guide-for-musician\/\">Alles, was Musiker \u00fcber Flightcases wissen m\u00fcssen<\/a><\/li>\n<\/ul>","protected":false},"excerpt":{"rendered":"<p>Modell: SC-BA0001<\/p>\n<p>Gr\u00f6\u00dfe: 1660 x 550 x 750 mm<\/p>\n<p>Mindestbestellmenge: 5 St\u00fcck<\/p>\n<p>Lieferzeit: 15-25 Tage<\/p>\n<p>Probe: Verf\u00fcgbar<\/p>","protected":false},"featured_media":25384,"template":"","meta":{"_gspb_post_css":""},"product_cat":[91],"product_tag":[],"featured_image_urls":{"full":["https:\/\/suncasesupply.com\/wp-content\/uploads\/2025\/05\/cable-flight-case.jpg",800,800,false],"thumbnail":["https:\/\/suncasesupply.com\/wp-content\/uploads\/2025\/05\/cable-flight-case-150x150.jpg",150,150,true],"medium":["https:\/\/suncasesupply.com\/wp-content\/uploads\/2025\/05\/cable-flight-case-300x300.jpg",300,300,true],"medium_large":["https:\/\/suncasesupply.com\/wp-content\/uploads\/2025\/05\/cable-flight-case-768x768.jpg",768,768,true],"large":["https:\/\/suncasesupply.com\/wp-content\/uploads\/2025\/05\/cable-flight-case.jpg",800,800,false],"1536x1536":["https:\/\/suncasesupply.com\/wp-content\/uploads\/2025\/05\/cable-flight-case.jpg",800,800,false],"2048x2048":["https:\/\/suncasesupply.com\/wp-content\/uploads\/2025\/05\/cable-flight-case.jpg",800,800,false],"trp-custom-language-flag":["https:\/\/suncasesupply.com\/wp-content\/uploads\/2025\/05\/cable-flight-case-12x12.jpg",12,12,true],"woocommerce_thumbnail":["https:\/\/suncasesupply.com\/wp-content\/uploads\/2025\/05\/cable-flight-case-300x300.jpg",300,300,true],"woocommerce_single":["https:\/\/suncasesupply.com\/wp-content\/uploads\/2025\/05\/cable-flight-case-600x600.jpg",600,600,true],"woocommerce_gallery_thumbnail":["https:\/\/suncasesupply.com\/wp-content\/uploads\/2025\/05\/cable-flight-case-100x100.jpg",100,100,true]},"post_excerpt_stackable":"<p>Model : SC-BA0001<\/p>\n<p>Size: \u00a01660 x 550 x 750 mm<\/p>\n<p>MOQ: 5pcs<\/p>\n<p>Delivery Time : 15-25 Days<\/p>\n<p>Sample : Available<\/p>\n","category_list":"","author_info":{"name":"","url":""},"comments_num":"0 comments","_links":{"self":[{"href":"https:\/\/suncasesupply.com\/de\/wp-json\/wp\/v2\/product\/24096"}],"collection":[{"href":"https:\/\/suncasesupply.com\/de\/wp-json\/wp\/v2\/product"}],"about":[{"href":"https:\/\/suncasesupply.com\/de\/wp-json\/wp\/v2\/types\/product"}],"wp:featuredmedia":[{"embeddable":true,"href":"https:\/\/suncasesupply.com\/de\/wp-json\/wp\/v2\/media\/25384"}],"wp:attachment":[{"href":"https:\/\/suncasesupply.com\/de\/wp-json\/wp\/v2\/media?parent=24096"}],"wp:term":[{"taxonomy":"product_cat","embeddable":true,"href":"https:\/\/suncasesupply.com\/de\/wp-json\/wp\/v2\/product_cat?post=24096"},{"taxonomy":"product_tag","embeddable":true,"href":"https:\/\/suncasesupply.com\/de\/wp-json\/wp\/v2\/product_tag?post=24096"}],"curies":[{"name":"wp","href":"https:\/\/api.w.org\/{rel}","templated":true}]}}