{"id":24017,"date":"2024-11-15T14:08:02","date_gmt":"2024-11-15T06:08:02","guid":{"rendered":"https:\/\/suncasesupply.com\/?post_type=product&#038;p=24017"},"modified":"2025-11-04T16:03:15","modified_gmt":"2025-11-04T08:03:15","slug":"pu-lp-storage-case-vinyl-record-box-for-50-lps-cherry-pattern","status":"publish","type":"product","link":"https:\/\/suncasesupply.com\/de\/product\/pu-lp-storage-case-vinyl-record-box-for-50-lps-cherry-pattern\/","title":{"rendered":"PU LP Aufbewahrungsh\u00fclle Vinyl Schallplattenbox f\u00fcr 50 LPs Kirschmuster"},"content":{"rendered":"<h4><span style=\"color: #003366;\">Merkmale:<\/span><\/h4>\n<ul>\n<li data-start=\"78\" data-end=\"221\"><strong>Perfekte Speicherl\u00f6sung:<\/strong> Diese PU-LP-Aufbewahrungsh\u00fclle dient der sicheren Aufbewahrung und Sammlung all Ihrer wertvollen 12-Zoll-Vinyl-Schallplatten.<\/li>\n<li data-start=\"223\" data-end=\"470\"><strong>Stilvolles Retro-Design:<\/strong> Es verf\u00fcgt \u00fcber ein rosa Kirsch- und LP-Muster mit rotem Innenfutter und pr\u00e4sentiert sich im absolut amerikanischen Stil. Dadurch ist es nicht nur funktional, sondern auch eine sch\u00f6ne Dekoration f\u00fcr Ihr Zuhause oder eine durchdachte Geschenkoption.<\/li>\n<li data-start=\"472\" data-end=\"621\"><strong>Gro\u00dfe Kapazit\u00e4t:<\/strong> Das Geh\u00e4use bietet eine perfekte Kapazit\u00e4t f\u00fcr 30 bis 50 12-Zoll-LPs und ist somit eine praktische Wahl f\u00fcr Sammler mit wachsenden Sammlungen.<\/li>\n<li data-start=\"623\" data-end=\"824\"><strong>Vollst\u00e4ndiger Schutz:<\/strong> Das vollst\u00e4ndig gef\u00fctterte Innere sch\u00fctzt Ihr Vinyl vor Besch\u00e4digungen. Es ist nicht nur ein elegantes Aufbewahrungsgeh\u00e4use f\u00fcr Schallplatten, sondern auch ein sch\u00fctzendes Aufbewahrungsgeh\u00e4use f\u00fcr LP-Vinyls f\u00fcr Liebhaber.<\/li>\n<li data-start=\"826\" data-end=\"1006\"><strong>Mehrere Verwendungen und Namen:<\/strong> Viele Benutzer bezeichnen es dank seines multifunktionalen Designs auch als LP-Schallplatten-Aufbewahrungskoffer oder sogar als vielseitige Schallplatten-Aufbewahrungsbox.<\/li>\n<\/ul>\n<h4><span style=\"color: #003366;\">Produktdetails:<\/span><\/h4>\n<div style=\"display: flex; gap: 20px;\">\n<div style=\"flex: 1; text-align: center;\">\n<p><img decoding=\"async\" style=\"max-width: 100%; height: auto; margin-bottom: 10px;\" src=\"https:\/\/suncasesupply.com\/wp-content\/uploads\/2025\/03\/Sturdy-handle.png\" alt=\"Stabiler Griff\" \/><\/p>\n<p style=\"font-weight: bold; margin: 5px 0;\"><strong><b>Stabiler Griff<\/b><\/strong><\/p>\n<p style=\"margin: 0;\">Der Griff besteht aus hochwertigem Metall und ist sehr robust. Der Griff ist mit PU-Leder mit dem gleichen Muster beklebt, das zum Bronzemetall passt und sehr amerikanisch-retro ist.<\/p>\n<\/div>\n<p><!-- \u7b2c\u4e8c\u680f --><\/p>\n<div style=\"flex: 1; text-align: center;\">\n<p><img decoding=\"async\" style=\"max-width: 100%; height: auto; margin-bottom: 10px;\" src=\"https:\/\/suncasesupply.com\/wp-content\/uploads\/2025\/03\/Strong-hardware.png\" alt=\"Starke Hardware\" \/><\/p>\n<p style=\"font-weight: bold; margin: 5px 0;\"><strong><b>Starke Hardware<\/b><\/strong><\/p>\n<p style=\"margin: 0;\">Diese Box ist mit Griffen, Ecken, Schl\u00f6ssern und weiteren Metallteilen ausgestattet und bietet hervorragenden Schutz f\u00fcr Ihre Schallplatten. Alle Teile sind bronzefarben und harmonieren perfekt mit den rosa Kirsch- und Lippenmustern, die f\u00fcr einen Retro-Look sorgen. Die perfekte Wahl f\u00fcr Schallplattensammler.<\/p>\n<\/div>\n<p><!-- \u7b2c\u4e09\u680f --><\/p>\n<div style=\"flex: 1; text-align: center;\">\n<p><img decoding=\"async\" style=\"max-width: 100%; height: auto; margin-bottom: 10px;\" src=\"https:\/\/suncasesupply.com\/wp-content\/uploads\/2025\/03\/Soft-interior.png\" alt=\"Weiche Innenseite\" \/><\/p>\n<p style=\"font-weight: bold; margin: 5px 0;\">Weiche Innenseite<\/p>\n<p style=\"margin: 0;\">Der weiche Samt im Inneren sch\u00fctzt Ihre Schallplatten vor Besch\u00e4digungen. Die Farbe des Flanells kann auf das Muster des \u00e4u\u00dferen PU abgestimmt werden.<\/p>\n<\/div>\n<p><!-- \u7b2c\u56db\u680f --><\/p>\n<div style=\"flex: 1; text-align: center;\">\n<p><img decoding=\"async\" style=\"max-width: 100%; height: auto; margin-bottom: 10px;\" src=\"https:\/\/suncasesupply.com\/wp-content\/uploads\/2025\/03\/Retro-Pattern.png\" alt=\"Retro-Muster\" \/><\/p>\n<p style=\"font-weight: bold; margin: 5px 0;\">Retro-Muster<\/p>\n<p style=\"margin: 0;\">Es besteht aus wasserdichtem PU-Leder und ist leicht zu reinigen. Die Kirsch- und Lippenmuster darauf sind sehr amerikanisch-retro. Es ist nicht nur eine gute Aufbewahrungsh\u00fclle f\u00fcr Schallplatten, sondern auch eine sch\u00f6ne Dekoration f\u00fcr Ihr Zuhause.<\/p>\n<\/div>\n<\/div>\n<div style=\"background-color: #29599a; padding: 40px 20px; text-align: center; color: #ffffff; border-radius: 10px; margin: 40px auto; max-width: 960px;\">\n<h2 style=\"font-size: 22px; margin-bottom: 20px; font-weight: bold;\"><span style=\"color: #ffffff;\">Bestellen Sie noch heute das Sun Case PU-LP-Aufbewahrungsetui, Mindestbestellmenge 100 St\u00fcck.<\/span><\/h2>\n<p><a style=\"display: inline-block; padding: 12px 28px; background-color: #ffffff; color: #29599a; text-decoration: none; border-radius: 6px; font-weight: bold;\" href=\"https:\/\/suncasesupply.com\/de\/contact-us\/\" target=\"_blank\" rel=\"noopener\">Fordern Sie noch heute ein Angebot an<br \/>\n<\/a><\/p>\n<\/div>\n<h4><span style=\"color: #003366;\">Herstellungsprozess der LP-Aufbewahrungsbox:<\/span><\/h4>\n<p><img decoding=\"async\" style=\"max-width: 100%; height: auto; margin-bottom: 10px;\" src=\"https:\/\/suncasesupply.com\/wp-content\/uploads\/2025\/07\/Manufacturing-Process.png\" alt=\"Herstellungsprozess von Suncase\" \/><\/p>\n<div style=\"display: flex; gap: 20px;\"><\/div>\n<div style=\"display: flex; gap: 20px;\">\n<div style=\"flex: 1; text-align: center;\">\n<p style=\"font-weight: bold; margin: 5px 0;\">\n<\/div>\n<\/div>\n<h4><span style=\"color: #003366;\">Hilfreiche Informationen f\u00fcr Gro\u00dfabnehmer:<\/span><\/h4>\n<ul>\n<li class=\"page-title\" title=\"Was macht Sportkarten so wertvoll?\">\n<p class=\"page-title\" title=\"Welche Gr\u00f6\u00dfe hat die Schallplattenh\u00fclle?\"><a href=\"https:\/\/suncasesupply.com\/de\/blog\/size-of-the-vinyl-record-case\/\">Welche Gr\u00f6\u00dfe hat die Schallplattenh\u00fclle &gt;&gt;<\/a><\/p>\n<\/li>\n<li title=\"Was macht Sportkarten so wertvoll?\"><a href=\"https:\/\/suncasesupply.com\/de\/blog\/what-vinyl-record-case-made-of\/\">Woraus bestehen Schallplattenh\u00fcllen?<\/a><\/li>\n<li title=\"Was macht Sportkarten so wertvoll?\"><a href=\"https:\/\/suncasesupply.com\/de\/blog\/custom-aluminum-case\/aluminum-storage-box-for-organization\/\">Wie lagert man Schallplatten in einer Aluminiumh\u00fclle?<\/a><\/li>\n<\/ul>","protected":false},"excerpt":{"rendered":"<p>Modell: Z46<\/p>\n<p>Gr\u00f6\u00dfe: 36x 18x 36cm<\/p>\n<p>Kapazit\u00e4t: 50x 12\u2033 LPs<\/p>\n<p>Mindestbestellmenge: 100 St\u00fcck<\/p>\n<p>Lieferzeit: 15-25 Tage<\/p>\n<p>Probe: Verf\u00fcgbar<\/p>","protected":false},"featured_media":25373,"template":"","meta":{"_gspb_post_css":""},"product_cat":[83],"product_tag":[],"featured_image_urls":{"full":["https:\/\/suncasesupply.com\/wp-content\/uploads\/2025\/05\/PU-Record-box.jpg",800,800,false],"thumbnail":["https:\/\/suncasesupply.com\/wp-content\/uploads\/2025\/05\/PU-Record-box-150x150.jpg",150,150,true],"medium":["https:\/\/suncasesupply.com\/wp-content\/uploads\/2025\/05\/PU-Record-box-300x300.jpg",300,300,true],"medium_large":["https:\/\/suncasesupply.com\/wp-content\/uploads\/2025\/05\/PU-Record-box-768x768.jpg",768,768,true],"large":["https:\/\/suncasesupply.com\/wp-content\/uploads\/2025\/05\/PU-Record-box.jpg",800,800,false],"1536x1536":["https:\/\/suncasesupply.com\/wp-content\/uploads\/2025\/05\/PU-Record-box.jpg",800,800,false],"2048x2048":["https:\/\/suncasesupply.com\/wp-content\/uploads\/2025\/05\/PU-Record-box.jpg",800,800,false],"trp-custom-language-flag":["https:\/\/suncasesupply.com\/wp-content\/uploads\/2025\/05\/PU-Record-box-12x12.jpg",12,12,true],"woocommerce_thumbnail":["https:\/\/suncasesupply.com\/wp-content\/uploads\/2025\/05\/PU-Record-box-300x300.jpg",300,300,true],"woocommerce_single":["https:\/\/suncasesupply.com\/wp-content\/uploads\/2025\/05\/PU-Record-box-600x600.jpg",600,600,true],"woocommerce_gallery_thumbnail":["https:\/\/suncasesupply.com\/wp-content\/uploads\/2025\/05\/PU-Record-box-100x100.jpg",100,100,true]},"post_excerpt_stackable":"<p>Model : Z46<\/p>\n<p>Size: 36x 18x 36cm<\/p>\n<p>Capacity: 50x 12&#8243; LPs<\/p>\n<p>MOQ: 100pcs<\/p>\n<p>Delivery Time : 15-25 Days<\/p>\n<p>Sample : Available<\/p>\n","category_list":"","author_info":{"name":"","url":""},"comments_num":"0 comments","_links":{"self":[{"href":"https:\/\/suncasesupply.com\/de\/wp-json\/wp\/v2\/product\/24017"}],"collection":[{"href":"https:\/\/suncasesupply.com\/de\/wp-json\/wp\/v2\/product"}],"about":[{"href":"https:\/\/suncasesupply.com\/de\/wp-json\/wp\/v2\/types\/product"}],"wp:featuredmedia":[{"embeddable":true,"href":"https:\/\/suncasesupply.com\/de\/wp-json\/wp\/v2\/media\/25373"}],"wp:attachment":[{"href":"https:\/\/suncasesupply.com\/de\/wp-json\/wp\/v2\/media?parent=24017"}],"wp:term":[{"taxonomy":"product_cat","embeddable":true,"href":"https:\/\/suncasesupply.com\/de\/wp-json\/wp\/v2\/product_cat?post=24017"},{"taxonomy":"product_tag","embeddable":true,"href":"https:\/\/suncasesupply.com\/de\/wp-json\/wp\/v2\/product_tag?post=24017"}],"curies":[{"name":"wp","href":"https:\/\/api.w.org\/{rel}","templated":true}]}}