{"id":23935,"date":"2024-11-08T15:25:39","date_gmt":"2024-11-08T07:25:39","guid":{"rendered":"https:\/\/suncasesupply.com\/?post_type=product&#038;p=23935"},"modified":"2025-09-04T15:19:01","modified_gmt":"2025-09-04T07:19:01","slug":"100-graded-coin-slab-case-aluminum-coin-storage-box","status":"publish","type":"product","link":"https:\/\/suncasesupply.com\/de\/product\/100-graded-coin-slab-case-aluminum-coin-storage-box\/","title":{"rendered":"100 abgestufte M\u00fcnzplattenetui, Aufbewahrungsbox f\u00fcr M\u00fcnzen aus Aluminium"},"content":{"rendered":"<h4><span style=\"color: #003366;\">Merkmale:<\/span><\/h4>\n<ul>\n<li><strong><b>Konstruktion<\/b><\/strong>: Die M\u00fcnzaufbewahrungsbox aus Aluminium ist robust und langlebig sowie druck- und sto\u00dffest. Der Korpus verf\u00fcgt in der Regel \u00fcber einen verst\u00e4rkten Aluminiumrahmen und stabile Ecken, die \u00e4u\u00dferen St\u00f6\u00dfen, Extrusion und St\u00fcrzen wirksam standhalten.<\/li>\n<li><strong><b>Professionelles Layout<\/b><\/strong>: Diese M\u00fcnzplattenvitrine mit 5-reihigem Design bietet in jeder Reihe Platz f\u00fcr 20 NGC- oder PCGS-M\u00fcnzplatten und sch\u00fctzt Ihre M\u00fcnzplattensammlung vor Besch\u00e4digungen.<\/li>\n<li><strong><b>Schutz<\/b><\/strong>: Sch\u00fctzen Sie Ihre M\u00fcnzen und sorgen Sie f\u00fcr Ordnung bei der Aufbewahrung, beim Reisen und Transport. Sammler k\u00f6nnen es auch zusammen mit <strong data-start=\"669\" data-end=\"696\">M\u00fcnzplatten-Aufbewahrungsbeh\u00e4lter<\/strong> f\u00fcr maximale Sicherheit.<\/li>\n<li><strong><b>Vielf\u00e4ltige Kapazit\u00e4ten<\/b><\/strong>: Es stehen verschiedene Gr\u00f6\u00dfen zur Auswahl, von klein bis gro\u00df, um den Anforderungen verschiedener Sammlungen gerecht zu werden, sogar geeignet als 100-stufige Kartenvitrine f\u00fcr Kartensammler.<\/li>\n<\/ul>\n<h4><span style=\"color: #003366;\">Produktdetails:<\/span><\/h4>\n<div style=\"display: flex; gap: 20px;\">\n<p><!-- \u7b2c\u4e00\u680f --><\/p>\n<div style=\"flex: 1; text-align: center;\">\n<p><img decoding=\"async\" style=\"max-width: 100%; height: auto; margin-bottom: 10px;\" src=\"https:\/\/suncasesupply.com\/wp-content\/uploads\/2025\/08\/1-EVA-Slots.jpg\" alt=\"EVA-Steckpl\u00e4tze\" \/><\/p>\n<p style=\"font-weight: bold; margin: 5px 0;\"><strong><b>EVA-Steckpl\u00e4tze<\/b><\/strong><\/p>\n<p style=\"margin: 0;\">Die untere Abdeckung des M\u00fcnzgeh\u00e4uses besteht aus schwarzen EVA-Schlitzen. Die Gr\u00f6\u00dfe jedes EVA-Schlitzes ist individuell an die Gr\u00f6\u00dfe der M\u00fcnzplatten angepasst. Jeder EVA-Schlitz kann jede M\u00fcnzplatte gut fixieren und dient gleichzeitig als Pr\u00e4sentationsfl\u00e4che und passt perfekt in die Aufbewahrungsboxen f\u00fcr M\u00fcnzplatten.<\/p>\n<\/div>\n<div style=\"flex: 1; text-align: center;\">\n<p><img decoding=\"async\" style=\"max-width: 100%; height: auto; margin-bottom: 10px;\" src=\"https:\/\/suncasesupply.com\/wp-content\/uploads\/2025\/08\/2-Rubber-Feet.jpg\" alt=\"Gummif\u00fc\u00dfe\" \/><\/p>\n<p style=\"font-weight: bold; margin: 5px 0;\"><strong><b>Gummif\u00fc\u00dfe<\/b><\/strong><\/p>\n<p style=\"margin: 0;\">An der Unterseite der M\u00fcnzbox befinden sich 4 Gummif\u00fc\u00dfe, die verhindern, dass die Box den Boden direkt ber\u00fchrt, wenn sie aufrecht auf dem Boden steht. Sie haben Sto\u00dfd\u00e4mpfungs- und Aufprallschutzfunktionen sowie Anti-Rutsch- und Stabilit\u00e4tsfunktionen.<\/p>\n<\/div>\n<div style=\"flex: 1; text-align: center;\">\n<p><img decoding=\"async\" style=\"max-width: 100%; height: auto; margin-bottom: 10px;\" src=\"https:\/\/suncasesupply.com\/wp-content\/uploads\/2025\/08\/3-Lock-with-Key.jpg\" alt=\"Schloss mit Schl\u00fcssel\" \/><\/p>\n<p style=\"font-weight: bold; margin: 5px 0;\"><strong><b>Schloss mit Schl\u00fcssel<\/b><\/strong><\/p>\n<p style=\"margin: 0;\">Jeder M\u00fcnzbeh\u00e4lter ist mit 2 Werkzeugschl\u00f6ssern ausgestattet, zu jedem Schloss geh\u00f6ren 2 Schl\u00fcssel. Sie dienen als Schutz und erh\u00f6hen die Sicherheit der M\u00fcnzbeh\u00e4lter.<\/p>\n<\/div>\n<p><!-- \u7b2c\u56db\u680f --><\/p>\n<div style=\"flex: 1; text-align: center;\">\n<p><img decoding=\"async\" style=\"max-width: 100%; height: auto; margin-bottom: 10px;\" src=\"https:\/\/suncasesupply.com\/wp-content\/uploads\/2025\/08\/4-Handle.jpg\" alt=\"Handhaben\" \/><\/p>\n<p style=\"font-weight: bold; margin: 5px 0;\"><strong><b>Handhaben<\/b><\/strong><\/p>\n<p style=\"margin: 0;\">Der Griff erleichtert das Tragen der M\u00fcnzvitrine. Der Griff ist sehr robust, strapazierf\u00e4hig und aus hochwertigen Materialien gefertigt. Er bietet sowohl Funktionalit\u00e4t als auch Komfort.<\/p>\n<\/div>\n<\/div>\n<div style=\"background-color: #29599a; padding: 40px 20px; text-align: center; color: #ffffff; border-radius: 10px; margin: 40px auto; max-width: 960px;\">\n<h2 style=\"font-size: 22px; margin-bottom: 20px; font-weight: bold;\">Sun Case M\u00fcnzplatten-Vitrine, Gro\u00dfhandelsversorgung, Mindestbestellmenge 100 f\u00fcr Sammler.<\/h2>\n<p><a style=\"display: inline-block; padding: 12px 28px; background-color: #ffffff; color: #29599a; text-decoration: none; border-radius: 6px; font-weight: bold;\" href=\"https:\/\/suncasesupply.com\/de\/contact-us\/\" target=\"_blank\" rel=\"noopener\">Fordern Sie noch heute ein Angebot an<br \/>\n<\/a><\/p>\n<\/div>\n<h4><span style=\"color: #003366;\">Herstellungsprozess des M\u00fcnzbeh\u00e4lters:<\/span><\/h4>\n<p><img decoding=\"async\" style=\"max-width: 100%; height: auto; margin-bottom: 10px;\" src=\"https:\/\/suncasesupply.com\/wp-content\/uploads\/2025\/07\/Manufacturing-Process.png\" alt=\"Herstellungsprozess von Suncase\" \/><\/p>\n<h4><span style=\"color: #003366;\">Hilfreiche Informationen f\u00fcr Gro\u00dfabnehmer:<\/span><\/h4>\n<ul>\n<li>\n<p class=\"page-title\" title=\"Wie lagert man M\u00fcnzplatten?\"><a href=\"https:\/\/suncasesupply.com\/de\/blog\/how-do-you-store-coin-slabs\/\">Wie lagert man M\u00fcnzplatten?<\/a><\/p>\n<\/li>\n<li>\n<p class=\"page-title\" title=\"Top 3 der Aluminium-M\u00fcnzkoffer\"><a href=\"https:\/\/suncasesupply.com\/de\/blog\/custom-aluminum-case\/top-3-picks-of-aluminum-coin-case\/\">Top 3 der Aluminium-M\u00fcnzkoffer<\/a><\/p>\n<\/li>\n<li>\n<p class=\"page-title\" title=\"M\u00fcnzaufbewahrungsboxen aus Aluminium zur Erhaltung der M\u00fcnzqualit\u00e4t\"><a href=\"https:\/\/suncasesupply.com\/de\/blog\/custom-aluminum-case\/how-to-maintain-aluminum-coin-cases\/\">M\u00fcnzaufbewahrungsboxen aus Aluminium zur Erhaltung der M\u00fcnzqualit\u00e4t<\/a><\/p>\n<\/li>\n<\/ul>","protected":false},"excerpt":{"rendered":"<p>Modell: KY210<\/p>\n<p>Gr\u00f6\u00dfe: 42 x 32 x 11,5 cm<\/p>\n<p>Farben: Silberner Aluminiumrahmen + schwarzes Panel<\/p>\n<p>Materialien: Aluminiumrahmen, MDF-Platte, ABS-Platte, Zubeh\u00f6r.<\/p>\n<p>Logo: Metallplattenlogo<\/p>\n<p>Mindestbestellmenge: 100 St\u00fcck<\/p>\n<p>Lieferzeit: 15-25 Tage<\/p>","protected":false},"featured_media":25376,"template":"","meta":{"_gspb_post_css":""},"product_cat":[84],"product_tag":[],"featured_image_urls":{"full":["https:\/\/suncasesupply.com\/wp-content\/uploads\/2025\/05\/coin-case.jpg",800,800,false],"thumbnail":["https:\/\/suncasesupply.com\/wp-content\/uploads\/2025\/05\/coin-case-150x150.jpg",150,150,true],"medium":["https:\/\/suncasesupply.com\/wp-content\/uploads\/2025\/05\/coin-case-300x300.jpg",300,300,true],"medium_large":["https:\/\/suncasesupply.com\/wp-content\/uploads\/2025\/05\/coin-case-768x768.jpg",768,768,true],"large":["https:\/\/suncasesupply.com\/wp-content\/uploads\/2025\/05\/coin-case.jpg",800,800,false],"1536x1536":["https:\/\/suncasesupply.com\/wp-content\/uploads\/2025\/05\/coin-case.jpg",800,800,false],"2048x2048":["https:\/\/suncasesupply.com\/wp-content\/uploads\/2025\/05\/coin-case.jpg",800,800,false],"trp-custom-language-flag":["https:\/\/suncasesupply.com\/wp-content\/uploads\/2025\/05\/coin-case-12x12.jpg",12,12,true],"woocommerce_thumbnail":["https:\/\/suncasesupply.com\/wp-content\/uploads\/2025\/05\/coin-case-300x300.jpg",300,300,true],"woocommerce_single":["https:\/\/suncasesupply.com\/wp-content\/uploads\/2025\/05\/coin-case-600x600.jpg",600,600,true],"woocommerce_gallery_thumbnail":["https:\/\/suncasesupply.com\/wp-content\/uploads\/2025\/05\/coin-case-100x100.jpg",100,100,true]},"post_excerpt_stackable":"<p>Model :KY210<\/p>\n<p>Size: 42\u00a0x 32\u00a0x 11.5cm<\/p>\n<p>Colors: Silver Aluminum frame+Black Panel<\/p>\n<p>Materials: Aluminum\u00a0frame, MDF Board, ABS\u00a0Panel, Accessories.<\/p>\n<p>Logo: Metal plate logo<\/p>\n<p>MOQ: 100pcs<\/p>\n<p>Delivery Time : 15-25 Days<\/p>\n","category_list":"","author_info":{"name":"","url":""},"comments_num":"0 comments","_links":{"self":[{"href":"https:\/\/suncasesupply.com\/de\/wp-json\/wp\/v2\/product\/23935"}],"collection":[{"href":"https:\/\/suncasesupply.com\/de\/wp-json\/wp\/v2\/product"}],"about":[{"href":"https:\/\/suncasesupply.com\/de\/wp-json\/wp\/v2\/types\/product"}],"wp:featuredmedia":[{"embeddable":true,"href":"https:\/\/suncasesupply.com\/de\/wp-json\/wp\/v2\/media\/25376"}],"wp:attachment":[{"href":"https:\/\/suncasesupply.com\/de\/wp-json\/wp\/v2\/media?parent=23935"}],"wp:term":[{"taxonomy":"product_cat","embeddable":true,"href":"https:\/\/suncasesupply.com\/de\/wp-json\/wp\/v2\/product_cat?post=23935"},{"taxonomy":"product_tag","embeddable":true,"href":"https:\/\/suncasesupply.com\/de\/wp-json\/wp\/v2\/product_tag?post=23935"}],"curies":[{"name":"wp","href":"https:\/\/api.w.org\/{rel}","templated":true}]}}