{"id":23747,"date":"2024-10-07T17:26:09","date_gmt":"2024-10-07T09:26:09","guid":{"rendered":"https:\/\/suncasesupply.com\/?post_type=product&#038;p=23747"},"modified":"2025-08-21T14:04:20","modified_gmt":"2025-08-21T06:04:20","slug":"classic-horse-riding-equestrian-aluminum-grooming-box-grooming-case-for-grooming-kits-and-accessories","status":"publish","type":"product","link":"https:\/\/suncasesupply.com\/de\/product\/classic-horse-riding-equestrian-aluminum-grooming-box-grooming-case-for-grooming-kits-and-accessories\/","title":{"rendered":"Klassischer Reitsport-Pflegekoffer aus Aluminium f\u00fcr Pflegesets und Zubeh\u00f6r"},"content":{"rendered":"<h4><span style=\"color: #003366;\">Merkmale:<\/span><\/h4>\n<ul>\n<li data-start=\"61\" data-end=\"187\">\n<p data-start=\"63\" data-end=\"187\"><strong>Stilvolles Erscheinungsbild:<\/strong> Der Pferdepflegekoffer ist aus gl\u00e4nzendem Stoff mit goldenen Accessoires gefertigt und eignet sich perfekt f\u00fcr den Einsatz im Reitsport.<\/p>\n<\/li>\n<li data-start=\"188\" data-end=\"281\">\n<p data-start=\"190\" data-end=\"281\"><strong>Gro\u00dfe Kapazit\u00e4t:<\/strong> Diese Pferdepflegeset-Box enth\u00e4lt viele Reinigungswerkzeuge f\u00fcr Pferde.<\/p>\n<\/li>\n<li data-start=\"282\" data-end=\"415\">\n<p data-start=\"284\" data-end=\"415\"><strong>Leicht zu tragen:<\/strong> Die kompakte Putzbox f\u00fcr Pferde nimmt wenig Platz im Kofferraum des Autos ein und l\u00e4sst sich daher leicht transportieren.<\/p>\n<\/li>\n<li data-start=\"416\" data-end=\"531\">\n<p data-start=\"418\" data-end=\"531\"><strong>Langlebiges Design:<\/strong> Die Pferdeputzbox aus Metall gew\u00e4hrleistet eine lange Nutzungsdauer und den Schutz Ihres Putzzeugs.<\/p>\n<\/li>\n<li data-start=\"532\" data-end=\"641\">\n<p data-start=\"534\" data-end=\"641\"><strong>Vielseitig:<\/strong> Ideal als Putzkasten, auf den sich Pferdebesitzer f\u00fcr eine organisierte und effiziente Fellpflege verlassen k\u00f6nnen.<strong><strong><b><br \/>\n<\/b><\/strong><\/strong><\/p>\n<\/li>\n<\/ul>\n<div style=\"background-color: #29599a; padding: 40px 20px; text-align: center; color: #ffffff; border-radius: 10px; margin: 40px auto; max-width: 960px;\">\n<h2 style=\"font-size: 22px; margin-bottom: 20px; font-weight: bold;\"><span style=\"color: #ffffff;\">Hol dir dein Sun Case M<strong data-start=\"199\" data-end=\"227\">Metallische Pferdepflegebox<\/strong> Heute, MOQ 100 \u2013 begrenzter Vorrat!<\/span><\/h2>\n<p><a style=\"display: inline-block; padding: 12px 28px; background-color: #ffffff; color: #29599a; text-decoration: none; border-radius: 6px; font-weight: bold;\" href=\"https:\/\/suncasesupply.com\/de\/contact-us\/\" target=\"_blank\" rel=\"noopener\">Fordern Sie noch heute ein Angebot an<br \/>\n<\/a><\/p>\n<\/div>\n<h4><span style=\"color: #003366;\">Produktdetails:<\/span><\/h4>\n<div style=\"display: flex; gap: 20px;\">\n<p><!-- \u7b2c\u4e00\u680f --><\/p>\n<div style=\"flex: 1; text-align: center;\">\n<p><img decoding=\"async\" style=\"max-width: 100%; height: auto; margin-bottom: 10px;\" src=\"https:\/\/suncasesupply.com\/wp-content\/uploads\/2025\/05\/Grooming-box-1-1.jpg\" alt=\"Putzbox-1 (1)\" \/><\/p>\n<p style=\"font-weight: bold; margin: 5px 0;\"><strong><b>Gro\u00dfe Ecken<\/b><\/strong><\/p>\n<p style=\"margin: 0;\">Bietet guten Schutz f\u00fcr den Pferdepflegekoffer bei St\u00f6\u00dfen<\/p>\n<\/div>\n<p><!-- \u7b2c\u4e8c\u680f --><\/p>\n<div style=\"flex: 1; text-align: center;\">\n<p><img decoding=\"async\" style=\"max-width: 100%; height: auto; margin-bottom: 10px;\" src=\"https:\/\/suncasesupply.com\/wp-content\/uploads\/2025\/05\/Grooming-box-1-2.jpg\" alt=\"Putzbox-1 (2)\" \/><\/p>\n<p style=\"font-weight: bold; margin: 5px 0;\"><strong><b>Stabiler Griff<\/b><\/strong><\/p>\n<p style=\"margin: 0;\">Heben Sie schwere Gegenst\u00e4nde in der Pferdepflegebox einfach mit dem Griff an<\/p>\n<\/div>\n<p><!-- \u7b2c\u4e09\u680f --><\/p>\n<div style=\"flex: 1; text-align: center;\">\n<p><img decoding=\"async\" style=\"max-width: 100%; height: auto; margin-bottom: 10px;\" src=\"https:\/\/suncasesupply.com\/wp-content\/uploads\/2025\/05\/Grooming-box-1-3.jpg\" alt=\"Putzbox-1 (3)\" \/><\/p>\n<p style=\"font-weight: bold; margin: 5px 0;\"><strong><b>Gl\u00e4nzender Stoff<\/b><\/strong><\/p>\n<p style=\"margin: 0;\">Putzboxen f\u00fcr Pferde sch\u00f6n und kratzfest gestalten<\/p>\n<\/div>\n<p><!-- \u7b2c\u56db\u680f --><\/p>\n<div style=\"flex: 1; text-align: center;\">\n<p><img decoding=\"async\" style=\"max-width: 100%; height: auto; margin-bottom: 10px;\" src=\"https:\/\/suncasesupply.com\/wp-content\/uploads\/2025\/05\/Grooming-box-1-4.jpg\" alt=\"Putzbox-1 (4)\" \/><\/p>\n<p style=\"font-weight: bold; margin: 5px 0;\"><strong><b>Stabiles R\u00fcckenscharnier<\/b><\/strong><\/p>\n<p style=\"margin: 0;\">Deckel gut anschlie\u00dfen, um die Metall-Pferdeputzbox um 90 Grad zu \u00f6ffnen<\/p>\n<\/div>\n<\/div>\n<h4><span style=\"color: #003366;\">Herstellungsverfahren:<\/span><\/h4>\n<p><img decoding=\"async\" style=\"max-width: 100%; height: auto; margin-bottom: 10px;\" src=\"https:\/\/suncasesupply.com\/wp-content\/uploads\/2025\/07\/Manufacturing-Process.png\" alt=\"Herstellungsprozess von Suncase\" \/><\/p>\n<div style=\"display: flex; gap: 20px;\"><\/div>\n<div style=\"display: flex; gap: 20px;\">\n<div style=\"flex: 1; text-align: center;\">\n<p style=\"font-weight: bold; margin: 5px 0;\">\n<\/div>\n<\/div>\n<h4><span style=\"color: #003366;\">Hilfreiche Informationen f\u00fcr Gro\u00dfabnehmer:<\/span><\/h4>\n<ul>\n<li class=\"page-title\" title=\"Was macht Sportkarten so wertvoll?\">\n<p class=\"page-title\" title=\"Top 3 Auswahl an Aluminium-Pflegeboxen f\u00fcr Pferde im Jahr 2024\"><a href=\"https:\/\/suncasesupply.com\/de\/blog\/aluminum-horse-grooming-box\/top-3-picks-of-aluminum-groom-box-for-horses\/\">Top 3 der Aluminium-Pflegeboxen f\u00fcr Pferde im Jahr 2024 &gt;&gt;<\/a><\/p>\n<\/li>\n<li title=\"Was macht Sportkarten so wertvoll?\">\n<p class=\"page-title\" title=\"Welche Gr\u00f6\u00dfe hat die Schallplattenh\u00fclle?\"><a href=\"https:\/\/suncasesupply.com\/de\/blog\/size-of-the-vinyl-record-case\/\">Welche Gr\u00f6\u00dfe hat die Schallplattenh\u00fclle?<\/a><\/p>\n<\/li>\n<li title=\"Was macht Sportkarten so wertvoll?\">\n<p class=\"page-title\" title=\"Was ist ein Make-up-Koffer?\"><a href=\"https:\/\/suncasesupply.com\/de\/blog\/makeup-case\/what-is-a-makeup-train-case\/\">Was ist ein Make-up-Koffer?<\/a><\/p>\n<\/li>\n<\/ul>","protected":false},"excerpt":{"rendered":"<p>Modell: K20<\/p>\n<p>Gr\u00f6\u00dfe: 400 * 380 * 180 mm oder Gr\u00f6\u00dfe anpassen<\/p>\n<p>Farben: Blau oder andere Farben<\/p>\n<p>Materialien: Aluminiumrahmen, MDF-Platte, ABS-Platte, Zubeh\u00f6r.<\/p>\n<p>Logo: Logo auf Metallplatte, Logo auf Siebdruck<\/p>\n<p>Mindestbestellmenge: 100 St\u00fcck<\/p>","protected":false},"featured_media":25375,"template":"","meta":{"_gspb_post_css":""},"product_cat":[86],"product_tag":[],"featured_image_urls":{"full":["https:\/\/suncasesupply.com\/wp-content\/uploads\/2025\/05\/blue-grooming-box.jpg",800,800,false],"thumbnail":["https:\/\/suncasesupply.com\/wp-content\/uploads\/2025\/05\/blue-grooming-box-150x150.jpg",150,150,true],"medium":["https:\/\/suncasesupply.com\/wp-content\/uploads\/2025\/05\/blue-grooming-box-300x300.jpg",300,300,true],"medium_large":["https:\/\/suncasesupply.com\/wp-content\/uploads\/2025\/05\/blue-grooming-box-768x768.jpg",768,768,true],"large":["https:\/\/suncasesupply.com\/wp-content\/uploads\/2025\/05\/blue-grooming-box.jpg",800,800,false],"1536x1536":["https:\/\/suncasesupply.com\/wp-content\/uploads\/2025\/05\/blue-grooming-box.jpg",800,800,false],"2048x2048":["https:\/\/suncasesupply.com\/wp-content\/uploads\/2025\/05\/blue-grooming-box.jpg",800,800,false],"trp-custom-language-flag":["https:\/\/suncasesupply.com\/wp-content\/uploads\/2025\/05\/blue-grooming-box-12x12.jpg",12,12,true],"woocommerce_thumbnail":["https:\/\/suncasesupply.com\/wp-content\/uploads\/2025\/05\/blue-grooming-box-300x300.jpg",300,300,true],"woocommerce_single":["https:\/\/suncasesupply.com\/wp-content\/uploads\/2025\/05\/blue-grooming-box-600x600.jpg",600,600,true],"woocommerce_gallery_thumbnail":["https:\/\/suncasesupply.com\/wp-content\/uploads\/2025\/05\/blue-grooming-box-100x100.jpg",100,100,true]},"post_excerpt_stackable":"<p>Model: K20<\/p>\n<p>Size: 400*380*180mm or Customize\u00a0Size<\/p>\n<p>Colors: Blue or other colors<\/p>\n<p>Materials: Aluminum\u00a0frame, MDF Board, ABS\u00a0Panel, Accessories.<\/p>\n<p>Logo: Metal plate logo, Silk screen printing logo<\/p>\n<p>MOQ: 100pcs<\/p>\n","category_list":"","author_info":{"name":"","url":""},"comments_num":"0 comments","_links":{"self":[{"href":"https:\/\/suncasesupply.com\/de\/wp-json\/wp\/v2\/product\/23747"}],"collection":[{"href":"https:\/\/suncasesupply.com\/de\/wp-json\/wp\/v2\/product"}],"about":[{"href":"https:\/\/suncasesupply.com\/de\/wp-json\/wp\/v2\/types\/product"}],"wp:featuredmedia":[{"embeddable":true,"href":"https:\/\/suncasesupply.com\/de\/wp-json\/wp\/v2\/media\/25375"}],"wp:attachment":[{"href":"https:\/\/suncasesupply.com\/de\/wp-json\/wp\/v2\/media?parent=23747"}],"wp:term":[{"taxonomy":"product_cat","embeddable":true,"href":"https:\/\/suncasesupply.com\/de\/wp-json\/wp\/v2\/product_cat?post=23747"},{"taxonomy":"product_tag","embeddable":true,"href":"https:\/\/suncasesupply.com\/de\/wp-json\/wp\/v2\/product_tag?post=23747"}],"curies":[{"name":"wp","href":"https:\/\/api.w.org\/{rel}","templated":true}]}}