{"id":23177,"date":"2024-06-26T16:30:13","date_gmt":"2024-06-26T08:30:13","guid":{"rendered":"https:\/\/suncasesupply.com\/?post_type=product&#038;p=23177"},"modified":"2025-02-20T10:44:24","modified_gmt":"2025-02-20T02:44:24","slug":"aluminum-coin-case-with-15-trays-with-keys-red-blue-lining","status":"publish","type":"product","link":"https:\/\/suncasesupply.com\/de\/product\/aluminum-coin-case-with-15-trays-with-keys-red-blue-lining\/","title":{"rendered":"Aluminium M\u00fcnzkoffer mit 15 F\u00e4chern mit Schl\u00fcsseln Rot\/Blaues Innenfutter"},"content":{"rendered":"<p>&nbsp;<\/p>\n<table width=\"774\">\n<tbody>\n<tr>\n<td width=\"177\">Artikel<\/td>\n<td width=\"597\">M\u00fcnzetui aus Aluminium<\/td>\n<\/tr>\n<tr>\n<td>Abmessungen<\/td>\n<td>Anpassen<\/td>\n<\/tr>\n<tr>\n<td>Farben<\/td>\n<td>Wie die Bilder zeigen oder anpassen<\/td>\n<\/tr>\n<tr>\n<td>Materialien<\/td>\n<td>Aluminium, ABS-Platte, MDF-Platte, EVA\/Schaum\/Stoff\/PU-Futter, Hardware<\/td>\n<\/tr>\n<tr>\n<td>Logo<\/td>\n<td>Metallplattenlogo, gedrucktes Logo, gepr\u00e4gtes Logo, Laserlogo<\/td>\n<\/tr>\n<tr>\n<td>Beispielzeit<\/td>\n<td>7 Tage<\/td>\n<\/tr>\n<tr>\n<td>Verschiffungshafen<\/td>\n<td>Guangzhou, Shenzhen<\/td>\n<\/tr>\n<tr>\n<td>Handelsbedingungen<\/td>\n<td>EXW, FOB, CIF, DDU, DDP<\/td>\n<\/tr>\n<tr>\n<td>Zahlungsarten<\/td>\n<td>T\/T, Barzahlung, PayPal, Kreditkarte<\/td>\n<\/tr>\n<\/tbody>\n<\/table>\n<p><span style=\"color: #003366;\">Merkmale:<\/span><\/p>\n<div id=\"tab-label-description\" class=\"data item title active\" tabindex=\"0\" role=\"tab\" data-role=\"collapsible\" data-collapsible=\"true\" aria-controls=\"description\" aria-selected=\"false\" aria-expanded=\"true\"><a id=\"tab-label-description-title\" class=\"data switch\" tabindex=\"-1\" href=\"https:\/\/www.vst.com.au\/giant-coin-case.html#description\" data-toggle=\"trigger\" target=\"_blank\" rel=\"noopener\">Produktinformation<\/a><\/div>\n<div id=\"description\" class=\"data item content\" role=\"tabpanel\" aria-labelledby=\"tab-label-description\" data-role=\"content\" aria-hidden=\"false\">\n<div class=\"product attribute description\">\n<div class=\"value\">\n<div data-content-type=\"html\" data-appearance=\"default\" data-element=\"main\" data-decoded=\"true\">\n<ul>\n<li>Innen mit rot\/blauem Samt gef\u00fcttert<\/li>\n<li>Mit 15 roten Trays f\u00fcr M\u00fcnzen unterschiedlicher Durchmesser<\/li>\n<li>Abschlie\u00dfbar, 2 Schl\u00fcssel<\/li>\n<li>Geh\u00e4usema\u00dfe = 350 x 245 x 165 mm<\/li>\n<li>Au\u00dfenma\u00df der Wanne = 330 x 220 mm<\/li>\n<\/ul>\n<\/div>\n<\/div>\n<\/div>\n<\/div>","protected":false},"excerpt":{"rendered":"<p>Modell: KY209<\/p>\n<p>Gr\u00f6\u00dfe: 350 x 245 x 165 mm<\/p>\n<p>Kapazit\u00e4t: Fasst 20 M\u00fcnzplatten<\/p>\n<p>Mindestbestellmenge: 100 St\u00fcck<\/p>\n<p>Lieferzeit: 15-25 Tage<\/p>\n<p>Probe: Verf\u00fcgbar<\/p>","protected":false},"featured_media":23178,"template":"","meta":{"_gspb_post_css":""},"product_cat":[84],"product_tag":[],"featured_image_urls":{"full":["https:\/\/suncasesupply.com\/wp-content\/uploads\/2024\/06\/s-l1600-1.jpg",502,452,false],"thumbnail":["https:\/\/suncasesupply.com\/wp-content\/uploads\/2024\/06\/s-l1600-1-150x150.jpg",150,150,true],"medium":["https:\/\/suncasesupply.com\/wp-content\/uploads\/2024\/06\/s-l1600-1-300x270.jpg",300,270,true],"medium_large":["https:\/\/suncasesupply.com\/wp-content\/uploads\/2024\/06\/s-l1600-1.jpg",502,452,false],"large":["https:\/\/suncasesupply.com\/wp-content\/uploads\/2024\/06\/s-l1600-1.jpg",502,452,false],"1536x1536":["https:\/\/suncasesupply.com\/wp-content\/uploads\/2024\/06\/s-l1600-1.jpg",502,452,false],"2048x2048":["https:\/\/suncasesupply.com\/wp-content\/uploads\/2024\/06\/s-l1600-1.jpg",502,452,false],"trp-custom-language-flag":["https:\/\/suncasesupply.com\/wp-content\/uploads\/2024\/06\/s-l1600-1-13x12.jpg",13,12,true],"woocommerce_thumbnail":["https:\/\/suncasesupply.com\/wp-content\/uploads\/2024\/06\/s-l1600-1-300x300.jpg",300,300,true],"woocommerce_single":["https:\/\/suncasesupply.com\/wp-content\/uploads\/2024\/06\/s-l1600-1.jpg",502,452,false],"woocommerce_gallery_thumbnail":["https:\/\/suncasesupply.com\/wp-content\/uploads\/2024\/06\/s-l1600-1-100x100.jpg",100,100,true]},"post_excerpt_stackable":"<p>Model : KY209<\/p>\n<p>Size: 350 x 245 x 165 mm<\/p>\n<p>Capacity: Holds 20 Coin slabs<\/p>\n<p>MOQ: 100pcs<\/p>\n<p>Delivery Time : 15-25 Days<\/p>\n<p>Sample : Available<\/p>\n","category_list":"","author_info":{"name":"","url":""},"comments_num":"0 comments","_links":{"self":[{"href":"https:\/\/suncasesupply.com\/de\/wp-json\/wp\/v2\/product\/23177"}],"collection":[{"href":"https:\/\/suncasesupply.com\/de\/wp-json\/wp\/v2\/product"}],"about":[{"href":"https:\/\/suncasesupply.com\/de\/wp-json\/wp\/v2\/types\/product"}],"wp:featuredmedia":[{"embeddable":true,"href":"https:\/\/suncasesupply.com\/de\/wp-json\/wp\/v2\/media\/23178"}],"wp:attachment":[{"href":"https:\/\/suncasesupply.com\/de\/wp-json\/wp\/v2\/media?parent=23177"}],"wp:term":[{"taxonomy":"product_cat","embeddable":true,"href":"https:\/\/suncasesupply.com\/de\/wp-json\/wp\/v2\/product_cat?post=23177"},{"taxonomy":"product_tag","embeddable":true,"href":"https:\/\/suncasesupply.com\/de\/wp-json\/wp\/v2\/product_tag?post=23177"}],"curies":[{"name":"wp","href":"https:\/\/api.w.org\/{rel}","templated":true}]}}