{"id":23054,"date":"2024-06-05T15:31:59","date_gmt":"2024-06-05T07:31:59","guid":{"rendered":"https:\/\/suncasesupply.com\/?post_type=product&#038;p=23054"},"modified":"2025-10-28T17:59:57","modified_gmt":"2025-10-28T09:59:57","slug":"black-aluminum-storage-case-customized-hard-case-carrying-tool-case-with-foam","status":"publish","type":"product","link":"https:\/\/suncasesupply.com\/de\/product\/black-aluminum-storage-case-customized-hard-case-carrying-tool-case-with-foam\/","title":{"rendered":"Schwarzer Aluminium-Aufbewahrungskoffer, individueller Hartschalenkoffer, Werkzeugkoffer mit Schaumstoff"},"content":{"rendered":"<h4><span style=\"color: #003366;\">Merkmale:<\/span><\/h4>\n<ul>\n<li><strong><b>Premium Qualit\u00e4t<\/b><\/strong>: Hergestellt aus einer hochwertigen Aluminiumlegierung und einer dicken MDF-Platte, kann es nicht leicht besch\u00e4digt oder verformt werden und ist lange verwendbar.<\/li>\n<li><strong><b>Doppelter Schutz<\/b><\/strong>: Verriegelungsdesign zur Gew\u00e4hrleistung von Sicherheit und Privatsph\u00e4re. Das Schaumstofffutter im Inneren und die verst\u00e4rkten Anti-Schock-Ecken sch\u00fctzen Ihre Gegenst\u00e4nde vor Besch\u00e4digungen w\u00e4hrend des Transports oder der Lagerung.<\/li>\n<li><strong><b>Einfach zu verwenden<\/b><\/strong>: Halten Sie Ihre Gegenst\u00e4nde mit den intuitiven Schnellverschl\u00fcssen und Scharnieren dieses Aluminiumkoffers in Ordnung.<\/li>\n<li><strong><b>Funktionen des Schaums<\/b><\/strong>: Der DIY-Schaumstoff im Aluminiumkoffer kann in jede beliebige Form zugeschnitten werden, damit er zu Ihren Waren passt.<\/li>\n<\/ul>\n<div style=\"display: flex; gap: 20px;\">\n<p><!-- \u7b2c\u4e00\u680f --><\/p>\n<div style=\"flex: 1; text-align: center;\">\n<p><img decoding=\"async\" style=\"max-width: 100%; height: auto; margin-bottom: 10px;\" src=\"https:\/\/suncasesupply.com\/wp-content\/uploads\/2025\/03\/1-Round-Corner-Aluminum-Frame.jpg\" alt=\"Aluminiumrahmen mit abgerundeten Ecken\" \/><\/p>\n<p><b><\/b><strong><b>Aluminiumrahmen mit abgerundeten Ecken<\/b><\/strong><\/p>\n<p style=\"margin: 0;\">Das Aluminiumgeh\u00e4use mit Aluminiumrahmen und abgerundeten Metallecken verbessert nicht nur die Kollisionsfestigkeit und dient als Schutz, sondern verleiht dem gesamten Geh\u00e4use auch ein luxuri\u00f6seres Erscheinungsbild.<\/p>\n<p>&nbsp;<\/p>\n<\/div>\n<p><!-- \u7b2c\u4e8c\u680f --><\/p>\n<div style=\"flex: 1; text-align: center;\">\n<p><img decoding=\"async\" style=\"max-width: 100%; height: auto; margin-bottom: 10px;\" src=\"https:\/\/suncasesupply.com\/wp-content\/uploads\/2025\/03\/2-Middle-Protect-Corner.jpg\" alt=\"Mittlere Schutzecke\" \/><\/p>\n<p><b><\/b><strong><b>Mittlere Schutzecke<\/b><\/strong><\/p>\n<p style=\"margin: 0;\">Generell werden die L\u00e4ngs- und Breitseiten von Aluminiumkoffern mit einer mittleren Schutzecke versehen, um die Stabilit\u00e4t und Tragf\u00e4higkeit des Koffers zu erh\u00f6hen. Je gr\u00f6\u00dfer der Koffer, desto mehr mittlere Schutzecken werden ben\u00f6tigt.<\/p>\n<\/div>\n<p><!-- \u7b2c\u4e09\u680f --><\/p>\n<div style=\"flex: 1; text-align: center;\">\n<p><img decoding=\"async\" style=\"max-width: 100%; height: auto; margin-bottom: 10px;\" src=\"https:\/\/suncasesupply.com\/wp-content\/uploads\/2025\/03\/3-Protective-Foam.jpg\" alt=\"Schutzschaum\" \/><\/p>\n<p><b><\/b><strong><b>Schutzschaum<\/b><\/strong><\/p>\n<p>Der Eierschaum der oberen Abdeckung kann St\u00f6\u00dfe verhindern und die Produkte im Inneren sch\u00fctzen. Gleichzeitig passt der untere Deckel des Koffers zum Pick &amp; Pluck-DIY-Schaum, der die Gegenst\u00e4nde entsprechend sch\u00fctzt und anpasst.<\/p>\n<\/div>\n<p><!-- \u7b2c\u56db\u680f --><\/p>\n<div style=\"flex: 1; text-align: center;\">\n<p><img decoding=\"async\" style=\"max-width: 100%; height: auto; margin-bottom: 10px;\" src=\"https:\/\/suncasesupply.com\/wp-content\/uploads\/2025\/03\/4-Handle-2.jpg\" alt=\"Handhaben\" \/><\/p>\n<p><strong><b>Handhaben<\/b><\/strong><\/p>\n<p style=\"margin: 0;\">Dank des robusten und leichten Metallgriffs l\u00e4sst sich dieser Aluminiumkoffer bequem tragen. Erm\u00f6glicht den einfachen Transport Ihrer Sachen.<\/p>\n<\/div>\n<\/div>\n<h4><span style=\"color: #003366;\">Herstellungsverfahren:<\/span><\/h4>\n<p><img decoding=\"async\" style=\"max-width: 100%; height: auto; margin-bottom: 10px;\" src=\"https:\/\/suncasesupply.com\/wp-content\/uploads\/2025\/07\/Manufacturing-Process.png\" alt=\"Herstellungsprozess von Suncase\" \/><\/p>\n<div style=\"display: flex; gap: 20px;\">\n<p><!-- \u7b2c\u4e00\u680f \u6d41\u7a0b1--><\/p>\n<div style=\"flex: 1; text-align: center;\"><\/div>\n<\/div>\n<div style=\"display: flex; gap: 20px;\">\n<div style=\"flex: 1; text-align: center;\">\n<p style=\"font-weight: bold; margin: 5px 0;\">\n<\/div>\n<\/div>\n<h4><span style=\"color: #003366;\">Hilfreiche Informationen f\u00fcr Gro\u00dfabnehmer:<\/span><\/h4>\n<ul>\n<li class=\"page-title\" title=\"Was macht Sportkarten so wertvoll?\">\n<p class=\"page-title\" title=\"Verschiedene Arten von Aluminium-Tragekoffern\"><a href=\"https:\/\/suncasesupply.com\/de\/blog\/custom-aluminum-case\/different-types-of-aluminum-carrying-cases\/\">Verschiedene Arten von Aluminium-Tragekoffern &gt;&gt;<\/a><\/p>\n<\/li>\n<li title=\"Was macht Sportkarten so wertvoll?\">\n<p class=\"page-title\" title=\"Alles, was Sie \u00fcber Aluminiumkoffer wissen m\u00fcssen\"><a href=\"https:\/\/suncasesupply.com\/de\/blog\/all-you-need-to-know-about-aluminum-cases\/\">Alles, was Sie \u00fcber Aluminiumkoffer wissen m\u00fcssen &gt;&gt;<\/a><\/p>\n<\/li>\n<li title=\"Was macht Sportkarten so wertvoll?\">\n<p class=\"page-title\" title=\"Wie w\u00e4hlt man das richtige Aluminiumgeh\u00e4use aus?\"><a href=\"https:\/\/suncasesupply.com\/de\/blog\/selection-of-aluminum-case\/\">Wie w\u00e4hlt man das richtige Aluminiumgeh\u00e4use aus? &gt;&gt;<\/a><\/p>\n<\/li>\n<\/ul>","protected":false},"excerpt":{"rendered":"<p>Modell:KY-0090<\/p>\n<p>Gr\u00f6\u00dfe: 41x30x12cm oder individuelle Gr\u00f6\u00dfe<\/p>\n<p>Farben: Silber oder Schwarz<\/p>\n<p>Materialien: Silberner Aluminiumrahmen, schwarze ABS-Platte, MDF-Platte, Schaumstoff, Hardware.<\/p>\n<p>Logo: Siebdruck-Logo, Metallplatten-Logo.<\/p>\n<p>Mindestbestellmenge: 100 St\u00fcck<\/p>\n<p>Probe: Verf\u00fcgbar, Probezeit ca. 7 Tage.<\/p>","protected":false},"featured_media":23055,"template":"","meta":{"_gspb_post_css":""},"product_cat":[42,80],"product_tag":[],"featured_image_urls":{"full":["https:\/\/suncasesupply.com\/wp-content\/uploads\/2024\/06\/7.jpg",1000,1000,false],"thumbnail":["https:\/\/suncasesupply.com\/wp-content\/uploads\/2024\/06\/7-150x150.jpg",150,150,true],"medium":["https:\/\/suncasesupply.com\/wp-content\/uploads\/2024\/06\/7-300x300.jpg",300,300,true],"medium_large":["https:\/\/suncasesupply.com\/wp-content\/uploads\/2024\/06\/7-768x768.jpg",768,768,true],"large":["https:\/\/suncasesupply.com\/wp-content\/uploads\/2024\/06\/7.jpg",1000,1000,false],"1536x1536":["https:\/\/suncasesupply.com\/wp-content\/uploads\/2024\/06\/7.jpg",1000,1000,false],"2048x2048":["https:\/\/suncasesupply.com\/wp-content\/uploads\/2024\/06\/7.jpg",1000,1000,false],"trp-custom-language-flag":["https:\/\/suncasesupply.com\/wp-content\/uploads\/2024\/06\/7-12x12.jpg",12,12,true],"woocommerce_thumbnail":["https:\/\/suncasesupply.com\/wp-content\/uploads\/2024\/06\/7-300x300.jpg",300,300,true],"woocommerce_single":["https:\/\/suncasesupply.com\/wp-content\/uploads\/2024\/06\/7-600x600.jpg",600,600,true],"woocommerce_gallery_thumbnail":["https:\/\/suncasesupply.com\/wp-content\/uploads\/2024\/06\/7-100x100.jpg",100,100,true]},"post_excerpt_stackable":"<p>Model:KY-0090<\/p>\n<p>Size: 41x30x12cm or customize size<\/p>\n<p>Colors: Silver color, or Black color<\/p>\n<p>Materials: Silver Aluminum\u00a0frame,\u00a0Black ABS Panel,\u00a0MDF Board,\u00a0Foam, Hardware.<\/p>\n<p>Logo: Silk Printing Logo, Metal Plate Logo..<\/p>\n<p>MOQ: 100pcs<\/p>\n<p>Sample: Available, sample time about 7 days.<\/p>\n","category_list":"","author_info":{"name":"","url":""},"comments_num":"0 comments","_links":{"self":[{"href":"https:\/\/suncasesupply.com\/de\/wp-json\/wp\/v2\/product\/23054"}],"collection":[{"href":"https:\/\/suncasesupply.com\/de\/wp-json\/wp\/v2\/product"}],"about":[{"href":"https:\/\/suncasesupply.com\/de\/wp-json\/wp\/v2\/types\/product"}],"wp:featuredmedia":[{"embeddable":true,"href":"https:\/\/suncasesupply.com\/de\/wp-json\/wp\/v2\/media\/23055"}],"wp:attachment":[{"href":"https:\/\/suncasesupply.com\/de\/wp-json\/wp\/v2\/media?parent=23054"}],"wp:term":[{"taxonomy":"product_cat","embeddable":true,"href":"https:\/\/suncasesupply.com\/de\/wp-json\/wp\/v2\/product_cat?post=23054"},{"taxonomy":"product_tag","embeddable":true,"href":"https:\/\/suncasesupply.com\/de\/wp-json\/wp\/v2\/product_tag?post=23054"}],"curies":[{"name":"wp","href":"https:\/\/api.w.org\/{rel}","templated":true}]}}