{"id":23035,"date":"2024-05-28T11:57:15","date_gmt":"2024-05-28T03:57:15","guid":{"rendered":"https:\/\/suncasesupply.com\/?post_type=product&#038;p=23035"},"modified":"2025-09-04T15:19:21","modified_gmt":"2025-09-04T07:19:21","slug":"aluminum-tool-case-carrying-hard-storage-case-with-foam-insert","status":"publish","type":"product","link":"https:\/\/suncasesupply.com\/de\/product\/aluminum-tool-case-carrying-hard-storage-case-with-foam-insert\/","title":{"rendered":"Werkzeugkoffer aus Aluminium, Hartschalenkoffer mit Schaumstoffeinlage"},"content":{"rendered":"<h4><span style=\"color: #003366;\">Merkmale:<\/span><\/h4>\n<ul>\n<li>\n<p data-start=\"77\" data-end=\"333\"><strong>Sicheres Design:<\/strong> Abschlie\u00dfbarer Aluminium-Tragekoffer mit 2 Schl\u00f6ssern und Gummigriff, den Sie problemlos \u00fcberallhin mitnehmen k\u00f6nnen. Der wasserfeste Aluminium-Tragekoffer sch\u00fctzt Wertgegenst\u00e4nde und zerbrechliche Gegenst\u00e4nde vor versehentlicher Feuchtigkeitseinwirkung.<\/p>\n<\/li>\n<li>\n<p data-start=\"77\" data-end=\"333\"><strong>Haltbarkeit und Schutz:<\/strong> Der Hartschalenkoffer bietet bruchsichere Haltbarkeit und einzigartige exklusive Funktionen, die sich perfekt zum Schutz von Ger\u00e4ten in Branchen wie Fotografie, Luftdrohnen, Laptops, Werkzeugen, Musik und Medizin eignen. Viele Anbieter von Aluminium-Tragekoffern empfehlen diese Art von Design f\u00fcr Profis.<\/p>\n<\/li>\n<li>\n<p data-start=\"77\" data-end=\"333\"><strong>Anpassbare Schaumstoff-Innenausstattung:<\/strong> DIY-Schaumstoff, obere Innenabdeckung aus Eierschaumstoff zum Schutz. Unterer Deckel aus DIY-Schaumstoff (Pick &amp; Pluck-Schaumstoff). Sehr praktisch f\u00fcr Kunden, um Platz und Gr\u00f6\u00dfe des Schaumstoffs selbst an ihre Gegenst\u00e4nde anzupassen, was ihn zu einem hervorragenden Aluminium-Tragekoffer mit Schaumstoff macht.<\/p>\n<\/li>\n<li>\n<p data-start=\"77\" data-end=\"333\"><strong>Gro\u00dfhandelsverf\u00fcgbarkeit:<\/strong> Dieses Design ist auch \u00fcber den Gro\u00dfhandel f\u00fcr Aluminium-Tragetaschen weithin erh\u00e4ltlich und bietet den Benutzern sowohl Erschwinglichkeit als auch Qualit\u00e4t.<\/p>\n<\/li>\n<\/ul>\n<h4><span style=\"color: #003366;\">Produktdetails:<\/span><\/h4>\n<div style=\"display: flex; gap: 20px;\">\n<p><!-- \u7b2c\u4e00\u680f --><\/p>\n<div style=\"flex: 1; text-align: center;\">\n<p><img decoding=\"async\" style=\"max-width: 100%; height: auto; margin-bottom: 10px;\" src=\"https:\/\/suncasesupply.com\/wp-content\/uploads\/2025\/03\/1-Feet-Mat.jpg\" alt=\"Fu\u00dfmatte\" \/><\/p>\n<p><strong><b>Fu\u00dfmatte<\/b><\/strong><\/p>\n<p style=\"margin: 0;\">Die Fu\u00dfmatte befindet sich am Boden des Aluminiumkoffers. Wenn der Koffer horizontal platziert wird, kann sie ihn vom Boden isolieren und so die Verschmutzungsgefahr verringern. Gleichzeitig bietet sie einen gewissen Kollisionsschutz und weitere Schutzeffekte.<\/p>\n<p>&nbsp;<\/p>\n<\/div>\n<p><!-- \u7b2c\u4e8c\u680f --><\/p>\n<div style=\"flex: 1; text-align: center;\">\n<p><img decoding=\"async\" style=\"max-width: 100%; height: auto; margin-bottom: 10px;\" src=\"https:\/\/suncasesupply.com\/wp-content\/uploads\/2025\/03\/2-Locks-with-Key.jpg\" alt=\"Schl\u00f6sser mit Schl\u00fcssel\" \/><\/p>\n<p><strong><b>Schl\u00f6sser mit Schl\u00fcssel<\/b><\/strong><\/p>\n<p style=\"margin: 0;\">Der Aluminium-Tragekoffer verf\u00fcgt \u00fcber zwei Schl\u00f6sser, jedes Schloss hat einen passenden Schl\u00fcssel. Dies erh\u00f6ht die Gesamtsicherheit des Koffers. Werkzeugschl\u00f6sser wie abgebildet oder Kombinationsschl\u00f6sser sind die \u00fcblichen Schl\u00f6sser f\u00fcr Aluminiumkoffer.<\/p>\n<\/div>\n<p><!-- \u7b2c\u4e09\u680f --><\/p>\n<div style=\"flex: 1; text-align: center;\">\n<p><img decoding=\"async\" style=\"max-width: 100%; height: auto; margin-bottom: 10px;\" src=\"https:\/\/suncasesupply.com\/wp-content\/uploads\/2025\/03\/3-Strong-Handle.jpg\" alt=\"Starker Griff\" \/><\/p>\n<p><b><\/b><strong><b>Starker Griff<\/b><\/strong><\/p>\n<p>Ein stabiler und bequemer Griff ist f\u00fcr den Aluminium-Tragekoffer sehr wichtig. Er verbessert das Ladegewicht und die Tragbarkeit des Koffers im Freien. Gleichzeitig ist der Griff auch ein wichtiger Bestandteil des \u00e4sthetischen Designs.<\/p>\n<\/div>\n<p><!-- \u7b2c\u56db\u680f --><\/p>\n<div style=\"flex: 1; text-align: center;\">\n<p><img decoding=\"async\" style=\"max-width: 100%; height: auto; margin-bottom: 10px;\" src=\"https:\/\/suncasesupply.com\/wp-content\/uploads\/2025\/03\/4-Back-Hinge.jpg\" alt=\"Hinteres Scharnier\" \/><\/p>\n<p><strong><b>Hinteres Scharnier<\/b><\/strong><\/p>\n<p style=\"margin: 0;\">Zwei hintere Scharniere verbinden Ober- und Unterteil des Aluminiumkoffers. Sie sind ein unverzichtbares Zubeh\u00f6r und werden in der Regel aus hochwertigen und robusten Materialien gefertigt. Das hintere Scharnier ist in verschiedenen Ausf\u00fchrungen erh\u00e4ltlich. Wir w\u00e4hlen das passende Scharnier je nach Gr\u00f6\u00dfe und Traggewicht des Koffers.<\/p>\n<\/div>\n<\/div>\n<div style=\"background-color: #29599a; padding: 40px 20px; text-align: center; color: #ffffff; border-radius: 10px; margin: 40px auto; max-width: 960px;\">\n<h2 style=\"font-size: 22px; margin-bottom: 20px; font-weight: bold;\">Sun Case Aluminium-Tragekoffer, Gro\u00dfhandel, Mindestbestellmenge 100 f\u00fcr B2B-K\u00e4ufer.<\/h2>\n<p><a style=\"display: inline-block; padding: 12px 28px; background-color: #ffffff; color: #29599a; text-decoration: none; border-radius: 6px; font-weight: bold;\" href=\"https:\/\/suncasesupply.com\/de\/contact-us\/\" target=\"_blank\" rel=\"noopener\">Fordern Sie noch heute ein Angebot an<br \/>\n<\/a><\/p>\n<\/div>\n<h4><span style=\"color: #003366;\">Herstellungsverfahren:<\/span><\/h4>\n<p><img decoding=\"async\" style=\"max-width: 100%; height: auto; margin-bottom: 10px;\" src=\"https:\/\/suncasesupply.com\/wp-content\/uploads\/2025\/07\/Manufacturing-Process.png\" alt=\"Herstellungsprozess von Suncase\" \/><\/p>\n<div style=\"display: flex; gap: 20px;\"><\/div>\n<div style=\"display: flex; gap: 20px;\">\n<div style=\"flex: 1; text-align: center;\">\n<p style=\"font-weight: bold; margin: 5px 0;\">\n<\/div>\n<\/div>\n<h4><span style=\"color: #003366;\">Hilfreiche Informationen f\u00fcr Gro\u00dfabnehmer:<\/span><\/h4>\n<ul>\n<li class=\"page-title\" title=\"Was macht Sportkarten so wertvoll?\">\n<p class=\"page-title\" title=\"6 Gr\u00fcnde, warum Sie mit einer Aluminium-Aufbewahrungsbox Ordnung schaffen sollten\"><a href=\"https:\/\/suncasesupply.com\/de\/blog\/custom-aluminum-case\/6-reasons-to-use-aluminum-storage-box-today\/\">6 Gr\u00fcnde, warum Sie mit einer Aluminium-Aufbewahrungsbox Ordnung schaffen sollten &gt;&gt;<\/a><\/p>\n<\/li>\n<li title=\"Was macht Sportkarten so wertvoll?\">\n<p class=\"page-title\" title=\"Was sind die Vorteile eines Aluminiumkoffers?\"><a href=\"https:\/\/suncasesupply.com\/de\/blog\/advantages-of-aluminum-case\/\">Welche Vorteile bietet ein Aluminiumkoffer? &gt;&gt;<\/a><\/p>\n<\/li>\n<\/ul>","protected":false},"excerpt":{"rendered":"<p>Modell:KY-0089<\/p>\n<p>Gr\u00f6\u00dfe: 356 x 256 x 96 mm oder Gr\u00f6\u00dfe anpassen<\/p>\n<p>Farben: Silberfarbe oder andere benutzerdefinierte Farben.<\/p>\n<p>Materialien: Silberner Aluminiumrahmen, MDF-Platte, ABS-Platte, Pick&amp;Pluck-Schaum, Hardware.<\/p>\n<p>Logo: Logo auf Metallplatte, Logo auf Siebdruck.<\/p>\n<p>Mindestbestellmenge: 100 St\u00fcck<\/p>\n<p>Probe: Verf\u00fcgbar, Probezeit ca. 7 Tage.<\/p>","protected":false},"featured_media":23036,"template":"","meta":{"_gspb_post_css":""},"product_cat":[42,80],"product_tag":[],"featured_image_urls":{"full":["https:\/\/suncasesupply.com\/wp-content\/uploads\/2024\/05\/aluminum-case.jpg",800,800,false],"thumbnail":["https:\/\/suncasesupply.com\/wp-content\/uploads\/2024\/05\/aluminum-case-150x150.jpg",150,150,true],"medium":["https:\/\/suncasesupply.com\/wp-content\/uploads\/2024\/05\/aluminum-case-300x300.jpg",300,300,true],"medium_large":["https:\/\/suncasesupply.com\/wp-content\/uploads\/2024\/05\/aluminum-case-768x768.jpg",768,768,true],"large":["https:\/\/suncasesupply.com\/wp-content\/uploads\/2024\/05\/aluminum-case.jpg",800,800,false],"1536x1536":["https:\/\/suncasesupply.com\/wp-content\/uploads\/2024\/05\/aluminum-case.jpg",800,800,false],"2048x2048":["https:\/\/suncasesupply.com\/wp-content\/uploads\/2024\/05\/aluminum-case.jpg",800,800,false],"trp-custom-language-flag":["https:\/\/suncasesupply.com\/wp-content\/uploads\/2024\/05\/aluminum-case-12x12.jpg",12,12,true],"woocommerce_thumbnail":["https:\/\/suncasesupply.com\/wp-content\/uploads\/2024\/05\/aluminum-case-300x300.jpg",300,300,true],"woocommerce_single":["https:\/\/suncasesupply.com\/wp-content\/uploads\/2024\/05\/aluminum-case-600x600.jpg",600,600,true],"woocommerce_gallery_thumbnail":["https:\/\/suncasesupply.com\/wp-content\/uploads\/2024\/05\/aluminum-case-100x100.jpg",100,100,true]},"post_excerpt_stackable":"<p>Model:KY-0089<\/p>\n<p>Size: 356x256x96mm or customize size<\/p>\n<p>Colors: Silver color, or other customized colors.<\/p>\n<p>Materials: Silver Aluminum\u00a0frame, MDF Board, ABS\u00a0Panel,\u00a0Pick&amp;Pluck Foam, Hardware.<\/p>\n<p>Logo: Metal plate logo, Silk Printing Logo.<\/p>\n<p>MOQ: 100pcs<\/p>\n<p>Sample: Available, sample time about 7 days.<\/p>\n","category_list":"","author_info":{"name":"","url":""},"comments_num":"0 comments","_links":{"self":[{"href":"https:\/\/suncasesupply.com\/de\/wp-json\/wp\/v2\/product\/23035"}],"collection":[{"href":"https:\/\/suncasesupply.com\/de\/wp-json\/wp\/v2\/product"}],"about":[{"href":"https:\/\/suncasesupply.com\/de\/wp-json\/wp\/v2\/types\/product"}],"wp:featuredmedia":[{"embeddable":true,"href":"https:\/\/suncasesupply.com\/de\/wp-json\/wp\/v2\/media\/23036"}],"wp:attachment":[{"href":"https:\/\/suncasesupply.com\/de\/wp-json\/wp\/v2\/media?parent=23035"}],"wp:term":[{"taxonomy":"product_cat","embeddable":true,"href":"https:\/\/suncasesupply.com\/de\/wp-json\/wp\/v2\/product_cat?post=23035"},{"taxonomy":"product_tag","embeddable":true,"href":"https:\/\/suncasesupply.com\/de\/wp-json\/wp\/v2\/product_tag?post=23035"}],"curies":[{"name":"wp","href":"https:\/\/api.w.org\/{rel}","templated":true}]}}