{"id":23025,"date":"2024-05-25T11:25:42","date_gmt":"2024-05-25T03:25:42","guid":{"rendered":"https:\/\/suncasesupply.com\/?post_type=product&#038;p=23025"},"modified":"2025-09-04T15:15:27","modified_gmt":"2025-09-04T07:15:27","slug":"aluminum-rolling-briefcase-trolley-pilot-case-with-combination-locks","status":"publish","type":"product","link":"https:\/\/suncasesupply.com\/de\/product\/aluminum-rolling-briefcase-trolley-pilot-case-with-combination-locks\/","title":{"rendered":"Aluminium Rollkoffer Trolley Pilotenkoffer mit Zahlenschl\u00f6ssern"},"content":{"rendered":"<h4><span style=\"color: #003366;\">Merkmale:<\/span><\/h4>\n<ul>\n<li><strong><b>Ausgezeichnete Haltbarkeit<\/b><\/strong>: Der Pilotenkoffer besteht haupts\u00e4chlich aus Aluminium, MDF-Platten, Innenfutter und weiterem Zubeh\u00f6r. In Kombination mit dem Trolley und den R\u00e4dern ist er \u00e4u\u00dferst langlebig und belastbar. Das macht ihn zum idealen Aluminium-Rollkoffer f\u00fcr Profis.<\/li>\n<li><strong><b>Sicherheit<\/b><\/strong><strong><b>:<\/b><\/strong><strong><b>\u00a0<\/b><\/strong>Da der Pilotenkoffer \u00fcblicherweise zum Transport wichtiger Produkte verwendet wird, war seine Sicherheit bei der Herstellung ein wichtiger Faktor. Die robuste Konstruktion und die sicheren Zahlenschl\u00f6sser gew\u00e4hrleisten seine grundlegende Sicherheit und machen ihn zu einem zuverl\u00e4ssigen Rollkoffer aus Aluminium.<\/li>\n<li><strong><b>Tragbares Tragen: <\/b><\/strong>Der Koffer verf\u00fcgt \u00fcber einen stabilen Griff an der Oberseite sowie einen Trolley und Rollen an der R\u00fcckseite, sodass Sie ihn wahlweise mit Griff oder Trolley tragen k\u00f6nnen. Die Zugstange spart Kraft, weshalb viele Nutzer diesen Aluminium-Aktenkoffer mit Rollen bevorzugen.<\/li>\n<\/ul>\n<div style=\"background-color: #29599a; padding: 40px 20px; text-align: center; color: #ffffff; border-radius: 10px; margin: 40px auto; max-width: 960px;\">\n<h2 style=\"font-size: 22px; margin-bottom: 20px; font-weight: bold;\">Sun Case Aluminium-Rollkoffer, Gro\u00dfhandel, Mindestbestellmenge nur 100 St\u00fcck.<\/h2>\n<p><a style=\"display: inline-block; padding: 12px 28px; background-color: #ffffff; color: #29599a; text-decoration: none; border-radius: 6px; font-weight: bold;\" href=\"https:\/\/suncasesupply.com\/de\/contact-us\/\" target=\"_blank\" rel=\"noopener\">Fordern Sie noch heute ein Angebot an<br \/>\n<\/a><\/p>\n<\/div>\n<h4><span style=\"color: #003366;\">Produktdetails:<\/span><\/h4>\n<div style=\"display: flex; gap: 20px;\">\n<p><!-- \u7b2c\u4e00\u680f --><\/p>\n<div style=\"flex: 1; text-align: center;\">\n<p><img decoding=\"async\" style=\"max-width: 100%; height: auto; margin-bottom: 10px;\" src=\"https:\/\/suncasesupply.com\/wp-content\/uploads\/2025\/01\/1-Combination-Locks.jpg\" alt=\"1-Kombinationsschl\u00f6sser\" \/><\/p>\n<p style=\"font-weight: bold; margin: 5px 0;\"><strong><b>Kombinationsschl\u00f6sser<\/b><\/strong><\/p>\n<p style=\"margin: 0;\">Der Pilotenkoffer enth\u00e4lt in der Regel wichtige und geheime Akten, Laptops oder andere Ger\u00e4te. Daher ist er mit einem Zahlenschloss ausgestattet, das f\u00fcr zus\u00e4tzliche Sicherheit sorgt. Die Drehkn\u00f6pfe m\u00fcssen zum \u00d6ffnen in einer bestimmten Reihenfolge auf bestimmte Zahlen gedreht werden. Das sorgt f\u00fcr hervorragende Sicherheit bei einem rollbaren Laptopkoffer aus Aluminium.<\/p>\n<\/div>\n<p><!-- \u7b2c\u4e8c\u680f --><\/p>\n<div style=\"flex: 1; text-align: center;\">\n<p><img decoding=\"async\" style=\"max-width: 100%; height: auto; margin-bottom: 10px;\" src=\"https:\/\/suncasesupply.com\/wp-content\/uploads\/2025\/01\/2-Trolley.jpg\" alt=\"2-Wagen\" \/><\/p>\n<p style=\"font-weight: bold; margin: 5px 0;\"><strong><b>Wagen<\/b><\/strong><\/p>\n<p style=\"margin: 0;\">Der eingebaute Trolley des Koffers ist beim Transport des Koffers hilfreich. Bei Verwendung mit R\u00e4dern kann er den Kraftaufwand f\u00fcr den Benutzer erheblich reduzieren. Die H\u00f6he des Trolleys kann angepasst werden, und der Benutzer kann die entsprechende H\u00f6he entsprechend seiner eigenen K\u00f6rpergr\u00f6\u00dfe einstellen.<\/p>\n<\/div>\n<p><!-- \u7b2c\u4e09\u680f --><\/p>\n<div style=\"flex: 1; text-align: center;\">\n<p><img decoding=\"async\" style=\"max-width: 100%; height: auto; margin-bottom: 10px;\" src=\"https:\/\/suncasesupply.com\/wp-content\/uploads\/2025\/01\/3-Wheel.jpg\" alt=\"3-R\u00e4der\" \/><\/p>\n<p style=\"font-weight: bold; margin: 5px 0;\"><strong><b>R\u00e4der<\/b><\/strong><\/p>\n<p style=\"margin: 0;\">Diese Art von eingebauten R\u00e4dern an der Unterseite des Pilotenkoffers verringert die k\u00f6rperliche Belastung, die mit dem Tragen schwerer Ausr\u00fcstung verbunden ist. Er ist robust und f\u00fcr den Einsatz im Freien geeignet, was die Effizienz bei der Arbeit steigert.<\/p>\n<\/div>\n<p><!-- \u7b2c\u56db\u680f --><\/p>\n<div style=\"flex: 1; text-align: center;\">\n<p><img decoding=\"async\" style=\"max-width: 100%; height: auto; margin-bottom: 10px;\" src=\"https:\/\/suncasesupply.com\/wp-content\/uploads\/2025\/01\/4-Lining.jpg\" alt=\"4-Futter\" \/><\/p>\n<p style=\"font-weight: bold; margin: 5px 0;\"><strong><b>Beschichtung<\/b><\/strong><\/p>\n<p style=\"margin: 0;\">Das Futter des Pilotenkoffers besteht aus Polyestergewebe. Das Futter ist in der Regel kariert, kann aber auch mit Ihrem Markenlogo personalisiert werden. Das Futter verleiht dem Koffer ein besseres Aussehen und bietet einen gewissen Schutz f\u00fcr die darin enthaltenen Speicherprodukte, was bei einem Aluminium-Rollkoffer f\u00fcr Computer von Vorteil ist.<\/p>\n<\/div>\n<\/div>\n<div style=\"background-color: #29599a; padding: 40px 20px; text-align: center; color: #ffffff; border-radius: 10px; margin: 40px auto; max-width: 960px;\">\n<h2 style=\"font-size: 22px; margin-bottom: 20px; font-weight: bold;\">Bestellen Sie jetzt den Sun Case Aluminium-Aktenkoffer mit Rollen, Mindestbestellmenge 100 St\u00fcck.<\/h2>\n<p><a style=\"display: inline-block; padding: 12px 28px; background-color: #ffffff; color: #29599a; text-decoration: none; border-radius: 6px; font-weight: bold;\" href=\"https:\/\/suncasesupply.com\/de\/contact-us\/\" target=\"_blank\" rel=\"noopener\">Fordern Sie noch heute ein Angebot an<br \/>\n<\/a><\/p>\n<\/div>\n<h4><span style=\"color: #003366;\">Herstellungsverfahren:<\/span><\/h4>\n<p><img decoding=\"async\" style=\"max-width: 100%; height: auto; margin-bottom: 10px;\" src=\"https:\/\/suncasesupply.com\/wp-content\/uploads\/2025\/07\/Manufacturing-Process.png\" alt=\"Herstellungsprozess von Suncase\" \/><\/p>\n<div style=\"display: flex; gap: 20px;\">\n<p><!-- \u7b2c\u4e00\u680f \u6d41\u7a0b1--><\/p>\n<div style=\"flex: 1; text-align: center;\"><\/div>\n<\/div>\n<div style=\"display: flex; gap: 20px;\">\n<div style=\"flex: 1; text-align: center;\">\n<p style=\"font-weight: bold; margin: 5px 0;\">\n<\/div>\n<\/div>\n<h4><span style=\"color: #003366;\">Hilfreiche Informationen f\u00fcr Gro\u00dfabnehmer:<\/span><\/h4>\n<ul>\n<li class=\"page-title\" title=\"Was macht Sportkarten so wertvoll?\">\n<p class=\"page-title\" title=\"8 Gr\u00fcnde, warum Aluminium-Aktentaschen die beste Wahl f\u00fcr Gesch\u00e4ftsreisen sind\"><a href=\"https:\/\/suncasesupply.com\/de\/blog\/custom-aluminum-case\/8-reasons-why-aluminum-briefcases-is-your-best-choice-for-business-travel\/\">8 Gr\u00fcnde, warum Aluminium-Aktentaschen die beste Wahl f\u00fcr Gesch\u00e4ftsreisen sind &gt;&gt;<\/a><\/p>\n<\/li>\n<\/ul>","protected":false},"excerpt":{"rendered":"<p>Modell: SC-BA003<\/p>\n<p>Gr\u00f6\u00dfe: 485*230*390m<\/p>\n<p>Farben: Silberfarbe<\/p>\n<p>Materialien: Aluminiumrahmen, MDF-Platte, ABS-Platte, Wagen, R\u00e4der, Zubeh\u00f6r.<\/p>\n<p>Logo: Logo auf Metallplatte, Logo auf Siebdruck<\/p>\n<p>Mindestbestellmenge: 100 St\u00fcck<\/p>\n<p>Beispiel: Verf\u00fcgbar<\/p>","protected":false},"featured_media":23026,"template":"","meta":{"_gspb_post_css":""},"product_cat":[82],"product_tag":[],"featured_image_urls":{"full":["https:\/\/suncasesupply.com\/wp-content\/uploads\/2024\/05\/1-1.jpg",800,800,false],"thumbnail":["https:\/\/suncasesupply.com\/wp-content\/uploads\/2024\/05\/1-1-150x150.jpg",150,150,true],"medium":["https:\/\/suncasesupply.com\/wp-content\/uploads\/2024\/05\/1-1-300x300.jpg",300,300,true],"medium_large":["https:\/\/suncasesupply.com\/wp-content\/uploads\/2024\/05\/1-1-768x768.jpg",768,768,true],"large":["https:\/\/suncasesupply.com\/wp-content\/uploads\/2024\/05\/1-1.jpg",800,800,false],"1536x1536":["https:\/\/suncasesupply.com\/wp-content\/uploads\/2024\/05\/1-1.jpg",800,800,false],"2048x2048":["https:\/\/suncasesupply.com\/wp-content\/uploads\/2024\/05\/1-1.jpg",800,800,false],"trp-custom-language-flag":["https:\/\/suncasesupply.com\/wp-content\/uploads\/2024\/05\/1-1-12x12.jpg",12,12,true],"woocommerce_thumbnail":["https:\/\/suncasesupply.com\/wp-content\/uploads\/2024\/05\/1-1-300x300.jpg",300,300,true],"woocommerce_single":["https:\/\/suncasesupply.com\/wp-content\/uploads\/2024\/05\/1-1-600x600.jpg",600,600,true],"woocommerce_gallery_thumbnail":["https:\/\/suncasesupply.com\/wp-content\/uploads\/2024\/05\/1-1-100x100.jpg",100,100,true]},"post_excerpt_stackable":"<p>Model :SC-BA003<\/p>\n<p>Size: 485*230*390m<\/p>\n<p>Colors: Silver color<\/p>\n<p>Materials: Aluminum\u00a0frame, MDF Board, ABS\u00a0Panel,\u00a0Trolley, Wheels, \u00a0Accessories.<\/p>\n<p>Logo: Metal plate logo, Silk screen printing logo<\/p>\n<p>MOQ: 100pcs<\/p>\n<p>Sample: Available<\/p>\n","category_list":"","author_info":{"name":"","url":""},"comments_num":"0 comments","_links":{"self":[{"href":"https:\/\/suncasesupply.com\/de\/wp-json\/wp\/v2\/product\/23025"}],"collection":[{"href":"https:\/\/suncasesupply.com\/de\/wp-json\/wp\/v2\/product"}],"about":[{"href":"https:\/\/suncasesupply.com\/de\/wp-json\/wp\/v2\/types\/product"}],"wp:featuredmedia":[{"embeddable":true,"href":"https:\/\/suncasesupply.com\/de\/wp-json\/wp\/v2\/media\/23026"}],"wp:attachment":[{"href":"https:\/\/suncasesupply.com\/de\/wp-json\/wp\/v2\/media?parent=23025"}],"wp:term":[{"taxonomy":"product_cat","embeddable":true,"href":"https:\/\/suncasesupply.com\/de\/wp-json\/wp\/v2\/product_cat?post=23025"},{"taxonomy":"product_tag","embeddable":true,"href":"https:\/\/suncasesupply.com\/de\/wp-json\/wp\/v2\/product_tag?post=23025"}],"curies":[{"name":"wp","href":"https:\/\/api.w.org\/{rel}","templated":true}]}}