{"id":22385,"date":"2023-11-13T11:39:00","date_gmt":"2023-11-13T03:39:00","guid":{"rendered":"https:\/\/suncasesupply.com\/?post_type=product&#038;p=22385"},"modified":"2026-03-16T23:59:25","modified_gmt":"2026-03-16T15:59:25","slug":"aluminum-transparent-acrylic-display-case-measures-24-long-by-20-wide-and-3-tall","status":"publish","type":"product","link":"https:\/\/suncasesupply.com\/de\/product\/aluminum-transparent-acrylic-display-case-measures-24-long-by-20-wide-and-3-tall\/","title":{"rendered":"Die Vitrine aus transparentem Aluminiumacryl misst 24\u2033 L\u00e4nge, 20\u2033 Breite und 3\u2033 H\u00f6he"},"content":{"rendered":"<h4><span style=\"color: #003366;\">Merkmale:<\/span><\/h4>\n<ul>\n<li><strong>Tragbares Tragen:<\/strong> Diese tragbare Vitrine aus Aluminium und transparentem Acryl eignet sich zur Pr\u00e4sentation von Sportkarten, Schmuck, M\u00fcnzsammlungen, Numismatik, Uhren und anderen Gegenst\u00e4nden.<\/li>\n<li><strong>Sicherheit:<\/strong> Komplett mit 2 Schl\u00f6ssern und 2 Schl\u00fcsseln; auf Wunsch des Kunden kann ein Vorh\u00e4ngeschloss hinzugef\u00fcgt werden.<\/li>\n<li><strong>Acrylglasabdeckung zur Betrachtung des Inneren:<\/strong> Die transparente Oberseite sorgt f\u00fcr optimale Sichtbarkeit und macht die Acryl-Schmuckvitrine ideal f\u00fcr die Warenpr\u00e4sentation auf Messen oder im Einzelhandel. Auch als Messestandvitrine aus Aluminium eignet sie sich hervorragend und setzt jedes Detail Ihrer Artikel perfekt in Szene.<\/li>\n<li><strong>Anpassung<\/strong>Die Abmessungen und die Farbe k\u00f6nnen nach Kundenwunsch angepasst werden.<\/li>\n<\/ul>\n<h4><span style=\"color: #003366;\">Produktdetails:<\/span><\/h4>\n<div style=\"display: flex; gap: 20px;\">\n<p><!-- \u7b2c\u4e00\u680f --><\/p>\n<div style=\"flex: 1; text-align: center;\">\n<p><img decoding=\"async\" style=\"max-width: 100%; height: auto; margin-bottom: 10px;\" src=\"https:\/\/suncasesupply.com\/wp-content\/uploads\/2025\/03\/1-Acrylic-Side-Shield.jpg\" alt=\"Acryl-Seitenschutz\" \/><\/p>\n<p><strong><b>Acryl-Seitenschutz<\/b><\/strong><\/p>\n<p style=\"margin: 0;\">Jede Acrylvitrine mit Schloss enth\u00e4lt zwei keilf\u00f6rmige Acryl-Seitenteile. Beim Aufstellen der Vitrine werden diese beiden Seitenteile so angebracht, dass der Deckel teilweise ge\u00f6ffnet bleibt. Dadurch kann der Inhalt nicht herausfallen und das Produkt in der Vitrine wird optimal pr\u00e4sentiert.<\/p>\n<p>&nbsp;<\/p>\n<\/div>\n<p><!-- \u7b2c\u4e8c\u680f --><\/p>\n<div style=\"flex: 1; text-align: center;\">\n<p><img decoding=\"async\" style=\"max-width: 100%; height: auto; margin-bottom: 10px;\" src=\"https:\/\/suncasesupply.com\/wp-content\/uploads\/2025\/03\/2-Clear-Top-Panel.jpg\" alt=\"Transparente Oberseite\" \/><\/p>\n<p><b><\/b><strong><b>Transparente Oberseite<\/b><\/strong><\/p>\n<p style=\"margin: 0;\">Die obere Platte der transparenten Aluminium-Acryl-Vitrine besteht aus UV-best\u00e4ndigem Acrylglas. Acrylglas ist f\u00fcr diese Vitrine besser geeignet als Glas, da Glas zu zerbrechlich und kratzempfindlich ist und sich daher nicht f\u00fcr diesen Zweck eignet.<\/p>\n<\/div>\n<p><!-- \u7b2c\u4e09\u680f --><\/p>\n<div style=\"flex: 1; text-align: center;\">\n<p><img decoding=\"async\" style=\"max-width: 100%; height: auto; margin-bottom: 10px;\" src=\"https:\/\/suncasesupply.com\/wp-content\/uploads\/2025\/03\/3-Support-Hinge.jpg\" alt=\"St\u00fctzscharnier\" \/><\/p>\n<p><b><\/b><strong><b>St\u00fctzscharnier<\/b><\/strong><\/p>\n<p>Beim \u00d6ffnen der oberen Abdeckung des Geh\u00e4uses \u00fcbernimmt das St\u00fctzscharnier auch die Aufgabe, die obere Abdeckung zu st\u00fctzen, um sie offen zu halten und zu verhindern, dass sie jederzeit auf den unteren Deckel f\u00e4llt.<\/p>\n<\/div>\n<p><!-- \u7b2c\u56db\u680f --><\/p>\n<div style=\"flex: 1; text-align: center;\">\n<p><img decoding=\"async\" style=\"max-width: 100%; height: auto; margin-bottom: 10px;\" src=\"https:\/\/suncasesupply.com\/wp-content\/uploads\/2025\/03\/4-Handle-1.jpg\" alt=\"Handhaben\" \/><\/p>\n<p><strong><b>Handhaben<\/b><\/strong><\/p>\n<p style=\"margin: 0;\">Diese Vitrine mit einem stabilen Tragegriff aus Aluminium ist leicht zu transportieren. Der Griff ist standardm\u00e4\u00dfig schwarz, auf Wunsch sind aber auch andere Farben m\u00f6glich.<\/p>\n<\/div>\n<\/div>\n<div style=\"background-color: #29599a; padding: 40px 20px; text-align: center; color: #ffffff; border-radius: 10px; margin: 40px auto; max-width: 960px;\">\n<h2 style=\"font-size: 22px; margin-bottom: 20px; font-weight: bold;\"><span style=\"color: #ffffff;\">Bestellen Sie jetzt Ihr Aluminium-Schallplattencase bei Sun Case, Mindestbestellmenge 100 St\u00fcck!<\/span><\/h2>\n<p><a style=\"display: inline-block; padding: 12px 28px; background-color: #ffffff; color: #29599a; text-decoration: none; border-radius: 6px; font-weight: bold;\" href=\"https:\/\/suncasesupply.com\/de\/contact-us\/\" target=\"_blank\" rel=\"noopener\">Ein Angebot einholen<br \/>\n<\/a><\/p>\n<\/div>\n<h4><span style=\"color: #003366;\">Herstellungsverfahren:<\/span><\/h4>\n<p><img decoding=\"async\" style=\"max-width: 100%; height: auto; margin-bottom: 10px;\" src=\"https:\/\/suncasesupply.com\/wp-content\/uploads\/2025\/07\/Manufacturing-Process.png\" alt=\"Herstellungsprozess von Suncase\" \/><\/p>\n<div style=\"display: flex; gap: 20px;\">\n<p><!-- \u7b2c\u4e00\u680f \u6d41\u7a0b1--><\/p>\n<div style=\"flex: 1; text-align: center;\"><\/div>\n<\/div>\n<div style=\"display: flex; gap: 20px;\">\n<div style=\"flex: 1; text-align: center;\">\n<p style=\"font-weight: bold; margin: 5px 0;\">\n<\/div>\n<\/div>\n<h4><span style=\"color: #003366;\">Hilfreiche Informationen f\u00fcr Gro\u00dfabnehmer:<\/span><\/h4>\n<ul>\n<li class=\"page-title\" title=\"Was macht Sportkarten so wertvoll?\">\n<p class=\"page-title\" title=\"So sch\u00fctzen Sie Ihre Sammelkartensammlung\"><a href=\"https:\/\/suncasesupply.com\/de\/blog\/how-protect-trading-cards-collection\/\">So sch\u00fctzen Sie Ihre Sammelkartensammlung<\/a><\/p>\n<\/li>\n<li title=\"Was macht Sportkarten so wertvoll?\">\n<p class=\"page-title\" title=\"Vor- und Nachteile von Aluminiumvitrinen: Ein umfassender Leitfaden\"><a href=\"https:\/\/suncasesupply.com\/de\/blog\/custom-aluminum-case\/pros-and-cons-of-aluminum-display-case\/\">Vor- und Nachteile von Aluminiumvitrinen: Ein umfassender Leitfaden<\/a><\/p>\n<\/li>\n<\/ul>","protected":false},"excerpt":{"rendered":"<p>Modell:BL-0089<\/p>\n<p>Gr\u00f6\u00dfe: 24x20x3 Zoll<\/p>\n<p>Farben: Silber oder Schwarz<\/p>\n<p>Materialien: UV-Acryl-Oberplatte, ABS-Unterplatte, Aluminiumrahmen, MDF-Platte, Hardware.<\/p>\n<p>Logo: Logo im Siebdruckverfahren, Logo im Laserdruckverfahren.<\/p>\n<p>Mindestbestellmenge: 100 St\u00fcck<\/p>\n<p>Probe: Verf\u00fcgbar, Probezeit ca. 7 Tage.<\/p>","protected":false},"featured_media":22389,"template":"","meta":{"_gspb_post_css":""},"product_cat":[42,119],"product_tag":[],"featured_image_urls":{"full":["https:\/\/suncasesupply.com\/wp-content\/uploads\/2023\/11\/9-2.jpg",1000,1000,false],"thumbnail":["https:\/\/suncasesupply.com\/wp-content\/uploads\/2023\/11\/9-2-150x150.jpg",150,150,true],"medium":["https:\/\/suncasesupply.com\/wp-content\/uploads\/2023\/11\/9-2-300x300.jpg",300,300,true],"medium_large":["https:\/\/suncasesupply.com\/wp-content\/uploads\/2023\/11\/9-2-768x768.jpg",768,768,true],"large":["https:\/\/suncasesupply.com\/wp-content\/uploads\/2023\/11\/9-2.jpg",1000,1000,false],"1536x1536":["https:\/\/suncasesupply.com\/wp-content\/uploads\/2023\/11\/9-2.jpg",1000,1000,false],"2048x2048":["https:\/\/suncasesupply.com\/wp-content\/uploads\/2023\/11\/9-2.jpg",1000,1000,false],"trp-custom-language-flag":["https:\/\/suncasesupply.com\/wp-content\/uploads\/2023\/11\/9-2.jpg",12,12,false],"woocommerce_thumbnail":["https:\/\/suncasesupply.com\/wp-content\/uploads\/2023\/11\/9-2-300x300.jpg",300,300,true],"woocommerce_single":["https:\/\/suncasesupply.com\/wp-content\/uploads\/2023\/11\/9-2-600x600.jpg",600,600,true],"woocommerce_gallery_thumbnail":["https:\/\/suncasesupply.com\/wp-content\/uploads\/2023\/11\/9-2-100x100.jpg",100,100,true]},"post_excerpt_stackable":"<p>Model:BL-0089<\/p>\n<p>Size: 24x20x3 Inch<\/p>\n<p>Colors: Silver color, or Black color<\/p>\n<p>Materials: UV Acrylic Top Panel, ABS Bottom Panel, Aluminum frame, MDF Board, Hardware.<\/p>\n<p>Logo: Silk Printing Logo, Laser printing logo.<\/p>\n<p>MOQ: 100pcs<\/p>\n<p>Sample: Available, sample time about 7 days.<\/p>\n","category_list":"","author_info":{"name":"","url":""},"comments_num":"0 comments","_links":{"self":[{"href":"https:\/\/suncasesupply.com\/de\/wp-json\/wp\/v2\/product\/22385"}],"collection":[{"href":"https:\/\/suncasesupply.com\/de\/wp-json\/wp\/v2\/product"}],"about":[{"href":"https:\/\/suncasesupply.com\/de\/wp-json\/wp\/v2\/types\/product"}],"wp:featuredmedia":[{"embeddable":true,"href":"https:\/\/suncasesupply.com\/de\/wp-json\/wp\/v2\/media\/22389"}],"wp:attachment":[{"href":"https:\/\/suncasesupply.com\/de\/wp-json\/wp\/v2\/media?parent=22385"}],"wp:term":[{"taxonomy":"product_cat","embeddable":true,"href":"https:\/\/suncasesupply.com\/de\/wp-json\/wp\/v2\/product_cat?post=22385"},{"taxonomy":"product_tag","embeddable":true,"href":"https:\/\/suncasesupply.com\/de\/wp-json\/wp\/v2\/product_tag?post=22385"}],"curies":[{"name":"wp","href":"https:\/\/api.w.org\/{rel}","templated":true}]}}