{"id":22380,"date":"2023-11-13T11:27:34","date_gmt":"2023-11-13T03:27:34","guid":{"rendered":"https:\/\/suncasesupply.com\/?post_type=product&#038;p=22380"},"modified":"2025-08-21T14:04:55","modified_gmt":"2025-08-21T06:04:55","slug":"aluminum-acrylic-display-case-top-display-case","status":"publish","type":"product","link":"https:\/\/suncasesupply.com\/de\/product\/aluminum-acrylic-display-case-top-display-case\/","title":{"rendered":"Aluminium-Acryl-Vitrine Top-Vitrine"},"content":{"rendered":"<h4><span style=\"color: #003366;\">Merkmale:<\/span><\/h4>\n<ul>\n<li data-start=\"99\" data-end=\"337\">\n<p data-start=\"101\" data-end=\"337\"><strong data-start=\"101\" data-end=\"131\">Langlebiges und elegantes Design<\/strong>: Diese Aluminium-Vitrine mit Acrylplatte bietet eine perfekte Kombination aus Haltbarkeit und Stil. Sie ist Teil unserer ma\u00dfgeschneiderten Acryl-Vitrinen-Kollektion und ideal f\u00fcr den Einzelhandel und den privaten Gebrauch.<\/p>\n<\/li>\n<li data-start=\"339\" data-end=\"540\">\n<p data-start=\"341\" data-end=\"540\"><strong data-start=\"341\" data-end=\"372\">Verbesserte Produktsichtbarkeit<\/strong>: Diese abschlie\u00dfbare Schmuckvitrine wurde entwickelt, um Ihre Gegenst\u00e4nde elegant hervorzuheben und eignet sich perfekt f\u00fcr die Pr\u00e4sentation wertvoller Gegenst\u00e4nde wie Schmuck, Uhren und Sammlerst\u00fccke.<\/p>\n<\/li>\n<li data-start=\"542\" data-end=\"746\">\n<p data-start=\"544\" data-end=\"746\"><strong data-start=\"544\" data-end=\"579\">Vielseitige Anzeigefunktionalit\u00e4t<\/strong>: Ideal f\u00fcr verschiedene Verwendungszwecke, einschlie\u00dflich Schmuckvitrinen, Vitrinen f\u00fcr Uhren oder sogar als Vitrine f\u00fcr Baseballkarten f\u00fcr Sportkartensammler.<\/p>\n<\/li>\n<li data-start=\"748\" data-end=\"938\">\n<p data-start=\"750\" data-end=\"938\"><strong data-start=\"750\" data-end=\"778\">Sichtschutzscheibe<\/strong>: Ausgestattet mit einer transparenten Seitenwand aus Acryl bleiben Ihre Artikel vollst\u00e4ndig sichtbar und gleichzeitig gesch\u00fctzt \u2013 ideal f\u00fcr Ausstellungen, Gesch\u00e4fte oder private Sammlungen.<\/p>\n<\/li>\n<li data-start=\"940\" data-end=\"1115\">\n<p data-start=\"942\" data-end=\"1115\"><strong data-start=\"942\" data-end=\"960\">Zus\u00e4tzliche Sicherheit<\/strong>: Wird mit zwei Schl\u00f6ssern und Schl\u00fcsseln geliefert, um sicherzustellen, dass Ihre Wertsachen vor unbefugtem Zugriff gesch\u00fctzt sind \u2013 ein wesentliches Merkmal f\u00fcr professionelle Schmuckvitrinen.<\/p>\n<\/li>\n<\/ul>\n<div style=\"background-color: #29599a; padding: 40px 20px; text-align: center; color: #ffffff; border-radius: 10px; margin: 40px auto; max-width: 960px;\">\n<h2 style=\"font-size: 22px; margin-bottom: 20px; font-weight: bold;\"><span style=\"color: #ffffff;\">Bestellen Sie noch heute Ihre individuelle Sun Case-Vitrine aus Aluminium-Acryl \u2013 Mindestbestellmenge nur 100 St\u00fcck!<\/span><\/h2>\n<p><a style=\"display: inline-block; padding: 12px 28px; background-color: #ffffff; color: #29599a; text-decoration: none; border-radius: 6px; font-weight: bold;\" href=\"https:\/\/suncasesupply.com\/de\/contact-us\/\" target=\"_blank\" rel=\"noopener\">Kontaktieren Sie uns jetzt<br \/>\n<\/a><\/p>\n<\/div>\n<h4><span style=\"color: #003366;\">Produktdetails:<\/span><\/h4>\n<div style=\"display: flex; gap: 20px;\">\n<p><!-- \u7b2c\u4e00\u680f --><\/p>\n<div style=\"flex: 1; text-align: center;\">\n<p><img decoding=\"async\" style=\"max-width: 100%; height: auto; margin-bottom: 10px;\" src=\"https:\/\/suncasesupply.com\/wp-content\/uploads\/2025\/03\/1-Locks-with-keys-1.jpg\" alt=\"Schl\u00f6sser mit Schl\u00fcssel\" \/><\/p>\n<p><strong><b>Schl\u00f6sser mit Schl\u00fcssel<\/b><\/strong><\/p>\n<p style=\"margin: 0;\">Der Koffer ist mit zwei Schl\u00f6ssern und zwei Schl\u00fcsseln ausgestattet, was ein \u00d6ffnen durch Unbefugte effektiv verhindert. Die Schl\u00f6sser verhindern nicht nur den Diebstahl der Gegenst\u00e4nde im Koffer, sondern sch\u00fctzen auch die darin befindlichen privaten Gegenst\u00e4nde.<\/p>\n<p>&nbsp;<\/p>\n<\/div>\n<p><!-- \u7b2c\u4e8c\u680f --><\/p>\n<div style=\"flex: 1; text-align: center;\">\n<p><img decoding=\"async\" style=\"max-width: 100%; height: auto; margin-bottom: 10px;\" src=\"https:\/\/suncasesupply.com\/wp-content\/uploads\/2025\/03\/2-Acrylic-Top-Panel-1.jpg\" alt=\"Acryl-Oberplatte\" \/><\/p>\n<p><b><\/b><b><\/b><strong><b>Acryl-Oberplatte<\/b><\/strong><\/p>\n<p style=\"margin: 0;\">Die Acryl-Oberplatte besteht aus 4 mm starkem UV-Acryl. Diese Komponente, hergestellt von unserem bew\u00e4hrten Hersteller von Acrylvitrinen, sorgt f\u00fcr klare Sicht und Langlebigkeit. Ihre Transparenz erm\u00f6glicht eine m\u00fchelose Betrachtung der ausgestellten Produkte von au\u00dfen.<\/p>\n<\/div>\n<p><!-- \u7b2c\u4e09\u680f --><\/p>\n<div style=\"flex: 1; text-align: center;\">\n<p><img decoding=\"async\" style=\"max-width: 100%; height: auto; margin-bottom: 10px;\" src=\"https:\/\/suncasesupply.com\/wp-content\/uploads\/2025\/03\/3-Support-Hinge-2.jpg\" alt=\"St\u00fctzscharnier\" \/><\/p>\n<p><b><\/b><strong><b>St\u00fctzscharnier<\/b><\/strong><\/p>\n<p>Das St\u00fctzscharnier besteht aus Metall und ist sehr robust und stabil. Es stellt sicher, dass die obere Abdeckung beim \u00d6ffnen des Geh\u00e4uses nicht abf\u00e4llt.<\/p>\n<\/div>\n<p><!-- \u7b2c\u56db\u680f --><\/p>\n<div style=\"flex: 1; text-align: center;\">\n<p><img decoding=\"async\" style=\"max-width: 100%; height: auto; margin-bottom: 10px;\" src=\"https:\/\/suncasesupply.com\/wp-content\/uploads\/2025\/03\/4-Fabric-Lining-1.jpg\" alt=\"Stofffutter\" \/><\/p>\n<p><b><\/b><strong><b>Stofffutter<\/b><\/strong><\/p>\n<p style=\"margin: 0;\">Das Futtermaterial dient als Puffer und verhindert, dass der Kofferboden durch \u00e4u\u00dfere Einfl\u00fcsse besch\u00e4digt wird. Dar\u00fcber hinaus tr\u00e4gt es zur Ver\u00e4nderung des Kofferinneren bei. Die Farbe des Futtermaterials kann individuell an die Bed\u00fcrfnisse der Kunden angepasst werden. Schwarze und karierte Stoffe sind die beliebtesten Modelle.<\/p>\n<\/div>\n<\/div>\n<div style=\"background-color: #29599a; padding: 40px 20px; text-align: center; color: #ffffff; border-radius: 10px; margin: 40px auto; max-width: 960px;\">\n<h2 style=\"font-size: 22px; margin-bottom: 20px; font-weight: bold;\"><span style=\"color: #ffffff;\">Pr\u00e4sentieren Sie Ihre Produkte mit Stil mit Sun Case \u2013 dem Experten f\u00fcr Displayl\u00f6sungen aus Aluminium und Acryl.<\/span><\/h2>\n<p><a style=\"display: inline-block; padding: 12px 28px; background-color: #ffffff; color: #29599a; text-decoration: none; border-radius: 6px; font-weight: bold;\" href=\"https:\/\/suncasesupply.com\/de\/contact-us\/\" target=\"_blank\" rel=\"noopener\">Kontaktieren Sie uns jetzt<br \/>\n<\/a><\/p>\n<\/div>\n<h4><span style=\"color: #003366;\">Herstellungsverfahren:<\/span><\/h4>\n<p><img decoding=\"async\" style=\"max-width: 100%; height: auto; margin-bottom: 10px;\" src=\"https:\/\/suncasesupply.com\/wp-content\/uploads\/2025\/07\/Manufacturing-Process.png\" alt=\"Herstellungsprozess von Suncase\" \/><\/p>\n<div style=\"display: flex; gap: 20px;\"><\/div>\n<div style=\"display: flex; gap: 20px;\">\n<div style=\"flex: 1; text-align: center;\">\n<p style=\"font-weight: bold; margin: 5px 0;\">\n<\/div>\n<\/div>\n<h4><span style=\"color: #003366;\">Hilfreiche Informationen f\u00fcr Gro\u00dfabnehmer:<\/span><\/h4>\n<ul>\n<li class=\"page-title\" title=\"Was macht Sportkarten so wertvoll?\">\n<p class=\"page-title\" title=\"So sch\u00fctzen Sie Ihre Sammelkartensammlung\"><a href=\"https:\/\/suncasesupply.com\/de\/blog\/how-protect-trading-cards-collection\/\">So sch\u00fctzen Sie Ihre Sammelkartensammlung<\/a><\/p>\n<\/li>\n<li title=\"Was macht Sportkarten so wertvoll?\">\n<p class=\"page-title\" title=\"Vor- und Nachteile von Aluminiumvitrinen: Ein umfassender Leitfaden\"><a href=\"https:\/\/suncasesupply.com\/de\/blog\/custom-aluminum-case\/pros-and-cons-of-aluminum-display-case\/\">Vor- und Nachteile von Aluminiumvitrinen: Ein umfassender Leitfaden<\/a><\/p>\n<\/li>\n<\/ul>","protected":false},"excerpt":{"rendered":"<p>Modell:BL-0088<\/p>\n<p>Gr\u00f6\u00dfe: 24x20x3 Zoll<\/p>\n<p>Farben: Silberfarbe<\/p>\n<p>Materialien: Transparente Acryl-Oberplatte, ABS-Unterplatte, Aluminiumrahmen, MDF-Platte, Hardware.<\/p>\n<p>Logo: Logo im Siebdruckverfahren, Logo im Laserdruckverfahren.<\/p>\n<p>Mindestbestellmenge: 100 St\u00fcck<\/p>\n<p>Probe: Verf\u00fcgbar, Probezeit ca. 7 Tage.<\/p>","protected":false},"featured_media":22381,"template":"","meta":{"_gspb_post_css":""},"product_cat":[42,119],"product_tag":[],"featured_image_urls":{"full":["https:\/\/suncasesupply.com\/wp-content\/uploads\/2023\/11\/Al813-7.jpg",1000,1000,false],"thumbnail":["https:\/\/suncasesupply.com\/wp-content\/uploads\/2023\/11\/Al813-7-150x150.jpg",150,150,true],"medium":["https:\/\/suncasesupply.com\/wp-content\/uploads\/2023\/11\/Al813-7-300x300.jpg",300,300,true],"medium_large":["https:\/\/suncasesupply.com\/wp-content\/uploads\/2023\/11\/Al813-7-768x768.jpg",768,768,true],"large":["https:\/\/suncasesupply.com\/wp-content\/uploads\/2023\/11\/Al813-7.jpg",1000,1000,false],"1536x1536":["https:\/\/suncasesupply.com\/wp-content\/uploads\/2023\/11\/Al813-7.jpg",1000,1000,false],"2048x2048":["https:\/\/suncasesupply.com\/wp-content\/uploads\/2023\/11\/Al813-7.jpg",1000,1000,false],"trp-custom-language-flag":["https:\/\/suncasesupply.com\/wp-content\/uploads\/2023\/11\/Al813-7.jpg",12,12,false],"woocommerce_thumbnail":["https:\/\/suncasesupply.com\/wp-content\/uploads\/2023\/11\/Al813-7-300x300.jpg",300,300,true],"woocommerce_single":["https:\/\/suncasesupply.com\/wp-content\/uploads\/2023\/11\/Al813-7-600x600.jpg",600,600,true],"woocommerce_gallery_thumbnail":["https:\/\/suncasesupply.com\/wp-content\/uploads\/2023\/11\/Al813-7-100x100.jpg",100,100,true]},"post_excerpt_stackable":"<p>Model:BL-0088<\/p>\n<p>Size: 24x20x3 Inch<\/p>\n<p>Colors: Silver color<\/p>\n<p>Materials:Transparent Acrylic Top Panel, ABS\u00a0Bottom Panel, Aluminum\u00a0frame, MDF Board,\u00a0Hardware.<\/p>\n<p>Logo: Silk Printing Logo, Laser printing logo.<\/p>\n<p>MOQ: 100pcs<\/p>\n<p>Sample: Available, sample time about 7 days.<\/p>\n","category_list":"","author_info":{"name":"","url":""},"comments_num":"0 comments","_links":{"self":[{"href":"https:\/\/suncasesupply.com\/de\/wp-json\/wp\/v2\/product\/22380"}],"collection":[{"href":"https:\/\/suncasesupply.com\/de\/wp-json\/wp\/v2\/product"}],"about":[{"href":"https:\/\/suncasesupply.com\/de\/wp-json\/wp\/v2\/types\/product"}],"wp:featuredmedia":[{"embeddable":true,"href":"https:\/\/suncasesupply.com\/de\/wp-json\/wp\/v2\/media\/22381"}],"wp:attachment":[{"href":"https:\/\/suncasesupply.com\/de\/wp-json\/wp\/v2\/media?parent=22380"}],"wp:term":[{"taxonomy":"product_cat","embeddable":true,"href":"https:\/\/suncasesupply.com\/de\/wp-json\/wp\/v2\/product_cat?post=22380"},{"taxonomy":"product_tag","embeddable":true,"href":"https:\/\/suncasesupply.com\/de\/wp-json\/wp\/v2\/product_tag?post=22380"}],"curies":[{"name":"wp","href":"https:\/\/api.w.org\/{rel}","templated":true}]}}