{"id":22312,"date":"2023-11-04T20:44:16","date_gmt":"2023-11-04T12:44:16","guid":{"rendered":"https:\/\/suncasesupply.com\/?post_type=product&#038;p=22312"},"modified":"2025-02-20T10:44:42","modified_gmt":"2025-02-20T02:44:42","slug":"aluminum-coin-collection-case-coin-display-box","status":"publish","type":"product","link":"https:\/\/suncasesupply.com\/de\/product\/aluminum-coin-collection-case-coin-display-box\/","title":{"rendered":"M\u00fcnzsammelkoffer aus Aluminium, M\u00fcnzvitrine"},"content":{"rendered":"<p>&nbsp;<\/p>\n<table width=\"774\">\n<tbody>\n<tr>\n<td width=\"177\">Artikel<\/td>\n<td width=\"597\">M\u00fcnzetui aus Aluminium<\/td>\n<\/tr>\n<tr>\n<td>Abmessungen<\/td>\n<td>Anpassen<\/td>\n<\/tr>\n<tr>\n<td>Farben<\/td>\n<td>Wie die Bilder zeigen oder anpassen<\/td>\n<\/tr>\n<tr>\n<td>Materialien<\/td>\n<td>Aluminium, ABS-Platte, MDF-Platte, EVA\/Schaum\/Stoff\/PU-Futter, Hardware<\/td>\n<\/tr>\n<tr>\n<td>Logo<\/td>\n<td>Metallplattenlogo, gedrucktes Logo, gepr\u00e4gtes Logo, Laserlogo<\/td>\n<\/tr>\n<tr>\n<td>Beispielzeit<\/td>\n<td>7 Tage<\/td>\n<\/tr>\n<tr>\n<td>Verschiffungshafen<\/td>\n<td>Guangzhou, Shenzhen<\/td>\n<\/tr>\n<tr>\n<td>Handelsbedingungen<\/td>\n<td>EXW, FOB, CIF, DDU, DDP<\/td>\n<\/tr>\n<tr>\n<td>Zahlungsarten<\/td>\n<td>T\/T, Barzahlung, PayPal, Kreditkarte<\/td>\n<\/tr>\n<\/tbody>\n<\/table>\n<p><span style=\"color: #003366;\">Merkmale:<\/span><\/p>\n<p>Diese stilvolle und eindrucksvolle Aluminiumbox enth\u00e4lt zertifizierte M\u00fcnzen in Standardgr\u00f6\u00dfenhaltern aller gro\u00dfen Bewertungsdienste oder zertifizierte Halter verschiedener Marken. Diese robuste Box ist aus robusten Materialien gefertigt, verf\u00fcgt \u00fcber attraktive Au\u00dfenbeschl\u00e4ge und Schaumstoffeinlagen f\u00fcr eine einfachere Handhabung der M\u00fcnzhalter. Die Aluminiumplattenboxen eignen sich perfekt zur Aufbewahrung und f\u00fcr unterwegs.<\/p>\n<p>Bietet Platz f\u00fcr 20 zertifizierte M\u00fcnzen oder M\u00fcnzen in zertifizierten M\u00fcnzhaltern und sichert sie in sch\u00fctzenden Memory Foam-Einlagen<br \/>\nZertifizierte M\u00fcnzplatten: NGC, PCGS, neuere ANACS und mehr<br \/>\nZertifizierte Inhaber: Premier, Lighthouse, Ursae Minoris Elites und mehr<br \/>\nRobuste Aluminiumkonstruktion mit stilvollen und farbenfrohen gummierten Platten f\u00fcr Widerstandsf\u00e4higkeit gegen Dellen und Kratzer<br \/>\nIm Lieferumfang dieses Artikels sind keine M\u00fcnzen oder Goldbarren enthalten<\/p>","protected":false},"excerpt":{"rendered":"<p>Modell: KY208<\/p>\n<p>Gr\u00f6\u00dfe: Anpassen<\/p>\n<p>Kapazit\u00e4t: Fasst 20 M\u00fcnzplatten<\/p>\n<p>Mindestbestellmenge: 100 St\u00fcck<\/p>\n<p>Lieferzeit: 15-25 Tage<\/p>\n<p>Probe: Verf\u00fcgbar<\/p>","protected":false},"featured_media":22313,"template":"","meta":{"_gspb_post_css":""},"product_cat":[84],"product_tag":[],"featured_image_urls":{"full":["https:\/\/suncasesupply.com\/wp-content\/uploads\/2023\/11\/s-l1600-1-1.jpg",1600,1600,false],"thumbnail":["https:\/\/suncasesupply.com\/wp-content\/uploads\/2023\/11\/s-l1600-1-1-150x150.jpg",150,150,true],"medium":["https:\/\/suncasesupply.com\/wp-content\/uploads\/2023\/11\/s-l1600-1-1-300x300.jpg",300,300,true],"medium_large":["https:\/\/suncasesupply.com\/wp-content\/uploads\/2023\/11\/s-l1600-1-1-768x768.jpg",768,768,true],"large":["https:\/\/suncasesupply.com\/wp-content\/uploads\/2023\/11\/s-l1600-1-1-1024x1024.jpg",1024,1024,true],"1536x1536":["https:\/\/suncasesupply.com\/wp-content\/uploads\/2023\/11\/s-l1600-1-1-1536x1536.jpg",1536,1536,true],"2048x2048":["https:\/\/suncasesupply.com\/wp-content\/uploads\/2023\/11\/s-l1600-1-1.jpg",1600,1600,false],"trp-custom-language-flag":["https:\/\/suncasesupply.com\/wp-content\/uploads\/2023\/11\/s-l1600-1-1.jpg",12,12,false],"woocommerce_thumbnail":["https:\/\/suncasesupply.com\/wp-content\/uploads\/2023\/11\/s-l1600-1-1-300x300.jpg",300,300,true],"woocommerce_single":["https:\/\/suncasesupply.com\/wp-content\/uploads\/2023\/11\/s-l1600-1-1-600x600.jpg",600,600,true],"woocommerce_gallery_thumbnail":["https:\/\/suncasesupply.com\/wp-content\/uploads\/2023\/11\/s-l1600-1-1-100x100.jpg",100,100,true]},"post_excerpt_stackable":"<p>Model : KY208<\/p>\n<p>Size: Customize<\/p>\n<p>Capacity: Holds 20 Coin slabs<\/p>\n<p>MOQ: 100pcs<\/p>\n<p>Delivery Time : 15-25 Days<\/p>\n<p>Sample : Available<\/p>\n","category_list":"","author_info":{"name":"","url":""},"comments_num":"0 comments","_links":{"self":[{"href":"https:\/\/suncasesupply.com\/de\/wp-json\/wp\/v2\/product\/22312"}],"collection":[{"href":"https:\/\/suncasesupply.com\/de\/wp-json\/wp\/v2\/product"}],"about":[{"href":"https:\/\/suncasesupply.com\/de\/wp-json\/wp\/v2\/types\/product"}],"wp:featuredmedia":[{"embeddable":true,"href":"https:\/\/suncasesupply.com\/de\/wp-json\/wp\/v2\/media\/22313"}],"wp:attachment":[{"href":"https:\/\/suncasesupply.com\/de\/wp-json\/wp\/v2\/media?parent=22312"}],"wp:term":[{"taxonomy":"product_cat","embeddable":true,"href":"https:\/\/suncasesupply.com\/de\/wp-json\/wp\/v2\/product_cat?post=22312"},{"taxonomy":"product_tag","embeddable":true,"href":"https:\/\/suncasesupply.com\/de\/wp-json\/wp\/v2\/product_tag?post=22312"}],"curies":[{"name":"wp","href":"https:\/\/api.w.org\/{rel}","templated":true}]}}