{"id":22264,"date":"2023-10-20T17:26:54","date_gmt":"2023-10-20T09:26:54","guid":{"rendered":"https:\/\/suncasesupply.com\/?post_type=product&#038;p=22264"},"modified":"2025-07-07T11:12:25","modified_gmt":"2025-07-07T03:12:25","slug":"large-aluminum-display-case-with-glass-cove","status":"publish","type":"product","link":"https:\/\/suncasesupply.com\/de\/product\/large-aluminum-display-case-with-glass-cove\/","title":{"rendered":"Gro\u00dfe Aluminiumvitrine mit Glasabdeckung"},"content":{"rendered":"<p>&nbsp;<\/p>\n<table width=\"774\">\n<tbody>\n<tr>\n<td width=\"177\">Artikel<\/td>\n<td width=\"597\">Vitrine aus Aluminium<\/td>\n<\/tr>\n<tr>\n<td>Abmessungen<\/td>\n<td>86,36 x 55,88 x 7,62 cm oder Anpassen<\/td>\n<\/tr>\n<tr>\n<td>Farben<\/td>\n<td>Wie die Bilder zeigen oder anpassen<\/td>\n<\/tr>\n<tr>\n<td>Materialien<\/td>\n<td>Aluminium, Sperrholz, EVA\/Schaum\/Stoff\/PU-Futter, Hardware<\/td>\n<\/tr>\n<tr>\n<td>Logo<\/td>\n<td>Metallplattenlogo, gedrucktes Logo, gepr\u00e4gtes Logo, Laserlogo<\/td>\n<\/tr>\n<tr>\n<td>Beispielzeit<\/td>\n<td>7 Tage<\/td>\n<\/tr>\n<tr>\n<td>Verschiffungshafen<\/td>\n<td>Guangzhou, Shenzhen<\/td>\n<\/tr>\n<tr>\n<td>Handelsbedingungen<\/td>\n<td>EXW, FOB, CIF, DDU, DDP<\/td>\n<\/tr>\n<tr>\n<td>Zahlungsarten<\/td>\n<td>T\/T, Barzahlung, PayPal, Kreditkarte<\/td>\n<\/tr>\n<\/tbody>\n<\/table>\n<p><span style=\"color: #003366;\">Merkmale:<\/span><\/p>\n<p>Die Aluminiumvitrine mit Glasabdeckung von A&amp;B Store Fixtures verf\u00fcgt \u00fcber einen Scharnierdeckel aus geh\u00e4rtetem Glas f\u00fcr einfaches Betrachten und Sicherheit. Die Vitrine ist ideal f\u00fcr alle Arten von Schmuck. Die Vitrine kann als Schaust\u00fcck im Laden oder f\u00fcr Muster von Verk\u00e4ufern verwendet werden. Mit praktischem Griff, Sicherheitsschloss und vollst\u00e4ndig gef\u00fcttertem, grau gemustertem Innenraum. Gro\u00dfes Lagersortiment.<\/p>\n<ul>\n<li>Gro\u00df \u2013 34\u2033 x 22\u2033 x 3\u2033H<\/li>\n<li>Enth\u00e4lt 2 keilf\u00f6rmige Plexiglas-Seitenschilder, um die Oberseite teilweise offen zu halten<\/li>\n<li>Bestellen Sie aus unserem Sortiment Schmucktabletts und Tabletteins\u00e4tze f\u00fcr vielf\u00e4ltige Pr\u00e4sentationen<\/li>\n<\/ul>","protected":false},"excerpt":{"rendered":"<p>Modell: SC-AL001<\/p>\n<p>Gr\u00f6\u00dfe: 86,36 x 55,88 x 7,62 cm<\/p>\n<p>Mindestbestellmenge: 100 St\u00fcck<\/p>\n<p>Lieferzeit: 15-25 Tage<\/p>\n<p>Probe: Verf\u00fcgbar<\/p>","protected":false},"featured_media":22265,"template":"","meta":{"_gspb_post_css":""},"product_cat":[42,119],"product_tag":[],"featured_image_urls":{"full":["https:\/\/suncasesupply.com\/wp-content\/uploads\/2023\/10\/GTC-AL813.jpg",1200,1200,false],"thumbnail":["https:\/\/suncasesupply.com\/wp-content\/uploads\/2023\/10\/GTC-AL813-150x150.jpg",150,150,true],"medium":["https:\/\/suncasesupply.com\/wp-content\/uploads\/2023\/10\/GTC-AL813-300x300.jpg",300,300,true],"medium_large":["https:\/\/suncasesupply.com\/wp-content\/uploads\/2023\/10\/GTC-AL813-768x768.jpg",768,768,true],"large":["https:\/\/suncasesupply.com\/wp-content\/uploads\/2023\/10\/GTC-AL813-1024x1024.jpg",1024,1024,true],"1536x1536":["https:\/\/suncasesupply.com\/wp-content\/uploads\/2023\/10\/GTC-AL813.jpg",1200,1200,false],"2048x2048":["https:\/\/suncasesupply.com\/wp-content\/uploads\/2023\/10\/GTC-AL813.jpg",1200,1200,false],"trp-custom-language-flag":["https:\/\/suncasesupply.com\/wp-content\/uploads\/2023\/10\/GTC-AL813.jpg",12,12,false],"woocommerce_thumbnail":["https:\/\/suncasesupply.com\/wp-content\/uploads\/2023\/10\/GTC-AL813-300x300.jpg",300,300,true],"woocommerce_single":["https:\/\/suncasesupply.com\/wp-content\/uploads\/2023\/10\/GTC-AL813-600x600.jpg",600,600,true],"woocommerce_gallery_thumbnail":["https:\/\/suncasesupply.com\/wp-content\/uploads\/2023\/10\/GTC-AL813-100x100.jpg",100,100,true]},"post_excerpt_stackable":"<p>Model : SC-AL001<\/p>\n<p>Size: 86.36 x 55.88 x 7.62 cm<\/p>\n<p>MOQ: 100pcs<\/p>\n<p>Delivery Time : 15-25 Days<\/p>\n<p>Sample : Available<\/p>\n","category_list":"","author_info":{"name":"","url":""},"comments_num":"0 comments","_links":{"self":[{"href":"https:\/\/suncasesupply.com\/de\/wp-json\/wp\/v2\/product\/22264"}],"collection":[{"href":"https:\/\/suncasesupply.com\/de\/wp-json\/wp\/v2\/product"}],"about":[{"href":"https:\/\/suncasesupply.com\/de\/wp-json\/wp\/v2\/types\/product"}],"wp:featuredmedia":[{"embeddable":true,"href":"https:\/\/suncasesupply.com\/de\/wp-json\/wp\/v2\/media\/22265"}],"wp:attachment":[{"href":"https:\/\/suncasesupply.com\/de\/wp-json\/wp\/v2\/media?parent=22264"}],"wp:term":[{"taxonomy":"product_cat","embeddable":true,"href":"https:\/\/suncasesupply.com\/de\/wp-json\/wp\/v2\/product_cat?post=22264"},{"taxonomy":"product_tag","embeddable":true,"href":"https:\/\/suncasesupply.com\/de\/wp-json\/wp\/v2\/product_tag?post=22264"}],"curies":[{"name":"wp","href":"https:\/\/api.w.org\/{rel}","templated":true}]}}