{"id":22243,"date":"2023-10-06T11:44:41","date_gmt":"2023-10-06T03:44:41","guid":{"rendered":"https:\/\/suncasesupply.com\/?post_type=product&#038;p=22243"},"modified":"2025-07-14T15:57:16","modified_gmt":"2025-07-14T07:57:16","slug":"barber-stylist-suitcase-aluminum-carrying-case-for-clipper-trimmer-scissor","status":"publish","type":"product","link":"https:\/\/suncasesupply.com\/de\/product\/barber-stylist-suitcase-aluminum-carrying-case-for-clipper-trimmer-scissor\/","title":{"rendered":"Friseurkoffer, Aluminium-Tragekoffer f\u00fcr Clipper, Trimmer, Schere"},"content":{"rendered":"<h4><span style=\"color: #003366;\">Merkmale:<\/span><\/h4>\n<ul>\n<li><strong><b>Robuste Konstruktion: <\/b><\/strong>Hochwertiges Aluminium-Finish und -Konstruktion, verst\u00e4rkte Stahlecken f\u00fcr zus\u00e4tzliche Haltbarkeit, sch\u00f6nes glattes schwarzes Finish.<\/li>\n<li><strong><b>Breite Anwendung: <\/b><\/strong>Es bietet Platz f\u00fcr verschiedene Accessoires und Friseurwerkzeuge: Haarschneidemaschinen, Trimmer, Klingen, Scheren, K\u00e4mme, Haarb\u00fcrsten, Haartrockner und andere Styling-Tools.<\/li>\n<li><strong><b>Gro\u00dfe Kapazit\u00e4t: <\/b><\/strong>Der Friseurkoffer bietet Platz f\u00fcr 4 elektrische Haarschneidemaschinen unterschiedlicher Gr\u00f6\u00dfe und 8 Scheren unterschiedlicher Gr\u00f6\u00dfe. Im Inneren finden ein Ventilator, ein elektrischer Stab, ein Kamm, ein Tuch und andere Gegenst\u00e4nde Platz sowie 5 K\u00e4mme unterschiedlicher Gr\u00f6\u00dfe.<\/li>\n<li><strong><b>Tragbares Tragen: <\/b><\/strong>Reise-Aktenkoffer zum Ausstellen und Aufbewahren f\u00fcr Friseure.<\/li>\n<li><strong><b>Anpassung<\/b><\/strong>: Akzeptieren Sie die Anpassung Ihres Markenlogos auf den H\u00fcllen.<\/li>\n<\/ul>\n<h4><span style=\"color: #003366;\">Produktdetails:<\/span><\/h4>\n<div style=\"display: flex; gap: 20px;\">\n<p><!-- \u7b2c\u4e00\u680f --><\/p>\n<div style=\"flex: 1; text-align: center;\">\n<p><img decoding=\"async\" style=\"max-width: 100%; height: auto; margin-bottom: 10px;\" src=\"https:\/\/suncasesupply.com\/wp-content\/uploads\/2025\/03\/1-Combination-Lock.jpg\" alt=\"Kombinationsschloss\" \/><\/p>\n<p><b><\/b><strong><b>Kombinationsschloss<\/b><\/strong><\/p>\n<p style=\"margin: 0;\">Die Aluminium-Kombinationsschl\u00f6sser bestehen aus 3-stelligen Sicherheitskombinationen, um Ihr Sicherheitsschloss zu personalisieren und Ihre Wertsachen zu sch\u00fctzen. Und das Anfangspasswort 000.<\/p>\n<p>&nbsp;<\/p>\n<\/div>\n<p><!-- \u7b2c\u4e8c\u680f --><\/p>\n<div style=\"flex: 1; text-align: center;\">\n<p><img decoding=\"async\" style=\"max-width: 100%; height: auto; margin-bottom: 10px;\" src=\"https:\/\/suncasesupply.com\/wp-content\/uploads\/2025\/03\/2-Storage-Slots.jpg\" alt=\"Speicherpl\u00e4tze\" \/><\/p>\n<p><b><\/b><strong><b>Speicherpl\u00e4tze<\/b><\/strong><\/p>\n<p style=\"margin: 0;\">An den Seiten des inneren Bodendeckels des Friseurkoffers befinden sich Aufbewahrungsf\u00e4cher mit Unterteilungen zur Aufnahme der Friseur-Stylingartikel, sodass die Produkte im Inneren ordentlich aufbewahrt werden k\u00f6nnen.<\/p>\n<\/div>\n<p><!-- \u7b2c\u4e09\u680f --><\/p>\n<div style=\"flex: 1; text-align: center;\">\n<p><img decoding=\"async\" style=\"max-width: 100%; height: auto; margin-bottom: 10px;\" src=\"https:\/\/suncasesupply.com\/wp-content\/uploads\/2025\/03\/3-Scissors-Holder.jpg\" alt=\"Scherenhalter\" \/><\/p>\n<p><b><\/b><strong><b>Scherenhalter<\/b><\/strong><\/p>\n<p>Der obere Deckel verf\u00fcgt \u00fcber acht Scherenhalter aus elastischem Band, die acht Scheren unterschiedlicher Gr\u00f6\u00dfe aufnehmen k\u00f6nnen. Selbstverst\u00e4ndlich k\u00f6nnen diese Positionen auch f\u00fcr andere Produkte wie K\u00e4mme genutzt werden.<\/p>\n<\/div>\n<p><!-- \u7b2c\u56db\u680f --><\/p>\n<div style=\"flex: 1; text-align: center;\">\n<p><img decoding=\"async\" style=\"max-width: 100%; height: auto; margin-bottom: 10px;\" src=\"https:\/\/suncasesupply.com\/wp-content\/uploads\/2025\/03\/4-Electric-Clippers-velcro.jpg\" alt=\"Elektrische Haarschneidemaschine mit Klettverschluss\" \/><\/p>\n<p><b><\/b><strong><b>Elektrische Haarschneidemaschine mit Klettverschluss<\/b><\/strong><\/p>\n<p style=\"margin: 0;\">Im Boden des Friseurkoffers befinden sich zahlreiche Klettverschl\u00fcsse, mit denen Sie die elektrische Haarschneidemaschine beim Einlegen sicher fixieren k\u00f6nnen. Sie m\u00fcssen sich keine Sorgen mehr machen, dass die Haarschneidewerkzeuge besch\u00e4digt werden oder im Inneren durcheinander geraten.<\/p>\n<\/div>\n<\/div>\n<h4><span style=\"color: #003366;\">Herstellungsverfahren:<\/span><\/h4>\n<p><img decoding=\"async\" style=\"max-width: 100%; height: auto; margin-bottom: 10px;\" src=\"https:\/\/suncasesupply.com\/wp-content\/uploads\/2025\/07\/Manufacturing-Process.png\" alt=\"Herstellungsprozess von Suncase\" \/><\/p>\n<div style=\"display: flex; gap: 20px;\">\n<p><!-- \u7b2c\u4e00\u680f \u6d41\u7a0b1--><\/p>\n<div style=\"flex: 1; text-align: center;\"><\/div>\n<\/div>\n<div style=\"display: flex; gap: 20px;\">\n<div style=\"flex: 1; text-align: center;\">\n<p style=\"font-weight: bold; margin: 5px 0;\">\n<\/div>\n<\/div>\n<h4><span style=\"color: #003366;\">Hilfreiche Informationen f\u00fcr Gro\u00dfabnehmer:<\/span><\/h4>\n<ul>\n<li class=\"page-title\" title=\"Was macht Sportkarten so wertvoll?\">\n<p class=\"page-title\" title=\"6 Gr\u00fcnde, warum Sie mit einer Aluminium-Aufbewahrungsbox Ordnung schaffen sollten\"><a href=\"https:\/\/suncasesupply.com\/de\/blog\/custom-aluminum-case\/6-reasons-to-use-aluminum-storage-box-today\/\">6 Gr\u00fcnde, warum Sie mit einer Aluminium-Aufbewahrungsbox Ordnung schaffen sollten &gt;&gt;<\/a><\/p>\n<\/li>\n<li title=\"Was macht Sportkarten so wertvoll?\">\n<p class=\"page-title\" title=\"Alles, was Sie \u00fcber Aluminiumkoffer wissen m\u00fcssen\"><a href=\"https:\/\/suncasesupply.com\/de\/blog\/all-you-need-to-know-about-aluminum-cases\/\">Alles, was Sie \u00fcber Aluminiumkoffer wissen m\u00fcssen &gt;&gt;<\/a><\/p>\n<\/li>\n<\/ul>","protected":false},"excerpt":{"rendered":"<p>Modell:BL-0079<\/p>\n<p>Gr\u00f6\u00dfe: 54x27x11cm<\/p>\n<p>Farben: Schwarz, Gold oder Sonderfarbe.<\/p>\n<p>Materialien: Aluminiumrahmen, Melaminplatte, MDF-Platte, Hardware.<\/p>\n<p>Logo: Siebdruck-Logo<\/p>\n<p>Mindestbestellmenge: 20 St\u00fcck<\/p>\n<p>Probe: Verf\u00fcgbar, Probezeit ca. 7 Tage.<\/p>","protected":false},"featured_media":24890,"template":"","meta":{"_gspb_post_css":""},"product_cat":[42,80],"product_tag":[],"featured_image_urls":{"full":["https:\/\/suncasesupply.com\/wp-content\/uploads\/2025\/03\/barber-case-4.jpg",800,800,false],"thumbnail":["https:\/\/suncasesupply.com\/wp-content\/uploads\/2025\/03\/barber-case-4-150x150.jpg",150,150,true],"medium":["https:\/\/suncasesupply.com\/wp-content\/uploads\/2025\/03\/barber-case-4-300x300.jpg",300,300,true],"medium_large":["https:\/\/suncasesupply.com\/wp-content\/uploads\/2025\/03\/barber-case-4-768x768.jpg",768,768,true],"large":["https:\/\/suncasesupply.com\/wp-content\/uploads\/2025\/03\/barber-case-4.jpg",800,800,false],"1536x1536":["https:\/\/suncasesupply.com\/wp-content\/uploads\/2025\/03\/barber-case-4.jpg",800,800,false],"2048x2048":["https:\/\/suncasesupply.com\/wp-content\/uploads\/2025\/03\/barber-case-4.jpg",800,800,false],"trp-custom-language-flag":["https:\/\/suncasesupply.com\/wp-content\/uploads\/2025\/03\/barber-case-4-12x12.jpg",12,12,true],"woocommerce_thumbnail":["https:\/\/suncasesupply.com\/wp-content\/uploads\/2025\/03\/barber-case-4-300x300.jpg",300,300,true],"woocommerce_single":["https:\/\/suncasesupply.com\/wp-content\/uploads\/2025\/03\/barber-case-4-600x600.jpg",600,600,true],"woocommerce_gallery_thumbnail":["https:\/\/suncasesupply.com\/wp-content\/uploads\/2025\/03\/barber-case-4-100x100.jpg",100,100,true]},"post_excerpt_stackable":"<p>Model:BL-0079<\/p>\n<p>Size: 54x27x11cm<\/p>\n<p>Colors: Black color, Gold color or customized color.<\/p>\n<p>Materials: Aluminum\u00a0frame,\u00a0Melamine Panel,\u00a0MDF Board, Hardware.<\/p>\n<p>Logo: Silk Printing Logo<\/p>\n<p>MOQ: 20pcs<\/p>\n<p>Sample: Available, sample time about 7 days.<\/p>\n","category_list":"","author_info":{"name":"","url":""},"comments_num":"0 comments","_links":{"self":[{"href":"https:\/\/suncasesupply.com\/de\/wp-json\/wp\/v2\/product\/22243"}],"collection":[{"href":"https:\/\/suncasesupply.com\/de\/wp-json\/wp\/v2\/product"}],"about":[{"href":"https:\/\/suncasesupply.com\/de\/wp-json\/wp\/v2\/types\/product"}],"wp:featuredmedia":[{"embeddable":true,"href":"https:\/\/suncasesupply.com\/de\/wp-json\/wp\/v2\/media\/24890"}],"wp:attachment":[{"href":"https:\/\/suncasesupply.com\/de\/wp-json\/wp\/v2\/media?parent=22243"}],"wp:term":[{"taxonomy":"product_cat","embeddable":true,"href":"https:\/\/suncasesupply.com\/de\/wp-json\/wp\/v2\/product_cat?post=22243"},{"taxonomy":"product_tag","embeddable":true,"href":"https:\/\/suncasesupply.com\/de\/wp-json\/wp\/v2\/product_tag?post=22243"}],"curies":[{"name":"wp","href":"https:\/\/api.w.org\/{rel}","templated":true}]}}