{"id":22237,"date":"2023-10-06T11:40:01","date_gmt":"2023-10-06T03:40:01","guid":{"rendered":"https:\/\/suncasesupply.com\/?post_type=product&#038;p=22237"},"modified":"2026-03-17T01:13:17","modified_gmt":"2026-03-16T17:13:17","slug":"hairdressing-tool-storage-box-aluminum-barber-tool-case-organizer-for-clippers-trimmers-scissors","status":"publish","type":"product","link":"https:\/\/suncasesupply.com\/de\/product\/hairdressing-tool-storage-box-aluminum-barber-tool-case-organizer-for-clippers-trimmers-scissors\/","title":{"rendered":"Friseurwerkzeug-Aufbewahrungsbox, Aluminium-Friseur-Werkzeugkoffer, Organizer f\u00fcr Haarschneidemaschinen, Trimmer, Scheren"},"content":{"rendered":"<h4><span style=\"color: #003366;\">Merkmale:<\/span><\/h4>\n<ul>\n<li><strong><b>Abgerundete Ecken: <\/b><\/strong>Der Friseurkoffer ist mit abgerundeten Ecken gestaltet. Im Vergleich zu den herk\u00f6mmlichen eckigen Ecken bietet er mehr Sicherheit und verhindert Kratzer im t\u00e4glichen Gebrauch, wodurch der Koffer sicherer und komfortabler in der Handhabung ist.<\/li>\n<li><b><\/b><strong><b>Verschiedene Anwendungen: <\/b><\/strong>Dieser Werkzeugkasten f\u00fcr Friseure ist vielseitig einsetzbar \u2013 von Haarstylisten \u00fcber Tierpfleger bis hin zu Visagisten \u2013 zur Aufbewahrung von Scheren, Make-up, Schmuck, K\u00e4mmen und anderen Utensilien. Dar\u00fcber hinaus eignet er sich auch hervorragend zur Aufbewahrung von Werkzeugen oder Alltagsgegenst\u00e4nden.<\/li>\n<li><strong><b>Sch\u00f6nes Aussehen<\/b><\/strong>Das Design dieses Aluminium-Werkzeugkoffers f\u00fcr Friseure ist das Ergebnis zahlreicher Verbesserungen. Er sieht sehr gut aus und vereint die Eigenschaften von gro\u00dfem Fassungsverm\u00f6gen, Praktikabilit\u00e4t, Langlebigkeit und Multifunktionalit\u00e4t.<\/li>\n<\/ul>\n<h4><span style=\"color: #003366;\">Produktdetails:<\/span><\/h4>\n<div style=\"display: flex; gap: 20px;\">\n<p><!-- \u7b2c\u4e00\u680f --><\/p>\n<div style=\"flex: 1; text-align: center;\">\n<p><img decoding=\"async\" style=\"max-width: 100%; height: auto; margin-bottom: 10px;\" src=\"https:\/\/suncasesupply.com\/wp-content\/uploads\/2025\/03\/1-Compartments-With-Dividers.jpg\" alt=\"F\u00e4cher mit Trennw\u00e4nden\" \/><\/p>\n<p><b><\/b><b><\/b><strong><b>F\u00e4cher mit Trennw\u00e4nden<\/b><\/strong><\/p>\n<p style=\"margin: 0;\">Die F\u00e4cher mit Trennw\u00e4nden im Inneren des Friseurkoffers aus Aluminium sind aus weichem EVA-Material gefertigt und bieten eine optimale Organisation und Schutz Ihrer Utensilien. Die Trennw\u00e4nde sind zudem verstellbar und k\u00f6nnen so individuell an Ihre Bed\u00fcrfnisse angepasst werden.<\/p>\n<p>&nbsp;<\/p>\n<\/div>\n<p><!-- \u7b2c\u4e8c\u680f --><\/p>\n<div style=\"flex: 1; text-align: center;\">\n<p><img decoding=\"async\" style=\"max-width: 100%; height: auto; margin-bottom: 10px;\" src=\"https:\/\/suncasesupply.com\/wp-content\/uploads\/2025\/03\/2-Electric-Clippers-Holders.jpg\" alt=\"Professionelle Haarschneidemaschinenhalter\" \/><\/p>\n<p><b><\/b><b><\/b><strong><b>Professionelle Haarschneidemaschinenhalter<\/b><\/strong><\/p>\n<p>Die ausziehbaren F\u00e4cher bieten sechs separate Pl\u00e4tze f\u00fcr sechs professionelle Haarschneidemaschinen und sind mit transparenten Acryldeckeln zum Schutz und zur professionellen Pr\u00e4sentation ausgestattet. Dieses durchdachte Design unterstreicht die Qualit\u00e4t, die man von vertrauensw\u00fcrdigen Anbietern von Friseurkoffern erwartet.<\/p>\n<\/div>\n<p><!-- \u7b2c\u4e09\u680f --><\/p>\n<div style=\"flex: 1; text-align: center;\">\n<p><img decoding=\"async\" style=\"max-width: 100%; height: auto; margin-bottom: 10px;\" src=\"https:\/\/suncasesupply.com\/wp-content\/uploads\/2025\/03\/3-Barber-Tools-Holders.jpg\" alt=\"Halter f\u00fcr Friseurwerkzeuge\" \/><\/p>\n<p><b><\/b><b><\/b><strong><b>Halter f\u00fcr Friseurwerkzeuge<\/b><\/strong><\/p>\n<p>Inklusive durchdachter Scherentaschen, die eine sichere Aufbewahrung der Schere erm\u00f6glichen und Verletzungen durch versehentlichen Kontakt w\u00e4hrend der Arbeit verhindern. Netztaschen und Gummib\u00e4nder sorgen au\u00dferdem f\u00fcr Ordnung in den Friseurwerkzeugen.<\/p>\n<\/div>\n<p><!-- \u7b2c\u56db\u680f --><\/p>\n<div style=\"flex: 1; text-align: center;\">\n<p><img decoding=\"async\" style=\"max-width: 100%; height: auto; margin-bottom: 10px;\" src=\"https:\/\/suncasesupply.com\/wp-content\/uploads\/2025\/03\/4-Acrylic-Cover.jpg\" alt=\"Acryl-Schallwand\" \/><\/p>\n<p><b><\/b><b><\/b><strong><b>Acryl-Schallwand<\/b><\/strong><\/p>\n<p style=\"margin: 0;\">Im Inneren des Friseurkoffers befinden sich zwei transparente Acryl-Schallw\u00e4nde, die sich mithilfe des Verschlusses von links nach rechts \u00f6ffnen lassen. Dies tr\u00e4gt dazu bei, dass weniger Staub in die Innen- und Seitenschubladen eindringt. Dieses Detail verbessert die professionelle Funktionalit\u00e4t des Friseurkoffers.<\/p>\n<\/div>\n<\/div>\n<div style=\"background-color: #29599a; padding: 40px 20px; text-align: center; color: #ffffff; border-radius: 10px; margin: 40px auto; max-width: 960px;\">\n<h2 style=\"font-size: 22px; margin-bottom: 20px; font-weight: bold;\"><span style=\"color: #ffffff;\">Bestellen Sie jetzt den Aluminium-Werkzeugkoffer von Sun Case f\u00fcr Friseure \u2013 Mindestbestellmenge nur 20 St\u00fcck!<\/span><\/h2>\n<p><a style=\"display: inline-block; padding: 12px 28px; background-color: #ffffff; color: #29599a; text-decoration: none; border-radius: 6px; font-weight: bold;\" href=\"https:\/\/suncasesupply.com\/de\/contact-us\/\" target=\"_blank\" rel=\"noopener\">Ein Angebot einholen<br \/>\n<\/a><\/p>\n<\/div>\n<h4><span style=\"color: #003366;\">Herstellungsverfahren:<\/span><\/h4>\n<p><img decoding=\"async\" style=\"max-width: 100%; height: auto; margin-bottom: 10px;\" src=\"https:\/\/suncasesupply.com\/wp-content\/uploads\/2025\/07\/Manufacturing-Process.png\" alt=\"Herstellungsprozess von Suncase\" \/><\/p>\n<div style=\"display: flex; gap: 20px;\">\n<p><!-- \u7b2c\u4e00\u680f \u6d41\u7a0b1--><\/p>\n<div style=\"flex: 1; text-align: center;\"><\/div>\n<\/div>\n<div style=\"display: flex; gap: 20px;\">\n<div style=\"flex: 1; text-align: center;\">\n<p style=\"font-weight: bold; margin: 5px 0;\">\n<\/div>\n<\/div>\n<h4><span style=\"color: #003366;\">Hilfreiche Informationen f\u00fcr Gro\u00dfabnehmer:<\/span><\/h4>\n<ul>\n<li class=\"page-title\" title=\"Was macht Sportkarten so wertvoll?\">\n<p class=\"page-title\" title=\"6 Gr\u00fcnde, warum Sie mit einer Aluminium-Aufbewahrungsbox Ordnung schaffen sollten\"><a href=\"https:\/\/suncasesupply.com\/de\/blog\/custom-aluminum-case\/6-reasons-to-use-aluminum-storage-box-today\/\">6 Gr\u00fcnde, warum Sie mit einer Aluminium-Aufbewahrungsbox Ordnung schaffen sollten &gt;&gt;<\/a><\/p>\n<\/li>\n<li title=\"Was macht Sportkarten so wertvoll?\">\n<p class=\"page-title\" title=\"Alles, was Sie \u00fcber Aluminiumkoffer wissen m\u00fcssen\"><a href=\"https:\/\/suncasesupply.com\/de\/blog\/all-you-need-to-know-about-aluminum-cases\/\">Alles, was Sie \u00fcber Aluminiumkoffer wissen m\u00fcssen &gt;&gt;<\/a><\/p>\n<\/li>\n<\/ul>","protected":false},"excerpt":{"rendered":"<p>Modell:BL-0078<\/p>\n<p>Gr\u00f6\u00dfe: 49,5 x 32 x 19,5 cm<\/p>\n<p>Farben: Schwarz<\/p>\n<p>Materialien: Aluminiumrahmen, ABS-Platte, MDF-Platte, Hardware.<\/p>\n<p>Logo: Metallplattenlogo ist verf\u00fcgbar<\/p>\n<p>Mindestbestellmenge: 20 St\u00fcck<\/p>\n<p>Probe: Verf\u00fcgbar, Probezeit ca. 7 Tage.<\/p>\n<p>Lieferzeit: ca. 15 Tage<\/p>","protected":false},"featured_media":25383,"template":"","meta":{"_gspb_post_css":""},"product_cat":[42,80,88],"product_tag":[],"featured_image_urls":{"full":["https:\/\/suncasesupply.com\/wp-content\/uploads\/2025\/05\/barber-case.jpg",800,800,false],"thumbnail":["https:\/\/suncasesupply.com\/wp-content\/uploads\/2025\/05\/barber-case-150x150.jpg",150,150,true],"medium":["https:\/\/suncasesupply.com\/wp-content\/uploads\/2025\/05\/barber-case-300x300.jpg",300,300,true],"medium_large":["https:\/\/suncasesupply.com\/wp-content\/uploads\/2025\/05\/barber-case-768x768.jpg",768,768,true],"large":["https:\/\/suncasesupply.com\/wp-content\/uploads\/2025\/05\/barber-case.jpg",800,800,false],"1536x1536":["https:\/\/suncasesupply.com\/wp-content\/uploads\/2025\/05\/barber-case.jpg",800,800,false],"2048x2048":["https:\/\/suncasesupply.com\/wp-content\/uploads\/2025\/05\/barber-case.jpg",800,800,false],"trp-custom-language-flag":["https:\/\/suncasesupply.com\/wp-content\/uploads\/2025\/05\/barber-case-12x12.jpg",12,12,true],"woocommerce_thumbnail":["https:\/\/suncasesupply.com\/wp-content\/uploads\/2025\/05\/barber-case-300x300.jpg",300,300,true],"woocommerce_single":["https:\/\/suncasesupply.com\/wp-content\/uploads\/2025\/05\/barber-case-600x600.jpg",600,600,true],"woocommerce_gallery_thumbnail":["https:\/\/suncasesupply.com\/wp-content\/uploads\/2025\/05\/barber-case-100x100.jpg",100,100,true]},"post_excerpt_stackable":"<p>Model:BL-0078<\/p>\n<p>Size: 49.5x32x19.5cm<\/p>\n<p>Colors: Black color<\/p>\n<p>Materials: Aluminum\u00a0frame,\u00a0ABS Panel,\u00a0MDF Board, Hardware.<\/p>\n<p>Logo: Metal Plate Logo is available<\/p>\n<p>MOQ: 20pcs<\/p>\n<p>Sample: Available, sample time about 7 days.<\/p>\n<p>Deliver Time: About 15 days<\/p>\n","category_list":"","author_info":{"name":"","url":""},"comments_num":"0 comments","_links":{"self":[{"href":"https:\/\/suncasesupply.com\/de\/wp-json\/wp\/v2\/product\/22237"}],"collection":[{"href":"https:\/\/suncasesupply.com\/de\/wp-json\/wp\/v2\/product"}],"about":[{"href":"https:\/\/suncasesupply.com\/de\/wp-json\/wp\/v2\/types\/product"}],"wp:featuredmedia":[{"embeddable":true,"href":"https:\/\/suncasesupply.com\/de\/wp-json\/wp\/v2\/media\/25383"}],"wp:attachment":[{"href":"https:\/\/suncasesupply.com\/de\/wp-json\/wp\/v2\/media?parent=22237"}],"wp:term":[{"taxonomy":"product_cat","embeddable":true,"href":"https:\/\/suncasesupply.com\/de\/wp-json\/wp\/v2\/product_cat?post=22237"},{"taxonomy":"product_tag","embeddable":true,"href":"https:\/\/suncasesupply.com\/de\/wp-json\/wp\/v2\/product_tag?post=22237"}],"curies":[{"name":"wp","href":"https:\/\/api.w.org\/{rel}","templated":true}]}}