{"id":22172,"date":"2023-09-20T16:05:40","date_gmt":"2023-09-20T08:05:40","guid":{"rendered":"https:\/\/suncasesupply.com\/?post_type=product&#038;p=22172"},"modified":"2025-02-26T11:27:58","modified_gmt":"2025-02-26T03:27:58","slug":"trolley-4-in-1-large-capacity-trolley-makeup-travel-case-pink","status":"publish","type":"product","link":"https:\/\/suncasesupply.com\/de\/product\/trolley-4-in-1-large-capacity-trolley-makeup-travel-case-pink\/","title":{"rendered":"Trolley 4 in 1 Gro\u00dfraumtrolley Make-up Reisekoffer Rosa"},"content":{"rendered":"<p>&nbsp;<\/p>\n<table width=\"774\">\n<tbody>\n<tr>\n<td width=\"177\">Artikel<\/td>\n<td width=\"597\">Make-up-Koffer auf Rollen<\/td>\n<\/tr>\n<tr>\n<td>Abmessungen<\/td>\n<td>356*254*78cm oder anpassen<\/td>\n<\/tr>\n<tr>\n<td>Farben<\/td>\n<td>Wie die Bilder zeigen oder anpassen<\/td>\n<\/tr>\n<tr>\n<td>Materialien<\/td>\n<td>Aluminium, ABS-Platte, MDF-Platte, EVA\/Schaum\/Stoff\/PU-Futter, Hardware<\/td>\n<\/tr>\n<tr>\n<td>Logo<\/td>\n<td>Metallplattenlogo, gedrucktes Logo, gepr\u00e4gtes Logo, Laserlogo<\/td>\n<\/tr>\n<tr>\n<td>Beispielzeit<\/td>\n<td>7 Tage<\/td>\n<\/tr>\n<tr>\n<td>Verschiffungshafen<\/td>\n<td>Guangzhou, Shenzhen<\/td>\n<\/tr>\n<tr>\n<td>Handelsbedingungen<\/td>\n<td>EXW, FOB, CIF, DDU, DDP<\/td>\n<\/tr>\n<tr>\n<td>Zahlungsarten<\/td>\n<td>T\/T, Barzahlung, PayPal, Kreditkarte<\/td>\n<\/tr>\n<\/tbody>\n<\/table>\n<p><span style=\"color: #003366;\">Merkmale:<\/span><\/p>\n<p>Der Hauptteil dieses Kosmetikkoffers besteht aus ABS und hochdichtem MDF-Material, w\u00e4hrend der Randrahmen und die Ecken aus verst\u00e4rktem Aluminium bestehen, was eine lange Lebensdauer gew\u00e4hrleistet. Das hochwertige Innenfutter aus Samt reduziert Reibung und sch\u00fctzt empfindliche Kosmetika, w\u00e4hrend es gleichzeitig ein angenehmes Gef\u00fchl mit weicher Haptik vermittelt. Zugstangen aus Aluminium sorgen f\u00fcr einen reibungslosen Betrieb und Korrosionsbest\u00e4ndigkeit.<\/p>\n<p>Der 4-in-1-Kosmetikkoffer besteht aus 4 abnehmbaren F\u00e4chern, die Sie nach Bedarf frei kombinieren k\u00f6nnen. Das obere Fach kann als kleiner Kosmetikkoffer verwendet werden; die beiden mittleren Schubladen k\u00f6nnen entfernt werden, um diesen 4-in-1-Kosmetikkoffer je nach Ihren Arbeitsanforderungen in einen 3-in-1\/2-in-1-Koffer zu verwandeln.<\/p>\n<p>Dieser Reisekoffer ist mit vier hochwertigen, um 360\u00b0 drehbaren R\u00e4dern ausgestattet, die f\u00fcr ein sanftes und ger\u00e4uschloses Bewegen sorgen und so mehr Arbeit sparen. Abnehmbare R\u00e4der k\u00f6nnen bei Bedarf leicht entfernt oder ersetzt werden.<\/p>\n<p>Der Make-up-Trolley mit hoher Tragkraft von bis zu 36 kg ist die perfekte Aufbewahrungsm\u00f6glichkeit f\u00fcr eine gro\u00dfe Anzahl an Haar-, Kosmetik- und Nagelutensilien. Der gro\u00dfe Stauraum in der unteren Ebene ohne Trennwand erm\u00f6glicht die Aufbewahrung von Make-up-Utensilien in gro\u00dfen Gr\u00f6\u00dfen. Zwei abschlie\u00dfbare Klammern an der Oberseite und andere Ablagen sind ebenfalls mit Schl\u00f6ssern versehen. Aus Datenschutzgr\u00fcnden ist er auch mit Schl\u00fcsseln abschlie\u00dfbar. Ideal, um genau das mitzunehmen, was Sie brauchen, \u00fcberall und jederzeit.<\/p>","protected":false},"excerpt":{"rendered":"<p>Modell: SC-RM0023<\/p>\n<p>Gr\u00f6\u00dfe: 356*254*78cm<\/p>\n<p>Mindestbestellmenge: 50 St\u00fcck<br \/>\nLieferzeit: 15-25 Tage<\/p>\n<p>Probe: Verf\u00fcgbar<\/p>","protected":false},"featured_media":22173,"template":"","meta":{"_gspb_post_css":""},"product_cat":[97],"product_tag":[],"featured_image_urls":{"full":["https:\/\/suncasesupply.com\/wp-content\/uploads\/2023\/09\/1.jpg",800,800,false],"thumbnail":["https:\/\/suncasesupply.com\/wp-content\/uploads\/2023\/09\/1-150x150.jpg",150,150,true],"medium":["https:\/\/suncasesupply.com\/wp-content\/uploads\/2023\/09\/1-300x300.jpg",300,300,true],"medium_large":["https:\/\/suncasesupply.com\/wp-content\/uploads\/2023\/09\/1-768x768.jpg",768,768,true],"large":["https:\/\/suncasesupply.com\/wp-content\/uploads\/2023\/09\/1.jpg",800,800,false],"1536x1536":["https:\/\/suncasesupply.com\/wp-content\/uploads\/2023\/09\/1.jpg",800,800,false],"2048x2048":["https:\/\/suncasesupply.com\/wp-content\/uploads\/2023\/09\/1.jpg",800,800,false],"trp-custom-language-flag":["https:\/\/suncasesupply.com\/wp-content\/uploads\/2023\/09\/1.jpg",12,12,false],"woocommerce_thumbnail":["https:\/\/suncasesupply.com\/wp-content\/uploads\/2023\/09\/1-300x300.jpg",300,300,true],"woocommerce_single":["https:\/\/suncasesupply.com\/wp-content\/uploads\/2023\/09\/1-600x600.jpg",600,600,true],"woocommerce_gallery_thumbnail":["https:\/\/suncasesupply.com\/wp-content\/uploads\/2023\/09\/1-100x100.jpg",100,100,true]},"post_excerpt_stackable":"<p>Model : SC-RM0023<\/p>\n<p>Size: 356*254*78cm<\/p>\n<p>MOQ: 50pcs<br \/>\nDelivery Time : 15-25 Days<\/p>\n<p>Sample : Available<\/p>\n","category_list":"","author_info":{"name":"","url":""},"comments_num":"0 comments","_links":{"self":[{"href":"https:\/\/suncasesupply.com\/de\/wp-json\/wp\/v2\/product\/22172"}],"collection":[{"href":"https:\/\/suncasesupply.com\/de\/wp-json\/wp\/v2\/product"}],"about":[{"href":"https:\/\/suncasesupply.com\/de\/wp-json\/wp\/v2\/types\/product"}],"wp:featuredmedia":[{"embeddable":true,"href":"https:\/\/suncasesupply.com\/de\/wp-json\/wp\/v2\/media\/22173"}],"wp:attachment":[{"href":"https:\/\/suncasesupply.com\/de\/wp-json\/wp\/v2\/media?parent=22172"}],"wp:term":[{"taxonomy":"product_cat","embeddable":true,"href":"https:\/\/suncasesupply.com\/de\/wp-json\/wp\/v2\/product_cat?post=22172"},{"taxonomy":"product_tag","embeddable":true,"href":"https:\/\/suncasesupply.com\/de\/wp-json\/wp\/v2\/product_tag?post=22172"}],"curies":[{"name":"wp","href":"https:\/\/api.w.org\/{rel}","templated":true}]}}