{"id":22163,"date":"2023-09-19T17:39:34","date_gmt":"2023-09-19T09:39:34","guid":{"rendered":"https:\/\/suncasesupply.com\/?post_type=product&#038;p=22163"},"modified":"2025-07-15T10:54:12","modified_gmt":"2025-07-15T02:54:12","slug":"pick-foam-flight-case-multi-format-turntable-storage-case","status":"publish","type":"product","link":"https:\/\/suncasesupply.com\/de\/product\/pick-foam-flight-case-multi-format-turntable-storage-case\/","title":{"rendered":"Technics 1200 Plattenspielerkoffer Aluminium-Plattenspieler-Aufbewahrungskoffer"},"content":{"rendered":"<h4><span style=\"color: #003366;\">Merkmale:<\/span><\/h4>\n<ul>\n<li><strong><b>Robuste Konstruktion<\/b><\/strong>: Das Technics 1200 Turntable Case, ein Aluminium-Plattenspieler-Case, besteht aus korrosionsbest\u00e4ndigen Aluminiumprofilen mit robusten, abgerundeten Ecken. Dieses robuste Aluminium-DJ-Case bietet dauerhaften Schutz f\u00fcr Ihr wertvolles Equipment.<\/li>\n<li><strong><b>Schutzsch\u00e4ume<\/b><\/strong>: Vollst\u00e4ndig ausgekleidet mit einer Schutzpolsterung aus hochdichtem EVA-Schaum und Eierkarton-Schaum auf dem Deckel, wodurch es sich ideal als Aufbewahrungsbeh\u00e4lter f\u00fcr Plattenspieler eignet.<\/li>\n<li><strong><b>Robuste Materialien<\/b><\/strong>: Zwei seitliche, starke Butterfly-Verschl\u00fcsse und solide Metallscharniere, genau wie sie bei professionellen Werkzeugkastendesigns aus Aluminium verwendet werden.<\/li>\n<li><strong><b>Stehen<\/b><\/strong>: Gummif\u00fc\u00dfe an der Unterseite f\u00fcr Halt beim Stehen.<\/li>\n<li><strong><b>Stapeln<\/b><\/strong>: Der obere Deckel und die Unterseite des Plattenspielers mit Aufbewahrungskoffer sind vollst\u00e4ndig abnehmbar und k\u00f6nnen beim Arbeiten gestapelt werden, was die Funktionalit\u00e4t f\u00fcr mobile Setups oder die Aufbewahrungsbed\u00fcrfnisse von DJ-Platten verbessert.<\/li>\n<\/ul>\n<h4><span style=\"color: #003366;\">Produktdetails:<\/span><\/h4>\n<div style=\"display: flex; gap: 20px;\">\n<p><!-- \u7b2c\u4e00\u680f --><\/p>\n<div style=\"flex: 1; text-align: center;\">\n<p><img decoding=\"async\" style=\"max-width: 100%; height: auto; margin-bottom: 10px;\" src=\"https:\/\/suncasesupply.com\/wp-content\/uploads\/2025\/03\/1-Cable-Hole.jpg\" alt=\"Kabelloch\" \/><\/p>\n<p><strong><b>Kabelloch<\/b><\/strong><\/p>\n<p style=\"margin: 0;\">Die Kabel\u00f6ffnung befindet sich in der Mitte der R\u00fcckseite des Plattenspielergeh\u00e4uses. Wenn der Technics 1200 zur Aufbewahrung in diesen Plattenspieler gestellt wird, k\u00f6nnen seine Kabel durch diese \u00d6ffnung gef\u00fchrt und an andere Stromquellen angeschlossen werden. So bleiben die Kabel geordnet und verheddern sich nicht, was besonders wichtig f\u00fcr die \u00fcbersichtliche Aufbewahrung von Schallplatten und Plattenspielern ist.<\/p>\n<p>&nbsp;<\/p>\n<\/div>\n<p><!-- \u7b2c\u4e8c\u680f --><\/p>\n<div style=\"flex: 1; text-align: center;\">\n<p><img decoding=\"async\" style=\"max-width: 100%; height: auto; margin-bottom: 10px;\" src=\"https:\/\/suncasesupply.com\/wp-content\/uploads\/2025\/03\/2-Butterfly-Locks.jpg\" alt=\"Butterfly-Schl\u00f6sser\" \/><\/p>\n<p><strong><b>Butterfly-Schl\u00f6sser<\/b><\/strong><\/p>\n<p style=\"margin: 0;\">Der Butterfly-Verschluss ist ein komplexer Aufbau und besteht aus einer Schlossabdeckung, einem Schlosshaken, einem Schlosssockel, mechanischen Nieten, Nietverbindern, drehbaren, beweglichen Platten, Federn, Knopfk\u00f6pfen, Knopfgriffen und Federplatten. Er l\u00e4sst sich leicht \u00f6ffnen und schlie\u00dfen, ist robust und stabil. Er ist korrosionsbest\u00e4ndig und robust und kann sogar als dekoratives Element dienen \u2013 h\u00e4ufig bei DJ-Plattenkoffern.<\/p>\n<\/div>\n<p><!-- \u7b2c\u4e09\u680f --><\/p>\n<div style=\"flex: 1; text-align: center;\">\n<p><img decoding=\"async\" style=\"max-width: 100%; height: auto; margin-bottom: 10px;\" src=\"https:\/\/suncasesupply.com\/wp-content\/uploads\/2025\/03\/3-Spring-Handle.jpg\" alt=\"Federgriff\" \/><\/p>\n<p><b><\/b><strong><b>Federgriff<\/b><\/strong><\/p>\n<p>Der Federklappgriff ist ein Griff mit Klappfunktion. Er ist in die Innenseite des Griffs eingelassen und h\u00e4lt den Griff durch Elastizit\u00e4t ein- oder ausgeklappt. Bei Bedarf l\u00e4sst sich der Griff einfach aufklappen. Nach dem Loslassen klappt ihn die Feder automatisch in seine Ausgangsposition zur\u00fcck.<\/p>\n<\/div>\n<p><!-- \u7b2c\u56db\u680f --><\/p>\n<div style=\"flex: 1; text-align: center;\">\n<p><img decoding=\"async\" style=\"max-width: 100%; height: auto; margin-bottom: 10px;\" src=\"https:\/\/suncasesupply.com\/wp-content\/uploads\/2025\/03\/4.jpg\" alt=\"Schutzpolster EVA\" \/><\/p>\n<p><strong><b>Schutzpolster EVA<\/b><\/strong><\/p>\n<p style=\"margin: 0;\">Im oberen Deckel des Plattenspieler-Organizers befindet sich eine gro\u00dfe EVA-Schutzpolsterung und in den unteren vier Ecken vier weitere. Ihre Hauptfunktion besteht darin, das Ger\u00e4t im Inneren zu fixieren. Wenn der Technics 1200 im Koffer platziert ist, verhindert die EVA-Schutzpolsterung, dass sich das Ger\u00e4t nach oben, unten, links und rechts bewegt und sorgt so f\u00fcr Kollisionsschutz und Schutz.<\/p>\n<\/div>\n<\/div>\n<div style=\"background-color: #29599a; padding: 40px 20px; text-align: center; color: #ffffff; border-radius: 10px; margin: 40px auto; max-width: 960px;\">\n<h2 style=\"font-size: 22px; margin-bottom: 20px; font-weight: bold;\"><span style=\"color: #ffffff;\">Starten Sie Ihre Gro\u00dfbestellung f\u00fcr das Plattenspielergeh\u00e4use Technics 1200 \u2013 Mindestbestellmenge 100, Direktpreis ab Werk!<\/span><\/h2>\n<p><a style=\"display: inline-block; padding: 12px 28px; background-color: #ffffff; color: #29599a; text-decoration: none; border-radius: 6px; font-weight: bold;\" href=\"https:\/\/suncasesupply.com\/de\/contact-us\/\" target=\"_blank\" rel=\"noopener\">Jetzt Angebot einholen<br \/>\n<\/a><\/p>\n<\/div>\n<h4><span style=\"color: #003366;\">Herstellungsverfahren:<\/span><\/h4>\n<p><img decoding=\"async\" style=\"max-width: 100%; height: auto; margin-bottom: 10px;\" src=\"https:\/\/suncasesupply.com\/wp-content\/uploads\/2025\/07\/Manufacturing-Process.png\" alt=\"Herstellungsprozess von Suncase\" \/><\/p>\n<h4><span style=\"color: #003366;\">Hilfreiche Informationen f\u00fcr Gro\u00dfabnehmer:<\/span><\/h4>\n<ul>\n<li class=\"page-title\" title=\"Was macht Sportkarten so wertvoll?\">\n<p class=\"page-title\" title=\"6 Gr\u00fcnde, warum Sie mit einer Aluminium-Aufbewahrungsbox Ordnung schaffen sollten\"><a href=\"https:\/\/suncasesupply.com\/de\/blog\/custom-aluminum-case\/6-reasons-to-use-aluminum-storage-box-today\/\">6 Gr\u00fcnde, warum Sie mit einer Aluminium-Aufbewahrungsbox Ordnung schaffen sollten &gt;&gt;<\/a><\/p>\n<\/li>\n<li title=\"Was macht Sportkarten so wertvoll?\">\n<p class=\"page-title\" title=\"Alles, was Sie \u00fcber Aluminiumkoffer wissen m\u00fcssen\"><a href=\"https:\/\/suncasesupply.com\/de\/blog\/all-you-need-to-know-about-aluminum-cases\/\">Alles, was Sie \u00fcber Aluminiumkoffer wissen m\u00fcssen &gt;&gt;<\/a><\/p>\n<\/li>\n<li title=\"Was macht Sportkarten so wertvoll?\">\n<p class=\"page-title\" title=\"Zwei M\u00f6glichkeiten, Ihr DJ-Equipment mit einem DJ-Controller-Case zu sch\u00fctzen\"><a href=\"https:\/\/suncasesupply.com\/de\/blog\/custom-aluminum-case\/two-ways-to-protect-your-dj-gear-with-a-dj-controller-case\/\">Zwei M\u00f6glichkeiten, Ihre DJ-Ausr\u00fcstung mit einem DJ-Controller-Case zu sch\u00fctzen &gt;&gt;<\/a><\/p>\n<\/li>\n<\/ul>","protected":false},"excerpt":{"rendered":"<p>Modell: BA-25001<\/p>\n<p>Gr\u00f6\u00dfe: 45 x 45 x 20 cm<\/p>\n<p>Maschine: Zur Aufnahme von Technics 1200<\/p>\n<p>Farben: Schwarz<\/p>\n<p>Materialien: Sperrholz, Aluminium mit abgerundeten Ecken, MDF-Platte, Hardware.<\/p>\n<p>Logo: Siebdruck-Logo \/ Metallplatten-Logo<\/p>\n<p>Mindestbestellmenge: 100 St\u00fcck<\/p>\n<p>Probe: Verf\u00fcgbar, Probezeit ca. 7 Tage.<\/p>\n<p>Zahlungsbedingungen: T\/T, Anzahlung + Restbetrag<\/p>","protected":false},"featured_media":25385,"template":"","meta":{"_gspb_post_css":""},"product_cat":[42,80],"product_tag":[],"featured_image_urls":{"full":["https:\/\/suncasesupply.com\/wp-content\/uploads\/2025\/05\/turntable-flight-case.jpg",800,800,false],"thumbnail":["https:\/\/suncasesupply.com\/wp-content\/uploads\/2025\/05\/turntable-flight-case-150x150.jpg",150,150,true],"medium":["https:\/\/suncasesupply.com\/wp-content\/uploads\/2025\/05\/turntable-flight-case-300x300.jpg",300,300,true],"medium_large":["https:\/\/suncasesupply.com\/wp-content\/uploads\/2025\/05\/turntable-flight-case-768x768.jpg",768,768,true],"large":["https:\/\/suncasesupply.com\/wp-content\/uploads\/2025\/05\/turntable-flight-case.jpg",800,800,false],"1536x1536":["https:\/\/suncasesupply.com\/wp-content\/uploads\/2025\/05\/turntable-flight-case.jpg",800,800,false],"2048x2048":["https:\/\/suncasesupply.com\/wp-content\/uploads\/2025\/05\/turntable-flight-case.jpg",800,800,false],"trp-custom-language-flag":["https:\/\/suncasesupply.com\/wp-content\/uploads\/2025\/05\/turntable-flight-case-12x12.jpg",12,12,true],"woocommerce_thumbnail":["https:\/\/suncasesupply.com\/wp-content\/uploads\/2025\/05\/turntable-flight-case-300x300.jpg",300,300,true],"woocommerce_single":["https:\/\/suncasesupply.com\/wp-content\/uploads\/2025\/05\/turntable-flight-case-600x600.jpg",600,600,true],"woocommerce_gallery_thumbnail":["https:\/\/suncasesupply.com\/wp-content\/uploads\/2025\/05\/turntable-flight-case-100x100.jpg",100,100,true]},"post_excerpt_stackable":"<p>Model:BA-25001<\/p>\n<p>Size: 45 x 45 x 20 cm<\/p>\n<p>Machine: To hold Technics 1200<\/p>\n<p>Colors: Black color<\/p>\n<p>Materials: Plywood, Round Corner Aluminum, MDF Board, Hardware.<\/p>\n<p>Logo: Silk Printing Logo \/ Metal Plate Logo<\/p>\n<p>MOQ: 100pcs<\/p>\n<p>Sample: Available, sample time about 7 days.<\/p>\n<p>Payment Terms: T\/T, Deposit+Balance<\/p>\n","category_list":"","author_info":{"name":"","url":""},"comments_num":"0 comments","_links":{"self":[{"href":"https:\/\/suncasesupply.com\/de\/wp-json\/wp\/v2\/product\/22163"}],"collection":[{"href":"https:\/\/suncasesupply.com\/de\/wp-json\/wp\/v2\/product"}],"about":[{"href":"https:\/\/suncasesupply.com\/de\/wp-json\/wp\/v2\/types\/product"}],"wp:featuredmedia":[{"embeddable":true,"href":"https:\/\/suncasesupply.com\/de\/wp-json\/wp\/v2\/media\/25385"}],"wp:attachment":[{"href":"https:\/\/suncasesupply.com\/de\/wp-json\/wp\/v2\/media?parent=22163"}],"wp:term":[{"taxonomy":"product_cat","embeddable":true,"href":"https:\/\/suncasesupply.com\/de\/wp-json\/wp\/v2\/product_cat?post=22163"},{"taxonomy":"product_tag","embeddable":true,"href":"https:\/\/suncasesupply.com\/de\/wp-json\/wp\/v2\/product_tag?post=22163"}],"curies":[{"name":"wp","href":"https:\/\/api.w.org\/{rel}","templated":true}]}}