{"id":22117,"date":"2023-08-30T17:17:41","date_gmt":"2023-08-30T09:17:41","guid":{"rendered":"https:\/\/suncasesupply.com\/?post_type=product&#038;p=22117"},"modified":"2025-02-26T11:03:07","modified_gmt":"2025-02-26T03:03:07","slug":"high-aluminum-frame-makeup-artist-director-chair-foldable-outdoor-chair","status":"publish","type":"product","link":"https:\/\/suncasesupply.com\/de\/product\/high-aluminum-frame-makeup-artist-director-chair-foldable-outdoor-chair\/","title":{"rendered":"Make-up-K\u00fcnstler-Regiestuhl mit hohem Aluminiumrahmen, faltbarer Outdoor-Stuhl"},"content":{"rendered":"<p>&nbsp;<\/p>\n<table width=\"774\">\n<tbody>\n<tr>\n<td width=\"177\">Artikel<\/td>\n<td width=\"597\">Make-up-Stuhl<\/td>\n<\/tr>\n<tr>\n<td>Abmessungen<\/td>\n<td>58,5*48,3*115,6 cm<\/td>\n<\/tr>\n<tr>\n<td>Farben<\/td>\n<td>Wie die Bilder zeigen oder anpassen<\/td>\n<\/tr>\n<tr>\n<td>Materialien<\/td>\n<td>Aluminiumrahmen, Oxford-Gewebe, Hardware<\/td>\n<\/tr>\n<tr>\n<td>Logo<\/td>\n<td>Metallplattenlogo, gedrucktes Logo, gepr\u00e4gtes Logo, Laserlogo<\/td>\n<\/tr>\n<tr>\n<td>Beispielzeit<\/td>\n<td>7 Tage<\/td>\n<\/tr>\n<tr>\n<td>Verschiffungshafen<\/td>\n<td>Guangzhou, Shenzhen<\/td>\n<\/tr>\n<tr>\n<td>Handelsbedingungen<\/td>\n<td>EXW, FOB, CIF, DDU, DDP<\/td>\n<\/tr>\n<tr>\n<td>Zahlungsarten<\/td>\n<td>T\/T, Barzahlung, PayPal, Kreditkarte<\/td>\n<\/tr>\n<\/tbody>\n<\/table>\n<p><span style=\"color: #003366;\">Merkmale:<\/span><\/p>\n<p>Entdecken Sie vielf\u00e4ltige Einsatzm\u00f6glichkeiten f\u00fcr diesen Regiestuhl im klassischen Stil.<\/p>\n<p>Dieser tragbare Regiestuhl ist mit seinem Aluminiumrahmen und Oxford-Gewebe auf dauerhafte Stabilit\u00e4t ausgelegt.<\/p>\n<p>Das faltbare Design macht Transport und Lagerung zum Kinderspiel \u2013 Sie k\u00f6nnen es also problemlos von Raum zu Raum bewegen oder f\u00fcr besondere Anl\u00e4sse transportieren. Eine ausgezeichnete L\u00f6sung f\u00fcr Privathaushalte, Schulen, Veranstaltungen und Unternehmen gleicherma\u00dfen.<\/p>","protected":false},"excerpt":{"rendered":"<p>Modell: BL-0066<\/p>\n<p>Gr\u00f6\u00dfe: 58,5 * 48,3 * 115,6 cm<\/p>\n<p>Mindestbestellmenge: 5 St\u00fcck<\/p>\n<p>Lieferzeit: 15-25 Tage<\/p>\n<p>Probe: Verf\u00fcgbar<\/p>","protected":false},"featured_media":22120,"template":"","meta":{"_gspb_post_css":""},"product_cat":[99],"product_tag":[],"featured_image_urls":{"full":["https:\/\/suncasesupply.com\/wp-content\/uploads\/2023\/08\/7-1-3.jpg",1100,1100,false],"thumbnail":["https:\/\/suncasesupply.com\/wp-content\/uploads\/2023\/08\/7-1-3-150x150.jpg",150,150,true],"medium":["https:\/\/suncasesupply.com\/wp-content\/uploads\/2023\/08\/7-1-3-300x300.jpg",300,300,true],"medium_large":["https:\/\/suncasesupply.com\/wp-content\/uploads\/2023\/08\/7-1-3-768x768.jpg",768,768,true],"large":["https:\/\/suncasesupply.com\/wp-content\/uploads\/2023\/08\/7-1-3-1024x1024.jpg",1024,1024,true],"1536x1536":["https:\/\/suncasesupply.com\/wp-content\/uploads\/2023\/08\/7-1-3.jpg",1100,1100,false],"2048x2048":["https:\/\/suncasesupply.com\/wp-content\/uploads\/2023\/08\/7-1-3.jpg",1100,1100,false],"trp-custom-language-flag":["https:\/\/suncasesupply.com\/wp-content\/uploads\/2023\/08\/7-1-3.jpg",12,12,false],"woocommerce_thumbnail":["https:\/\/suncasesupply.com\/wp-content\/uploads\/2023\/08\/7-1-3-300x300.jpg",300,300,true],"woocommerce_single":["https:\/\/suncasesupply.com\/wp-content\/uploads\/2023\/08\/7-1-3-600x600.jpg",600,600,true],"woocommerce_gallery_thumbnail":["https:\/\/suncasesupply.com\/wp-content\/uploads\/2023\/08\/7-1-3-100x100.jpg",100,100,true]},"post_excerpt_stackable":"<p>Model : BL-0066<\/p>\n<p>Size: 58.5*48.3*115.6cm<\/p>\n<p>MOQ: 5pcs<\/p>\n<p>Delivery Time : 15-25 Days<\/p>\n<p>Sample : Available<\/p>\n","category_list":"","author_info":{"name":"","url":""},"comments_num":"0 comments","_links":{"self":[{"href":"https:\/\/suncasesupply.com\/de\/wp-json\/wp\/v2\/product\/22117"}],"collection":[{"href":"https:\/\/suncasesupply.com\/de\/wp-json\/wp\/v2\/product"}],"about":[{"href":"https:\/\/suncasesupply.com\/de\/wp-json\/wp\/v2\/types\/product"}],"wp:featuredmedia":[{"embeddable":true,"href":"https:\/\/suncasesupply.com\/de\/wp-json\/wp\/v2\/media\/22120"}],"wp:attachment":[{"href":"https:\/\/suncasesupply.com\/de\/wp-json\/wp\/v2\/media?parent=22117"}],"wp:term":[{"taxonomy":"product_cat","embeddable":true,"href":"https:\/\/suncasesupply.com\/de\/wp-json\/wp\/v2\/product_cat?post=22117"},{"taxonomy":"product_tag","embeddable":true,"href":"https:\/\/suncasesupply.com\/de\/wp-json\/wp\/v2\/product_tag?post=22117"}],"curies":[{"name":"wp","href":"https:\/\/api.w.org\/{rel}","templated":true}]}}