{"id":22049,"date":"2023-08-30T12:10:11","date_gmt":"2023-08-30T04:10:11","guid":{"rendered":"https:\/\/suncasesupply.com\/?post_type=product&#038;p=22049"},"modified":"2025-02-20T09:36:00","modified_gmt":"2025-02-20T01:36:00","slug":"flight-case-multi-format-turntable-case-with-pluck-foam","status":"publish","type":"product","link":"https:\/\/suncasesupply.com\/de\/product\/flight-case-multi-format-turntable-case-with-pluck-foam\/","title":{"rendered":"Flight Case Multiformat-Plattenspielerkoffer mit Zupfschaum"},"content":{"rendered":"<p>&nbsp;<\/p>\n<table width=\"774\">\n<tbody>\n<tr>\n<td width=\"177\">Artikel<\/td>\n<td width=\"597\">Flightcase<\/td>\n<\/tr>\n<tr>\n<td>Abmessungen<\/td>\n<td>49 x 42,3 x 21 cm oder individuell anpassen<\/td>\n<\/tr>\n<tr>\n<td>Farben<\/td>\n<td>Wie die Bilder zeigen oder anpassen<\/td>\n<\/tr>\n<tr>\n<td>Materialien<\/td>\n<td>Aluminium, Sperrholz, EVA\/Schaum\/Stoff\/PU-Futter, Hardware<\/td>\n<\/tr>\n<tr>\n<td>Logo<\/td>\n<td>Metallplattenlogo, gedrucktes Logo, gepr\u00e4gtes Logo, Laserlogo<\/td>\n<\/tr>\n<tr>\n<td>Beispielzeit<\/td>\n<td>7 Tage<\/td>\n<\/tr>\n<tr>\n<td>Verschiffungshafen<\/td>\n<td>Guangzhou, Shenzhen<\/td>\n<\/tr>\n<tr>\n<td>Handelsbedingungen<\/td>\n<td>EXW, FOB, CIF, DDU, DDP<\/td>\n<\/tr>\n<tr>\n<td>Zahlungsarten<\/td>\n<td>T\/T, Barzahlung, PayPal, Kreditkarte<\/td>\n<\/tr>\n<\/tbody>\n<\/table>\n<p><span style=\"color: #003366;\">Merkmale:<\/span><\/p>\n<p>Farbe: Schwarz<br \/>\nGewicht 4,55 kg<br \/>\nAu\u00dfenma\u00dfe (B x H x T) 49 x 42,3 x 21 cm | 19,3 x 16,6 x 8,3 Zoll<br \/>\nInnenma\u00dfe (B x H x T) 48 x 41,3 x 20 cm | 18,9 x 16,2 x 7,9 Zoll<br \/>\nMaterial Aluminium<br \/>\nSchutz Korrosionsbest\u00e4ndige Aluminiumprofile mit stark abgerundeten Ecken<br \/>\nVollst\u00e4ndig ausgekleidet mit hochdichter Schaumstoff-Schutzpolsterung und Schaumstoff auf dem Deckel<br \/>\nZweiseitiger, starker Butterfly-Verschluss und solide Metallscharniere<br \/>\nGummif\u00fc\u00dfe an der Unterseite f\u00fcr Halt beim Stehen<br \/>\nExtra: Geringeres Gewicht als herk\u00f6mmliche Flightcases<br \/>\nBlack Diamond-Oberfl\u00e4chenfinish<br \/>\nErgonomischer und stabiler Tragegriff<br \/>\nPick &amp; Zupfschaum mit zwei separaten Schichten<br \/>\nErsatz-Pick &amp; Pluck-Schaumstoff ist k\u00e4uflich zu erwerben<br \/>\nHintere Kabelzugangs\u00f6ffnung mit Abdeckung<br \/>\nPassend f\u00fcr Technics SL-1200MK7, SL-1200MK6, SL-1200 MK5, SL-1200 MK4, SL-1200 MK3, SL-1200 MK2, SL-1200GR, SL-1200GAE,<br \/>\nDenon VL12 Prime,<br \/>\nPioneer PLX-1000, PLX-500<br \/>\nReloop RP-8000 MK2, RP-8000 gerade, RP-8000, Reloop RP-1000M, RP-1000 MK2, RP-2000 MK2, RP-2000 USB MK2, RP-4000 MK2, RP-7000, RP-7000 MK2, RP-7000 MK2 GLD, RP-7000 MK2 Silber,<br \/>\nAudio Technica LP120-USB, LP120XUSB, LP1240-USBXP, LP1240-USB, LP140XP, LP3, LP5, LP7, LPW40WN,<br \/>\nStanton STR8-150 M2, ST-150 M2, T.52, T.55 USB, T.62 M2, T.92 M2 USB,<br \/>\nMixars STA, LTA,<br \/>\nVestax PDX-3000, PDX-3000Mix, PDX-3000MKII,<br \/>\noder einen Plattenspieler \u00e4hnlicher Gr\u00f6\u00dfe<\/p>\n<p>.<\/p>","protected":false},"excerpt":{"rendered":"<p>Modell: SC-FL0013<\/p>\n<p>Gr\u00f6\u00dfe: 49 x 42,3 x 21 cm<\/p>\n<p>Mindestbestellmenge: 100 St\u00fcck<\/p>\n<p>Lieferzeit: 15-25 Tage<\/p>\n<p>Probe: Verf\u00fcgbar<\/p>","protected":false},"featured_media":22051,"template":"","meta":{"_gspb_post_css":""},"product_cat":[80],"product_tag":[],"featured_image_urls":{"full":["https:\/\/suncasesupply.com\/wp-content\/uploads\/2023\/08\/3-7.png",970,970,false],"thumbnail":["https:\/\/suncasesupply.com\/wp-content\/uploads\/2023\/08\/3-7-150x150.png",150,150,true],"medium":["https:\/\/suncasesupply.com\/wp-content\/uploads\/2023\/08\/3-7-300x300.png",300,300,true],"medium_large":["https:\/\/suncasesupply.com\/wp-content\/uploads\/2023\/08\/3-7-768x768.png",768,768,true],"large":["https:\/\/suncasesupply.com\/wp-content\/uploads\/2023\/08\/3-7.png",970,970,false],"1536x1536":["https:\/\/suncasesupply.com\/wp-content\/uploads\/2023\/08\/3-7.png",970,970,false],"2048x2048":["https:\/\/suncasesupply.com\/wp-content\/uploads\/2023\/08\/3-7.png",970,970,false],"trp-custom-language-flag":["https:\/\/suncasesupply.com\/wp-content\/uploads\/2023\/08\/3-7.png",12,12,false],"woocommerce_thumbnail":["https:\/\/suncasesupply.com\/wp-content\/uploads\/2023\/08\/3-7-300x300.png",300,300,true],"woocommerce_single":["https:\/\/suncasesupply.com\/wp-content\/uploads\/2023\/08\/3-7-600x600.png",600,600,true],"woocommerce_gallery_thumbnail":["https:\/\/suncasesupply.com\/wp-content\/uploads\/2023\/08\/3-7-100x100.png",100,100,true]},"post_excerpt_stackable":"<p>Model : SC-FL0013<\/p>\n<p>Size: 49 x 42.3 x 21 cm<\/p>\n<p>MOQ: 100pcs<\/p>\n<p>Delivery Time : 15-25 Days<\/p>\n<p>Sample : Available<\/p>\n","category_list":"","author_info":{"name":"","url":""},"comments_num":"0 comments","_links":{"self":[{"href":"https:\/\/suncasesupply.com\/de\/wp-json\/wp\/v2\/product\/22049"}],"collection":[{"href":"https:\/\/suncasesupply.com\/de\/wp-json\/wp\/v2\/product"}],"about":[{"href":"https:\/\/suncasesupply.com\/de\/wp-json\/wp\/v2\/types\/product"}],"wp:featuredmedia":[{"embeddable":true,"href":"https:\/\/suncasesupply.com\/de\/wp-json\/wp\/v2\/media\/22051"}],"wp:attachment":[{"href":"https:\/\/suncasesupply.com\/de\/wp-json\/wp\/v2\/media?parent=22049"}],"wp:term":[{"taxonomy":"product_cat","embeddable":true,"href":"https:\/\/suncasesupply.com\/de\/wp-json\/wp\/v2\/product_cat?post=22049"},{"taxonomy":"product_tag","embeddable":true,"href":"https:\/\/suncasesupply.com\/de\/wp-json\/wp\/v2\/product_tag?post=22049"}],"curies":[{"name":"wp","href":"https:\/\/api.w.org\/{rel}","templated":true}]}}