{"id":22027,"date":"2023-08-30T10:34:08","date_gmt":"2023-08-30T02:34:08","guid":{"rendered":"https:\/\/suncasesupply.com\/?post_type=product&#038;p=22027"},"modified":"2025-02-26T11:06:31","modified_gmt":"2025-02-26T03:06:31","slug":"makeup-train-case-portable-cosmetic-organizer-for-artist-with-locks","status":"publish","type":"product","link":"https:\/\/suncasesupply.com\/de\/product\/makeup-train-case-portable-cosmetic-organizer-for-artist-with-locks\/","title":{"rendered":"Makeup Train Case Tragbarer Kosmetik-Organizer f\u00fcr K\u00fcnstler mit Schl\u00f6ssern"},"content":{"rendered":"<p>&nbsp;<\/p>\n<table width=\"774\">\n<tbody>\n<tr>\n<td width=\"177\">Artikel<\/td>\n<td width=\"597\">Make-up-Etui aus Aluminium<\/td>\n<\/tr>\n<tr>\n<td>Abmessungen<\/td>\n<td>32 x 22 x 26 cm\/Individuell<\/td>\n<\/tr>\n<tr>\n<td>Farben<\/td>\n<td>Wie die Bilder zeigen oder anpassen<\/td>\n<\/tr>\n<tr>\n<td>Materialien<\/td>\n<td>Aluminium, ABS-Platte, MDF-Platte, EVA\/Schaum\/Stoff\/PU-Futter, Hardware<\/td>\n<\/tr>\n<tr>\n<td>Logo<\/td>\n<td>Metallplattenlogo, gedrucktes Logo, gepr\u00e4gtes Logo, Laserlogo<\/td>\n<\/tr>\n<tr>\n<td>Beispielzeit<\/td>\n<td>7 Tage<\/td>\n<\/tr>\n<tr>\n<td>Verschiffungshafen<\/td>\n<td>Guangzhou, Shenzhen<\/td>\n<\/tr>\n<tr>\n<td>Handelsbedingungen<\/td>\n<td>EXW, FOB, CIF, DDU, DDP<\/td>\n<\/tr>\n<tr>\n<td>Zahlungsarten<\/td>\n<td>T\/T, Barzahlung, PayPal, Kreditkarte<\/td>\n<\/tr>\n<\/tbody>\n<\/table>\n<p><span style=\"color: #003366;\">Merkmale:<\/span><\/p>\n<p>* Entwickelt f\u00fcr Visagisten und Friseure, die viel unterwegs sind.<br \/>\n* Ausgestattet mit zwei ausklappbaren F\u00e4chern im Akkordeon-Stil.<br \/>\n* Erm\u00f6glicht die \u00fcbersichtliche Organisation aller Ihrer Werkzeuge und Produkte und den schnellen Zugriff auf alle diese Artikel.<br \/>\n* Leicht zu schlie\u00dfende Riegel sichern Ihre Sachen.<br \/>\n* Hochwertige Konstruktion aus Aluminiumlegierung mit verst\u00e4rkten Stahlecken f\u00fcr zus\u00e4tzliche Haltbarkeit.<br \/>\n* Ein drehbarer Tragegriff an der Oberseite erleichtert den Transport.<\/p>","protected":false},"excerpt":{"rendered":"<p>Modell: BL-0061<\/p>\n<p>Gr\u00f6\u00dfe: 32 x 22 x 26 cm\/Kundenspezifisch<\/p>\n<p>Mindestbestellmenge: 100 St\u00fcck<br \/>\nLieferzeit: 15-25 Tage<\/p>\n<p>Probe: Verf\u00fcgbar<\/p>","protected":false},"featured_media":22036,"template":"","meta":{"_gspb_post_css":""},"product_cat":[96],"product_tag":[],"featured_image_urls":{"full":["https:\/\/suncasesupply.com\/wp-content\/uploads\/2023\/08\/16-5-1.jpg",768,768,false],"thumbnail":["https:\/\/suncasesupply.com\/wp-content\/uploads\/2023\/08\/16-5-1-150x150.jpg",150,150,true],"medium":["https:\/\/suncasesupply.com\/wp-content\/uploads\/2023\/08\/16-5-1-300x300.jpg",300,300,true],"medium_large":["https:\/\/suncasesupply.com\/wp-content\/uploads\/2023\/08\/16-5-1.jpg",768,768,false],"large":["https:\/\/suncasesupply.com\/wp-content\/uploads\/2023\/08\/16-5-1.jpg",768,768,false],"1536x1536":["https:\/\/suncasesupply.com\/wp-content\/uploads\/2023\/08\/16-5-1.jpg",768,768,false],"2048x2048":["https:\/\/suncasesupply.com\/wp-content\/uploads\/2023\/08\/16-5-1.jpg",768,768,false],"trp-custom-language-flag":["https:\/\/suncasesupply.com\/wp-content\/uploads\/2023\/08\/16-5-1.jpg",12,12,false],"woocommerce_thumbnail":["https:\/\/suncasesupply.com\/wp-content\/uploads\/2023\/08\/16-5-1-300x300.jpg",300,300,true],"woocommerce_single":["https:\/\/suncasesupply.com\/wp-content\/uploads\/2023\/08\/16-5-1-600x600.jpg",600,600,true],"woocommerce_gallery_thumbnail":["https:\/\/suncasesupply.com\/wp-content\/uploads\/2023\/08\/16-5-1-100x100.jpg",100,100,true]},"post_excerpt_stackable":"<p>Model : BL-0061<\/p>\n<p>Size: 32 x 22 x 26 cm\/Customized<\/p>\n<p>MOQ: 100pcs<br \/>\nDelivery Time : 15-25 Days<\/p>\n<p>Sample : Available<\/p>\n","category_list":"","author_info":{"name":"","url":""},"comments_num":"0 comments","_links":{"self":[{"href":"https:\/\/suncasesupply.com\/de\/wp-json\/wp\/v2\/product\/22027"}],"collection":[{"href":"https:\/\/suncasesupply.com\/de\/wp-json\/wp\/v2\/product"}],"about":[{"href":"https:\/\/suncasesupply.com\/de\/wp-json\/wp\/v2\/types\/product"}],"wp:featuredmedia":[{"embeddable":true,"href":"https:\/\/suncasesupply.com\/de\/wp-json\/wp\/v2\/media\/22036"}],"wp:attachment":[{"href":"https:\/\/suncasesupply.com\/de\/wp-json\/wp\/v2\/media?parent=22027"}],"wp:term":[{"taxonomy":"product_cat","embeddable":true,"href":"https:\/\/suncasesupply.com\/de\/wp-json\/wp\/v2\/product_cat?post=22027"},{"taxonomy":"product_tag","embeddable":true,"href":"https:\/\/suncasesupply.com\/de\/wp-json\/wp\/v2\/product_tag?post=22027"}],"curies":[{"name":"wp","href":"https:\/\/api.w.org\/{rel}","templated":true}]}}