{"id":22014,"date":"2023-08-30T10:26:19","date_gmt":"2023-08-30T02:26:19","guid":{"rendered":"https:\/\/suncasesupply.com\/?post_type=product&#038;p=22014"},"modified":"2025-02-26T11:06:48","modified_gmt":"2025-02-26T03:06:48","slug":"pink-cosmetic-makeup-organizer-storage-girl-woman-artist-travel-case","status":"publish","type":"product","link":"https:\/\/suncasesupply.com\/de\/product\/pink-cosmetic-makeup-organizer-storage-girl-woman-artist-travel-case\/","title":{"rendered":"Rosa Kosmetik Make-up Organizer Aufbewahrung M\u00e4dchen Frau K\u00fcnstler Reisetasche"},"content":{"rendered":"<p>&nbsp;<\/p>\n<table width=\"774\">\n<tbody>\n<tr>\n<td width=\"177\">Artikel<\/td>\n<td width=\"597\">Make-up-Etui aus Aluminium<\/td>\n<\/tr>\n<tr>\n<td>Abmessungen<\/td>\n<td>36 x 22 x 28 cm\/Individuell<\/td>\n<\/tr>\n<tr>\n<td>Farben<\/td>\n<td>Wie die Bilder zeigen oder anpassen<\/td>\n<\/tr>\n<tr>\n<td>Materialien<\/td>\n<td>Aluminium, ABS-Platte, MDF-Platte, EVA\/Schaum\/Stoff\/PU-Futter, Hardware<\/td>\n<\/tr>\n<tr>\n<td>Logo<\/td>\n<td>Metallplattenlogo, gedrucktes Logo, gepr\u00e4gtes Logo, Laserlogo<\/td>\n<\/tr>\n<tr>\n<td>Beispielzeit<\/td>\n<td>7 Tage<\/td>\n<\/tr>\n<tr>\n<td>Verschiffungshafen<\/td>\n<td>Guangzhou, Shenzhen<\/td>\n<\/tr>\n<tr>\n<td>Handelsbedingungen<\/td>\n<td>EXW, FOB, CIF, DDU, DDP<\/td>\n<\/tr>\n<tr>\n<td>Zahlungsarten<\/td>\n<td>T\/T, Barzahlung, PayPal, Kreditkarte<\/td>\n<\/tr>\n<\/tbody>\n<\/table>\n<p><span style=\"color: #003366;\">Merkmale:<\/span><\/p>\n<p>Dieser professionelle Makeup Train Case ist die ideale L\u00f6sung zum Aufbewahren und Transportieren Ihrer Makeup- und Hautpflegeprodukte. Das wundersch\u00f6ne, wei\u00dfe \u00c4u\u00dfere in Steppoptik besteht aus robustem Aluminium und verf\u00fcgt \u00fcber ein Schloss mit Schl\u00fcsseln, um sicherzustellen, dass Ihre Produkte gut gesichert sind. Das schwarze Innere verf\u00fcgt \u00fcber kleine und gro\u00dfe ausklappbare F\u00e4cher mit Schaumstoffauskleidung, um Ihre Produkte zu polstern.<\/p>","protected":false},"excerpt":{"rendered":"<p>Modell: BL-0059<\/p>\n<p>Gr\u00f6\u00dfe: 36 x 22 x 28 cm\/Kundenspezifisch<\/p>\n<p>Mindestbestellmenge: 100 St\u00fcck<\/p>\n<p>Lieferzeit: 15-25 Tage<\/p>\n<p>Probe: Verf\u00fcgbar<\/p>","protected":false},"featured_media":22017,"template":"","meta":{"_gspb_post_css":""},"product_cat":[96],"product_tag":[],"featured_image_urls":{"full":["https:\/\/suncasesupply.com\/wp-content\/uploads\/2023\/08\/13-6-1.jpg",993,923,false],"thumbnail":["https:\/\/suncasesupply.com\/wp-content\/uploads\/2023\/08\/13-6-1-150x150.jpg",150,150,true],"medium":["https:\/\/suncasesupply.com\/wp-content\/uploads\/2023\/08\/13-6-1-300x279.jpg",300,279,true],"medium_large":["https:\/\/suncasesupply.com\/wp-content\/uploads\/2023\/08\/13-6-1-768x714.jpg",768,714,true],"large":["https:\/\/suncasesupply.com\/wp-content\/uploads\/2023\/08\/13-6-1.jpg",993,923,false],"1536x1536":["https:\/\/suncasesupply.com\/wp-content\/uploads\/2023\/08\/13-6-1.jpg",993,923,false],"2048x2048":["https:\/\/suncasesupply.com\/wp-content\/uploads\/2023\/08\/13-6-1.jpg",993,923,false],"trp-custom-language-flag":["https:\/\/suncasesupply.com\/wp-content\/uploads\/2023\/08\/13-6-1.jpg",13,12,false],"woocommerce_thumbnail":["https:\/\/suncasesupply.com\/wp-content\/uploads\/2023\/08\/13-6-1-300x300.jpg",300,300,true],"woocommerce_single":["https:\/\/suncasesupply.com\/wp-content\/uploads\/2023\/08\/13-6-1-600x558.jpg",600,558,true],"woocommerce_gallery_thumbnail":["https:\/\/suncasesupply.com\/wp-content\/uploads\/2023\/08\/13-6-1-100x100.jpg",100,100,true]},"post_excerpt_stackable":"<p>Model : BL-0059<\/p>\n<p>Size: 36 x 22 x 28 cm\/Customized<\/p>\n<p>MOQ: 100pcs<\/p>\n<p>Delivery Time : 15-25 Days<\/p>\n<p>Sample : Available<\/p>\n","category_list":"","author_info":{"name":"","url":""},"comments_num":"0 comments","_links":{"self":[{"href":"https:\/\/suncasesupply.com\/de\/wp-json\/wp\/v2\/product\/22014"}],"collection":[{"href":"https:\/\/suncasesupply.com\/de\/wp-json\/wp\/v2\/product"}],"about":[{"href":"https:\/\/suncasesupply.com\/de\/wp-json\/wp\/v2\/types\/product"}],"wp:featuredmedia":[{"embeddable":true,"href":"https:\/\/suncasesupply.com\/de\/wp-json\/wp\/v2\/media\/22017"}],"wp:attachment":[{"href":"https:\/\/suncasesupply.com\/de\/wp-json\/wp\/v2\/media?parent=22014"}],"wp:term":[{"taxonomy":"product_cat","embeddable":true,"href":"https:\/\/suncasesupply.com\/de\/wp-json\/wp\/v2\/product_cat?post=22014"},{"taxonomy":"product_tag","embeddable":true,"href":"https:\/\/suncasesupply.com\/de\/wp-json\/wp\/v2\/product_tag?post=22014"}],"curies":[{"name":"wp","href":"https:\/\/api.w.org\/{rel}","templated":true}]}}