{"id":22009,"date":"2023-08-30T10:23:46","date_gmt":"2023-08-30T02:23:46","guid":{"rendered":"https:\/\/suncasesupply.com\/?post_type=product&#038;p=22009"},"modified":"2025-02-26T11:06:55","modified_gmt":"2025-02-26T03:06:55","slug":"purple-aluminum-makeup-organizer-box-portable-carrying-jewelry-case","status":"publish","type":"product","link":"https:\/\/suncasesupply.com\/de\/product\/purple-aluminum-makeup-organizer-box-portable-carrying-jewelry-case\/","title":{"rendered":"Lila Aluminium Makeup Organizer Box Tragbarer Tragekoffer f\u00fcr Schmuck"},"content":{"rendered":"<p>&nbsp;<\/p>\n<table width=\"774\">\n<tbody>\n<tr>\n<td width=\"177\">Artikel<\/td>\n<td width=\"597\">Make-up-Etui aus Aluminium<\/td>\n<\/tr>\n<tr>\n<td>Abmessungen<\/td>\n<td>36 x 22 x 27 cm\/Individuell<\/td>\n<\/tr>\n<tr>\n<td>Farben<\/td>\n<td>Wie die Bilder zeigen oder anpassen<\/td>\n<\/tr>\n<tr>\n<td>Materialien<\/td>\n<td>Aluminium, ABS-Platte, MDF-Platte, EVA\/Schaum\/Stoff\/PU-Futter, Hardware<\/td>\n<\/tr>\n<tr>\n<td>Logo<\/td>\n<td>Metallplattenlogo, gedrucktes Logo, gepr\u00e4gtes Logo, Laserlogo<\/td>\n<\/tr>\n<tr>\n<td>Beispielzeit<\/td>\n<td>7 Tage<\/td>\n<\/tr>\n<tr>\n<td>Verschiffungshafen<\/td>\n<td>Guangzhou, Shenzhen<\/td>\n<\/tr>\n<tr>\n<td>Handelsbedingungen<\/td>\n<td>EXW, FOB, CIF, DDU, DDP<\/td>\n<\/tr>\n<tr>\n<td>Zahlungsarten<\/td>\n<td>T\/T, Barzahlung, PayPal, Kreditkarte<\/td>\n<\/tr>\n<\/tbody>\n<\/table>\n<p><span style=\"color: #003366;\">Merkmale:<\/span><\/p>\n<p>Dieser Kosmetikkoffer ist aus hochwertigem Aluminium und MDF-Platten gefertigt, sodass seine Struktur sehr platzsparend ist.<br \/>\nAusreichend Stauraum: Dieser Koffer ist flexibel und bietet Platz f\u00fcr Produkte verschiedener Gr\u00f6\u00dfen wie Toilettenartikel, Kosmetika, Nagellack, \u00e4therische \u00d6le, Schmuck, Make-up-Pinsel und Haarpflegeprodukte. Auf den oberen F\u00e4chern befinden sich herausnehmbare Trennw\u00e4nde, sodass Sie verschiedene Dinge in verschiedenen F\u00e4chern sortieren k\u00f6nnen.<br \/>\nTragbar und sicher: Der Make-up-Koffer hat einen gro\u00dfen rutschfesten Griff, sodass Sie ihn bequem halten k\u00f6nnen. Au\u00dferdem verf\u00fcgt er \u00fcber ein Schloss mit Schl\u00fcssel f\u00fcr Privatsph\u00e4re und Sicherheit auf Reisen.<br \/>\nDas Innere ist leicht zu reinigen: Die Innenseite dieses Koffers besteht sowohl auf der Schale als auch auf dem Kofferboden aus Kunststoff. Wenn Sie versehentlich Make-up-Flecken auf der H\u00fclle hinterlassen, reicht es aus, die Oberfl\u00e4che mit einem feuchten Tuch abzuwischen. Es wird so gut wie neu sein.<\/p>","protected":false},"excerpt":{"rendered":"<p>Modell: BL-0058<\/p>\n<p>Gr\u00f6\u00dfe: 36 x 22 x 27 cm\/Kundenspezifisch<\/p>\n<p>Mindestbestellmenge: 100 St\u00fcck<\/p>\n<p>Lieferzeit: 15-25 Tage<\/p>\n<p>Probe: Verf\u00fcgbar<\/p>","protected":false},"featured_media":22010,"template":"","meta":{"_gspb_post_css":""},"product_cat":[96],"product_tag":[],"featured_image_urls":{"full":["https:\/\/suncasesupply.com\/wp-content\/uploads\/2023\/08\/12-1.jpeg",960,800,false],"thumbnail":["https:\/\/suncasesupply.com\/wp-content\/uploads\/2023\/08\/12-1-150x150.jpeg",150,150,true],"medium":["https:\/\/suncasesupply.com\/wp-content\/uploads\/2023\/08\/12-1-300x250.jpeg",300,250,true],"medium_large":["https:\/\/suncasesupply.com\/wp-content\/uploads\/2023\/08\/12-1-768x640.jpeg",768,640,true],"large":["https:\/\/suncasesupply.com\/wp-content\/uploads\/2023\/08\/12-1.jpeg",960,800,false],"1536x1536":["https:\/\/suncasesupply.com\/wp-content\/uploads\/2023\/08\/12-1.jpeg",960,800,false],"2048x2048":["https:\/\/suncasesupply.com\/wp-content\/uploads\/2023\/08\/12-1.jpeg",960,800,false],"trp-custom-language-flag":["https:\/\/suncasesupply.com\/wp-content\/uploads\/2023\/08\/12-1.jpeg",14,12,false],"woocommerce_thumbnail":["https:\/\/suncasesupply.com\/wp-content\/uploads\/2023\/08\/12-1-300x300.jpeg",300,300,true],"woocommerce_single":["https:\/\/suncasesupply.com\/wp-content\/uploads\/2023\/08\/12-1-600x500.jpeg",600,500,true],"woocommerce_gallery_thumbnail":["https:\/\/suncasesupply.com\/wp-content\/uploads\/2023\/08\/12-1-100x100.jpeg",100,100,true]},"post_excerpt_stackable":"<p>Model : BL-0058<\/p>\n<p>Size: 36 x 22 x 27 cm\/Customized<\/p>\n<p>MOQ: 100pcs<\/p>\n<p>Delivery Time : 15-25 Days<\/p>\n<p>Sample : Available<\/p>\n","category_list":"","author_info":{"name":"","url":""},"comments_num":"0 comments","_links":{"self":[{"href":"https:\/\/suncasesupply.com\/de\/wp-json\/wp\/v2\/product\/22009"}],"collection":[{"href":"https:\/\/suncasesupply.com\/de\/wp-json\/wp\/v2\/product"}],"about":[{"href":"https:\/\/suncasesupply.com\/de\/wp-json\/wp\/v2\/types\/product"}],"wp:featuredmedia":[{"embeddable":true,"href":"https:\/\/suncasesupply.com\/de\/wp-json\/wp\/v2\/media\/22010"}],"wp:attachment":[{"href":"https:\/\/suncasesupply.com\/de\/wp-json\/wp\/v2\/media?parent=22009"}],"wp:term":[{"taxonomy":"product_cat","embeddable":true,"href":"https:\/\/suncasesupply.com\/de\/wp-json\/wp\/v2\/product_cat?post=22009"},{"taxonomy":"product_tag","embeddable":true,"href":"https:\/\/suncasesupply.com\/de\/wp-json\/wp\/v2\/product_tag?post=22009"}],"curies":[{"name":"wp","href":"https:\/\/api.w.org\/{rel}","templated":true}]}}