{"id":21988,"date":"2023-08-30T10:14:15","date_gmt":"2023-08-30T02:14:15","guid":{"rendered":"https:\/\/suncasesupply.com\/?post_type=product&#038;p=21988"},"modified":"2025-02-26T11:08:19","modified_gmt":"2025-02-26T03:08:19","slug":"nail-polish-makeup-train-case-with-drawer-and-dividers-organizer-accessory-storage-box","status":"publish","type":"product","link":"https:\/\/suncasesupply.com\/de\/product\/nail-polish-makeup-train-case-with-drawer-and-dividers-organizer-accessory-storage-box\/","title":{"rendered":"Nagellack-Make-up-Etui mit Schublade und Trennw\u00e4nden, Organizer, Zubeh\u00f6r-Aufbewahrungsbox"},"content":{"rendered":"<p>&nbsp;<\/p>\n<table width=\"774\">\n<tbody>\n<tr>\n<td width=\"177\">Artikel<\/td>\n<td width=\"597\">Make-up-Etui aus Aluminium<\/td>\n<\/tr>\n<tr>\n<td>Abmessungen<\/td>\n<td>26 x 26 x 19 cm\/Individuell<\/td>\n<\/tr>\n<tr>\n<td>Farben<\/td>\n<td>Wie die Bilder zeigen oder anpassen<\/td>\n<\/tr>\n<tr>\n<td>Materialien<\/td>\n<td>Aluminium, ABS-Platte, MDF-Platte, EVA\/Schaum\/Stoff\/PU-Futter, Hardware<\/td>\n<\/tr>\n<tr>\n<td>Logo<\/td>\n<td>Metallplattenlogo, gedrucktes Logo, gepr\u00e4gtes Logo, Laserlogo<\/td>\n<\/tr>\n<tr>\n<td>Beispielzeit<\/td>\n<td>7 Tage<\/td>\n<\/tr>\n<tr>\n<td>Verschiffungshafen<\/td>\n<td>Guangzhou, Shenzhen<\/td>\n<\/tr>\n<tr>\n<td>Handelsbedingungen<\/td>\n<td>EXW, FOB, CIF, DDU, DDP<\/td>\n<\/tr>\n<tr>\n<td>Zahlungsarten<\/td>\n<td>T\/T, Barzahlung, PayPal, Kreditkarte<\/td>\n<\/tr>\n<\/tbody>\n<\/table>\n<p><span style=\"color: #003366;\">Merkmale:<\/span><\/p>\n<p>Dieser Kosmetikkoffer ist aus hochwertigem Aluminium und MDF-Platten gefertigt, sodass seine Struktur sehr platzsparend ist.<br \/>\nAusreichend Stauraum: Dieser Koffer ist flexibel und bietet Platz f\u00fcr Produkte verschiedener Gr\u00f6\u00dfen wie Toilettenartikel, Kosmetika, Nagellack, \u00e4therische \u00d6le, Schmuck, Make-up-Pinsel und Haarpflegeprodukte. Auf den oberen F\u00e4chern befinden sich herausnehmbare Trennw\u00e4nde, sodass Sie verschiedene Dinge in verschiedenen F\u00e4chern sortieren k\u00f6nnen.<br \/>\nTragbar und sicher: Der Make-up-Koffer hat einen gro\u00dfen rutschfesten Griff, sodass Sie ihn bequem halten k\u00f6nnen. Au\u00dferdem verf\u00fcgt er \u00fcber ein Schloss mit Schl\u00fcssel f\u00fcr Privatsph\u00e4re und Sicherheit auf Reisen.<br \/>\nDas Innere ist leicht zu reinigen: Die Innenseite dieses Koffers besteht sowohl auf der Schale als auch auf dem Kofferboden aus Kunststoff. Wenn Sie versehentlich Make-up-Flecken auf der H\u00fclle hinterlassen, reicht es aus, die Oberfl\u00e4che mit einem feuchten Tuch abzuwischen. Es wird so gut wie neu sein.<\/p>","protected":false},"excerpt":{"rendered":"<p>Modell: BL-0055<\/p>\n<p>Gr\u00f6\u00dfe: 26 x 26 x 19 cm oder Sondergr\u00f6\u00dfe<\/p>\n<p>Mindestbestellmenge: 100 St\u00fcck<\/p>\n<p>Lieferzeit: 15-25 Tage<\/p>\n<p>Probe: Verf\u00fcgbar<\/p>","protected":false},"featured_media":21994,"template":"","meta":{"_gspb_post_css":""},"product_cat":[96],"product_tag":[],"featured_image_urls":{"full":["https:\/\/suncasesupply.com\/wp-content\/uploads\/2023\/08\/6-21.jpg",800,800,false],"thumbnail":["https:\/\/suncasesupply.com\/wp-content\/uploads\/2023\/08\/6-21-150x150.jpg",150,150,true],"medium":["https:\/\/suncasesupply.com\/wp-content\/uploads\/2023\/08\/6-21-300x300.jpg",300,300,true],"medium_large":["https:\/\/suncasesupply.com\/wp-content\/uploads\/2023\/08\/6-21-768x768.jpg",768,768,true],"large":["https:\/\/suncasesupply.com\/wp-content\/uploads\/2023\/08\/6-21.jpg",800,800,false],"1536x1536":["https:\/\/suncasesupply.com\/wp-content\/uploads\/2023\/08\/6-21.jpg",800,800,false],"2048x2048":["https:\/\/suncasesupply.com\/wp-content\/uploads\/2023\/08\/6-21.jpg",800,800,false],"trp-custom-language-flag":["https:\/\/suncasesupply.com\/wp-content\/uploads\/2023\/08\/6-21.jpg",12,12,false],"woocommerce_thumbnail":["https:\/\/suncasesupply.com\/wp-content\/uploads\/2023\/08\/6-21-300x300.jpg",300,300,true],"woocommerce_single":["https:\/\/suncasesupply.com\/wp-content\/uploads\/2023\/08\/6-21-600x600.jpg",600,600,true],"woocommerce_gallery_thumbnail":["https:\/\/suncasesupply.com\/wp-content\/uploads\/2023\/08\/6-21-100x100.jpg",100,100,true]},"post_excerpt_stackable":"<p>Model : BL-0055<\/p>\n<p>Size: 26 x 26 x 19 cm or Customized Size<\/p>\n<p>MOQ: 100pcs<\/p>\n<p>Delivery Time : 15-25 Days<\/p>\n<p>Sample : Available<\/p>\n","category_list":"","author_info":{"name":"","url":""},"comments_num":"0 comments","_links":{"self":[{"href":"https:\/\/suncasesupply.com\/de\/wp-json\/wp\/v2\/product\/21988"}],"collection":[{"href":"https:\/\/suncasesupply.com\/de\/wp-json\/wp\/v2\/product"}],"about":[{"href":"https:\/\/suncasesupply.com\/de\/wp-json\/wp\/v2\/types\/product"}],"wp:featuredmedia":[{"embeddable":true,"href":"https:\/\/suncasesupply.com\/de\/wp-json\/wp\/v2\/media\/21994"}],"wp:attachment":[{"href":"https:\/\/suncasesupply.com\/de\/wp-json\/wp\/v2\/media?parent=21988"}],"wp:term":[{"taxonomy":"product_cat","embeddable":true,"href":"https:\/\/suncasesupply.com\/de\/wp-json\/wp\/v2\/product_cat?post=21988"},{"taxonomy":"product_tag","embeddable":true,"href":"https:\/\/suncasesupply.com\/de\/wp-json\/wp\/v2\/product_tag?post=21988"}],"curies":[{"name":"wp","href":"https:\/\/api.w.org\/{rel}","templated":true}]}}