{"id":21970,"date":"2023-08-30T09:56:30","date_gmt":"2023-08-30T01:56:30","guid":{"rendered":"https:\/\/suncasesupply.com\/?post_type=product&#038;p=21970"},"modified":"2025-02-26T11:08:35","modified_gmt":"2025-02-26T03:08:35","slug":"beauty-makeup-train-case-for-lady-portable-cosmetic-box-jewelry-organizer-lockable-with-keys-and-mirror-2-tier-trays","status":"publish","type":"product","link":"https:\/\/suncasesupply.com\/de\/product\/beauty-makeup-train-case-for-lady-portable-cosmetic-box-jewelry-organizer-lockable-with-keys-and-mirror-2-tier-trays\/","title":{"rendered":"Beauty Makeup Train Case f\u00fcr Damen, tragbare Kosmetikbox, Schmuck-Organizer, abschlie\u00dfbar, mit Schl\u00fcsseln und Spiegel, 2-stufige Ablagen"},"content":{"rendered":"<p>&nbsp;<\/p>\n<table width=\"774\">\n<tbody>\n<tr>\n<td width=\"177\">Artikel<\/td>\n<td width=\"597\">Make-up-Etui aus Aluminium<\/td>\n<\/tr>\n<tr>\n<td>Abmessungen<\/td>\n<td><span class=\"a-list-item\">9,44 Zoll x 6,69 Zoll x 7 Zoll<\/span> oder Anpassen<\/td>\n<\/tr>\n<tr>\n<td>Farben<\/td>\n<td>Wie die Bilder zeigen oder anpassen<\/td>\n<\/tr>\n<tr>\n<td>Materialien<\/td>\n<td>Aluminium, ABS-Platte, MDF-Platte, EVA\/Schaum\/Stoff\/PU-Futter, Hardware<\/td>\n<\/tr>\n<tr>\n<td>Logo<\/td>\n<td>Metallplattenlogo, gedrucktes Logo, gepr\u00e4gtes Logo, Laserlogo<\/td>\n<\/tr>\n<tr>\n<td>Beispielzeit<\/td>\n<td>7 Tage<\/td>\n<\/tr>\n<tr>\n<td>Verschiffungshafen<\/td>\n<td>Guangzhou, Shenzhen<\/td>\n<\/tr>\n<tr>\n<td>Handelsbedingungen<\/td>\n<td>EXW, FOB, CIF, DDU, DDP<\/td>\n<\/tr>\n<tr>\n<td>Zahlungsarten<\/td>\n<td>T\/T, Barzahlung, PayPal, Kreditkarte<\/td>\n<\/tr>\n<\/tbody>\n<\/table>\n<p><span style=\"color: #003366;\">Merkmale:<\/span><\/p>\n<ul id=\"bullets\">\n<li class=\"a-spacing-mini\"><span class=\"a-list-item\">Beauty-Stil in Ros\u00e9gold: Dieser Schminkkoffer setzt mit der speziell angefertigten Oberfl\u00e4che aus ros\u00e9goldenem Aluminium einen eleganten Akzent. Das perfekte Geschenk f\u00fcr Frauen und M\u00e4dchen.<\/span><\/li>\n<li class=\"a-spacing-mini\"><span class=\"a-list-item\">Gro\u00dfe Spiegelplatte: Das ausziehbare freitragende 2-stufige Tablett zusammen mit dem auf dem oberen Tablett angebrachten Spiegel bietet gro\u00dfen Make-up-Komfort. Es kann einfach auf den Tisch gestellt und der Spiegel zum Schminken verwendet werden.<\/span><\/li>\n<li class=\"a-spacing-mini\"><span class=\"a-list-item\">Langlebig und sch\u00fctzend: Professioneller Make-up-Koffer aus verst\u00e4rktem Aluminium der G\u00fcteklasse A an Rahmen und Struktur f\u00fcr zus\u00e4tzliche Haltbarkeit und Schutz. Tragbare Gr\u00f6\u00dfe: 9,44 Zoll x 6,69 Zoll x 7 Zoll.<\/span><\/li>\n<li class=\"a-spacing-mini\"><span class=\"a-list-item\">Tragbar und abschlie\u00dfbar: Dieser Kosmetikkoffer ist mit einem gro\u00dfen, rutschfesten rosa Griff ausgestattet. Er ist au\u00dferdem mit einem Schl\u00fcssel abschlie\u00dfbar, um auf Reisen Privatsph\u00e4re und Sicherheit zu gew\u00e4hrleisten.<\/span><\/li>\n<li class=\"a-spacing-mini\"><span class=\"a-list-item\">Ger\u00e4umig und praktisch: Die Aufbewahrung ist flexibel und bietet Platz f\u00fcr Kosmetikprodukte verschiedener Gr\u00f6\u00dfen wie Lippenstifte, Eyeliner, Make-up-Pinsel, Nagellack und \u00e4therische \u00d6le. Es gibt viel Platz unten f\u00fcr Paletten und sogar Flaschen in Reisegr\u00f6\u00dfe.<\/span><\/li>\n<\/ul>","protected":false},"excerpt":{"rendered":"<p>Modell: Z73<\/p>\n<p>Gr\u00f6\u00dfe:\u00a0 <span class=\"a-list-item\">9,44 Zoll x 6,69 Zoll x 7 Zoll<\/span> oder Kundenspezifisch<\/p>\n<p>Mindestbestellmenge: 100 St\u00fcck<\/p>\n<p>Lieferzeit: 15-25 Tage<\/p>\n<p>Probe: Verf\u00fcgbar<\/p>","protected":false},"featured_media":21976,"template":"","meta":{"_gspb_post_css":""},"product_cat":[96],"product_tag":[],"featured_image_urls":{"full":["https:\/\/suncasesupply.com\/wp-content\/uploads\/2023\/08\/10-13.jpg",1500,1500,false],"thumbnail":["https:\/\/suncasesupply.com\/wp-content\/uploads\/2023\/08\/10-13-150x150.jpg",150,150,true],"medium":["https:\/\/suncasesupply.com\/wp-content\/uploads\/2023\/08\/10-13-300x300.jpg",300,300,true],"medium_large":["https:\/\/suncasesupply.com\/wp-content\/uploads\/2023\/08\/10-13-768x768.jpg",768,768,true],"large":["https:\/\/suncasesupply.com\/wp-content\/uploads\/2023\/08\/10-13-1024x1024.jpg",1024,1024,true],"1536x1536":["https:\/\/suncasesupply.com\/wp-content\/uploads\/2023\/08\/10-13.jpg",1500,1500,false],"2048x2048":["https:\/\/suncasesupply.com\/wp-content\/uploads\/2023\/08\/10-13.jpg",1500,1500,false],"trp-custom-language-flag":["https:\/\/suncasesupply.com\/wp-content\/uploads\/2023\/08\/10-13.jpg",12,12,false],"woocommerce_thumbnail":["https:\/\/suncasesupply.com\/wp-content\/uploads\/2023\/08\/10-13-300x300.jpg",300,300,true],"woocommerce_single":["https:\/\/suncasesupply.com\/wp-content\/uploads\/2023\/08\/10-13-600x600.jpg",600,600,true],"woocommerce_gallery_thumbnail":["https:\/\/suncasesupply.com\/wp-content\/uploads\/2023\/08\/10-13-100x100.jpg",100,100,true]},"post_excerpt_stackable":"<p>Model : Z73<\/p>\n<p>Size:\u00a0 <span class=\"a-list-item\">9.44 inch x 6.69 inch x 7 inch<\/span> or Customized<\/p>\n<p>MOQ: 100pcs<\/p>\n<p>Delivery Time : 15-25 Days<\/p>\n<p>Sample : Available<\/p>\n","category_list":"","author_info":{"name":"","url":""},"comments_num":"0 comments","_links":{"self":[{"href":"https:\/\/suncasesupply.com\/de\/wp-json\/wp\/v2\/product\/21970"}],"collection":[{"href":"https:\/\/suncasesupply.com\/de\/wp-json\/wp\/v2\/product"}],"about":[{"href":"https:\/\/suncasesupply.com\/de\/wp-json\/wp\/v2\/types\/product"}],"wp:featuredmedia":[{"embeddable":true,"href":"https:\/\/suncasesupply.com\/de\/wp-json\/wp\/v2\/media\/21976"}],"wp:attachment":[{"href":"https:\/\/suncasesupply.com\/de\/wp-json\/wp\/v2\/media?parent=21970"}],"wp:term":[{"taxonomy":"product_cat","embeddable":true,"href":"https:\/\/suncasesupply.com\/de\/wp-json\/wp\/v2\/product_cat?post=21970"},{"taxonomy":"product_tag","embeddable":true,"href":"https:\/\/suncasesupply.com\/de\/wp-json\/wp\/v2\/product_tag?post=21970"}],"curies":[{"name":"wp","href":"https:\/\/api.w.org\/{rel}","templated":true}]}}