{"id":21919,"date":"2023-08-29T18:09:41","date_gmt":"2023-08-29T10:09:41","guid":{"rendered":"https:\/\/suncasesupply.com\/?post_type=product&#038;p=21919"},"modified":"2025-02-26T11:46:18","modified_gmt":"2025-02-26T03:46:18","slug":"cdj-djm-flight-case-fits-cdj-3000-cdj-2000nxs2-cdj-900nxs-xdj-1000mk2-sc6000-djm-750mk2-and-djm-900nxs2","status":"publish","type":"product","link":"https:\/\/suncasesupply.com\/de\/product\/cdj-djm-flight-case-fits-cdj-3000-cdj-2000nxs2-cdj-900nxs-xdj-1000mk2-sc6000-djm-750mk2-and-djm-900nxs2\/","title":{"rendered":"CDJ\/DJM Flightcase passend f\u00fcr CDJ-3000, CDJ-2000NXS2, CDJ-900NXS, XDJ-1000MK2, SC6000, DJM-750MK2 und DJM-900NXS2"},"content":{"rendered":"<p>&nbsp;<\/p>\n<table width=\"774\">\n<tbody>\n<tr>\n<td width=\"177\">Artikel<\/td>\n<td width=\"597\">DJ Case<\/td>\n<\/tr>\n<tr>\n<td>Abmessungen<\/td>\n<td>58 x 40,3 x 22,2 cm oder Anpassen<\/td>\n<\/tr>\n<tr>\n<td>Farben<\/td>\n<td>Wie die Bilder zeigen oder anpassen<\/td>\n<\/tr>\n<tr>\n<td>Materialien<\/td>\n<td>Aluminium, Sperrholz, EVA\/Schaum\/Stoff\/PU-Futter, Hardware<\/td>\n<\/tr>\n<tr>\n<td>Logo<\/td>\n<td>Metallplattenlogo, gedrucktes Logo, gepr\u00e4gtes Logo, Laserlogo<\/td>\n<\/tr>\n<tr>\n<td>Beispielzeit<\/td>\n<td>7 Tage<\/td>\n<\/tr>\n<tr>\n<td>Verschiffungshafen<\/td>\n<td>Guangzhou, Shenzhen<\/td>\n<\/tr>\n<tr>\n<td>Handelsbedingungen<\/td>\n<td>EXW, FOB, CIF, DDU, DDP<\/td>\n<\/tr>\n<tr>\n<td>Zahlungsarten<\/td>\n<td>T\/T, Barzahlung, PayPal, Kreditkarte<\/td>\n<\/tr>\n<\/tbody>\n<\/table>\n<p><span style=\"color: #003366;\">Merkmale:<\/span><\/p>\n<ul class=\"a-unordered-list a-vertical a-spacing-mini\">\n<li class=\"a-spacing-mini\"><span class=\"a-list-item\">Passend f\u00fcr die meisten Standard-Mediaplayer und Clubmixer von Pioneer, Denon, Allen &amp; Heath und mehr, wie CDJ-3000, CDJ-2000NXS2, CDJ-900NXS, XDJ-1000MK2, SC5000, SC5000M, SC6000, SC6000M, X1800 Prime, X1850 Prime, DJM-750MK2, DJM-900NXS2, Xone62, Xone92 und mehr<\/span><\/li>\n<li class=\"a-spacing-mini\"><span class=\"a-list-item\">Robuste Konstruktion, die den Strapazen der Stra\u00dfe standh\u00e4lt, einschlie\u00dflich 3\/8 Zoll (9 mm) Sperrholz mit robustem Sechskant-Laminat au\u00dfen und hochdichtem Schaumstoff ausgekleideter Innenseite, robusten Stahlkugelecken, Aluminiumprofilen, eingelassener, federbelasteter Polsterung Griffe, versenkte Butterfly-Verschl\u00fcsse mit Vorh\u00e4ngeschlossklammern, Innenfutter aus hochdichtem Schaumstoff und Schaumstoffpolster unter dem Deckel zum Schutz von Fadern und Kn\u00f6pfen<\/span><\/li>\n<li class=\"a-spacing-mini\"><span class=\"a-list-item\">Das Headliner CDJ\/DJM Flight Case bietet nicht nur maximalen Schutz f\u00fcr Ihre Ausr\u00fcstung, sondern ist auch auf Benutzerfreundlichkeit ausgelegt. Es verf\u00fcgt \u00fcber einen einfach zu verriegelnden Nut- und Federdeckel und verf\u00fcgt \u00fcber ausreichend Platz im Innenraum f\u00fcr die Kabelf\u00fchrung<\/span><\/li>\n<li class=\"a-spacing-mini\"><span class=\"a-list-item\">Mit abnehmbaren Schaumstoffpolstern f\u00fcr verschiedene Modelle<\/span><\/li>\n<li class=\"a-spacing-mini\"><span class=\"a-list-item\">Au\u00dfenma\u00dfe: 22 3\/4 Zoll x 15 7\/8 Zoll x 8 3\/4 Zoll \u2013 Innenma\u00dfe: 16 3\/4 Zoll x 13 Zoll x 6 1\/4 Zoll \u2013 Gewicht: 17 Pfund<\/span><\/li>\n<\/ul>","protected":false},"excerpt":{"rendered":"<p>Modell: Z68<\/p>\n<p>Gr\u00f6\u00dfe: 58 x 40,3 x 22,2 cm<\/p>\n<p>Mindestbestellmenge: 100 St\u00fcck<\/p>\n<p>Lieferzeit: 15-25 Tage<\/p>\n<p>Probe: Verf\u00fcgbar<\/p>","protected":false},"featured_media":21920,"template":"","meta":{"_gspb_post_css":""},"product_cat":[93],"product_tag":[],"featured_image_urls":{"full":["https:\/\/suncasesupply.com\/wp-content\/uploads\/2023\/08\/10-12.jpg",1222,1222,false],"thumbnail":["https:\/\/suncasesupply.com\/wp-content\/uploads\/2023\/08\/10-12-150x150.jpg",150,150,true],"medium":["https:\/\/suncasesupply.com\/wp-content\/uploads\/2023\/08\/10-12-300x300.jpg",300,300,true],"medium_large":["https:\/\/suncasesupply.com\/wp-content\/uploads\/2023\/08\/10-12-768x768.jpg",768,768,true],"large":["https:\/\/suncasesupply.com\/wp-content\/uploads\/2023\/08\/10-12-1024x1024.jpg",1024,1024,true],"1536x1536":["https:\/\/suncasesupply.com\/wp-content\/uploads\/2023\/08\/10-12.jpg",1222,1222,false],"2048x2048":["https:\/\/suncasesupply.com\/wp-content\/uploads\/2023\/08\/10-12.jpg",1222,1222,false],"trp-custom-language-flag":["https:\/\/suncasesupply.com\/wp-content\/uploads\/2023\/08\/10-12.jpg",12,12,false],"woocommerce_thumbnail":["https:\/\/suncasesupply.com\/wp-content\/uploads\/2023\/08\/10-12-300x300.jpg",300,300,true],"woocommerce_single":["https:\/\/suncasesupply.com\/wp-content\/uploads\/2023\/08\/10-12-600x600.jpg",600,600,true],"woocommerce_gallery_thumbnail":["https:\/\/suncasesupply.com\/wp-content\/uploads\/2023\/08\/10-12-100x100.jpg",100,100,true]},"post_excerpt_stackable":"<p>Model : Z68<\/p>\n<p>Size: 58 x 40.3 x 22.2 cm<\/p>\n<p>MOQ: 100pcs<\/p>\n<p>Delivery Time : 15-25 Days<\/p>\n<p>Sample : Available<\/p>\n","category_list":"","author_info":{"name":"","url":""},"comments_num":"0 comments","_links":{"self":[{"href":"https:\/\/suncasesupply.com\/de\/wp-json\/wp\/v2\/product\/21919"}],"collection":[{"href":"https:\/\/suncasesupply.com\/de\/wp-json\/wp\/v2\/product"}],"about":[{"href":"https:\/\/suncasesupply.com\/de\/wp-json\/wp\/v2\/types\/product"}],"wp:featuredmedia":[{"embeddable":true,"href":"https:\/\/suncasesupply.com\/de\/wp-json\/wp\/v2\/media\/21920"}],"wp:attachment":[{"href":"https:\/\/suncasesupply.com\/de\/wp-json\/wp\/v2\/media?parent=21919"}],"wp:term":[{"taxonomy":"product_cat","embeddable":true,"href":"https:\/\/suncasesupply.com\/de\/wp-json\/wp\/v2\/product_cat?post=21919"},{"taxonomy":"product_tag","embeddable":true,"href":"https:\/\/suncasesupply.com\/de\/wp-json\/wp\/v2\/product_tag?post=21919"}],"curies":[{"name":"wp","href":"https:\/\/api.w.org\/{rel}","templated":true}]}}