{"id":21909,"date":"2023-08-29T18:04:50","date_gmt":"2023-08-29T10:04:50","guid":{"rendered":"https:\/\/suncasesupply.com\/?post_type=product&#038;p=21909"},"modified":"2025-02-26T11:46:29","modified_gmt":"2025-02-26T03:46:29","slug":"carry-dj-case-flight-case-for-dj-pioneer-controller","status":"publish","type":"product","link":"https:\/\/suncasesupply.com\/de\/product\/carry-dj-case-flight-case-for-dj-pioneer-controller\/","title":{"rendered":"Carry DJ Case Flightcase f\u00fcr DJ Pioneer Controller"},"content":{"rendered":"<p>&nbsp;<\/p>\n<table width=\"774\">\n<tbody>\n<tr>\n<td width=\"177\">Artikel<\/td>\n<td width=\"597\">DJ Case<\/td>\n<\/tr>\n<tr>\n<td>Abmessungen<\/td>\n<td>14,6 x 23,6 x 4,3\u2033 innen oder individuell anpassbar<\/td>\n<\/tr>\n<tr>\n<td>Farben<\/td>\n<td>Wie die Bilder zeigen oder anpassen<\/td>\n<\/tr>\n<tr>\n<td>Materialien<\/td>\n<td>Aluminium, Sperrholz, EVA\/Schaum\/Stoff\/PU-Futter, Hardware<\/td>\n<\/tr>\n<tr>\n<td>Logo<\/td>\n<td>Metallplattenlogo, gedrucktes Logo, gepr\u00e4gtes Logo, Laserlogo<\/td>\n<\/tr>\n<tr>\n<td>Beispielzeit<\/td>\n<td>7 Tage<\/td>\n<\/tr>\n<tr>\n<td>Verschiffungshafen<\/td>\n<td>Guangzhou, Shenzhen<\/td>\n<\/tr>\n<tr>\n<td>Handelsbedingungen<\/td>\n<td>EXW, FOB, CIF, DDU, DDP<\/td>\n<\/tr>\n<tr>\n<td>Zahlungsarten<\/td>\n<td>T\/T, Barzahlung, PayPal, Kreditkarte<\/td>\n<\/tr>\n<\/tbody>\n<\/table>\n<p><span style=\"color: #003366;\">Merkmale:<\/span><\/p>\n<p>Dieses DJ-Case ist ein leichtes und kompaktes Flightcase mit robuster Au\u00dfenseite und anpassbarem Innenleben f\u00fcr den sicheren Transport eines DJ-Controllers, Laptops, Tablets oder Mischpults. Seine Innenma\u00dfe von 14,6 x 23,6 x 4,3 Zoll machen es mit einer Vielzahl von DJ-Controllern kompatibel und sein Pick-and-Pluck-Schaumstoff bietet Platz f\u00fcr zwei Lagerschichten. Mit laminierten MDF-Platten, Innenfutter aus EVA-Schaumstoff und Eierkarton-Schaumstoff auf dem Deckel bietet das Case zuverl\u00e4ssigen Schutz innen und au\u00dfen. Die eloxierten Aluminiumprofile und die mit Vorh\u00e4ngeschl\u00f6ssern abschlie\u00dfbaren Butterfly-Verschl\u00fcsse sorgen f\u00fcr zus\u00e4tzliche Haltbarkeit und Sicherheit. Ein praktischer Griff erm\u00f6glicht es, das Carry Lite DJ-Case zwischen Auftritten einfach mit einer Hand zu tragen.<\/p>\n<p>Passend f\u00fcr eine Vielzahl von Controllern<br \/>\nAkai MPC Renaissance<br \/>\nAkai MPK-25<br \/>\nAmerikanisches Audio VMS2<br \/>\nArturia Mini Brute<br \/>\nArturia Mini Brute 2S<br \/>\nDenon MC-4000<br \/>\nDenon MC-6000<br \/>\nGemini-Schiefer 4<br \/>\nNI Kontrol S2 MK3<br \/>\nNI Kontrol S4<br \/>\nNI Kontrol S4 MK3<br \/>\nNI Kontrol S5<br \/>\nNumark Mixtrack Pro 3<br \/>\nNumark Mixtrack Platin<br \/>\nNumark NS6II<br \/>\nNumark NV<br \/>\nPioneer DDJ-RB<br \/>\nPioneer DDJ-RR<br \/>\nPioneer DDJ-SB2<br \/>\nPioneer DDJ-SR<br \/>\nReloop Terminal Mix 4<br \/>\nRoland DJ-202<br \/>\nStanton SCS.4DJ<br \/>\nVestax VCI-380<br \/>\nVestax VCI-400<\/p>","protected":false},"excerpt":{"rendered":"<p>Modell: Z67<\/p>\n<p>Gr\u00f6\u00dfe: 14,6 x 23,6 x 4,3\u2033 Innenraum<\/p>\n<p>Mindestbestellmenge: 100 St\u00fcck<\/p>\n<p>Lieferzeit: 15-25 Tage<\/p>\n<p>Probe: Verf\u00fcgbar<\/p>","protected":false},"featured_media":21910,"template":"","meta":{"_gspb_post_css":""},"product_cat":[93],"product_tag":[],"featured_image_urls":{"full":["https:\/\/suncasesupply.com\/wp-content\/uploads\/2023\/08\/1-73.jpg",2500,2500,false],"thumbnail":["https:\/\/suncasesupply.com\/wp-content\/uploads\/2023\/08\/1-73-150x150.jpg",150,150,true],"medium":["https:\/\/suncasesupply.com\/wp-content\/uploads\/2023\/08\/1-73-300x300.jpg",300,300,true],"medium_large":["https:\/\/suncasesupply.com\/wp-content\/uploads\/2023\/08\/1-73-768x768.jpg",768,768,true],"large":["https:\/\/suncasesupply.com\/wp-content\/uploads\/2023\/08\/1-73-1024x1024.jpg",1024,1024,true],"1536x1536":["https:\/\/suncasesupply.com\/wp-content\/uploads\/2023\/08\/1-73-1536x1536.jpg",1536,1536,true],"2048x2048":["https:\/\/suncasesupply.com\/wp-content\/uploads\/2023\/08\/1-73-2048x2048.jpg",2048,2048,true],"trp-custom-language-flag":["https:\/\/suncasesupply.com\/wp-content\/uploads\/2023\/08\/1-73.jpg",12,12,false],"woocommerce_thumbnail":["https:\/\/suncasesupply.com\/wp-content\/uploads\/2023\/08\/1-73-300x300.jpg",300,300,true],"woocommerce_single":["https:\/\/suncasesupply.com\/wp-content\/uploads\/2023\/08\/1-73-600x600.jpg",600,600,true],"woocommerce_gallery_thumbnail":["https:\/\/suncasesupply.com\/wp-content\/uploads\/2023\/08\/1-73-100x100.jpg",100,100,true]},"post_excerpt_stackable":"<p>Model : Z67<\/p>\n<p>Size: \u00a014.6 x 23.6 x 4.3&#8243; interior<\/p>\n<p>MOQ: 100pcs<\/p>\n<p>Delivery Time : 15-25 Days<\/p>\n<p>Sample : Available<\/p>\n","category_list":"","author_info":{"name":"","url":""},"comments_num":"0 comments","_links":{"self":[{"href":"https:\/\/suncasesupply.com\/de\/wp-json\/wp\/v2\/product\/21909"}],"collection":[{"href":"https:\/\/suncasesupply.com\/de\/wp-json\/wp\/v2\/product"}],"about":[{"href":"https:\/\/suncasesupply.com\/de\/wp-json\/wp\/v2\/types\/product"}],"wp:featuredmedia":[{"embeddable":true,"href":"https:\/\/suncasesupply.com\/de\/wp-json\/wp\/v2\/media\/21910"}],"wp:attachment":[{"href":"https:\/\/suncasesupply.com\/de\/wp-json\/wp\/v2\/media?parent=21909"}],"wp:term":[{"taxonomy":"product_cat","embeddable":true,"href":"https:\/\/suncasesupply.com\/de\/wp-json\/wp\/v2\/product_cat?post=21909"},{"taxonomy":"product_tag","embeddable":true,"href":"https:\/\/suncasesupply.com\/de\/wp-json\/wp\/v2\/product_tag?post=21909"}],"curies":[{"name":"wp","href":"https:\/\/api.w.org\/{rel}","templated":true}]}}