{"id":21862,"date":"2023-08-29T16:36:14","date_gmt":"2023-08-29T08:36:14","guid":{"rendered":"https:\/\/suncasesupply.com\/?post_type=product&#038;p=21862"},"modified":"2025-02-26T11:51:15","modified_gmt":"2025-02-26T03:51:15","slug":"55-60-65-inch-tv-flight-case-double-screens-monitor-road-case","status":"publish","type":"product","link":"https:\/\/suncasesupply.com\/de\/product\/55-60-65-inch-tv-flight-case-double-screens-monitor-road-case\/","title":{"rendered":"55 60 65 zoll TV Flightcase Doppelbildschirme Monitor Road Case"},"content":{"rendered":"<h4><span style=\"color: #003366;\">Merkmale:<\/span><\/h4>\n<ul>\n<li><strong><b>Sicherheit:<\/b><\/strong> Dieses TV-Flugzeuggeh\u00e4use hat ein robustes Strukturdesign, besteht aus 9 mm oder 12 mm dickem Sperrholz und ist innen mit einer EVA-Polsterung ausgestattet, die Ihre Fernsehbildschirme gut sch\u00fctzt. Es ist au\u00dferdem mit robustem, hochbelastbarem Zubeh\u00f6r wie einem Aluminiumrahmen, Ecken, Butterfly-Verschl\u00fcssen usw. ausgestattet, das einen gewissen Kollisionsschutz bietet und daf\u00fcr sorgt, dass Ihr Fernseher bei der t\u00e4glichen Verwendung und beim Transport nicht besch\u00e4digt wird. Daher ist dieses Geh\u00e4use eine sichere Aufbewahrung f\u00fcr Ihren Fernsehbildschirm.<\/li>\n<li><strong><b>Bequemlichkeit:<\/b><\/strong> Die Butterfly-Verschl\u00fcsse machen die Abdeckungen vorne und hinten abnehmbar, sodass Sie problemlos auf Ihre Fernseher zugreifen k\u00f6nnen. Es ist mit vier Schwerlastrollen ausgestattet, von denen zwei feststellbar sind, was dieses Geh\u00e4use sowohl mobil als auch stabil macht. Daher kann es den Anforderungen von Performance-Szenen in unterschiedlichen Entfernungen und Umgebungen gerecht werden, was sehr praktisch ist.<\/li>\n<li><strong><b>Perfekte TV-Aufbewahrung<\/b><\/strong><strong><b>: <\/b><\/strong>Unser Flightcase bietet eine gro\u00dfartige Aufbewahrungsl\u00f6sung f\u00fcr Ihre Fernseher und ist f\u00fcr Fernsehbildschirme verschiedener Marken und Gr\u00f6\u00dfen geeignet. Ein Case bietet Platz f\u00fcr zwei Fernseher. Wenn Sie mehr Fernseher unterbringen m\u00f6chten, k\u00f6nnen wir die Kapazit\u00e4t nat\u00fcrlich auch speziell f\u00fcr Sie anpassen. Hochwertige, robuste Materialien sorgen f\u00fcr eine gute Tragf\u00e4higkeit, die die Sicherheit des Fernsehers gew\u00e4hrleistet. Es ist eine zuverl\u00e4ssige Wahl f\u00fcr Profis.<\/li>\n<\/ul>\n<h4><span style=\"color: #003366;\">Produktdetails:<\/span><\/h4>\n<div style=\"display: flex; gap: 20px;\">\n<p><!-- \u7b2c\u4e00\u680f --><\/p>\n<div style=\"flex: 1; text-align: center;\">\n<p><img decoding=\"async\" style=\"max-width: 100%; height: auto; margin-bottom: 10px;\" src=\"https:\/\/suncasesupply.com\/wp-content\/uploads\/2024\/12\/1-Customized-and-Protective-foam.webp\" alt=\"Ma\u00dfgeschneiderter und sch\u00fctzender Schaumstoff\" \/><\/p>\n<p style=\"font-weight: bold; margin: 5px 0;\">Ma\u00dfgeschneiderter und sch\u00fctzender Schaumstoff<\/p>\n<p style=\"margin: 0;\">Dieses Flightcase ist innen mit hochdichter Hartschaumpolsterung und Schutzpolsterung ausgekleidet, die Ihre Fernsehbildschirme vor Besch\u00e4digungen sch\u00fctzen kann. Der Innenraum ist vollst\u00e4ndig auf Ihre Fernseher zugeschnitten, sodass Ihr Fernseher w\u00e4hrend des Transports nicht wackelt und ist die perfekte Aufbewahrungsm\u00f6glichkeit f\u00fcr den Transport \u00fcber lange Strecken.<\/p>\n<\/div>\n<p><!-- \u7b2c\u4e8c\u680f --><\/p>\n<div style=\"flex: 1; text-align: center;\">\n<p><img decoding=\"async\" style=\"max-width: 100%; height: auto; margin-bottom: 10px;\" src=\"https:\/\/suncasesupply.com\/wp-content\/uploads\/2024\/12\/2-Casters.webp\" alt=\"Rollen\" \/><\/p>\n<p style=\"font-weight: bold; margin: 5px 0;\">Rollen<\/p>\n<p style=\"margin: 0;\">Er ist mit vier Schwerlastrollen ausgestattet, von denen zwei feststellbar sind, was diesen Koffer sowohl mobil als auch stabil macht. Und die Rollen sind aus hochwertigem Eisen und Gummi gefertigt, sowohl tragf\u00e4hig als auch langlebig.<\/p>\n<\/div>\n<p><!-- \u7b2c\u4e09\u680f --><\/p>\n<div style=\"flex: 1; text-align: center;\">\n<p><img decoding=\"async\" style=\"max-width: 100%; height: auto; margin-bottom: 10px;\" src=\"https:\/\/suncasesupply.com\/wp-content\/uploads\/2024\/12\/3-Secure-Locking-System.webp\" alt=\"Sicheres Schlie\u00dfsystem\" \/><\/p>\n<p style=\"font-weight: bold; margin: 5px 0;\">Sicheres Schlie\u00dfsystem<\/p>\n<p style=\"margin: 0;\">Verf\u00fcgt \u00fcber einen Butterfly-Verschlussmechanismus mit L\u00f6chern f\u00fcr Schl\u00f6sser, um Ihre Bildschirme sicher aufzubewahren. Und dank der Butterfly-Verschl\u00fcsse l\u00e4sst sich die Abdeckung vorne und hinten abnehmen, sodass Sie problemlos auf Ihre Fernseher zugreifen k\u00f6nnen.<\/p>\n<\/div>\n<p><!-- \u7b2c\u56db\u680f --><\/p>\n<div style=\"flex: 1; text-align: center;\">\n<p><img decoding=\"async\" style=\"max-width: 100%; height: auto; margin-bottom: 10px;\" src=\"https:\/\/suncasesupply.com\/wp-content\/uploads\/2024\/12\/4-Anti-collision-corners.webp\" alt=\"Antikollisionsecken\" \/><\/p>\n<p style=\"font-weight: bold; margin: 5px 0;\">Antikollisionsecken<\/p>\n<p style=\"margin: 0;\">Ausgestattet mit robusten, hochbelastbaren Metallecken wird die Quetschfestigkeit und Haltbarkeit der H\u00fclle erheblich verbessert, was die Lebensdauer der Box verl\u00e4ngern und sicherstellen kann, dass der Fernsehbildschirm im Inneren w\u00e4hrend des Transports gut gesch\u00fctzt ist.<\/p>\n<\/div>\n<\/div>\n<h4><span style=\"color: #003366;\">Herstellungsprozess des TV-Flightcase:<\/span><\/h4>\n<div style=\"display: flex; gap: 20px;\">\n<p><!-- \u7b2c\u4e00\u680f \u6d41\u7a0b1--><\/p>\n<div style=\"flex: 1; text-align: center;\">\n<p><img decoding=\"async\" style=\"max-width: 100%; height: auto; margin-bottom: 10px;\" src=\"https:\/\/suncasesupply.com\/wp-content\/uploads\/2024\/12\/1-Prepare-materials.webp\" alt=\"1-Materialien vorbereiten\" \/><\/p>\n<p style=\"font-weight: bold; margin: 5px 0;\">1. Materialien vorbereiten<\/p>\n<\/div>\n<p><!-- \u7b2c\u4e8c\u680f \u6d41\u7a0b2--><\/p>\n<div style=\"flex: 1; text-align: center;\">\n<p><img decoding=\"async\" style=\"max-width: 100%; height: auto; margin-bottom: 10px;\" src=\"https:\/\/suncasesupply.com\/wp-content\/uploads\/2024\/12\/2-Drill-Hole.webp\" alt=\"2-Bohrloch\" \/><\/p>\n<p style=\"font-weight: bold; margin: 5px 0;\">2. Loch bohren<\/p>\n<\/div>\n<p><!-- \u7b2c\u4e09\u680f \u6d41\u7a0b3--><\/p>\n<div style=\"flex: 1; text-align: center;\">\n<p><img decoding=\"async\" style=\"max-width: 100%; height: auto; margin-bottom: 10px;\" src=\"https:\/\/suncasesupply.com\/wp-content\/uploads\/2024\/12\/3-Rivet.webp\" alt=\"3-Niete\" \/><\/p>\n<p style=\"font-weight: bold; margin: 5px 0;\">3. Niete<\/p>\n<\/div>\n<p><!-- \u7b2c\u56db\u680f \u6d41\u7a0b4--><\/p>\n<div style=\"flex: 1; text-align: center;\">\n<p><img decoding=\"async\" style=\"max-width: 100%; height: auto; margin-bottom: 10px;\" src=\"https:\/\/suncasesupply.com\/wp-content\/uploads\/2024\/12\/4-Assemble.webp\" alt=\"4-Zusammenbauen\" \/><\/p>\n<p style=\"font-weight: bold; margin: 5px 0;\">4. Zusammenbauen<\/p>\n<\/div>\n<\/div>\n<p>&nbsp;<\/p>\n<div style=\"display: flex; gap: 20px;\">\n<p><!-- \u7b2c\u4e00\u680f \u6d41\u7a0b5--><\/p>\n<div style=\"flex: 1; text-align: center;\">\n<p><img decoding=\"async\" style=\"max-width: 100%; height: auto; margin-bottom: 10px;\" src=\"https:\/\/suncasesupply.com\/wp-content\/uploads\/2024\/12\/5-glue-lining.webp\" alt=\"5-Leim-Beschichtung\" \/><\/p>\n<p style=\"font-weight: bold; margin: 5px 0;\">5. Leimauskleidung<\/p>\n<\/div>\n<p><!-- \u7b2c\u4e8c\u680f \u6d41\u7a0b6--><\/p>\n<div style=\"flex: 1; text-align: center;\">\n<p><img decoding=\"async\" style=\"max-width: 100%; height: auto; margin-bottom: 10px;\" src=\"https:\/\/suncasesupply.com\/wp-content\/uploads\/2024\/12\/6-Cleaning.webp\" alt=\"6-Reinigung\" \/><\/p>\n<p style=\"font-weight: bold; margin: 5px 0;\">6. Reinigung<\/p>\n<\/div>\n<p><!-- \u7b2c\u4e09\u680f \u6d41\u7a0b7--><\/p>\n<div style=\"flex: 1; text-align: center;\">\n<p><img decoding=\"async\" style=\"max-width: 100%; height: auto; margin-bottom: 10px;\" src=\"https:\/\/suncasesupply.com\/wp-content\/uploads\/2024\/12\/7-Package.webp\" alt=\"7-Paket\" \/><\/p>\n<p style=\"font-weight: bold; margin: 5px 0;\">7. Paket<\/p>\n<\/div>\n<p><!-- \u7b2c\u56db\u680f \u6d41\u7a0b8--><\/p>\n<div style=\"flex: 1; text-align: center;\">\n<p><img decoding=\"async\" style=\"max-width: 100%; height: auto; margin-bottom: 10px;\" src=\"https:\/\/suncasesupply.com\/wp-content\/uploads\/2024\/12\/8-Loading.webp\" alt=\"8-Laden\" \/><\/p>\n<p style=\"font-weight: bold; margin: 5px 0;\">8. Laden<\/p>\n<\/div>\n<\/div>\n<h4><span style=\"color: #003366;\">Hilfreiche Informationen f\u00fcr Gro\u00dfabnehmer:<\/span><\/h4>\n<ol>\n<li>\n<p class=\"page-title\" title=\"Welches ist das beste Flightcase-Material?\"><a href=\"https:\/\/suncasesupply.com\/de\/blog\/flight-case\/best-material\/\">Welches ist das beste Flightcase-Material?<\/a><\/p>\n<\/li>\n<li>\n<p class=\"page-title\" title=\"Was macht Sportkarten so wertvoll?\"><a href=\"https:\/\/suncasesupply.com\/de\/blog\/flight-case\/how-to-clean\/\">Wie reinigt man ein Flightcase?<\/a><\/p>\n<\/li>\n<li>\n<p class=\"page-title\" title=\"So w\u00e4hlen Sie die besten Flightcases aus\"><a href=\"https:\/\/suncasesupply.com\/de\/blog\/flight-case\/how-to-choose\/\">So w\u00e4hlen Sie die besten Flightcases aus<\/a><\/p>\n<\/li>\n<li>\n<p class=\"page-title\" title=\"Sind Flightcases sicher?\"><a href=\"https:\/\/suncasesupply.com\/de\/blog\/flight-case\/safety\/\">Sind Flightcases sicher?<\/a><\/p>\n<\/li>\n<li>\n<p class=\"page-title\" title=\"Was ist der Zweck eines Flightcases?\"><a href=\"https:\/\/suncasesupply.com\/de\/blog\/flight-case\/what-is-the-purpose\/\">Was ist der Zweck eines Flightcases?<\/a><\/p>\n<\/li>\n<li>\n<p class=\"page-title\" title=\"Die Unterschiede zwischen EVA- und ATA-F\u00e4llen\"><a href=\"https:\/\/suncasesupply.com\/de\/blog\/the-differences-between-eva-and-ata-cases\/\">Die Unterschiede zwischen EVA- und ATA-F\u00e4llen<\/a><\/p>\n<\/li>\n<\/ol>","protected":false},"excerpt":{"rendered":"<p>Modell: Z61<\/p>\n<p>Gr\u00f6\u00dfe: F\u00fcr 55- bis 85-Zoll-Fernseher oder individuell<\/p>\n<p>Farben: Schwarz oder anpassen<\/p>\n<p>Materialien: Aluminium, Sperrholz, EVA<\/p>\n<p>Logo: Metallplattenlogo, Siebdrucklogo<\/p>\n<p>Mindestbestellmenge: 5 St\u00fcck<\/p>","protected":false},"featured_media":21863,"template":"","meta":{"_gspb_post_css":""},"product_cat":[94],"product_tag":[],"featured_image_urls":{"full":["https:\/\/suncasesupply.com\/wp-content\/uploads\/2023\/08\/1-72.jpg",800,800,false],"thumbnail":["https:\/\/suncasesupply.com\/wp-content\/uploads\/2023\/08\/1-72-150x150.jpg",150,150,true],"medium":["https:\/\/suncasesupply.com\/wp-content\/uploads\/2023\/08\/1-72-300x300.jpg",300,300,true],"medium_large":["https:\/\/suncasesupply.com\/wp-content\/uploads\/2023\/08\/1-72-768x768.jpg",768,768,true],"large":["https:\/\/suncasesupply.com\/wp-content\/uploads\/2023\/08\/1-72.jpg",800,800,false],"1536x1536":["https:\/\/suncasesupply.com\/wp-content\/uploads\/2023\/08\/1-72.jpg",800,800,false],"2048x2048":["https:\/\/suncasesupply.com\/wp-content\/uploads\/2023\/08\/1-72.jpg",800,800,false],"trp-custom-language-flag":["https:\/\/suncasesupply.com\/wp-content\/uploads\/2023\/08\/1-72.jpg",12,12,false],"woocommerce_thumbnail":["https:\/\/suncasesupply.com\/wp-content\/uploads\/2023\/08\/1-72-300x300.jpg",300,300,true],"woocommerce_single":["https:\/\/suncasesupply.com\/wp-content\/uploads\/2023\/08\/1-72-600x600.jpg",600,600,true],"woocommerce_gallery_thumbnail":["https:\/\/suncasesupply.com\/wp-content\/uploads\/2023\/08\/1-72-100x100.jpg",100,100,true]},"post_excerpt_stackable":"<p>Model : Z61<\/p>\n<p>Size: For 55\u201d to 85\u201d TVs or Customized<\/p>\n<p>Colors: Black or customize<\/p>\n<p>Materials: Aluminum, plywood, EVA<\/p>\n<p>Logo: Metal plate logo, silk screen logo<\/p>\n<p>MOQ: 5pcs<\/p>\n","category_list":"","author_info":{"name":"","url":""},"comments_num":"0 comments","_links":{"self":[{"href":"https:\/\/suncasesupply.com\/de\/wp-json\/wp\/v2\/product\/21862"}],"collection":[{"href":"https:\/\/suncasesupply.com\/de\/wp-json\/wp\/v2\/product"}],"about":[{"href":"https:\/\/suncasesupply.com\/de\/wp-json\/wp\/v2\/types\/product"}],"wp:featuredmedia":[{"embeddable":true,"href":"https:\/\/suncasesupply.com\/de\/wp-json\/wp\/v2\/media\/21863"}],"wp:attachment":[{"href":"https:\/\/suncasesupply.com\/de\/wp-json\/wp\/v2\/media?parent=21862"}],"wp:term":[{"taxonomy":"product_cat","embeddable":true,"href":"https:\/\/suncasesupply.com\/de\/wp-json\/wp\/v2\/product_cat?post=21862"},{"taxonomy":"product_tag","embeddable":true,"href":"https:\/\/suncasesupply.com\/de\/wp-json\/wp\/v2\/product_tag?post=21862"}],"curies":[{"name":"wp","href":"https:\/\/api.w.org\/{rel}","templated":true}]}}