{"id":21836,"date":"2023-08-29T16:09:16","date_gmt":"2023-08-29T08:09:16","guid":{"rendered":"https:\/\/suncasesupply.com\/?post_type=product&#038;p=21836"},"modified":"2025-02-26T11:44:08","modified_gmt":"2025-02-26T03:44:08","slug":"photo-booth-printer-case-with-pullout-handle-and-wheels-trolley-flight-road-case-for-printer","status":"publish","type":"product","link":"https:\/\/suncasesupply.com\/de\/product\/photo-booth-printer-case-with-pullout-handle-and-wheels-trolley-flight-road-case-for-printer\/","title":{"rendered":"Fotoautomaten-Druckerkoffer mit ausziehbarem Griff und Rollen, Trolley-Flug-Stra\u00dfenkoffer f\u00fcr Drucker"},"content":{"rendered":"<p>&nbsp;<\/p>\n<table width=\"774\">\n<tbody>\n<tr>\n<td width=\"177\">Artikel<\/td>\n<td width=\"597\">Flightcase<\/td>\n<\/tr>\n<tr>\n<td>Abmessungen<\/td>\n<td>55,9 x 42,5 x 45,7 cm oder Anpassen<\/td>\n<\/tr>\n<tr>\n<td>Farben<\/td>\n<td>Wie die Bilder zeigen oder anpassen<\/td>\n<\/tr>\n<tr>\n<td>Materialien<\/td>\n<td>Aluminium, Sperrholz, EVA\/Schaum\/Stoff\/PU-Futter, Hardware<\/td>\n<\/tr>\n<tr>\n<td>Logo<\/td>\n<td>Metallplattenlogo, gedrucktes Logo, gepr\u00e4gtes Logo, Laserlogo<\/td>\n<\/tr>\n<tr>\n<td>Beispielzeit<\/td>\n<td>7 Tage<\/td>\n<\/tr>\n<tr>\n<td>Verschiffungshafen<\/td>\n<td>Guangzhou, Shenzhen<\/td>\n<\/tr>\n<tr>\n<td>Handelsbedingungen<\/td>\n<td>EXW, FOB, CIF, DDU, DDP<\/td>\n<\/tr>\n<tr>\n<td>Zahlungsarten<\/td>\n<td>T\/T, Barzahlung, PayPal, Kreditkarte<\/td>\n<\/tr>\n<\/tbody>\n<\/table>\n<p><span style=\"color: #003366;\">Merkmale:<\/span><\/p>\n<p>Mit der Druckertasche k\u00f6nnen Sie Ihren HiTi P510 oder einen Drucker \u00e4hnlicher Gr\u00f6\u00dfe aufbewahren, sch\u00fctzen, transportieren und verwenden.<\/p>\n<p>Dieser gut verarbeitete Koffer verf\u00fcgt \u00fcber robuste versenkte Riegel, zwei federbelastete Griffe und ein mit Schaumstoff ausgekleidetes Inneres. Unter dem Drucker ist Platz f\u00fcr die Aufbewahrung Ihres Netzkabels. Eckrollen in Kombination mit einem ausziehbaren Teleskopgriff erleichtern das Verschieben auf ebenem Boden. Der Koffer hat Gummif\u00fc\u00dfe f\u00fcr aufrechte Stabilit\u00e4t und verbesserten Halt.<\/p>\n<p>Auch f\u00fcr die Drucker Hiti P510S und P510SI geeignet<br \/>\nVollst\u00e4ndig mit Schaumstoff ausgekleidetes Inneres<br \/>\nRobuste versenkte Riegel und zwei federbelastete Griffe<br \/>\nPlatz zur Aufbewahrung des Netzkabels unter dem Drucker<br \/>\nEckrollen f\u00fcr bequemen Transport<br \/>\nAusziehbarer Teleskopgriff<br \/>\nSchwere Kugelecken<\/p>","protected":false},"excerpt":{"rendered":"<p>Modell: Z59<\/p>\n<p>Gr\u00f6\u00dfe: 55,9 x 42,5 x 45,7 cm<\/p>\n<p>Mindestbestellmenge: 100 St\u00fcck<\/p>\n<p>Lieferzeit: 15-25 Tage<\/p>\n<p>Probe: Verf\u00fcgbar<\/p>","protected":false},"featured_media":21837,"template":"","meta":{"_gspb_post_css":""},"product_cat":[88],"product_tag":[],"featured_image_urls":{"full":["https:\/\/suncasesupply.com\/wp-content\/uploads\/2023\/08\/1-70.jpg",1500,1500,false],"thumbnail":["https:\/\/suncasesupply.com\/wp-content\/uploads\/2023\/08\/1-70-150x150.jpg",150,150,true],"medium":["https:\/\/suncasesupply.com\/wp-content\/uploads\/2023\/08\/1-70-300x300.jpg",300,300,true],"medium_large":["https:\/\/suncasesupply.com\/wp-content\/uploads\/2023\/08\/1-70-768x768.jpg",768,768,true],"large":["https:\/\/suncasesupply.com\/wp-content\/uploads\/2023\/08\/1-70-1024x1024.jpg",1024,1024,true],"1536x1536":["https:\/\/suncasesupply.com\/wp-content\/uploads\/2023\/08\/1-70.jpg",1500,1500,false],"2048x2048":["https:\/\/suncasesupply.com\/wp-content\/uploads\/2023\/08\/1-70.jpg",1500,1500,false],"trp-custom-language-flag":["https:\/\/suncasesupply.com\/wp-content\/uploads\/2023\/08\/1-70.jpg",12,12,false],"woocommerce_thumbnail":["https:\/\/suncasesupply.com\/wp-content\/uploads\/2023\/08\/1-70-300x300.jpg",300,300,true],"woocommerce_single":["https:\/\/suncasesupply.com\/wp-content\/uploads\/2023\/08\/1-70-600x600.jpg",600,600,true],"woocommerce_gallery_thumbnail":["https:\/\/suncasesupply.com\/wp-content\/uploads\/2023\/08\/1-70-100x100.jpg",100,100,true]},"post_excerpt_stackable":"<p>Model : Z59<\/p>\n<p>Size: 55.9 x 42.5 x 45.7 cm<\/p>\n<p>MOQ: 100pcs<\/p>\n<p>Delivery Time : 15-25 Days<\/p>\n<p>Sample : Available<\/p>\n","category_list":"","author_info":{"name":"","url":""},"comments_num":"0 comments","_links":{"self":[{"href":"https:\/\/suncasesupply.com\/de\/wp-json\/wp\/v2\/product\/21836"}],"collection":[{"href":"https:\/\/suncasesupply.com\/de\/wp-json\/wp\/v2\/product"}],"about":[{"href":"https:\/\/suncasesupply.com\/de\/wp-json\/wp\/v2\/types\/product"}],"wp:featuredmedia":[{"embeddable":true,"href":"https:\/\/suncasesupply.com\/de\/wp-json\/wp\/v2\/media\/21837"}],"wp:attachment":[{"href":"https:\/\/suncasesupply.com\/de\/wp-json\/wp\/v2\/media?parent=21836"}],"wp:term":[{"taxonomy":"product_cat","embeddable":true,"href":"https:\/\/suncasesupply.com\/de\/wp-json\/wp\/v2\/product_cat?post=21836"},{"taxonomy":"product_tag","embeddable":true,"href":"https:\/\/suncasesupply.com\/de\/wp-json\/wp\/v2\/product_tag?post=21836"}],"curies":[{"name":"wp","href":"https:\/\/api.w.org\/{rel}","templated":true}]}}