{"id":21820,"date":"2023-08-29T15:29:17","date_gmt":"2023-08-29T07:29:17","guid":{"rendered":"https:\/\/suncasesupply.com\/?post_type=product&#038;p=21820"},"modified":"2025-02-26T11:44:14","modified_gmt":"2025-02-26T03:44:14","slug":"utility-flight-case-with-profile-wheels-for-moving-head-dj-lights-custom-case-for-pro-dj-touring-show","status":"publish","type":"product","link":"https:\/\/suncasesupply.com\/de\/product\/utility-flight-case-with-profile-wheels-for-moving-head-dj-lights-custom-case-for-pro-dj-touring-show\/","title":{"rendered":"Utility-Flightcase mit Profilr\u00e4dern f\u00fcr Moving-Head-DJ-Lichter, ma\u00dfgeschneidertes Case f\u00fcr Pro-DJ-Touring-Shows"},"content":{"rendered":"<p>&nbsp;<\/p>\n<table width=\"774\">\n<tbody>\n<tr>\n<td width=\"177\">Artikel<\/td>\n<td width=\"597\">Flightcase<\/td>\n<\/tr>\n<tr>\n<td>Abmessungen<\/td>\n<td>57*47*40 cm oder anpassen<\/td>\n<\/tr>\n<tr>\n<td>Farben<\/td>\n<td>Wie die Bilder zeigen oder anpassen<\/td>\n<\/tr>\n<tr>\n<td>Materialien<\/td>\n<td>Aluminium, Sperrholz, EVA\/Schaum\/Stoff\/PU-Futter, Hardware<\/td>\n<\/tr>\n<tr>\n<td>Logo<\/td>\n<td>Metallplattenlogo, gedrucktes Logo, gepr\u00e4gtes Logo, Laserlogo<\/td>\n<\/tr>\n<tr>\n<td>Beispielzeit<\/td>\n<td>7 Tage<\/td>\n<\/tr>\n<tr>\n<td>Verschiffungshafen<\/td>\n<td>Guangzhou, Shenzhen<\/td>\n<\/tr>\n<tr>\n<td>Handelsbedingungen<\/td>\n<td>EXW, FOB, CIF, DDU, DDP<\/td>\n<\/tr>\n<tr>\n<td>Zahlungsarten<\/td>\n<td>T\/T, Barzahlung, PayPal, Kreditkarte<\/td>\n<\/tr>\n<\/tbody>\n<\/table>\n<p><span style=\"color: #003366;\">Merkmale:<\/span><\/p>\n<p>\u3010STANDARDSTIL\u30111 Flightcase, 4 Lichter k\u00f6nnen installiert werden. (mit 4 R\u00e4dern) 2 der R\u00e4der mit Feststellern m\u00fcssen diagonal montiert werden.<br \/>\n\u3010Drehverschluss\u3011 Das Flightcase verf\u00fcgt \u00fcber 4 Radmulden und ist stapelbar, Drehverschluss, 2 Metallgriffe an der Seite des Flightcase.<br \/>\n\u3010FLUGKOFFERGR\u00d6SSE\u3011 Nettogewicht: 13 kg (28,66 Pfund), Gr\u00f6\u00dfe ohne R\u00e4der: 57 x 47 x 40 cm (22,44 x 18,5 x 15,74 Zoll)<br \/>\n\u3010ANWENDEN F\u00dcR\u3011 Utility Flight Case mit Profilr\u00e4dern, geeignet f\u00fcr 90 W, 120 W oder 150 W Moving-Head-Lichter.<br \/>\n\u3010PREMIUM\u3011 Aluminium-Kantenverkleidung auf schwarz holzbeschichteter Hardware, vollst\u00e4ndig gummierter Schutz f\u00fcr B\u00fchnenbeleuchtungsger\u00e4te<\/p>","protected":false},"excerpt":{"rendered":"<p>Modell: Z58<\/p>\n<p>Gr\u00f6\u00dfe: 57*47*40 cm<\/p>\n<p>Mindestbestellmenge: 100 St\u00fcck<\/p>\n<p>Lieferzeit: 15-25 Tage<\/p>\n<p>Probe: Verf\u00fcgbar<\/p>","protected":false},"featured_media":21822,"template":"","meta":{"_gspb_post_css":""},"product_cat":[88],"product_tag":[],"featured_image_urls":{"full":["https:\/\/suncasesupply.com\/wp-content\/uploads\/2023\/08\/1-69.jpg",1500,1500,false],"thumbnail":["https:\/\/suncasesupply.com\/wp-content\/uploads\/2023\/08\/1-69-150x150.jpg",150,150,true],"medium":["https:\/\/suncasesupply.com\/wp-content\/uploads\/2023\/08\/1-69-300x300.jpg",300,300,true],"medium_large":["https:\/\/suncasesupply.com\/wp-content\/uploads\/2023\/08\/1-69-768x768.jpg",768,768,true],"large":["https:\/\/suncasesupply.com\/wp-content\/uploads\/2023\/08\/1-69-1024x1024.jpg",1024,1024,true],"1536x1536":["https:\/\/suncasesupply.com\/wp-content\/uploads\/2023\/08\/1-69.jpg",1500,1500,false],"2048x2048":["https:\/\/suncasesupply.com\/wp-content\/uploads\/2023\/08\/1-69.jpg",1500,1500,false],"trp-custom-language-flag":["https:\/\/suncasesupply.com\/wp-content\/uploads\/2023\/08\/1-69.jpg",12,12,false],"woocommerce_thumbnail":["https:\/\/suncasesupply.com\/wp-content\/uploads\/2023\/08\/1-69-300x300.jpg",300,300,true],"woocommerce_single":["https:\/\/suncasesupply.com\/wp-content\/uploads\/2023\/08\/1-69-600x600.jpg",600,600,true],"woocommerce_gallery_thumbnail":["https:\/\/suncasesupply.com\/wp-content\/uploads\/2023\/08\/1-69-100x100.jpg",100,100,true]},"post_excerpt_stackable":"<p>Model : Z58<\/p>\n<p>Size: 57*47*40 cm<\/p>\n<p>MOQ: 100pcs<\/p>\n<p>Delivery Time : 15-25 Days<\/p>\n<p>Sample : Available<\/p>\n","category_list":"","author_info":{"name":"","url":""},"comments_num":"0 comments","_links":{"self":[{"href":"https:\/\/suncasesupply.com\/de\/wp-json\/wp\/v2\/product\/21820"}],"collection":[{"href":"https:\/\/suncasesupply.com\/de\/wp-json\/wp\/v2\/product"}],"about":[{"href":"https:\/\/suncasesupply.com\/de\/wp-json\/wp\/v2\/types\/product"}],"wp:featuredmedia":[{"embeddable":true,"href":"https:\/\/suncasesupply.com\/de\/wp-json\/wp\/v2\/media\/21822"}],"wp:attachment":[{"href":"https:\/\/suncasesupply.com\/de\/wp-json\/wp\/v2\/media?parent=21820"}],"wp:term":[{"taxonomy":"product_cat","embeddable":true,"href":"https:\/\/suncasesupply.com\/de\/wp-json\/wp\/v2\/product_cat?post=21820"},{"taxonomy":"product_tag","embeddable":true,"href":"https:\/\/suncasesupply.com\/de\/wp-json\/wp\/v2\/product_tag?post=21820"}],"curies":[{"name":"wp","href":"https:\/\/api.w.org\/{rel}","templated":true}]}}