{"id":21805,"date":"2023-08-29T15:19:55","date_gmt":"2023-08-29T07:19:55","guid":{"rendered":"https:\/\/suncasesupply.com\/?post_type=product&#038;p=21805"},"modified":"2025-02-26T11:44:20","modified_gmt":"2025-02-26T03:44:20","slug":"custom-made-keyboard-flight-case-with-heavy-duty-hardware","status":"publish","type":"product","link":"https:\/\/suncasesupply.com\/de\/product\/custom-made-keyboard-flight-case-with-heavy-duty-hardware\/","title":{"rendered":"Ma\u00dfgeschneidertes Tastatur-Flightcase mit robuster Hardware"},"content":{"rendered":"<p>&nbsp;<\/p>\n<table width=\"774\">\n<tbody>\n<tr>\n<td width=\"177\">Artikel<\/td>\n<td width=\"597\">Flightcase<\/td>\n<\/tr>\n<tr>\n<td>Abmessungen<\/td>\n<td>Anpassen<\/td>\n<\/tr>\n<tr>\n<td>Farben<\/td>\n<td>Wie die Bilder zeigen oder anpassen<\/td>\n<\/tr>\n<tr>\n<td>Materialien<\/td>\n<td>Aluminium, Sperrholz, EVA\/Schaum\/Stoff\/PU-Futter, Hardware<\/td>\n<\/tr>\n<tr>\n<td>Logo<\/td>\n<td>Metallplattenlogo, gedrucktes Logo, gepr\u00e4gtes Logo, Laserlogo<\/td>\n<\/tr>\n<tr>\n<td>Beispielzeit<\/td>\n<td>7 Tage<\/td>\n<\/tr>\n<tr>\n<td>Verschiffungshafen<\/td>\n<td>Guangzhou, Shenzhen<\/td>\n<\/tr>\n<tr>\n<td>Handelsbedingungen<\/td>\n<td>EXW, FOB, CIF, DDU, DDP<\/td>\n<\/tr>\n<tr>\n<td>Zahlungsarten<\/td>\n<td>T\/T, Barzahlung, PayPal, Kreditkarte<\/td>\n<\/tr>\n<\/tbody>\n<\/table>\n<p><span style=\"color: #003366;\">Merkmale:<\/span><\/p>\n<p>Die Keyboard-Flightcases werden nach hohen Qualit\u00e4tsstandards hergestellt. Sie sind robust und dennoch leicht und damit ideal, um Ihr wertvolles Instrument bei Auftritten oder auf Tour zu sch\u00fctzen. Dank ihrer 7 mm starken Astraboard-Konstruktion und den Bremsrollen sind sie leicht zu handhaben, sodass Sie Ihr Instrument m\u00fchelos zu Veranstaltungsorten transportieren k\u00f6nnen.<\/p>\n<p>Robuste und leichte 7-mm-Astraboard-Flightcase-Konstruktion<br \/>\nStahlecken und Aluminium-Strangpressprofil<br \/>\nVersenkte, mit Vorh\u00e4ngeschloss abschlie\u00dfbare Butterfly-Verschl\u00fcsse<br \/>\nGepolstertes Hauptfach mit Hebe\u00f6ffnungen zum einfachen Herausnehmen der Tastatur<br \/>\nZus\u00e4tzliches 100 mm breites Fach f\u00fcr Kabel, Pedale und Zubeh\u00f6r<br \/>\nIntegrierte Schleppr\u00e4der (optional)<br \/>\nDer Klappdeckel mit Deckelst\u00fctzen h\u00e4lt den Deckel knapp \u00fcber 90 Grad<br \/>\nGefederte Tragegriffe und Ziehgriffe aus Stahl<br \/>\nWird mit anpassbarem Schaumstoff geliefert, um Ihrer Tastatur zus\u00e4tzlichen Schutz zu bieten<\/p>","protected":false},"excerpt":{"rendered":"<p>Modell: Z57<\/p>\n<p>Gr\u00f6\u00dfe: Anpassen<\/p>\n<p>Mindestbestellmenge: 100 St\u00fcck<\/p>\n<p>Lieferzeit: 15-25 Tage<\/p>\n<p>Probe: Verf\u00fcgbar<\/p>","protected":false},"featured_media":21813,"template":"","meta":{"_gspb_post_css":""},"product_cat":[88],"product_tag":[],"featured_image_urls":{"full":["https:\/\/suncasesupply.com\/wp-content\/uploads\/2023\/08\/1-9.png",1001,1001,false],"thumbnail":["https:\/\/suncasesupply.com\/wp-content\/uploads\/2023\/08\/1-9-150x150.png",150,150,true],"medium":["https:\/\/suncasesupply.com\/wp-content\/uploads\/2023\/08\/1-9-300x300.png",300,300,true],"medium_large":["https:\/\/suncasesupply.com\/wp-content\/uploads\/2023\/08\/1-9-768x768.png",768,768,true],"large":["https:\/\/suncasesupply.com\/wp-content\/uploads\/2023\/08\/1-9.png",1001,1001,false],"1536x1536":["https:\/\/suncasesupply.com\/wp-content\/uploads\/2023\/08\/1-9.png",1001,1001,false],"2048x2048":["https:\/\/suncasesupply.com\/wp-content\/uploads\/2023\/08\/1-9.png",1001,1001,false],"trp-custom-language-flag":["https:\/\/suncasesupply.com\/wp-content\/uploads\/2023\/08\/1-9.png",12,12,false],"woocommerce_thumbnail":["https:\/\/suncasesupply.com\/wp-content\/uploads\/2023\/08\/1-9-300x300.png",300,300,true],"woocommerce_single":["https:\/\/suncasesupply.com\/wp-content\/uploads\/2023\/08\/1-9-600x600.png",600,600,true],"woocommerce_gallery_thumbnail":["https:\/\/suncasesupply.com\/wp-content\/uploads\/2023\/08\/1-9-100x100.png",100,100,true]},"post_excerpt_stackable":"<p>Model : Z57<\/p>\n<p>Size: Customize<\/p>\n<p>MOQ: 100pcs<\/p>\n<p>Delivery Time : 15-25 Days<\/p>\n<p>Sample : Available<\/p>\n","category_list":"","author_info":{"name":"","url":""},"comments_num":"0 comments","_links":{"self":[{"href":"https:\/\/suncasesupply.com\/de\/wp-json\/wp\/v2\/product\/21805"}],"collection":[{"href":"https:\/\/suncasesupply.com\/de\/wp-json\/wp\/v2\/product"}],"about":[{"href":"https:\/\/suncasesupply.com\/de\/wp-json\/wp\/v2\/types\/product"}],"wp:featuredmedia":[{"embeddable":true,"href":"https:\/\/suncasesupply.com\/de\/wp-json\/wp\/v2\/media\/21813"}],"wp:attachment":[{"href":"https:\/\/suncasesupply.com\/de\/wp-json\/wp\/v2\/media?parent=21805"}],"wp:term":[{"taxonomy":"product_cat","embeddable":true,"href":"https:\/\/suncasesupply.com\/de\/wp-json\/wp\/v2\/product_cat?post=21805"},{"taxonomy":"product_tag","embeddable":true,"href":"https:\/\/suncasesupply.com\/de\/wp-json\/wp\/v2\/product_tag?post=21805"}],"curies":[{"name":"wp","href":"https:\/\/api.w.org\/{rel}","templated":true}]}}