{"id":21773,"date":"2023-08-29T14:29:52","date_gmt":"2023-08-29T06:29:52","guid":{"rendered":"https:\/\/suncasesupply.com\/?post_type=product&#038;p=21773"},"modified":"2025-02-26T11:34:25","modified_gmt":"2025-02-26T03:34:25","slug":"heavy-duty-flight-case-transport-flight-cable-storage-case-1800-x-580-x-580-mm","status":"publish","type":"product","link":"https:\/\/suncasesupply.com\/de\/product\/heavy-duty-flight-case-transport-flight-cable-storage-case-1800-x-580-x-580-mm\/","title":{"rendered":"Heavy Duty Flight Case Transport Flugkabel Aufbewahrungskoffer 1800 x 580 x 580 mm"},"content":{"rendered":"<p>&nbsp;<\/p>\n<table width=\"774\">\n<tbody>\n<tr>\n<td width=\"177\">Artikel<\/td>\n<td width=\"597\">Flightcase<\/td>\n<\/tr>\n<tr>\n<td>Abmessungen<\/td>\n<td>1800 x 580 x 580 mm oder individuell anpassen<\/td>\n<\/tr>\n<tr>\n<td>Farben<\/td>\n<td>Wie die Bilder zeigen oder anpassen<\/td>\n<\/tr>\n<tr>\n<td>Materialien<\/td>\n<td>Aluminium, Sperrholz, EVA\/Schaum\/Stoff\/PU-Futter, Hardware<\/td>\n<\/tr>\n<tr>\n<td>Logo<\/td>\n<td>Metallplattenlogo, gedrucktes Logo, gepr\u00e4gtes Logo, Laserlogo<\/td>\n<\/tr>\n<tr>\n<td>Beispielzeit<\/td>\n<td>7 Tage<\/td>\n<\/tr>\n<tr>\n<td>Verschiffungshafen<\/td>\n<td>Guangzhou, Shenzhen<\/td>\n<\/tr>\n<tr>\n<td>Handelsbedingungen<\/td>\n<td>EXW, FOB, CIF, DDU, DDP<\/td>\n<\/tr>\n<tr>\n<td>Zahlungsarten<\/td>\n<td>T\/T, Barzahlung, PayPal, Kreditkarte<\/td>\n<\/tr>\n<\/tbody>\n<\/table>\n<p><span style=\"color: #003366;\">Merkmale:<\/span><\/p>\n<p>Cable Road Trunks geh\u00f6ren aufgrund ihrer Vielseitigkeit zu den beliebtesten Flightcases auf dem Markt. Road Trunks eignen sich f\u00fcr nahezu jede Branche, darunter Motorsport, Rundfunk, Audio- und Videoveranstaltungen, Live-Shows, um nur einige zu nennen, und wir haben unsere Heavy Duty Trunk-Reihe so konzipiert, dass sie ein Leben lang h\u00e4lt. Wir haben dieses Case so konzipiert, dass es das beste Preis-Leistungs-Verh\u00e4ltnis auf dem Markt bietet, Hochleistungsriegel f\u00fcr l\u00e4ngere Lebensdauer und st\u00e4rkeren Halt, robuste 35-mm-Aluminiumkanten machen die Konstruktion extrem stabil, britische Gummirollen mit hoher Tragf\u00e4higkeit.<\/p>\n<p>Die strapazierf\u00e4higen Koffer aus unserem Sortiment sind auf eine lebenslange Haltbarkeit ausgelegt.<\/p>\n<p>&nbsp;<\/p>","protected":false},"excerpt":{"rendered":"<p>Modell: SC-FL0009<\/p>\n<p>Gr\u00f6\u00dfe: 1800 x 580 x 580 mm<\/p>\n<p>Mindestbestellmenge: 5 St\u00fcck<\/p>\n<p>Lieferzeit: 15-25 Tage<\/p>\n<p>Probe: Verf\u00fcgbar<\/p>","protected":false},"featured_media":21785,"template":"","meta":{"_gspb_post_css":""},"product_cat":[91],"product_tag":[],"featured_image_urls":{"full":["https:\/\/suncasesupply.com\/wp-content\/uploads\/2023\/08\/1-66.jpg",1000,863,false],"thumbnail":["https:\/\/suncasesupply.com\/wp-content\/uploads\/2023\/08\/1-66-150x150.jpg",150,150,true],"medium":["https:\/\/suncasesupply.com\/wp-content\/uploads\/2023\/08\/1-66-300x259.jpg",300,259,true],"medium_large":["https:\/\/suncasesupply.com\/wp-content\/uploads\/2023\/08\/1-66-768x663.jpg",768,663,true],"large":["https:\/\/suncasesupply.com\/wp-content\/uploads\/2023\/08\/1-66.jpg",1000,863,false],"1536x1536":["https:\/\/suncasesupply.com\/wp-content\/uploads\/2023\/08\/1-66.jpg",1000,863,false],"2048x2048":["https:\/\/suncasesupply.com\/wp-content\/uploads\/2023\/08\/1-66.jpg",1000,863,false],"trp-custom-language-flag":["https:\/\/suncasesupply.com\/wp-content\/uploads\/2023\/08\/1-66.jpg",14,12,false],"woocommerce_thumbnail":["https:\/\/suncasesupply.com\/wp-content\/uploads\/2023\/08\/1-66-300x300.jpg",300,300,true],"woocommerce_single":["https:\/\/suncasesupply.com\/wp-content\/uploads\/2023\/08\/1-66-600x518.jpg",600,518,true],"woocommerce_gallery_thumbnail":["https:\/\/suncasesupply.com\/wp-content\/uploads\/2023\/08\/1-66-100x100.jpg",100,100,true]},"post_excerpt_stackable":"<p>Model : SC-FL0009<\/p>\n<p>Size: 1800 X 580 X 580 mm<\/p>\n<p>MOQ: 5pcs<\/p>\n<p>Delivery Time : 15-25 Days<\/p>\n<p>Sample : Available<\/p>\n","category_list":"","author_info":{"name":"","url":""},"comments_num":"0 comments","_links":{"self":[{"href":"https:\/\/suncasesupply.com\/de\/wp-json\/wp\/v2\/product\/21773"}],"collection":[{"href":"https:\/\/suncasesupply.com\/de\/wp-json\/wp\/v2\/product"}],"about":[{"href":"https:\/\/suncasesupply.com\/de\/wp-json\/wp\/v2\/types\/product"}],"wp:featuredmedia":[{"embeddable":true,"href":"https:\/\/suncasesupply.com\/de\/wp-json\/wp\/v2\/media\/21785"}],"wp:attachment":[{"href":"https:\/\/suncasesupply.com\/de\/wp-json\/wp\/v2\/media?parent=21773"}],"wp:term":[{"taxonomy":"product_cat","embeddable":true,"href":"https:\/\/suncasesupply.com\/de\/wp-json\/wp\/v2\/product_cat?post=21773"},{"taxonomy":"product_tag","embeddable":true,"href":"https:\/\/suncasesupply.com\/de\/wp-json\/wp\/v2\/product_tag?post=21773"}],"curies":[{"name":"wp","href":"https:\/\/api.w.org\/{rel}","templated":true}]}}