{"id":21754,"date":"2023-08-29T14:05:11","date_gmt":"2023-08-29T06:05:11","guid":{"rendered":"https:\/\/suncasesupply.com\/?post_type=product&#038;p=21754"},"modified":"2025-02-26T11:34:52","modified_gmt":"2025-02-26T03:34:52","slug":"43%e2%80%b3-x-27-5%e2%80%b3-x-24%e2%80%b3-trunk-pack-utility-touring-flight-case","status":"publish","type":"product","link":"https:\/\/suncasesupply.com\/de\/product\/43%e2%80%b3-x-27-5%e2%80%b3-x-24%e2%80%b3-trunk-pack-utility-touring-flight-case\/","title":{"rendered":"43\u2033 x 27,5\u2033 x 24\u2033 Trunk Pack Utility Touring Flightcase"},"content":{"rendered":"<p>&nbsp;<\/p>\n<table width=\"774\">\n<tbody>\n<tr>\n<td width=\"177\">Artikel<\/td>\n<td width=\"597\">Flightcase<\/td>\n<\/tr>\n<tr>\n<td>Abmessungen<\/td>\n<td>43\u201d x 27,5\u201d x 24\u201d oder individuell anpassen<\/td>\n<\/tr>\n<tr>\n<td>Farben<\/td>\n<td>Wie die Bilder zeigen oder anpassen<\/td>\n<\/tr>\n<tr>\n<td>Materialien<\/td>\n<td>Aluminium, Sperrholz, EVA\/Schaum\/Stoff\/PU-Futter, Hardware<\/td>\n<\/tr>\n<tr>\n<td>Logo<\/td>\n<td>Metallplattenlogo, gedrucktes Logo, gepr\u00e4gtes Logo, Laserlogo<\/td>\n<\/tr>\n<tr>\n<td>Beispielzeit<\/td>\n<td>7 Tage<\/td>\n<\/tr>\n<tr>\n<td>Verschiffungshafen<\/td>\n<td>Guangzhou, Shenzhen<\/td>\n<\/tr>\n<tr>\n<td>Handelsbedingungen<\/td>\n<td>EXW, FOB, CIF, DDU, DDP<\/td>\n<\/tr>\n<tr>\n<td>Zahlungsarten<\/td>\n<td>T\/T, Barzahlung, PayPal, Kreditkarte<\/td>\n<\/tr>\n<\/tbody>\n<\/table>\n<p>Ungef\u00e4hre Au\u00dfenma\u00dfe: 45,5\u2033 B x 30\u2033 T x 32,25\u2033 H<br \/>\nUngef\u00e4hre Innenma\u00dfe: 43\u2033 B x 27,75\u2033 T x 24\u2033 H<br \/>\nCa. Gewicht: 136 Pfund<\/p>\n<p>Geh\u00e4useaufbau: Komplett schwarz eloxierte und pulverbeschichtete Hardware<br \/>\nGeh\u00e4usemerkmale: Rollen<\/p>\n<p>Das Flightcase besteht aus schwarzen Aluminiumverkleidungen und -beschl\u00e4gen, die in \u201eSchwarz\u201c eloxiert und\/oder pulverbeschichtet sind, um einen einzigartigen Look zu erzielen, der so elegant aussieht, dass es mehr als cool ist.<\/p>\n<p>Dieser gro\u00dfe Koffer bietet Platz f\u00fcr jede Menge Ausr\u00fcstung und sorgt obendrein f\u00fcr Ordnung! Zu den Merkmalen geh\u00f6ren ein mit Teppich ausgekleideter Innenraum, versenkte Riegel und Griffe, robuste Kugelecken, Klappdeckel und stapelbare Rollenplatten. Es kann Ausr\u00fcstung mit einer Gr\u00f6\u00dfe von bis zu 43\u2033 x 27,5\u2033 x 24\u2033 aufnehmen.<\/p>\n<p>Merkmale und Spezifikationen<br \/>\n\u2022 Schaumstoffgef\u00fctterter Innenraum<br \/>\n\u2022 Versenkte Riegel und Griffe<br \/>\n\u2022 3,5-Zoll-Hochleistungsrollen, 2 mit Bremsen *Rollenmontage erforderlich*<br \/>\n\u2022 Klappdeckel<br \/>\n\u2022 Rollenplatten stapeln<br \/>\n\u2022 Robuste Kugelecken<br \/>\n\u2022 43\u2033B x 27,5\u2033H x 24\u2033T Innenraum<br \/>\n\u2022 24\u2033 hoch vom Innenboden bis zum Innenraum des oberen Deckels<br \/>\n\u2022 Die Innenh\u00f6he des Deckels betr\u00e4gt 4 Zoll<\/p>","protected":false},"excerpt":{"rendered":"<p>Modell: Z50<\/p>\n<p>Gr\u00f6\u00dfe: 43 x 27,5 x 24 Zoll<\/p>\n<p>Mindestbestellmenge: 5 St\u00fcck<\/p>\n<p>Lieferzeit: 15-25 Tage<\/p>\n<p>Probe: Verf\u00fcgbar<\/p>","protected":false},"featured_media":21755,"template":"","meta":{"_gspb_post_css":""},"product_cat":[91],"product_tag":[],"featured_image_urls":{"full":["https:\/\/suncasesupply.com\/wp-content\/uploads\/2023\/08\/10-8.jpg",1500,1500,false],"thumbnail":["https:\/\/suncasesupply.com\/wp-content\/uploads\/2023\/08\/10-8-150x150.jpg",150,150,true],"medium":["https:\/\/suncasesupply.com\/wp-content\/uploads\/2023\/08\/10-8-300x300.jpg",300,300,true],"medium_large":["https:\/\/suncasesupply.com\/wp-content\/uploads\/2023\/08\/10-8-768x768.jpg",768,768,true],"large":["https:\/\/suncasesupply.com\/wp-content\/uploads\/2023\/08\/10-8-1024x1024.jpg",1024,1024,true],"1536x1536":["https:\/\/suncasesupply.com\/wp-content\/uploads\/2023\/08\/10-8.jpg",1500,1500,false],"2048x2048":["https:\/\/suncasesupply.com\/wp-content\/uploads\/2023\/08\/10-8.jpg",1500,1500,false],"trp-custom-language-flag":["https:\/\/suncasesupply.com\/wp-content\/uploads\/2023\/08\/10-8.jpg",12,12,false],"woocommerce_thumbnail":["https:\/\/suncasesupply.com\/wp-content\/uploads\/2023\/08\/10-8-300x300.jpg",300,300,true],"woocommerce_single":["https:\/\/suncasesupply.com\/wp-content\/uploads\/2023\/08\/10-8-600x600.jpg",600,600,true],"woocommerce_gallery_thumbnail":["https:\/\/suncasesupply.com\/wp-content\/uploads\/2023\/08\/10-8-100x100.jpg",100,100,true]},"post_excerpt_stackable":"<p>Model : Z50<\/p>\n<p>Size: 43&#8221; x 27.5&#8221; x 24&#8221;<\/p>\n<p>MOQ: 5pcs<\/p>\n<p>Delivery Time : 15-25 Days<\/p>\n<p>Sample : Available<\/p>\n","category_list":"","author_info":{"name":"","url":""},"comments_num":"0 comments","_links":{"self":[{"href":"https:\/\/suncasesupply.com\/de\/wp-json\/wp\/v2\/product\/21754"}],"collection":[{"href":"https:\/\/suncasesupply.com\/de\/wp-json\/wp\/v2\/product"}],"about":[{"href":"https:\/\/suncasesupply.com\/de\/wp-json\/wp\/v2\/types\/product"}],"wp:featuredmedia":[{"embeddable":true,"href":"https:\/\/suncasesupply.com\/de\/wp-json\/wp\/v2\/media\/21755"}],"wp:attachment":[{"href":"https:\/\/suncasesupply.com\/de\/wp-json\/wp\/v2\/media?parent=21754"}],"wp:term":[{"taxonomy":"product_cat","embeddable":true,"href":"https:\/\/suncasesupply.com\/de\/wp-json\/wp\/v2\/product_cat?post=21754"},{"taxonomy":"product_tag","embeddable":true,"href":"https:\/\/suncasesupply.com\/de\/wp-json\/wp\/v2\/product_tag?post=21754"}],"curies":[{"name":"wp","href":"https:\/\/api.w.org\/{rel}","templated":true}]}}