{"id":21735,"date":"2023-08-29T13:49:36","date_gmt":"2023-08-29T05:49:36","guid":{"rendered":"https:\/\/suncasesupply.com\/?post_type=product&#038;p=21735"},"modified":"2025-02-26T11:46:49","modified_gmt":"2025-02-26T03:46:49","slug":"presonus-studiolive-cs18-ai-mixing-console-flight-case","status":"publish","type":"product","link":"https:\/\/suncasesupply.com\/de\/product\/presonus-studiolive-cs18-ai-mixing-console-flight-case\/","title":{"rendered":"Flightcase f\u00fcr PreSonus StudioLive CS18\/AI Mischpult"},"content":{"rendered":"<p>&nbsp;<\/p>\n<table width=\"774\">\n<tbody>\n<tr>\n<td width=\"177\">Artikel<\/td>\n<td width=\"597\">Flightcase<\/td>\n<\/tr>\n<tr>\n<td>Abmessungen<\/td>\n<td>654*603*260mm oder anpassen<\/td>\n<\/tr>\n<tr>\n<td>Farben<\/td>\n<td>Wie die Bilder zeigen oder anpassen<\/td>\n<\/tr>\n<tr>\n<td>Materialien<\/td>\n<td>Aluminium, Sperrholz, EVA\/Schaum\/Stoff\/PU-Futter, Hardware<\/td>\n<\/tr>\n<tr>\n<td>Logo<\/td>\n<td>Metallplattenlogo, gedrucktes Logo, gepr\u00e4gtes Logo, Laserlogo<\/td>\n<\/tr>\n<tr>\n<td>Beispielzeit<\/td>\n<td>7 Tage<\/td>\n<\/tr>\n<tr>\n<td>Verschiffungshafen<\/td>\n<td>Guangzhou, Shenzhen<\/td>\n<\/tr>\n<tr>\n<td>Handelsbedingungen<\/td>\n<td>EXW, FOB, CIF, DDU, DDP<\/td>\n<\/tr>\n<tr>\n<td>Zahlungsarten<\/td>\n<td>T\/T, Barzahlung, PayPal, Kreditkarte<\/td>\n<\/tr>\n<\/tbody>\n<\/table>\n<p><span style=\"color: #003366;\">Merkmale:<\/span><\/p>\n<p>Die robusten ATA-Live-Sound-Mischpultkoffer sind f\u00fcr den rauen Alltag auf Tour und den st\u00e4ndigen Kurzstreckentransport konzipiert. Dieses wurde speziell f\u00fcr das PreSonus StudioLive CS18\/AI-Mischpult hergestellt und verf\u00fcgt \u00fcber robuste, federbelastete Griffe zum sicheren Heben und Laden. Zu den weiteren Merkmalen geh\u00f6ren ein vollst\u00e4ndig mit Schaumstoff ausgekleideter Innenraum, eingelassene Butterfly-Verschl\u00fcsse und Gummif\u00fc\u00dfe.<\/p>\n<p>\u2022 Robuste Kugelecken aus Stahl und versenkte, federbelastete Griffe<br \/>\n\u2022 3\/8\u2033 dicke Holzkonstruktion<br \/>\n\u2022 Vollst\u00e4ndig mit Schaumstoff ausgekleideter Innenraum<br \/>\n\u2022 Gummif\u00fc\u00dfe<br \/>\n\u2022 Eingeschr\u00e4nkte lebenslange Garantie<\/p>\n<p>.<\/p>","protected":false},"excerpt":{"rendered":"<p>Modell: SC-FL0013<\/p>\n<p>Gr\u00f6\u00dfe: 654 * 603 * 260 mm<\/p>\n<p>Mindestbestellmenge: 100 St\u00fcck<\/p>\n<p>Lieferzeit: 15-25 Tage<\/p>\n<p>Probe: Verf\u00fcgbar<\/p>","protected":false},"featured_media":21741,"template":"","meta":{"_gspb_post_css":""},"product_cat":[93],"product_tag":[],"featured_image_urls":{"full":["https:\/\/suncasesupply.com\/wp-content\/uploads\/2023\/08\/3-5.png",1500,1500,false],"thumbnail":["https:\/\/suncasesupply.com\/wp-content\/uploads\/2023\/08\/3-5-150x150.png",150,150,true],"medium":["https:\/\/suncasesupply.com\/wp-content\/uploads\/2023\/08\/3-5-300x300.png",300,300,true],"medium_large":["https:\/\/suncasesupply.com\/wp-content\/uploads\/2023\/08\/3-5-768x768.png",768,768,true],"large":["https:\/\/suncasesupply.com\/wp-content\/uploads\/2023\/08\/3-5-1024x1024.png",1024,1024,true],"1536x1536":["https:\/\/suncasesupply.com\/wp-content\/uploads\/2023\/08\/3-5.png",1500,1500,false],"2048x2048":["https:\/\/suncasesupply.com\/wp-content\/uploads\/2023\/08\/3-5.png",1500,1500,false],"trp-custom-language-flag":["https:\/\/suncasesupply.com\/wp-content\/uploads\/2023\/08\/3-5.png",12,12,false],"woocommerce_thumbnail":["https:\/\/suncasesupply.com\/wp-content\/uploads\/2023\/08\/3-5-300x300.png",300,300,true],"woocommerce_single":["https:\/\/suncasesupply.com\/wp-content\/uploads\/2023\/08\/3-5-600x600.png",600,600,true],"woocommerce_gallery_thumbnail":["https:\/\/suncasesupply.com\/wp-content\/uploads\/2023\/08\/3-5-100x100.png",100,100,true]},"post_excerpt_stackable":"<p>Model : SC-FL0013<\/p>\n<p>Size: \u00a0654*603*260mm<\/p>\n<p>MOQ: 100pcs<\/p>\n<p>Delivery Time : 15-25 Days<\/p>\n<p>Sample : Available<\/p>\n","category_list":"","author_info":{"name":"","url":""},"comments_num":"0 comments","_links":{"self":[{"href":"https:\/\/suncasesupply.com\/de\/wp-json\/wp\/v2\/product\/21735"}],"collection":[{"href":"https:\/\/suncasesupply.com\/de\/wp-json\/wp\/v2\/product"}],"about":[{"href":"https:\/\/suncasesupply.com\/de\/wp-json\/wp\/v2\/types\/product"}],"wp:featuredmedia":[{"embeddable":true,"href":"https:\/\/suncasesupply.com\/de\/wp-json\/wp\/v2\/media\/21741"}],"wp:attachment":[{"href":"https:\/\/suncasesupply.com\/de\/wp-json\/wp\/v2\/media?parent=21735"}],"wp:term":[{"taxonomy":"product_cat","embeddable":true,"href":"https:\/\/suncasesupply.com\/de\/wp-json\/wp\/v2\/product_cat?post=21735"},{"taxonomy":"product_tag","embeddable":true,"href":"https:\/\/suncasesupply.com\/de\/wp-json\/wp\/v2\/product_tag?post=21735"}],"curies":[{"name":"wp","href":"https:\/\/api.w.org\/{rel}","templated":true}]}}