{"id":21727,"date":"2023-08-29T13:36:44","date_gmt":"2023-08-29T05:36:44","guid":{"rendered":"https:\/\/suncasesupply.com\/?post_type=product&#038;p=21727"},"modified":"2025-10-28T18:00:39","modified_gmt":"2025-10-28T10:00:39","slug":"aluminum-turntable-case-custom-carrying-case-with-with-side-compartment","status":"publish","type":"product","link":"https:\/\/suncasesupply.com\/de\/product\/aluminum-turntable-case-custom-carrying-case-with-with-side-compartment\/","title":{"rendered":"Aluminium DJ-Case f\u00fcr Numark PT01 mit Seitenfach Custom Turntable Case"},"content":{"rendered":"<h4><span style=\"color: #003366;\">Merkmale:<\/span><\/h4>\n<ul>\n<li><strong><b>Lagerung<\/b><\/strong>: Die Bodenverkleidung dieses Turatable-Koffers besteht aus hochdichtem, geformtem EVA-Schaumstoff. Auf der linken Seite passt die Numark PT01 Turatable-Maschine hinein, das rechte Fach eignet sich zur Aufbewahrung von kompakten Mischpulten im 10-Zoll-Format, Kopfh\u00f6rern, Bluetooth-Lautsprechern, Ersatznadeln und anderen wichtigen tragbaren Gegenst\u00e4nden.<\/li>\n<li><strong><b>Materialien<\/b><\/strong>: Schwarze Au\u00dfenlackierung und vollst\u00e4ndig mit Schaumstoff ausgekleidete Innenseite.<\/li>\n<li><strong><b>Anpassung<\/b><\/strong>: Farbe, Materialien, Markenlogo usw. k\u00f6nnen alle entsprechend den Kundenw\u00fcnschen angepasst werden.<\/li>\n<\/ul>\n<h4><span style=\"color: #003366;\">Produktdetails:<\/span><\/h4>\n<div style=\"display: flex; gap: 20px;\">\n<p><!-- \u7b2c\u4e00\u680f --><\/p>\n<div style=\"flex: 1; text-align: center;\">\n<p><img decoding=\"async\" style=\"max-width: 100%; height: auto; margin-bottom: 10px;\" src=\"https:\/\/suncasesupply.com\/wp-content\/uploads\/2025\/03\/1-Moulded-EVA.jpg\" alt=\"Geformtes EVA\" \/><\/p>\n<p><b><\/b><strong><b>Geformtes EVA<\/b><\/strong><\/p>\n<p style=\"margin: 0;\">Auf der Unterseite des Numark PT01 Turatable Case befindet sich der individuell geformte EVA-Schaumstoff zur Anpassung und Befestigung des Numark PT01.<\/p>\n<p>&nbsp;<\/p>\n<\/div>\n<p><!-- \u7b2c\u4e8c\u680f --><\/p>\n<div style=\"flex: 1; text-align: center;\">\n<p><img decoding=\"async\" style=\"max-width: 100%; height: auto; margin-bottom: 10px;\" src=\"https:\/\/suncasesupply.com\/wp-content\/uploads\/2025\/03\/2-Protective-Foam.jpg\" alt=\"Schutzschaum\" \/><\/p>\n<p><b><\/b><strong><b>Schutzschaum<\/b><\/strong><\/p>\n<p style=\"margin: 0;\">Die Innenseite des oberen Deckels besteht aus Eierschaum und sch\u00fctzt die Produkte im Inneren beim Transport. Gleichzeitig kann die Maschine im Inneren fixiert und ruhig gehalten werden.<\/p>\n<\/div>\n<p><!-- \u7b2c\u4e09\u680f --><\/p>\n<div style=\"flex: 1; text-align: center;\">\n<p><img decoding=\"async\" style=\"max-width: 100%; height: auto; margin-bottom: 10px;\" src=\"https:\/\/suncasesupply.com\/wp-content\/uploads\/2025\/03\/3-Locks-with-Key.jpg\" alt=\"Schl\u00f6sser mit Schl\u00fcssel\" \/><\/p>\n<p><b><\/b><b><\/b><strong><b>Schl\u00f6sser mit Schl\u00fcssel<\/b><\/strong><\/p>\n<p>Dieses Plattenspielergeh\u00e4use ist mit zwei Sicherheitsschl\u00f6ssern und zwei passenden Schl\u00fcsseln ausgestattet. Es dient haupts\u00e4chlich dem Sicherheitsschutz.<\/p>\n<\/div>\n<p><!-- \u7b2c\u56db\u680f --><\/p>\n<div style=\"flex: 1; text-align: center;\">\n<p><img decoding=\"async\" style=\"max-width: 100%; height: auto; margin-bottom: 10px;\" src=\"https:\/\/suncasesupply.com\/wp-content\/uploads\/2025\/03\/4-Stacking.jpg\" alt=\"Stapeln\" \/><\/p>\n<p><strong><b>Stapeln<\/b><\/strong><\/p>\n<p style=\"margin: 0;\">Drehen Sie den abnehmbaren Kofferdeckel mit der Vorderseite nach unten um. Der untere Teil l\u00e4sst sich sehr gut stapeln und liegt sicher oben auf.<\/p>\n<\/div>\n<\/div>\n<h4><span style=\"color: #003366;\">Herstellungsverfahren:<\/span><\/h4>\n<p><img decoding=\"async\" style=\"max-width: 100%; height: auto; margin-bottom: 10px;\" src=\"https:\/\/suncasesupply.com\/wp-content\/uploads\/2025\/07\/Manufacturing-Process.png\" alt=\"Herstellungsprozess von Suncase\" \/><\/p>\n<div style=\"display: flex; gap: 20px;\"><\/div>\n<div style=\"display: flex; gap: 20px;\">\n<div style=\"flex: 1; text-align: center;\">\n<p style=\"font-weight: bold; margin: 5px 0;\">\n<\/div>\n<\/div>\n<h4><span style=\"color: #003366;\">Hilfreiche Informationen f\u00fcr Gro\u00dfabnehmer:<\/span><\/h4>\n<ul>\n<li class=\"page-title\" title=\"Was macht Sportkarten so wertvoll?\">\n<p class=\"page-title\" title=\"6 Gr\u00fcnde, warum Sie mit einer Aluminium-Aufbewahrungsbox Ordnung schaffen sollten\"><a href=\"https:\/\/suncasesupply.com\/de\/blog\/custom-aluminum-case\/6-reasons-to-use-aluminum-storage-box-today\/\">6 Gr\u00fcnde, warum Sie mit einer Aluminium-Aufbewahrungsbox Ordnung schaffen sollten &gt;&gt;<\/a><\/p>\n<\/li>\n<li title=\"Was macht Sportkarten so wertvoll?\">\n<p class=\"page-title\" title=\"Alles, was Sie \u00fcber Aluminiumkoffer wissen m\u00fcssen\"><a href=\"https:\/\/suncasesupply.com\/de\/blog\/all-you-need-to-know-about-aluminum-cases\/\">Alles, was Sie \u00fcber Aluminiumkoffer wissen m\u00fcssen &gt;&gt;<\/a><\/p>\n<\/li>\n<li title=\"Was macht Sportkarten so wertvoll?\">\n<p class=\"page-title\" title=\"Zwei M\u00f6glichkeiten, Ihr DJ-Equipment mit einem DJ-Controller-Case zu sch\u00fctzen\"><a href=\"https:\/\/suncasesupply.com\/de\/blog\/custom-aluminum-case\/two-ways-to-protect-your-dj-gear-with-a-dj-controller-case\/\">Zwei M\u00f6glichkeiten, Ihre DJ-Ausr\u00fcstung mit einem DJ-Controller-Case zu sch\u00fctzen &gt;&gt;<\/a><\/p>\n<\/li>\n<\/ul>","protected":false},"excerpt":{"rendered":"<p>Modell: BA-25002<\/p>\n<p>Gr\u00f6\u00dfe: 24,75\u2033 B x 16,50\u2033 T x 5,75\u2033 H<\/p>\n<p>Maschine: Zur Aufnahme von Numark PT01<\/p>\n<p>Farben: Silberfarbe<\/p>\n<p>Materialien: Sperrholz, K-Eck-Aluminium, MDF-Platte, Hardware.<\/p>\n<p>Logo: Siebdruck-Logo \/ Metallplatten-Logo<\/p>\n<p>Mindestbestellmenge: 100 St\u00fcck<\/p>\n<p>Zahlungsbedingungen: T\/T, Anzahlung + Restbetrag<\/p>","protected":false},"featured_media":21728,"template":"","meta":{"_gspb_post_css":""},"product_cat":[42,80],"product_tag":[],"featured_image_urls":{"full":["https:\/\/suncasesupply.com\/wp-content\/uploads\/2023\/08\/2-8.png",1500,1500,false],"thumbnail":["https:\/\/suncasesupply.com\/wp-content\/uploads\/2023\/08\/2-8-150x150.png",150,150,true],"medium":["https:\/\/suncasesupply.com\/wp-content\/uploads\/2023\/08\/2-8-300x300.png",300,300,true],"medium_large":["https:\/\/suncasesupply.com\/wp-content\/uploads\/2023\/08\/2-8-768x768.png",768,768,true],"large":["https:\/\/suncasesupply.com\/wp-content\/uploads\/2023\/08\/2-8-1024x1024.png",1024,1024,true],"1536x1536":["https:\/\/suncasesupply.com\/wp-content\/uploads\/2023\/08\/2-8.png",1500,1500,false],"2048x2048":["https:\/\/suncasesupply.com\/wp-content\/uploads\/2023\/08\/2-8.png",1500,1500,false],"trp-custom-language-flag":["https:\/\/suncasesupply.com\/wp-content\/uploads\/2023\/08\/2-8.png",12,12,false],"woocommerce_thumbnail":["https:\/\/suncasesupply.com\/wp-content\/uploads\/2023\/08\/2-8-300x300.png",300,300,true],"woocommerce_single":["https:\/\/suncasesupply.com\/wp-content\/uploads\/2023\/08\/2-8-600x600.png",600,600,true],"woocommerce_gallery_thumbnail":["https:\/\/suncasesupply.com\/wp-content\/uploads\/2023\/08\/2-8-100x100.png",100,100,true]},"post_excerpt_stackable":"<p>Model:BA-25002<\/p>\n<p>Size: 24.75&#8243; W x 16.50&#8243; D x 5.75&#8243; H<\/p>\n<p>Machine: To hold Numark PT01<\/p>\n<p>Colors: Silver color<\/p>\n<p>Materials: Plywood,\u00a0K-Corner Aluminum, MDF Board,Hardware.<\/p>\n<p>Logo: Silk Printing Logo \/ Metal Plate Logo<\/p>\n<p>MOQ: 100pcs<\/p>\n<p>Payment Terms: T\/T, Deposit+Balance<\/p>\n","category_list":"","author_info":{"name":"","url":""},"comments_num":"0 comments","_links":{"self":[{"href":"https:\/\/suncasesupply.com\/de\/wp-json\/wp\/v2\/product\/21727"}],"collection":[{"href":"https:\/\/suncasesupply.com\/de\/wp-json\/wp\/v2\/product"}],"about":[{"href":"https:\/\/suncasesupply.com\/de\/wp-json\/wp\/v2\/types\/product"}],"wp:featuredmedia":[{"embeddable":true,"href":"https:\/\/suncasesupply.com\/de\/wp-json\/wp\/v2\/media\/21728"}],"wp:attachment":[{"href":"https:\/\/suncasesupply.com\/de\/wp-json\/wp\/v2\/media?parent=21727"}],"wp:term":[{"taxonomy":"product_cat","embeddable":true,"href":"https:\/\/suncasesupply.com\/de\/wp-json\/wp\/v2\/product_cat?post=21727"},{"taxonomy":"product_tag","embeddable":true,"href":"https:\/\/suncasesupply.com\/de\/wp-json\/wp\/v2\/product_tag?post=21727"}],"curies":[{"name":"wp","href":"https:\/\/api.w.org\/{rel}","templated":true}]}}