{"id":21718,"date":"2023-08-29T11:52:55","date_gmt":"2023-08-29T03:52:55","guid":{"rendered":"https:\/\/suncasesupply.com\/?post_type=product&#038;p=21718"},"modified":"2025-07-15T11:09:51","modified_gmt":"2025-07-15T03:09:51","slug":"wine-portable-aluminum-framed-wine-glass-carrying-case-with-custom-wine-glass-fit-foam-inserts","status":"publish","type":"product","link":"https:\/\/suncasesupply.com\/de\/product\/wine-portable-aluminum-framed-wine-glass-carrying-case-with-custom-wine-glass-fit-foam-inserts\/","title":{"rendered":"Tragbarer Weinglas-Tragekoffer mit Aluminiumrahmen und individuell f\u00fcr Weingl\u00e4ser passenden Schaumstoffeinlagen"},"content":{"rendered":"<h4><span style=\"color: #003366;\">Merkmale:<\/span><\/h4>\n<ul>\n<li><strong><b>Dauerhaft:<\/b><\/strong>Dieser Weinkoffer aus Aluminium verf\u00fcgt \u00fcber einen Aluminiumrahmen mit Aluminiumecken und schlagfesten Melaminplatten, die ihn sto\u00dffest machen.<\/li>\n<li><strong><b>Anpassung<\/b><\/strong>Herausnehmbare Schaumstoffeinlagen bieten sicheren Halt f\u00fcr zwei Weingl\u00e4ser, die im Boden und Deckel des Koffers in Schaumstoff eingebettet sind und ein Verrutschen der Gl\u00e4ser w\u00e4hrend des Transports verhindern. Die Schaumstoffeinlagen bieten Platz f\u00fcr einen Wein\u00f6ffner. Schloss und Schl\u00fcssel sind im Lieferumfang enthalten, um den Koffer w\u00e4hrend der Lagerung oder des Transports zu sichern. Ideal auch als Weinkiste f\u00fcr zwei Flaschen oder als Weintr\u00e4ger f\u00fcr zwei Flaschen f\u00fcr den privaten oder gewerblichen Gebrauch.<\/li>\n<li><strong><b>Leicht zu tragen<\/b><\/strong>Dieser Weinreisekoffer ist leicht zu tragen und wiegt weniger als 2 kg. Er ist der perfekte Begleiter f\u00fcr Restaurants, Weinproben oder Familientreffen, bei denen guter Wein genossen wird. Ob Weinflaschen im Koffer oder nur Gl\u00e4ser \u2013 er bietet Schutz und Mobilit\u00e4t.<\/li>\n<\/ul>\n<h4><span style=\"color: #003366;\">Produktdetails:<\/span><\/h4>\n<p><!-- \u7b2c\u4e00\u680f --><\/p>\n<div style=\"display: flex; gap: 20px;\">\n<div style=\"flex: 1; text-align: center;\">\n<p><img decoding=\"async\" style=\"max-width: 100%; height: auto; margin-bottom: 10px;\" src=\"https:\/\/suncasesupply.com\/wp-content\/uploads\/2025\/05\/1-Egg-Foam.jpg\" alt=\"Eierschaum\" \/><\/p>\n<p style=\"font-weight: bold; margin: 5px 0;\"><strong><b>Eierschaum<\/b><\/strong><\/p>\n<p style=\"margin: 0;\">Die Innenseite des oberen Deckels der Weingl\u00e4ser-Aufbewahrungsbox besteht aus Egg Foam, der die Weingl\u00e4ser im geschlossenen Zustand sch\u00fctzt. H\u00f6he und Dichte des Egg Foam k\u00f6nnen individuell angepasst werden, sodass er f\u00fcr verschiedene Flaschenkisten geeignet ist.<\/p>\n<\/div>\n<p><!-- \u7b2c\u4e8c\u680f --><\/p>\n<div style=\"flex: 1; text-align: center;\">\n<p><img decoding=\"async\" style=\"max-width: 100%; height: auto; margin-bottom: 10px;\" src=\"https:\/\/suncasesupply.com\/wp-content\/uploads\/2025\/05\/2-Custom-Mould-Foam.jpg\" alt=\"Kundenspezifischer Formschaum\" \/><\/p>\n<p style=\"font-weight: bold; margin: 5px 0;\"><strong><b>Kundenspezifischer Formschaum<\/b><\/strong><\/p>\n<p data-start=\"1318\" data-end=\"1662\">Kunden k\u00f6nnen das passende Material und Design basierend auf Gr\u00f6\u00dfe, Gewicht, Form und Einsatzumgebung des Produkts f\u00fcr die Herstellung des ma\u00dfgefertigten Formschaums ausw\u00e4hlen. Das Innenleben dieses Koffers besteht aus ma\u00dfgefertigtem Formschaum, der speziell f\u00fcr Weingl\u00e4ser geformt ist, kann aber auch f\u00fcr den Transport eines Champagner-Reisekoffers oder eines Whiskyflaschen-Tragekoffers angepasst werden.<\/p>\n<\/div>\n<p><!-- \u7b2c\u4e09\u680f --><\/p>\n<div style=\"flex: 1; text-align: center;\">\n<p><img decoding=\"async\" style=\"max-width: 100%; height: auto; margin-bottom: 10px;\" src=\"https:\/\/suncasesupply.com\/wp-content\/uploads\/2025\/05\/3-Strong-Panel.jpg\" alt=\"Starkes Panel\" \/><\/p>\n<p style=\"font-weight: bold; margin: 5px 0;\"><strong><b>Starkes Panel<\/b><\/strong><\/p>\n<p data-start=\"1689\" data-end=\"2022\">Die Au\u00dfenverkleidungsoptionen f\u00fcr Aluminiumboxen umfassen im Allgemeinen ABS-Platten, Melaminplatten, Aluminiumplatten, PU-Lederplatten usw. Diese Weinglash\u00fclle besteht aus Melaminplatten, die sich glatt anf\u00fchlen, robust und sturzfest sind. Sie eignet sich auch ideal als Champagner-H\u00fclle, insbesondere f\u00fcr exklusive oder festliche Anl\u00e4sse.<\/p>\n<p style=\"margin: 0;\">.<\/p>\n<\/div>\n<p><!-- \u7b2c\u56db\u680f --><\/p>\n<div style=\"flex: 1; text-align: center;\">\n<p><img decoding=\"async\" style=\"max-width: 100%; height: auto; margin-bottom: 10px;\" src=\"https:\/\/suncasesupply.com\/wp-content\/uploads\/2025\/05\/4-Tool-Lock-with-key.jpg\" alt=\"Werkzeugschloss mit Schl\u00fcssel\" \/><\/p>\n<p style=\"font-weight: bold; margin: 5px 0;\"><strong><b>Werkzeugschloss mit Schl\u00fcssel<\/b><\/strong><\/p>\n<p style=\"margin: 0;\">Um die Produkte in der Box zu sch\u00fctzen, passen wir den Schl\u00fcssel zum Schloss jeder Box. Das Schloss dieser Box besteht aus Werkzeugschl\u00f6ssern und bietet guten Schutz und hohe Tragf\u00e4higkeit. So ist Ihr Spirituosenkoffer sicher.<\/p>\n<\/div>\n<\/div>\n<div style=\"background-color: #29599a; padding: 40px 20px; text-align: center; color: #ffffff; border-radius: 10px; margin: 40px auto; max-width: 960px;\">\n<h2 style=\"font-size: 22px; margin-bottom: 20px; font-weight: bold;\"><span style=\"color: #ffffff;\">Starten Sie noch heute Ihre Sonderbestellung \u2013 Mindestbestellmenge ab 200, Fabrikpreis garantiert!<\/span><\/h2>\n<p><a style=\"display: inline-block; padding: 12px 28px; background-color: #ffffff; color: #29599a; text-decoration: none; border-radius: 6px; font-weight: bold;\" href=\"https:\/\/suncasesupply.com\/de\/contact-us\/\" target=\"_blank\" rel=\"noopener\">Ein Angebot einholen<br \/>\n<\/a><\/p>\n<\/div>\n<h4><span style=\"color: #003366;\">Herstellungsverfahren:<\/span><\/h4>\n<p><img decoding=\"async\" style=\"max-width: 100%; height: auto; margin-bottom: 10px;\" src=\"https:\/\/suncasesupply.com\/wp-content\/uploads\/2025\/07\/Manufacturing-Process.png\" alt=\"Herstellungsprozess von Suncase\" \/><\/p>\n<h4><span style=\"color: #003366;\">Hilfreiche Informationen f\u00fcr Gro\u00dfabnehmer:<\/span><\/h4>\n<ul>\n<li class=\"page-title\" title=\"Was macht Sportkarten so wertvoll?\">\n<p class=\"page-title\" title=\"Welche Gr\u00f6\u00dfe hat die Schallplattenh\u00fclle?\"><a href=\"https:\/\/suncasesupply.com\/de\/blog\/custom-aluminum-case\/types-of-materials-used-in-tool-cases\/\">Werkzeugkoffer aus Aluminium und anderen Materialien entdecken&gt;&gt;<\/a><\/p>\n<\/li>\n<li title=\"Was macht Sportkarten so wertvoll?\"><a href=\"https:\/\/suncasesupply.com\/de\/blog\/reason-to-have-aluminum-tool-case\/\">Warum brauchen Sie einen Werkzeugkoffer aus Aluminium?&gt;&gt;<\/a><\/li>\n<\/ul>\n<p>Ob Sie eine <strong data-start=\"2725\" data-end=\"2752\">Weintr\u00e4ger f\u00fcr zwei Flaschen<\/strong>, A <strong data-start=\"2756\" data-end=\"2788\">Tragetasche f\u00fcr Whiskyflaschen<\/strong>oder ein <strong data-start=\"2795\" data-end=\"2818\">Weinkiste mit zwei Flaschen<\/strong>, Sun Case bietet Ihnen hochwertige, anpassbare Optionen.<\/p>\n<p><a href=\"https:\/\/suncasesupply.com\/de\/contact-us\/\">Fordern Sie jetzt ein Angebot an!! &gt;&gt;<\/a><\/p>","protected":false},"excerpt":{"rendered":"<p>Modell: Z47<\/p>\n<p>Gr\u00f6\u00dfe: 25,4 x 28 x 14 cm<\/p>\n<p>Farben: Silberfarbe<\/p>\n<p>Materialien: Aluminiumrahmen, Melaminplatte, MDF-Platte, Hardware.<\/p>\n<p>Logo: Metallplatte\/Siebdruck-Logo<\/p>\n<p>Mindestbestellmenge: 200 St\u00fcck<\/p>\n<p>Probe: Verf\u00fcgbar, Probezeit ca. 7 Tage.<\/p>\n<p>Lieferzeit: ca. 15 Tage<\/p>","protected":false},"featured_media":21720,"template":"","meta":{"_gspb_post_css":""},"product_cat":[80],"product_tag":[],"featured_image_urls":{"full":["https:\/\/suncasesupply.com\/wp-content\/uploads\/2023\/08\/1-64.jpg",1548,1549,false],"thumbnail":["https:\/\/suncasesupply.com\/wp-content\/uploads\/2023\/08\/1-64-150x150.jpg",150,150,true],"medium":["https:\/\/suncasesupply.com\/wp-content\/uploads\/2023\/08\/1-64-300x300.jpg",300,300,true],"medium_large":["https:\/\/suncasesupply.com\/wp-content\/uploads\/2023\/08\/1-64-768x768.jpg",768,768,true],"large":["https:\/\/suncasesupply.com\/wp-content\/uploads\/2023\/08\/1-64-1024x1024.jpg",1024,1024,true],"1536x1536":["https:\/\/suncasesupply.com\/wp-content\/uploads\/2023\/08\/1-64-1536x1536.jpg",1536,1536,true],"2048x2048":["https:\/\/suncasesupply.com\/wp-content\/uploads\/2023\/08\/1-64.jpg",1548,1549,false],"trp-custom-language-flag":["https:\/\/suncasesupply.com\/wp-content\/uploads\/2023\/08\/1-64.jpg",12,12,false],"woocommerce_thumbnail":["https:\/\/suncasesupply.com\/wp-content\/uploads\/2023\/08\/1-64-300x300.jpg",300,300,true],"woocommerce_single":["https:\/\/suncasesupply.com\/wp-content\/uploads\/2023\/08\/1-64-600x600.jpg",600,600,true],"woocommerce_gallery_thumbnail":["https:\/\/suncasesupply.com\/wp-content\/uploads\/2023\/08\/1-64-100x100.jpg",100,100,true]},"post_excerpt_stackable":"<p>Model:Z47<\/p>\n<p>Size: 25.4 x 28 x 14 cm<\/p>\n<p>Colors:\u00a0Silver color<\/p>\n<p>Materials: Aluminum\u00a0frame,\u00a0Melamine Panel,\u00a0MDF Board, Hardware.<\/p>\n<p>Logo: Metal Plate\/Silk Printing logo<\/p>\n<p>MOQ: 200pcs<\/p>\n<p>Sample: Available, sample time about 7 days.<\/p>\n<p>Deliver Time: About 15 days<\/p>\n","category_list":"","author_info":{"name":"","url":""},"comments_num":"0 comments","_links":{"self":[{"href":"https:\/\/suncasesupply.com\/de\/wp-json\/wp\/v2\/product\/21718"}],"collection":[{"href":"https:\/\/suncasesupply.com\/de\/wp-json\/wp\/v2\/product"}],"about":[{"href":"https:\/\/suncasesupply.com\/de\/wp-json\/wp\/v2\/types\/product"}],"wp:featuredmedia":[{"embeddable":true,"href":"https:\/\/suncasesupply.com\/de\/wp-json\/wp\/v2\/media\/21720"}],"wp:attachment":[{"href":"https:\/\/suncasesupply.com\/de\/wp-json\/wp\/v2\/media?parent=21718"}],"wp:term":[{"taxonomy":"product_cat","embeddable":true,"href":"https:\/\/suncasesupply.com\/de\/wp-json\/wp\/v2\/product_cat?post=21718"},{"taxonomy":"product_tag","embeddable":true,"href":"https:\/\/suncasesupply.com\/de\/wp-json\/wp\/v2\/product_tag?post=21718"}],"curies":[{"name":"wp","href":"https:\/\/api.w.org\/{rel}","templated":true}]}}