{"id":21687,"date":"2023-08-29T11:13:17","date_gmt":"2023-08-29T03:13:17","guid":{"rendered":"https:\/\/suncasesupply.com\/?post_type=product&#038;p=21687"},"modified":"2025-02-20T09:37:40","modified_gmt":"2025-02-20T01:37:40","slug":"aluminum-case-with-compartment-for-mixer","status":"publish","type":"product","link":"https:\/\/suncasesupply.com\/de\/product\/aluminum-case-with-compartment-for-mixer\/","title":{"rendered":"Aluminium Case mit Fach f\u00fcr Mixer Flight Plattenspieler Case"},"content":{"rendered":"<p>&nbsp;<\/p>\n<table width=\"774\">\n<tbody>\n<tr>\n<td width=\"177\">Artikel<\/td>\n<td width=\"597\">Aluminiumgeh\u00e4use<\/td>\n<\/tr>\n<tr>\n<td>Abmessungen<\/td>\n<td>628 * 420 * 146 mm oder anpassen<\/td>\n<\/tr>\n<tr>\n<td>Farben<\/td>\n<td>Wie die Bilder zeigen oder anpassen<\/td>\n<\/tr>\n<tr>\n<td>Materialien<\/td>\n<td>Aluminium, Sperrholz, EVA\/Schaum\/Stoff\/PU-Futter, Hardware<\/td>\n<\/tr>\n<tr>\n<td>Logo<\/td>\n<td>Metallplattenlogo, gedrucktes Logo, gepr\u00e4gtes Logo, Laserlogo<\/td>\n<\/tr>\n<tr>\n<td>Beispielzeit<\/td>\n<td>7 Tage<\/td>\n<\/tr>\n<tr>\n<td>Verschiffungshafen<\/td>\n<td>Guangzhou, Shenzhen<\/td>\n<\/tr>\n<tr>\n<td>Handelsbedingungen<\/td>\n<td>EXW, FOB, CIF, DDU, DDP<\/td>\n<\/tr>\n<tr>\n<td>Zahlungsarten<\/td>\n<td>T\/T, Barzahlung, PayPal, Kreditkarte<\/td>\n<\/tr>\n<\/tbody>\n<\/table>\n<p><span style=\"color: #003366;\">Merkmale:<\/span><\/p>\n<p>Dieser Koffer verf\u00fcgt \u00fcber einen vollst\u00e4ndig mit Schaumstoff ausgekleideten Innenraum mit einem Bodenfach zur Aufbewahrung von 7-Zoll-Schallplatten und einem Seitenfach, das sich perfekt f\u00fcr kompakte Mischpulte im 10-Zoll-Format, Kopfh\u00f6rer, Bluetooth-Lautsprecher, Ersatznadeln und Scratch-Fader sowie andere wichtige tragbare Ger\u00e4te eignet. Die sch\u00fctzende Oberseite aus Eierschaum im Inneren des Geh\u00e4uses erm\u00f6glicht es Ihnen, den PT01 Scratch darin ohne H\u00fclle zu transportieren und aufzubewahren. Wenn Sie ihn jedoch lieber anbehalten m\u00f6chten, entfernen Sie einfach den Eierschaum und er passt perfekt in das Kissen, gesch\u00fctzt durch die weiche Schaumstoffauskleidung Kofferinnenraum. F\u00fcr einen klassischen Plattenspieler- und Kofferaufbau klappen Sie den abnehmbaren Kofferdeckel mit der Vorderseite nach unten um und die Unterseite l\u00e4sst sich sehr sch\u00f6n und sicher auf der Oberseite stapeln. Das robuste \u00c4u\u00dfere verf\u00fcgt \u00fcber einen Softgrip-Griff und abschlie\u00dfbare Schl\u00fcsselverschl\u00fcsse.<\/p>\n<p>\u2013 Schwarzes Au\u00dfenfinish<br \/>\n\u2013 Vollst\u00e4ndig mit Schaumstoff ausgekleideter Innenraum<br \/>\n\u2013 Kann den Numark PT01 Scratch mit oder ohne Abdeckung halten<br \/>\n\u2013 Das untere Fach bietet Platz f\u00fcr 7-Zoll-Schallplatten<br \/>\n\u2013 Mit Schl\u00fcssel abschlie\u00dfbare Riegel<br \/>\n\u2013 Abnehmbarer Deckel<br \/>\n\u2013 Softgrip-Griff im Aktentaschen-Stil und Gummif\u00fc\u00dfe<br \/>\n\u2013 Innenma\u00dfe des Seitenfachs: 9,25\u2033 x 14,25\u2033 mit 3,25\u2033 hohem Boden und 1,75\u2033 hohem Deckel<\/p>\n<p>.<\/p>","protected":false},"excerpt":{"rendered":"<p>Modell: SC-FL0009<\/p>\n<p>Gr\u00f6\u00dfe: 628 * 420 * 146 mm<\/p>\n<p>Mindestbestellmenge: 100 St\u00fcck<\/p>\n<p>Lieferzeit: 15-25 Tage<\/p>\n<p>Probe: Verf\u00fcgbar<\/p>","protected":false},"featured_media":21689,"template":"","meta":{"_gspb_post_css":""},"product_cat":[80],"product_tag":[],"featured_image_urls":{"full":["https:\/\/suncasesupply.com\/wp-content\/uploads\/2023\/08\/1-5.png",1500,1500,false],"thumbnail":["https:\/\/suncasesupply.com\/wp-content\/uploads\/2023\/08\/1-5-150x150.png",150,150,true],"medium":["https:\/\/suncasesupply.com\/wp-content\/uploads\/2023\/08\/1-5-300x300.png",300,300,true],"medium_large":["https:\/\/suncasesupply.com\/wp-content\/uploads\/2023\/08\/1-5-768x768.png",768,768,true],"large":["https:\/\/suncasesupply.com\/wp-content\/uploads\/2023\/08\/1-5-1024x1024.png",1024,1024,true],"1536x1536":["https:\/\/suncasesupply.com\/wp-content\/uploads\/2023\/08\/1-5.png",1500,1500,false],"2048x2048":["https:\/\/suncasesupply.com\/wp-content\/uploads\/2023\/08\/1-5.png",1500,1500,false],"trp-custom-language-flag":["https:\/\/suncasesupply.com\/wp-content\/uploads\/2023\/08\/1-5.png",12,12,false],"woocommerce_thumbnail":["https:\/\/suncasesupply.com\/wp-content\/uploads\/2023\/08\/1-5-300x300.png",300,300,true],"woocommerce_single":["https:\/\/suncasesupply.com\/wp-content\/uploads\/2023\/08\/1-5-600x600.png",600,600,true],"woocommerce_gallery_thumbnail":["https:\/\/suncasesupply.com\/wp-content\/uploads\/2023\/08\/1-5-100x100.png",100,100,true]},"post_excerpt_stackable":"<p>Model : SC-FL0009<\/p>\n<p>Size: \u00a0628*420*146mm<\/p>\n<p>MOQ: 100pcs<\/p>\n<p>Delivery Time : 15-25 Days<\/p>\n<p>Sample : Available<\/p>\n","category_list":"","author_info":{"name":"","url":""},"comments_num":"0 comments","_links":{"self":[{"href":"https:\/\/suncasesupply.com\/de\/wp-json\/wp\/v2\/product\/21687"}],"collection":[{"href":"https:\/\/suncasesupply.com\/de\/wp-json\/wp\/v2\/product"}],"about":[{"href":"https:\/\/suncasesupply.com\/de\/wp-json\/wp\/v2\/types\/product"}],"wp:featuredmedia":[{"embeddable":true,"href":"https:\/\/suncasesupply.com\/de\/wp-json\/wp\/v2\/media\/21689"}],"wp:attachment":[{"href":"https:\/\/suncasesupply.com\/de\/wp-json\/wp\/v2\/media?parent=21687"}],"wp:term":[{"taxonomy":"product_cat","embeddable":true,"href":"https:\/\/suncasesupply.com\/de\/wp-json\/wp\/v2\/product_cat?post=21687"},{"taxonomy":"product_tag","embeddable":true,"href":"https:\/\/suncasesupply.com\/de\/wp-json\/wp\/v2\/product_tag?post=21687"}],"curies":[{"name":"wp","href":"https:\/\/api.w.org\/{rel}","templated":true}]}}