{"id":21630,"date":"2023-08-29T10:04:09","date_gmt":"2023-08-29T02:04:09","guid":{"rendered":"https:\/\/suncasesupply.com\/?post_type=product&#038;p=21630"},"modified":"2025-02-26T11:47:02","modified_gmt":"2025-02-26T03:47:02","slug":"aluminum-turntable-case-universal-1200-style-dj-turntable-ata-case-fitting-pioneer-technics-or-similar-size-turntables","status":"publish","type":"product","link":"https:\/\/suncasesupply.com\/de\/product\/aluminum-turntable-case-universal-1200-style-dj-turntable-ata-case-fitting-pioneer-technics-or-similar-size-turntables\/","title":{"rendered":"Aluminium-Plattenspielergeh\u00e4use, universelles 1200-Style-DJ-Plattenspieler-ATA-Geh\u00e4use, passend f\u00fcr Plattenspieler von Pioneer, Technics oder \u00e4hnlicher Gr\u00f6\u00dfe"},"content":{"rendered":"<p>&nbsp;<\/p>\n<table width=\"774\">\n<tbody>\n<tr>\n<td width=\"177\">Artikel<\/td>\n<td width=\"597\">Plattenspieler Case<\/td>\n<\/tr>\n<tr>\n<td>Abmessungen<\/td>\n<td>Anpassen<\/td>\n<\/tr>\n<tr>\n<td>Farben<\/td>\n<td>Wie die Bilder zeigen oder anpassen<\/td>\n<\/tr>\n<tr>\n<td>Materialien<\/td>\n<td>Aluminium, ABS-Platte, MDF-Platte, EVA\/Schaum\/Stoff\/PU-Futter, Hardware<\/td>\n<\/tr>\n<tr>\n<td>Logo<\/td>\n<td>Metallplattenlogo, gedrucktes Logo, gepr\u00e4gtes Logo, Laserlogo<\/td>\n<\/tr>\n<tr>\n<td>Beispielzeit<\/td>\n<td>7 Tage<\/td>\n<\/tr>\n<tr>\n<td>Verschiffungshafen<\/td>\n<td>Guangzhou, Shenzhen<\/td>\n<\/tr>\n<tr>\n<td>Handelsbedingungen<\/td>\n<td>EXW, FOB, CIF, DDU, DDP<\/td>\n<\/tr>\n<tr>\n<td>Zahlungsarten<\/td>\n<td>T\/T, Barzahlung, PayPal, Kreditkarte<\/td>\n<\/tr>\n<\/tbody>\n<\/table>\n<p><span style=\"color: #003366;\">Merkmale:<\/span><\/p>\n<p>Krom- und schwarzes Au\u00dfendesign<br \/>\nAbnehmbarer Deckel<br \/>\nVerchromte Hardware<br \/>\nInnen mit Schaumstoff ausgekleidet<br \/>\nGummif\u00fc\u00dfe<\/p>\n<p>Sch\u00fctzen Sie Ihre Plattenspieler vor jedem Unfall und es ist ideal f\u00fcr die Aufbewahrung und den Transport. Die solide Struktur sch\u00fctzt Ihren Lieblingsplattenspieler vor St\u00f6\u00dfen und die gepolsterte Innenseite verhindert Kratzer beim Transport.<\/p>\n<p>Kompatible Modelle:<br \/>\n-Technik 1200<br \/>\n-Audio Technica LP 120<br \/>\n-Pioneer PXL 1000<\/p>\n<p>Ma\u00dfe:<br \/>\n*L\u00e4nge 45 cm<br \/>\n*Breite 45cm<br \/>\n*H\u00f6he 20 cm<\/p>","protected":false},"excerpt":{"rendered":"<p>Modell: Z45<\/p>\n<p>Gr\u00f6\u00dfe: 45 x 45 x 20 cm<\/p>\n<p>Mindestbestellmenge: 100 St\u00fcck<\/p>\n<p>Lieferzeit: 15-25 Tage<\/p>\n<p>Probe: Verf\u00fcgbar<\/p>","protected":false},"featured_media":21658,"template":"","meta":{"_gspb_post_css":""},"product_cat":[93],"product_tag":[],"featured_image_urls":{"full":["https:\/\/suncasesupply.com\/wp-content\/uploads\/2023\/08\/D_NQ_NP_2X_634090-MLM69946781293_062023-F.jpg",1198,1198,false],"thumbnail":["https:\/\/suncasesupply.com\/wp-content\/uploads\/2023\/08\/D_NQ_NP_2X_634090-MLM69946781293_062023-F-150x150.jpg",150,150,true],"medium":["https:\/\/suncasesupply.com\/wp-content\/uploads\/2023\/08\/D_NQ_NP_2X_634090-MLM69946781293_062023-F-300x300.jpg",300,300,true],"medium_large":["https:\/\/suncasesupply.com\/wp-content\/uploads\/2023\/08\/D_NQ_NP_2X_634090-MLM69946781293_062023-F-768x768.jpg",768,768,true],"large":["https:\/\/suncasesupply.com\/wp-content\/uploads\/2023\/08\/D_NQ_NP_2X_634090-MLM69946781293_062023-F-1024x1024.jpg",1024,1024,true],"1536x1536":["https:\/\/suncasesupply.com\/wp-content\/uploads\/2023\/08\/D_NQ_NP_2X_634090-MLM69946781293_062023-F.jpg",1198,1198,false],"2048x2048":["https:\/\/suncasesupply.com\/wp-content\/uploads\/2023\/08\/D_NQ_NP_2X_634090-MLM69946781293_062023-F.jpg",1198,1198,false],"trp-custom-language-flag":["https:\/\/suncasesupply.com\/wp-content\/uploads\/2023\/08\/D_NQ_NP_2X_634090-MLM69946781293_062023-F.jpg",12,12,false],"woocommerce_thumbnail":["https:\/\/suncasesupply.com\/wp-content\/uploads\/2023\/08\/D_NQ_NP_2X_634090-MLM69946781293_062023-F-300x300.jpg",300,300,true],"woocommerce_single":["https:\/\/suncasesupply.com\/wp-content\/uploads\/2023\/08\/D_NQ_NP_2X_634090-MLM69946781293_062023-F-600x600.jpg",600,600,true],"woocommerce_gallery_thumbnail":["https:\/\/suncasesupply.com\/wp-content\/uploads\/2023\/08\/D_NQ_NP_2X_634090-MLM69946781293_062023-F-100x100.jpg",100,100,true]},"post_excerpt_stackable":"<p>Model : Z45<\/p>\n<p>Size:\u00a0 45 x 45 x 20 cm<\/p>\n<p>MOQ: 100pcs<\/p>\n<p>Delivery Time : 15-25 Days<\/p>\n<p>Sample : Available<\/p>\n","category_list":"","author_info":{"name":"","url":""},"comments_num":"0 comments","_links":{"self":[{"href":"https:\/\/suncasesupply.com\/de\/wp-json\/wp\/v2\/product\/21630"}],"collection":[{"href":"https:\/\/suncasesupply.com\/de\/wp-json\/wp\/v2\/product"}],"about":[{"href":"https:\/\/suncasesupply.com\/de\/wp-json\/wp\/v2\/types\/product"}],"wp:featuredmedia":[{"embeddable":true,"href":"https:\/\/suncasesupply.com\/de\/wp-json\/wp\/v2\/media\/21658"}],"wp:attachment":[{"href":"https:\/\/suncasesupply.com\/de\/wp-json\/wp\/v2\/media?parent=21630"}],"wp:term":[{"taxonomy":"product_cat","embeddable":true,"href":"https:\/\/suncasesupply.com\/de\/wp-json\/wp\/v2\/product_cat?post=21630"},{"taxonomy":"product_tag","embeddable":true,"href":"https:\/\/suncasesupply.com\/de\/wp-json\/wp\/v2\/product_tag?post=21630"}],"curies":[{"name":"wp","href":"https:\/\/api.w.org\/{rel}","templated":true}]}}